{"id":7923,"date":"2025-04-29T12:19:01","date_gmt":"2025-04-29T10:19:01","guid":{"rendered":"https:\/\/www.examenbureaurotterdam.nl\/?post_type=product&#038;p=7923"},"modified":"2025-07-25T09:32:18","modified_gmt":"2025-07-25T07:32:18","slug":"vol-vca-engels","status":"publish","type":"product","link":"https:\/\/www.examenbureaurotterdam.nl\/tr\/urun\/vol-vca-engels\/","title":{"rendered":"VOL-VCA \u0130ngilizce"},"content":{"rendered":"","protected":false},"excerpt":{"rendered":"<p class=\"\" data-start=\"114\" data-end=\"414\"><strong data-start=\"114\" data-end=\"176\">VOL-VCA s\u0131nav\u0131n\u0131 h\u0131zl\u0131 ve sorunsuz bir \u015fekilde ge\u00e7mek ister misiniz?<\/strong><br data-start=\"176\" data-end=\"179\" \/>Kapsaml\u0131 \u00e7evrimi\u00e7i kendi kendine \u00e7al\u0131\u015fma program\u0131m\u0131zla, bilmeniz gereken her \u015feyi tam olarak \u00f6\u011freneceksiniz; kendi zaman\u0131n\u0131zda, kendi h\u0131z\u0131n\u0131zda. 190&#039;dan fazla soruyla pratik yap\u0131n, net geri bildirimler al\u0131n ve ger\u00e7ek\u00e7i deneme s\u0131navlar\u0131 ve pratik ipu\u00e7lar\u0131yla en iyi \u015fekilde haz\u0131rlan\u0131n.<\/p>\n<p class=\"\" data-start=\"416\" data-end=\"805\">\u2705 <strong>Kendi kendine \u00e7al\u0131\u015fmay\u0131 tamamla<\/strong> \u2013 esnek bir \u015fekilde \u00e7al\u0131\u015f\u0131n<br data-start=\"479\" data-end=\"482\" \/>\u2705 <strong>190&#039;dan fazla pratik soru<\/strong> \u2013 bilginizi g\u00fc\u00e7lendirin<br data-start=\"537\" data-end=\"540\" \/>\u2705 <strong>1 resmi uygulama s\u0131nav\u0131<\/strong> \u2013 ger\u00e7ek\u00e7i pratik s\u0131navlar<br data-start=\"592\" data-end=\"595\" \/>\u2705 <strong>T\u00fcm cevaplara geri bildirim<\/strong> \u2013 \u00f6\u011frenin ve geli\u015ftirin<br data-start=\"642\" data-end=\"645\" \/>\u2705 <strong>Pratik s\u0131nav ipu\u00e7lar\u0131<\/strong> \u2013 kesinlikle s\u0131nav<br data-start=\"703\" data-end=\"706\" \/>\u2705 <strong>Uygulama s\u0131nav\u0131 3 kez<\/strong> \u2013 ge\u00e7mek i\u00e7in ekstra \u015fans<br data-start=\"755\" data-end=\"758\" \/>\u2705 <strong>6 ayl\u0131k eri\u015fim<\/strong> \u2013 kendi h\u0131z\u0131n\u0131zda \u00f6\u011frenin<\/p>\n<p class=\"\" data-start=\"807\" data-end=\"883\"><strong data-start=\"807\" data-end=\"883\">VOL-VCA&#039;n\u0131z\u0131 almaya haz\u0131r m\u0131s\u0131n\u0131z? Hemen kaydolun ve hemen ba\u015flay\u0131n!<\/strong><\/p>","protected":false},"featured_media":7713,"template":"","meta":{"_joinchat":[]},"product_brand":[],"product_cat":[56],"product_tag":[],"class_list":{"0":"post-7923","1":"product","2":"type-product","3":"status-publish","4":"has-post-thumbnail","6":"product_cat-vca-e-learning","8":"first","9":"instock","10":"taxable","11":"shipping-taxable","12":"purchasable","13":"product-type-simple"},"_links":{"self":[{"href":"https:\/\/www.examenbureaurotterdam.nl\/tr\/wp-json\/wp\/v2\/product\/7923","targetHints":{"allow":["GET"]}}],"collection":[{"href":"https:\/\/www.examenbureaurotterdam.nl\/tr\/wp-json\/wp\/v2\/product"}],"about":[{"href":"https:\/\/www.examenbureaurotterdam.nl\/tr\/wp-json\/wp\/v2\/types\/product"}],"wp:featuredmedia":[{"embeddable":true,"href":"https:\/\/www.examenbureaurotterdam.nl\/tr\/wp-json\/wp\/v2\/media\/7713"}],"wp:attachment":[{"href":"https:\/\/www.examenbureaurotterdam.nl\/tr\/wp-json\/wp\/v2\/media?parent=7923"}],"wp:term":[{"taxonomy":"product_brand","embeddable":true,"href":"https:\/\/www.examenbureaurotterdam.nl\/tr\/wp-json\/wp\/v2\/product_brand?post=7923"},{"taxonomy":"product_cat","embeddable":true,"href":"https:\/\/www.examenbureaurotterdam.nl\/tr\/wp-json\/wp\/v2\/product_cat?post=7923"},{"taxonomy":"product_tag","embeddable":true,"href":"https:\/\/www.examenbureaurotterdam.nl\/tr\/wp-json\/wp\/v2\/product_tag?post=7923"}],"curies":[{"name":"wp","href":"https:\/\/api.w.org\/{rel}","templated":true}]}}