{"id":7728,"date":"2025-04-16T00:58:46","date_gmt":"2025-04-15T22:58:46","guid":{"rendered":"https:\/\/www.examenbureaurotterdam.nl\/?post_type=product&#038;p=7728"},"modified":"2025-04-16T00:59:39","modified_gmt":"2025-04-15T22:59:39","slug":"b-vca-boek-pools","status":"publish","type":"product","link":"https:\/\/www.examenbureaurotterdam.nl\/tr\/urun\/b-vca-boek-pools\/","title":{"rendered":"B-VCA Kitap Leh\u00e7esi"},"content":{"rendered":"","protected":false},"excerpt":{"rendered":"<p class=\"\" data-start=\"74\" data-end=\"430\"><strong data-start=\"74\" data-end=\"180\">Przygotuj, B-VCA gibi karma\u015f\u0131k bir ofisi ve daha fazlas\u0131n\u0131 i\u00e7eren komple bir yap\u0131d\u0131r.<\/strong><br data-start=\"180\" data-end=\"183\" \/>B-VCA&#039;n\u0131n Yeni S\u00fcr\u00fcm\u00fc, VCA&#039;n\u0131n VCA&#039;da Kulland\u0131\u011f\u0131 Malzemelerle \u0130lgili Kurslar ve VCA&#039;n\u0131n Ge\u00e7erli Olanaklar\u0131, Egzaminacyjnym Okre\u015blonym przez Centraln\u0105 Komisj\u0119 Ekspert\u00f3w Fundacji Wsp\u00f3\u0142pracy ve rzecz Bezpiecze\u0144stwa (SSVV).<\/p>\n<p class=\"\" data-start=\"432\" data-end=\"921\">\u2705 <strong data-start=\"434\" data-end=\"464\">8 k\u00fc\u00e7\u00fck g\u00fcl<\/strong> \u2013 bu, bir podsumowaniem veya bir pytaniami ve egzaminacyjnej formasyonu ile test edilen bir \u015feydir.<br data-start=\"576\" data-end=\"579\" \/>\u2705 <strong data-start=\"581\" data-end=\"610\">Egzamin alt\u0131 ayda denendi<\/strong> \u2013 geni\u015f bir alana yay\u0131ld\u0131 ve bunu yapt\u0131, pratikten sonra \u015fakac\u0131 bir \u015fekilde \u015fakala\u015ft\u0131.<br data-start=\"688\" data-end=\"691\" \/>\u2705 <strong data-start=\"693\" data-end=\"719\">Video ba\u011flant\u0131lar\u0131n\u0131 izleyin<\/strong> \u2013 QR kodlu iki kod, k\u0131sa filmlerle birlikte bir\u00e7ok farkl\u0131 uygulama.<br data-start=\"815\" data-end=\"818\" \/>\u2705 <strong data-start=\"820\" data-end=\"865\">Darmowa zak\u0142adka ve znakami bezpiecze\u0144stwa<\/strong> \u2013 mevcut malzeme ve referans referanslar\u0131n\u0131 inceleyin.<\/p>\n<p class=\"\" data-start=\"923\" data-end=\"1170\">Yap\u0131lan testlerin, kimyasallar\u0131n, \u00fcr\u00fcnlerin ve di\u011fer sekt\u00f6rlerin kalitesinin gerekli dok\u00fcmantasyonunun kontrol edilmesi i\u00e7in B-VCA sertifikas\u0131. Bu, ayn\u0131 zamanda uygun ve sa\u011flam bir \u015fekilde yap\u0131lmas\u0131 gerekenleri de i\u00e7erir.<\/p>\n<p class=\"\" data-start=\"1172\" data-end=\"1236\"><strong data-start=\"1172\" data-end=\"1236\">En son B-VCA sertifikasyonuna geri d\u00f6nmenin zaman\u0131 geldi!<\/strong><\/p>","protected":false},"featured_media":7729,"template":"","meta":{"_joinchat":[]},"product_brand":[],"product_cat":[48],"product_tag":[],"class_list":{"0":"post-7728","1":"product","2":"type-product","3":"status-publish","4":"has-post-thumbnail","6":"product_cat-vca-boeken","8":"first","9":"instock","10":"taxable","11":"shipping-taxable","12":"purchasable","13":"product-type-simple"},"_links":{"self":[{"href":"https:\/\/www.examenbureaurotterdam.nl\/tr\/wp-json\/wp\/v2\/product\/7728","targetHints":{"allow":["GET"]}}],"collection":[{"href":"https:\/\/www.examenbureaurotterdam.nl\/tr\/wp-json\/wp\/v2\/product"}],"about":[{"href":"https:\/\/www.examenbureaurotterdam.nl\/tr\/wp-json\/wp\/v2\/types\/product"}],"wp:featuredmedia":[{"embeddable":true,"href":"https:\/\/www.examenbureaurotterdam.nl\/tr\/wp-json\/wp\/v2\/media\/7729"}],"wp:attachment":[{"href":"https:\/\/www.examenbureaurotterdam.nl\/tr\/wp-json\/wp\/v2\/media?parent=7728"}],"wp:term":[{"taxonomy":"product_brand","embeddable":true,"href":"https:\/\/www.examenbureaurotterdam.nl\/tr\/wp-json\/wp\/v2\/product_brand?post=7728"},{"taxonomy":"product_cat","embeddable":true,"href":"https:\/\/www.examenbureaurotterdam.nl\/tr\/wp-json\/wp\/v2\/product_cat?post=7728"},{"taxonomy":"product_tag","embeddable":true,"href":"https:\/\/www.examenbureaurotterdam.nl\/tr\/wp-json\/wp\/v2\/product_tag?post=7728"}],"curies":[{"name":"wp","href":"https:\/\/api.w.org\/{rel}","templated":true}]}}