{"id":7723,"date":"2025-04-16T00:45:45","date_gmt":"2025-04-15T22:45:45","guid":{"rendered":"https:\/\/www.examenbureaurotterdam.nl\/?post_type=product&#038;p=7723"},"modified":"2025-04-16T00:52:31","modified_gmt":"2025-04-15T22:52:31","slug":"b-vca-boek-nederlands","status":"publish","type":"product","link":"https:\/\/www.examenbureaurotterdam.nl\/tr\/urun\/b-vca-boek-nederlands\/","title":{"rendered":"B-VCA Kitab\u0131 Felemenk\u00e7e"},"content":{"rendered":"","protected":false},"excerpt":{"rendered":"<p>Bu eksiksiz ve anla\u015f\u0131l\u0131r ders kitab\u0131yla resmi B-VCA s\u0131nav\u0131na en iyi \u015fekilde haz\u0131rlan\u0131n. B-VCA kitab\u0131, Temel G\u00fcvenlik VCA e\u011fitimi i\u00e7in gerekli t\u00fcm \u00f6\u011fretim materyallerini i\u00e7ermekte olup, G\u00fcvenlik \u0130\u015fbirli\u011fi Vakf\u0131 (SSVV) Merkez Uzmanlar Koleji taraf\u0131ndan belirlenen g\u00fcncel s\u0131nav gereklilikleriyle tamamen uyumludur.<\/p>\n<p class=\"\" data-start=\"319\" data-end=\"544\">\u2705 <strong>8 net b\u00f6l\u00fcm<\/strong> \u2013 Her b\u00f6l\u00fcm, s\u0131nav format\u0131nda a\u00e7\u0131k bir \u00f6zet ve pratik sorular i\u00e7eren bir \u00f6z testle sona ermektedir.<br \/>\n\u2705 <strong>Deneme s\u0131nav\u0131 dahil<\/strong> \u2013 Bu \u015fekilde bilginizi test edip ger\u00e7ek s\u0131nava haz\u0131r olup olmad\u0131\u011f\u0131n\u0131z\u0131 anlars\u0131n\u0131z.<br \/>\n\u2705 <strong>Video ba\u011flant\u0131lar\u0131 i\u00e7erir<\/strong> \u2013 Kitaptaki QR kodlar\u0131n\u0131 tarayarak k\u0131sa videolar arac\u0131l\u0131\u011f\u0131yla ek a\u00e7\u0131klamalara ula\u015fabilirsiniz.<br \/>\n\u2705 <strong>\u00dccretsiz G\u00fcvenlik \u0130\u015faretleri Yer \u0130mi<\/strong> \u2013 \u00f6\u011frenme ve referans olarak faydal\u0131d\u0131r.<\/p>\n<p>B-VCA diplomas\u0131 in\u015faat, (petro)kimya, sanayi ve ilgili sekt\u00f6rlerde \u00e7al\u0131\u015fan herkes i\u00e7in ki\u015fisel sertifikad\u0131r. Bu kitap ba\u011f\u0131ms\u0131z \u00e7al\u0131\u015fman\u0131za ve s\u0131nava iyi haz\u0131rlanman\u0131za yard\u0131mc\u0131 olacakt\u0131r.<\/p>\n<p class=\"\" data-start=\"319\" data-end=\"544\"><strong>Bug\u00fcn sipari\u015f verin ve hemen B-VCA sertifikan\u0131z i\u00e7in \u00f6\u011frenmeye ba\u015flay\u0131n!<\/strong><\/p>","protected":false},"featured_media":7724,"template":"","meta":{"_joinchat":[]},"product_brand":[],"product_cat":[48],"product_tag":[],"class_list":{"0":"post-7723","1":"product","2":"type-product","3":"status-publish","4":"has-post-thumbnail","6":"product_cat-vca-boeken","8":"first","9":"instock","10":"taxable","11":"shipping-taxable","12":"purchasable","13":"product-type-simple"},"_links":{"self":[{"href":"https:\/\/www.examenbureaurotterdam.nl\/tr\/wp-json\/wp\/v2\/product\/7723","targetHints":{"allow":["GET"]}}],"collection":[{"href":"https:\/\/www.examenbureaurotterdam.nl\/tr\/wp-json\/wp\/v2\/product"}],"about":[{"href":"https:\/\/www.examenbureaurotterdam.nl\/tr\/wp-json\/wp\/v2\/types\/product"}],"wp:featuredmedia":[{"embeddable":true,"href":"https:\/\/www.examenbureaurotterdam.nl\/tr\/wp-json\/wp\/v2\/media\/7724"}],"wp:attachment":[{"href":"https:\/\/www.examenbureaurotterdam.nl\/tr\/wp-json\/wp\/v2\/media?parent=7723"}],"wp:term":[{"taxonomy":"product_brand","embeddable":true,"href":"https:\/\/www.examenbureaurotterdam.nl\/tr\/wp-json\/wp\/v2\/product_brand?post=7723"},{"taxonomy":"product_cat","embeddable":true,"href":"https:\/\/www.examenbureaurotterdam.nl\/tr\/wp-json\/wp\/v2\/product_cat?post=7723"},{"taxonomy":"product_tag","embeddable":true,"href":"https:\/\/www.examenbureaurotterdam.nl\/tr\/wp-json\/wp\/v2\/product_tag?post=7723"}],"curies":[{"name":"wp","href":"https:\/\/api.w.org\/{rel}","templated":true}]}}