{"id":7184,"date":"2025-03-20T22:06:35","date_gmt":"2025-03-20T20:06:35","guid":{"rendered":"https:\/\/www.examenbureaurotterdam.nl\/?post_type=product&#038;p=7184"},"modified":"2025-04-15T23:54:00","modified_gmt":"2025-04-15T21:54:00","slug":"pe-oefenexamen-inkomen","status":"publish","type":"product","link":"https:\/\/www.examenbureaurotterdam.nl\/tr\/urun\/pe-oefenexamen-inkomen\/","title":{"rendered":"PE Geliri"},"content":{"rendered":"","protected":false},"excerpt":{"rendered":"<p class=\"\" data-start=\"133\" data-end=\"326\">PE Wft Gelir s\u0131nav\u0131na haz\u0131r oldu\u011funuzdan emin olmak ister misiniz? Ger\u00e7ek\u00e7i deneme s\u0131navlar\u0131yla pratik yap\u0131n ve nerede oldu\u011funuzu \u00f6\u011frenin! Net geri bildirimler ve faydal\u0131 ipu\u00e7lar\u0131yla iyi haz\u0131rlanm\u0131\u015f olacaks\u0131n\u0131z.<\/p>\n<p class=\"\" data-start=\"328\" data-end=\"553\">\u2705 <strong>2 pratik s\u0131nav<\/strong> \u2013 ger\u00e7ek\u00e7i sorular<br data-start=\"366\" data-end=\"369\" \/>\u2705 <strong>Cevaplara ili\u015fkin geri bildirim<\/strong> \u2013 \u00f6\u011frenin ve geli\u015ftirin<br data-start=\"412\" data-end=\"415\" \/>\u2705 <strong>S\u0131nav ipu\u00e7lar\u0131<\/strong> \u2013 S\u0131nava g\u00fcvenle girin<br data-start=\"461\" data-end=\"464\" \/>\u2705<strong> S\u0131nav\u0131 3 kez yap\u0131n<\/strong> \u2013 ekstra pratik<br data-start=\"501\" data-end=\"504\" \/>\u2705 <strong>6 ayl\u0131k eri\u015fim<\/strong> \u2013 kendi h\u0131z\u0131n\u0131zda \u00e7al\u0131\u015f\u0131n<\/p>\n<p class=\"\" data-start=\"555\" data-end=\"650\"><strong data-start=\"555\" data-end=\"647\">Kendinizi en iyi \u015fekilde haz\u0131rlay\u0131n ve bilginizi bug\u00fcn test edin! Hemen deneme s\u0131navlar\u0131na ba\u015flay\u0131n.<\/strong><\/p>","protected":false},"featured_media":7717,"template":"","meta":{"_joinchat":[]},"product_brand":[],"product_cat":[47],"product_tag":[],"class_list":{"0":"post-7184","1":"product","2":"type-product","3":"status-publish","4":"has-post-thumbnail","6":"product_cat-pe-oefenexamens","8":"first","9":"instock","10":"taxable","11":"shipping-taxable","12":"purchasable","13":"product-type-simple"},"_links":{"self":[{"href":"https:\/\/www.examenbureaurotterdam.nl\/tr\/wp-json\/wp\/v2\/product\/7184","targetHints":{"allow":["GET"]}}],"collection":[{"href":"https:\/\/www.examenbureaurotterdam.nl\/tr\/wp-json\/wp\/v2\/product"}],"about":[{"href":"https:\/\/www.examenbureaurotterdam.nl\/tr\/wp-json\/wp\/v2\/types\/product"}],"wp:featuredmedia":[{"embeddable":true,"href":"https:\/\/www.examenbureaurotterdam.nl\/tr\/wp-json\/wp\/v2\/media\/7717"}],"wp:attachment":[{"href":"https:\/\/www.examenbureaurotterdam.nl\/tr\/wp-json\/wp\/v2\/media?parent=7184"}],"wp:term":[{"taxonomy":"product_brand","embeddable":true,"href":"https:\/\/www.examenbureaurotterdam.nl\/tr\/wp-json\/wp\/v2\/product_brand?post=7184"},{"taxonomy":"product_cat","embeddable":true,"href":"https:\/\/www.examenbureaurotterdam.nl\/tr\/wp-json\/wp\/v2\/product_cat?post=7184"},{"taxonomy":"product_tag","embeddable":true,"href":"https:\/\/www.examenbureaurotterdam.nl\/tr\/wp-json\/wp\/v2\/product_tag?post=7184"}],"curies":[{"name":"wp","href":"https:\/\/api.w.org\/{rel}","templated":true}]}}