{"id":7156,"date":"2025-03-20T19:29:45","date_gmt":"2025-03-20T17:29:45","guid":{"rendered":"https:\/\/www.examenbureaurotterdam.nl\/?post_type=product&#038;p=7156"},"modified":"2025-04-16T00:21:14","modified_gmt":"2025-04-15T22:21:14","slug":"wft-schade-particulier-oefenexamens","status":"publish","type":"product","link":"https:\/\/www.examenbureaurotterdam.nl\/tr\/urun\/wft-schade-particulier-oefenexamens\/","title":{"rendered":"WFT Hasar \u00d6zel Uygulama S\u0131navlar\u0131"},"content":{"rendered":"","protected":false},"excerpt":{"rendered":"<p class=\"\" data-start=\"148\" data-end=\"321\">Wft Schade Particulier s\u0131nav\u0131na iyi haz\u0131rland\u0131\u011f\u0131n\u0131zdan emin olmak ister misiniz? Bu ger\u00e7ek\u00e7i deneme s\u0131navlar\u0131yla tam olarak nerede durdu\u011funuzu ve ne \u00fczerinde \u00e7al\u0131\u015fman\u0131z gerekti\u011fini ke\u015ffedeceksiniz.<\/p>\n<p class=\"\" data-start=\"323\" data-end=\"548\">\u2705 <strong>4 pratik s\u0131nav<\/strong> \u2013 ger\u00e7ek\u00e7i sorular<br data-start=\"361\" data-end=\"364\" \/>\u2705<strong> Cevaplara ili\u015fkin geri bildirim<\/strong> \u2013 \u00f6\u011frenin ve geli\u015ftirin<br data-start=\"407\" data-end=\"410\" \/>\u2705 <strong>S\u0131nav ipu\u00e7lar\u0131<\/strong> \u2013 S\u0131nava g\u00fcvenle girin<br data-start=\"456\" data-end=\"459\" \/>\u2705 <strong>S\u0131nav\u0131 3 kez yap\u0131n<\/strong> \u2013 ekstra pratik<br data-start=\"496\" data-end=\"499\" \/>\u2705 <strong>6 ayl\u0131k eri\u015fim<\/strong> \u2013 kendi h\u0131z\u0131n\u0131zda \u00e7al\u0131\u015f\u0131n<\/p>\n<p class=\"\" data-start=\"550\" data-end=\"645\"><strong data-start=\"550\" data-end=\"642\">Kendinizi en iyi \u015fekilde haz\u0131rlay\u0131n ve bilginizi bug\u00fcn test edin! Hemen deneme s\u0131navlar\u0131na ba\u015flay\u0131n.<\/strong><\/p>","protected":false},"featured_media":7717,"template":"","meta":{"_joinchat":[]},"product_brand":[],"product_cat":[45],"product_tag":[],"class_list":{"0":"post-7156","1":"product","2":"type-product","3":"status-publish","4":"has-post-thumbnail","6":"product_cat-wft-oefenexamens","8":"first","9":"instock","10":"taxable","11":"shipping-taxable","12":"purchasable","13":"product-type-simple"},"_links":{"self":[{"href":"https:\/\/www.examenbureaurotterdam.nl\/tr\/wp-json\/wp\/v2\/product\/7156","targetHints":{"allow":["GET"]}}],"collection":[{"href":"https:\/\/www.examenbureaurotterdam.nl\/tr\/wp-json\/wp\/v2\/product"}],"about":[{"href":"https:\/\/www.examenbureaurotterdam.nl\/tr\/wp-json\/wp\/v2\/types\/product"}],"wp:featuredmedia":[{"embeddable":true,"href":"https:\/\/www.examenbureaurotterdam.nl\/tr\/wp-json\/wp\/v2\/media\/7717"}],"wp:attachment":[{"href":"https:\/\/www.examenbureaurotterdam.nl\/tr\/wp-json\/wp\/v2\/media?parent=7156"}],"wp:term":[{"taxonomy":"product_brand","embeddable":true,"href":"https:\/\/www.examenbureaurotterdam.nl\/tr\/wp-json\/wp\/v2\/product_brand?post=7156"},{"taxonomy":"product_cat","embeddable":true,"href":"https:\/\/www.examenbureaurotterdam.nl\/tr\/wp-json\/wp\/v2\/product_cat?post=7156"},{"taxonomy":"product_tag","embeddable":true,"href":"https:\/\/www.examenbureaurotterdam.nl\/tr\/wp-json\/wp\/v2\/product_tag?post=7156"}],"curies":[{"name":"wp","href":"https:\/\/api.w.org\/{rel}","templated":true}]}}