{"id":7132,"date":"2025-03-19T18:03:22","date_gmt":"2025-03-19T16:03:22","guid":{"rendered":"https:\/\/www.examenbureaurotterdam.nl\/?post_type=product&#038;p=7132"},"modified":"2025-04-15T22:51:22","modified_gmt":"2025-04-15T20:51:22","slug":"wft-basis","status":"publish","type":"product","link":"https:\/\/www.examenbureaurotterdam.nl\/tr\/urun\/wft-basis\/","title":{"rendered":"WFT Temel"},"content":{"rendered":"","protected":false},"excerpt":{"rendered":"<p class=\"\" data-start=\"188\" data-end=\"477\">Wft Basic sertifikan\u0131z\u0131 zahmetsizce almak ister misiniz? Kapsaml\u0131 \u00e7evrimi\u00e7i kendi kendine \u00e7al\u0131\u015fma program\u0131m\u0131z, s\u0131nava g\u00fcvenle girmeniz i\u00e7in gereken t\u00fcm bilgi ve prati\u011fi size sa\u011flayacakt\u0131r. Ger\u00e7ek\u00e7i pratik s\u0131navlar ve faydal\u0131 ipu\u00e7lar\u0131yla pratik sorular \u00e7\u00f6z\u00fcn, geri bildirim al\u0131n ve en iyi \u015fekilde haz\u0131rlan\u0131n.<\/p>\n<p class=\"\" data-start=\"479\" data-end=\"816\">\u2705 <strong>Kendi kendine \u00e7al\u0131\u015fmay\u0131 tamamla<\/strong> \u2013 esnek bir \u015fekilde \u00e7al\u0131\u015f\u0131n<br data-start=\"519\" data-end=\"522\" \/>\u2705 <strong>650 pratik soru<\/strong> \u2013 bilginizi g\u00fc\u00e7lendirin<br data-start=\"560\" data-end=\"563\" \/>\u2705 <strong>4 resmi deneme s\u0131nav\u0131<\/strong> \u2013 ger\u00e7ek\u00e7i pratik s\u0131navlar<br data-start=\"617\" data-end=\"620\" \/>\u2705 <strong>T\u00fcm cevaplara geri bildirim<\/strong> \u2013 \u00f6\u011frenin ve geli\u015ftirin<br data-start=\"668\" data-end=\"671\" \/>\u2705 <strong>Pratik s\u0131nav ipu\u00e7lar\u0131<\/strong> \u2013 kesinlikle s\u0131nav<br data-start=\"713\" data-end=\"716\" \/>\u2705 <strong>S\u0131nav\u0131 3 kez yap\u0131n<\/strong> \u2013 ge\u00e7mek i\u00e7in ekstra pratik<br data-start=\"766\" data-end=\"769\" \/>\u2705 <strong>12 ay eri\u015fim<\/strong> \u2013 kendi h\u0131z\u0131n\u0131zda \u00f6\u011frenin<\/p>\n<p class=\"\" data-start=\"818\" data-end=\"834\"><strong data-start=\"818\" data-end=\"834\">Ne \u00f6\u011freniyorsun?<\/strong><\/p>\n<ul>\n<li data-start=\"836\" data-end=\"998\">Finansal mevzuat ve d\u00fczenlemeler<\/li>\n<li data-start=\"836\" data-end=\"998\">Hizmet sunumu ve \u00f6zen y\u00fck\u00fcml\u00fcl\u00fc\u011f\u00fc<\/li>\n<li data-start=\"836\" data-end=\"998\">Tasarruf, bor\u00e7lanma ve sigorta<\/li>\n<li data-start=\"836\" data-end=\"998\">Riskler ve m\u00fc\u015fteri bilgileri<\/li>\n<li data-start=\"836\" data-end=\"998\">Vergiler ve finansal terimler<\/li>\n<\/ul>\n<p class=\"\" data-start=\"1000\" data-end=\"1041\"><strong>Seviye:<\/strong> MBO<br data-start=\"1011\" data-end=\"1014\" \/><strong>Ders Y\u00fck\u00fc:<\/strong> \u00b1 70 saat<\/p>\n<p class=\"\" data-start=\"1043\" data-end=\"1101\"><strong data-start=\"1043\" data-end=\"1101\">Ba\u015flamaya haz\u0131r m\u0131s\u0131n\u0131z? Hemen kaydolun ve hemen ba\u015flay\u0131n!<\/strong><\/p>","protected":false},"featured_media":7713,"template":"","meta":{"_joinchat":[]},"product_brand":[],"product_cat":[44],"product_tag":[],"class_list":{"0":"post-7132","1":"product","2":"type-product","3":"status-publish","4":"has-post-thumbnail","6":"product_cat-wft-e-learning","8":"first","9":"instock","10":"taxable","11":"shipping-taxable","12":"purchasable","13":"product-type-simple"},"_links":{"self":[{"href":"https:\/\/www.examenbureaurotterdam.nl\/tr\/wp-json\/wp\/v2\/product\/7132","targetHints":{"allow":["GET"]}}],"collection":[{"href":"https:\/\/www.examenbureaurotterdam.nl\/tr\/wp-json\/wp\/v2\/product"}],"about":[{"href":"https:\/\/www.examenbureaurotterdam.nl\/tr\/wp-json\/wp\/v2\/types\/product"}],"wp:featuredmedia":[{"embeddable":true,"href":"https:\/\/www.examenbureaurotterdam.nl\/tr\/wp-json\/wp\/v2\/media\/7713"}],"wp:attachment":[{"href":"https:\/\/www.examenbureaurotterdam.nl\/tr\/wp-json\/wp\/v2\/media?parent=7132"}],"wp:term":[{"taxonomy":"product_brand","embeddable":true,"href":"https:\/\/www.examenbureaurotterdam.nl\/tr\/wp-json\/wp\/v2\/product_brand?post=7132"},{"taxonomy":"product_cat","embeddable":true,"href":"https:\/\/www.examenbureaurotterdam.nl\/tr\/wp-json\/wp\/v2\/product_cat?post=7132"},{"taxonomy":"product_tag","embeddable":true,"href":"https:\/\/www.examenbureaurotterdam.nl\/tr\/wp-json\/wp\/v2\/product_tag?post=7132"}],"curies":[{"name":"wp","href":"https:\/\/api.w.org\/{rel}","templated":true}]}}