{"id":7903,"date":"2025-04-29T11:09:34","date_gmt":"2025-04-29T09:09:34","guid":{"rendered":"https:\/\/www.examenbureaurotterdam.nl\/?page_id=7903"},"modified":"2025-04-29T11:17:58","modified_gmt":"2025-04-29T09:17:58","slug":"examenbureau-rottedam","status":"publish","type":"page","link":"https:\/\/www.examenbureaurotterdam.nl\/tr\/examenbureau-rottedam\/","title":{"rendered":"Rotterdam S\u0131nav B\u00fcrosu"},"content":{"rendered":"<div id=\"sp-page\" class=\"spBgcover sp-content-4 lazyload\" style=\"background-color: rgb(255, 255, 255); background-image:inherit; font-family: Inter, sans-serif; font-weight: 400;\" data-bg-image=\"url(&#039;https:\/\/www.examenbureaurotterdam.nl\/wp-content\/uploads\/revslider\/video-media\/EBR-HOME-SLIDER-DEFmp4_1.jpeg&#039;)\">\n<section id=\"sp-ckzdoppede1\" data-mobile-visibility=\"#sp-ckzdoppede1|false\" data-tablet-visibility=\"#sp-ckzdoppede1|false\" data-desktop-visibility=\"#sp-ckzdoppede1|false\" data-mobile-css=\"\" data-tablet-css=\"\" class=\"sp-el-section  spBgcover\" style=\"width: 100%; max-width: 100%; padding: 10px;\">\n<div id=\"sp-rahpdx4qbt4v\" data-mobile-visibility=\"#sp-rahpdx4qbt4v|false\" data-tablet-visibility=\"#sp-rahpdx4qbt4v|false\" data-desktop-visibility=\"#sp-rahpdx4qbt4v|false\" data-mobile-css=\"\" data-tablet-css=\"\" class=\"sp-el-row sp-w-full  sp-m-auto spBgcover sm:sp-flex sp-justify-between\" style=\"padding: 10px; width: auto; max-width: 1000px;\">\n<div id=\"sp-du3n75\" data-mobile-visibility=\"#sp-du3n75|false\" data-tablet-visibility=\"#sp-du3n75|false\" data-desktop-visibility=\"#sp-du3n75|false\" data-mobile-css=\"\" data-tablet-css=\"\" class=\"sp-el-col  sp-w-full\" style=\"width: calc(100% - 0px);\">\n<figure id=\"sp-f5iy4v\" data-mobile-css=\"#sp-f5iy4v|text-align:center;\" data-tablet-css=\"#sp-f5iy4v|text-align:center;\" class=\"sp-image-wrapper sp-el-block\" style=\"margin: 0px; text-align: center;\">\n<div><span><img decoding=\"async\" data-src=\"https:\/\/www.examenbureaurotterdam.nl\/wp-content\/uploads\/2025\/03\/logo-goed.png\" alt=\"\" width=\"1577\" height=\"732\" data-dynamic-tag=\"\" data-image-src=\"wpmedia\" data-mobile-visibility=\".sp-image-block-f5iy4v|false\" data-tablet-visibility=\".sp-image-block-f5iy4v|false\" data-desktop-visibility=\".sp-image-block-f5iy4v|false\" data-srcset=\"https:\/\/www.examenbureaurotterdam.nl\/wp-content\/uploads\/2025\/03\/logo-goed-150x150.png 150w, https:\/\/www.examenbureaurotterdam.nl\/wp-content\/uploads\/2025\/03\/logo-goed-300x139.png 300w, https:\/\/www.examenbureaurotterdam.nl\/wp-content\/uploads\/2025\/03\/logo-goed-1024x475.png 1024w, https:\/\/www.examenbureaurotterdam.nl\/wp-content\/uploads\/2025\/03\/logo-goed-18x8.png 18w, https:\/\/www.examenbureaurotterdam.nl\/wp-content\/uploads\/2025\/03\/logo-goed.png 1577w\" class=\"sp-image-block-f5iy4v custom-preview-class lazyload\" style=\"--smush-placeholder-width: 1577px; --smush-placeholder-aspect-ratio: 1577\/732;width: 500px;\" src=\"data:image\/svg+xml;base64,PHN2ZyB3aWR0aD0iMSIgaGVpZ2h0PSIxIiB4bWxucz0iaHR0cDovL3d3dy53My5vcmcvMjAwMC9zdmciPjwvc3ZnPg==\"><\/span><\/div>\n<div id=\"sp-image-dynamic-tags-js-f5iy4v\"><script>jQuery(function() { image_dynamic_tags('f5iy4v' );});<\/script><\/div>\n<\/figure>\n<div id=\"sp-fary9o\" data-mobile-css=\"#sp-fary9o|height:40px;\" data-tablet-css=\"#sp-fary9o|height:10px;\" class=\"sp-spacer\" style=\"height: 60px;\"><\/div>\n<p><span href=\"\" target=\"\" rel=\"\" class=\"sp-header-block-link\" style=\"text-decoration: none;\"><\/p>\n<h1 id=\"sp-f7dggz\" data-mobile-css=\".sp-headline-block-f7dggz, #sp-f7dggz, #f7dggz|text-align:center;\" data-tablet-css=\".sp-headline-block-f7dggz, #sp-f7dggz, #f7dggz|text-align:center;\" data-mobile-visibility=\".sp-headline-block-f7dggz|false\" data-tablet-visibility=\".sp-headline-block-f7dggz|false\" data-desktop-visibility=\".sp-headline-block-f7dggz|false\" class=\"sp-css-target sp-el-block sp-headline-block-f7dggz sp-type-header\" style=\"font-size: 51px; text-align: center; margin: 0px;\">Yak\u0131nda \u00e7evrimi\u00e7i olacak<\/h1>\n<p><\/span><\/p>\n<div id=\"sp-cb26cb\" data-mobile-css=\".sp-text-wrapper-cb26cb, #sp-cb26cb, #cb26cb|text-align:left;\" data-tablet-css=\".sp-text-wrapper-cb26cb, #sp-cb26cb, #cb26cb|text-align:left;\" data-mobile-visibility=\".sp-text-wrapper-cb26cb|false\" data-tablet-visibility=\".sp-text-wrapper-cb26cb|false\" data-desktop-visibility=\".sp-text-wrapper-cb26cb|false\" class=\"sp-css-target sp-text-wrapper sp-el-block sp-text-block-style sp-text-wrapper-cb26cb\" style=\"font-size: 21px; margin: 0px; text-align: left;\">\n<p style=\"text-align: center;\">Bug\u00fcn web sitemizde bak\u0131m \u00e7al\u0131\u015fmas\u0131 yap\u0131yoruz ve en k\u0131sa s\u00fcrede \u00e7evrimi\u00e7i olmaya \u00e7al\u0131\u015f\u0131yoruz. Daha fazla bilgi i\u00e7in web sitemizi takip edin.<\/p>\n<\/div>\n<\/div>\n<\/div>\n<\/section>\n<\/div>","protected":false},"excerpt":{"rendered":"<p>Binnenkort online Wij hebben vandaag onderhoud aan onze website en werken eraan om zo spoedig mogelijk online te zijn. Houd onze website in de gaten&#8230;<\/p>","protected":false},"author":2,"featured_media":0,"parent":0,"menu_order":0,"comment_status":"closed","ping_status":"closed","template":"","meta":{"_joinchat":[],"footnotes":""},"class_list":["post-7903","page","type-page","status-publish"],"_links":{"self":[{"href":"https:\/\/www.examenbureaurotterdam.nl\/tr\/wp-json\/wp\/v2\/pages\/7903","targetHints":{"allow":["GET"]}}],"collection":[{"href":"https:\/\/www.examenbureaurotterdam.nl\/tr\/wp-json\/wp\/v2\/pages"}],"about":[{"href":"https:\/\/www.examenbureaurotterdam.nl\/tr\/wp-json\/wp\/v2\/types\/page"}],"author":[{"embeddable":true,"href":"https:\/\/www.examenbureaurotterdam.nl\/tr\/wp-json\/wp\/v2\/users\/2"}],"replies":[{"embeddable":true,"href":"https:\/\/www.examenbureaurotterdam.nl\/tr\/wp-json\/wp\/v2\/comments?post=7903"}],"version-history":[{"count":5,"href":"https:\/\/www.examenbureaurotterdam.nl\/tr\/wp-json\/wp\/v2\/pages\/7903\/revisions"}],"predecessor-version":[{"id":7912,"href":"https:\/\/www.examenbureaurotterdam.nl\/tr\/wp-json\/wp\/v2\/pages\/7903\/revisions\/7912"}],"wp:attachment":[{"href":"https:\/\/www.examenbureaurotterdam.nl\/tr\/wp-json\/wp\/v2\/media?parent=7903"}],"curies":[{"name":"wp","href":"https:\/\/api.w.org\/{rel}","templated":true}]}}