{"id":5765,"date":"2017-09-03T02:44:27","date_gmt":"2017-09-03T02:44:27","guid":{"rendered":"http:\/\/themenectar.com\/demo\/salient-corporate-creative\/?page_id=5765"},"modified":"2025-05-01T15:01:29","modified_gmt":"2025-05-01T13:01:29","slug":"vacatures","status":"publish","type":"page","link":"https:\/\/www.examenbureaurotterdam.nl\/tr\/vacatures\/","title":{"rendered":"Bo\u015f pozisyonlar"},"content":{"rendered":"\n\t\t<div id=\"fws_69e0c1b746b5c\"  data-column-margin=\"default\" data-midnight=\"light\" data-top-percent=\"13%\" data-bottom-percent=\"4%\"  class=\"wpb_row vc_row-fluid vc_row full-width-section parallax_section\"  style=\"padding-top: calc(100vw * 0.13); padding-bottom: calc(100vw * 0.04); \"><div class=\"row-bg-wrap\" data-bg-animation=\"none\" data-bg-animation-delay=\"\" data-bg-overlay=\"true\"><div class=\"inner-wrap row-bg-layer using-image\" ><div class=\"row-bg viewport-desktop using-image lazyload\" data-parallax-speed=\"fast\" style=\"background-image:inherit; background-position: center center; background-repeat: no-repeat; \" data-bg-image=\"url(https:\/\/www.examenbureaurotterdam.nl\/wp-content\/uploads\/2025\/04\/Vacatures-ebr.jpg)\"><\/div><\/div><div class=\"row-bg-overlay row-bg-layer\" style=\"background-color:#0a0a0a;  opacity: 0.3; \"><\/div><\/div><div class=\"row_col_wrap_12 col span_12 light left\">\n\t<div  class=\"vc_col-sm-8 wpb_column column_container vc_column_container col no-extra-padding inherit_tablet inherit_phone \"  data-padding-pos=\"all\" data-has-bg-color=\"false\" data-bg-color=\"\" data-bg-opacity=\"1\" data-animation=\"\" data-delay=\"0\" >\n\t\t<div class=\"vc_column-inner\" >\n\t\t\t<div class=\"wpb_wrapper\">\n\t\t\t\t\n<div class=\"wpb_text_column wpb_content_element  vc_custom_1744834430749\" >\n\t<div class=\"wpb_wrapper\">\n\t\t<h1>Vacatures<\/h1>\n<div id=\"WRWHOISInstalled\" style=\"display: none;\"><\/div>\n<div id=\"WRWHOISInstalled\" style=\"display: none;\"><\/div>\n<div id=\"WRWHOISInstalled\" style=\"display: none;\"><\/div>\n\t<\/div>\n<\/div>\n\n\n\n\n<div class=\"wpb_text_column wpb_content_element  vc_custom_1744834370197\" style=\" max-width: 550px; display: inline-block;\">\n\t<div class=\"wpb_wrapper\">\n\t\t<p>Bouw mee aan ontwikkeling bij Examenbureau Rotterdam. Bij ons draait het om m\u00e9\u00e9r dan examens. We helpen mensen en organisaties vooruit. Zoek jij een plek waar je jouw expertise kunt inzetten \u00e9n zelf kunt groeien? Ontdek onze vacatures en vind de rol die bij je past.<\/p>\n\t<\/div>\n<\/div>\n\n\n\n\n\t\t\t<\/div> \n\t\t<\/div>\n\t<\/div> \n\n\t<div  class=\"vc_col-sm-4 wpb_column column_container vc_column_container col no-extra-padding inherit_tablet inherit_phone \"  data-padding-pos=\"all\" data-has-bg-color=\"false\" data-bg-color=\"\" data-bg-opacity=\"1\" data-animation=\"\" data-delay=\"0\" >\n\t\t<div class=\"vc_column-inner\" >\n\t\t\t<div class=\"wpb_wrapper\">\n\t\t\t\t\n\t\t\t<\/div> \n\t\t<\/div>\n\t<\/div> \n<\/div><\/div>\n\t\t<div id=\"fws_69e0c1b749c88\"  data-column-margin=\"default\" data-midnight=\"dark\"  class=\"wpb_row vc_row-fluid vc_row vc_row-o-equal-height vc_row-flex\"  style=\"padding-top: 50px; padding-bottom: 0px; \"><div class=\"row-bg-wrap\" data-bg-animation=\"none\" data-bg-animation-delay=\"\" data-bg-overlay=\"false\"><div class=\"inner-wrap row-bg-layer\" ><div class=\"row-bg viewport-desktop\"  style=\"\"><\/div><\/div><\/div><div class=\"row_col_wrap_12 col span_12 dark left\">\n\t<div  class=\"vc_col-sm-8 wpb_column column_container vc_column_container col no-extra-padding inherit_tablet inherit_phone \"  data-padding-pos=\"all\" data-has-bg-color=\"false\" data-bg-color=\"\" data-bg-opacity=\"1\" data-animation=\"\" data-delay=\"0\" >\n\t\t<div class=\"vc_column-inner\" >\n\t\t\t<div class=\"wpb_wrapper\">\n\t\t\t\t\n<div class=\"row\">\n\n <div class=\"post-area col  span_12 col_last masonry classic_enhanced  infinite_scroll \" data-ams=\"\" data-remove-post-date=\"\" data-remove-post-author=\"\" data-remove-post-comment-number=\"\" data-remove-post-nectar-love=\"\"> <div class=\"posts-container\" data-load-animation=\"fade_in_from_bottom\">     \n     \n<article id=\"post-6451\" class=\"regular masonry-blog-item post-6451 post type-post status-publish format-standard has-post-thumbnail category-vacatures\">  \n    \n  <div class=\"inner-wrap animated\">\n    \n    <div class=\"post-content\">\n      \n      <a href=\"https:\/\/www.examenbureaurotterdam.nl\/tr\/examenleider\/\" class=\"img-link\"><span class=\"post-featured-img\"><img decoding=\"async\" width=\"600\" height=\"403\" src=\"https:\/\/www.examenbureaurotterdam.nl\/wp-content\/uploads\/2021\/07\/VACATURE-DEF-1-600x403.jpg\" class=\"attachment-portfolio-thumb size-portfolio-thumb skip-lazy wp-post-image\" alt=\"\" title=\"\" sizes=\"(min-width: 1600px) 20vw, (min-width: 1300px) 25vw, (min-width: 1000px) 33.3vw, (min-width: 690px) 50vw, 100vw\" srcset=\"https:\/\/www.examenbureaurotterdam.nl\/wp-content\/uploads\/2021\/07\/VACATURE-DEF-1-600x403.jpg 600w, https:\/\/www.examenbureaurotterdam.nl\/wp-content\/uploads\/2021\/07\/VACATURE-DEF-1-900x604.jpg 900w, https:\/\/www.examenbureaurotterdam.nl\/wp-content\/uploads\/2021\/07\/VACATURE-DEF-1-400x269.jpg 400w\" \/><\/span><\/a>      \n      <div class=\"content-inner\">\n        \n        <a class=\"entire-meta-link\" href=\"https:\/\/www.examenbureaurotterdam.nl\/tr\/examenleider\/\"><span class=\"screen-reader-text\">Examenleider<\/span><\/a>\n        \n        <span class=\"meta-category\"><a class=\"vacatures\" href=\"https:\/\/www.examenbureaurotterdam.nl\/tr\/category\/vacatures\/\">Vacatures<\/a><\/span>        \n        <div class=\"article-content-wrap\">\n          \n          <div class=\"post-header\">\n            <span>16 Nisan 2025<\/span>            <h3 class=\"title\"><a href=\"https:\/\/www.examenbureaurotterdam.nl\/tr\/examenleider\/\"> Examenleider<\/a><\/h3>\n          <\/div>\n          \n          <div class=\"excerpt\">Word jij onze nieuwe Examenleider? Als Examenleider speel je een cruciale rol in het soepel laten verlopen van onze examensessies. Jij bent verantwoordelijk voor de&hellip;<\/div>\n        <\/div><!--article-content-wrap-->\n        \n      <\/div><!--\/content-inner-->\n      \n      \n<div class=\"post-meta \">\n  \n  <span class=\"meta-author\"> <a href=\"https:\/\/www.examenbureaurotterdam.nl\/tr\/author\/saf\/\"> <i class=\"icon-default-style icon-salient-m-user\"><\/i> Saf<\/a> <\/span> \n  \n      <span class=\"meta-comment-count\">  <a href=\"https:\/\/www.examenbureaurotterdam.nl\/tr\/examenleider\/#respond\">\n      <i class=\"icon-default-style steadysets-icon-chat-3\"><\/i> 0<\/a>\n    <\/span>\n    \n  <div class=\"nectar-love-wrap\">\n    <a href=\"#\" class=\"nectar-love\" id=\"nectar-love-6451\" title=\"Love this\"> <i class=\"icon-salient-heart-2\"><\/i><span class=\"love-text\">Love<\/span><span class=\"total_loves\"><span class=\"nectar-love-count\">0<\/span><\/span><\/a>  <\/div>\n    \n<\/div><!--\/post-meta-->        \n    <\/div><!--\/post-content-->\n      \n  <\/div><!--\/inner-wrap-->\n    \n  <\/article>    \n    <\/div><!--\/posts container-->\n    \n      \n<\/div><!--\/post area-->\n\n  \n\n<\/div>\n\n\n\t\t\t<\/div> \n\t\t<\/div>\n\t<\/div> \n\n\t<div  class=\"vc_col-sm-4 wpb_column column_container vc_column_container col no-extra-padding inherit_tablet inherit_phone \"  data-padding-pos=\"all\" data-has-bg-color=\"false\" data-bg-color=\"\" data-bg-opacity=\"1\" data-animation=\"\" data-delay=\"0\" >\n\t\t<div class=\"vc_column-inner\" >\n\t\t\t<div class=\"wpb_wrapper\">\n\t\t\t\t<div class=\"nectar-fancy-box style-5 using-img  overlay_rgba(0,0,0,0.67) \" data-align=\"middle\" data-overlay-opacity=\"0.6\" data-overlay-opacity-hover=\"0.2\" data-style=\"parallax_hover\" data-border-radius=\"default\" data-animation=\"\" data-delay=\"\" data-color=\"accent-color\"><a  href=\"#solliciteren\" class=\"box-link\"><\/a><div class=\"parallaxImg\"><div class=\"parallaxImg-layer\" data-img=\"https:\/\/www.examenbureaurotterdam.nl\/wp-content\/uploads\/2025\/01\/OVER-EBR-VERTICAL.jpg\"><\/div><div class=\"parallaxImg-layer\"> <div class=\"meta-wrap\" style=\"min-height: 600px\"><div class=\"inner\"><span class=\"im-icon-wrap\" data-color=\"accent-color\"><span><svg role=\"presentation\" version=\"1.1\" xmlns=\"http:\/\/www.w3.org\/2000\/svg\" width=\"50\" height=\"50\" viewBox=\"0 0 32 32\">\n        <path d=\"M11.391 25.221c-0.028 0-0.057 0-0.087-0.005-0.209-0.028-0.393-0.151-0.496-0.336l-4.467-8.031c-0.179-0.323-0.063-0.728 0.259-0.908 0.323-0.177 0.728-0.063 0.907 0.256l4.029 7.248 3.985-4.128c0.256-0.263 0.68-0.271 0.943-0.019 0.264 0.255 0.272 0.677 0.017 0.943l-4.611 4.773c-0.127 0.136-0.301 0.207-0.48 0.207zM20.609 25.221c-0.18 0-0.353-0.073-0.479-0.2l-4.609-4.773c-0.255-0.265-0.248-0.691 0.017-0.943 0.264-0.255 0.688-0.251 0.943 0.016l3.984 4.128 4.029-7.247c0.177-0.32 0.584-0.437 0.907-0.256 0.32 0.179 0.437 0.584 0.257 0.907l-4.467 8.031c-0.103 0.188-0.287 0.307-0.496 0.339-0.027-0.001-0.057-0.001-0.087-0.001zM16 20.448c-4.507 0-8.164-7.031-8.164-11.619 0-4.503 3.663-8.164 8.164-8.164 4.5 0 8.161 3.661 8.161 8.164 0 4.588-3.656 11.619-8.161 11.619zM16 1.999c-3.767 0-6.831 3.063-6.831 6.831 0 3.873 3.193 10.285 6.831 10.285s6.828-6.412 6.828-10.285c0-3.768-3.063-6.831-6.828-6.831zM19.779 31.331c-0.591 0-1.2-0.003-1.825-0.008l-1.951-0.008-1.952 0.008c-5.027 0.044-9 0.057-10.987-1.917-0.813-0.807-1.225-1.917-1.225-3.284 0-3.528 2.871-9.383 7.507-12.684l0.773 1.084c-4.156 2.959-6.947 8.387-6.947 11.597 0 1.016 0.272 1.781 0.832 2.336 1.595 1.584 5.511 1.557 10.039 1.528l1.96-0.008 1.959 0.008c4.531 0.031 8.443 0.055 10.036-1.528 0.56-0.557 0.831-1.323 0.831-2.339 0-3.211-2.791-8.639-6.945-11.597l0.773-1.084c4.636 3.301 7.505 9.153 7.505 12.684 0 1.369-0.412 2.473-1.224 3.284-1.743 1.733-5.003 1.928-9.159 1.928z\"><\/path>\n        <\/svg><\/span><\/span>\n<h2>Geen passende vacature?<\/h2>\n<h5>Stuur ons een bericht \u2013 we horen graag van je en denken graag met je mee.<\/h5>\n<h3 style=\"text-align: center\"><a class=\"nectar-button n-sc-button medium #fff\"  href=\"#solliciteren\" data-color-override=\"false\" data-hover-color-override=\"false\" data-hover-text-color-override=\"#fff\"><span>Open Sollicitatie<\/span><\/a><\/h3>\n<\/div> <\/div><\/div><\/div><\/div>\n\t\t\t<\/div> \n\t\t<\/div>\n\t<\/div> \n\n\t<div  class=\"vc_col-sm-12 wpb_column column_container vc_column_container col no-extra-padding inherit_tablet inherit_phone \"  data-padding-pos=\"all\" data-has-bg-color=\"false\" data-bg-color=\"\" data-bg-opacity=\"1\" data-animation=\"\" data-delay=\"0\" >\n\t\t<div class=\"vc_column-inner\" >\n\t\t\t<div class=\"wpb_wrapper\">\n\t\t\t\t\n\t\t\t<\/div> \n\t\t<\/div>\n\t<\/div> \n<\/div><\/div>\n\t\t<div id=\"solliciteren\"  data-column-margin=\"default\" data-midnight=\"dark\" data-top-percent=\"10%\"  class=\"wpb_row vc_row-fluid vc_row\"  style=\"padding-top: calc(100vw * 0.10); padding-bottom: 0px; \"><div class=\"row-bg-wrap\" data-bg-animation=\"none\" data-bg-animation-delay=\"\" data-bg-overlay=\"false\"><div class=\"inner-wrap row-bg-layer\" ><div class=\"row-bg viewport-desktop\"  style=\"\"><\/div><\/div><\/div><div class=\"row_col_wrap_12 col span_12 dark left\">\n\t<div  class=\"vc_col-sm-12 wpb_column column_container vc_column_container col no-extra-padding inherit_tablet inherit_phone \"  data-padding-pos=\"all\" data-has-bg-color=\"false\" data-bg-color=\"\" data-bg-opacity=\"1\" data-animation=\"\" data-delay=\"0\" >\n\t\t<div class=\"vc_column-inner\" >\n\t\t\t<div class=\"wpb_wrapper\">\n\t\t\t\t\n<div class=\"wpb_text_column wpb_content_element \" >\n\t<div class=\"wpb_wrapper\">\n\t\t<h2>Open<br \/>\nSollicitatie<\/h2>\n\t<\/div>\n<\/div>\n\n\n\n<div class=\"wpforms-container wpforms-container-full\" id=\"wpforms-6221\"><form id=\"wpforms-form-6221\" class=\"wpforms-validate wpforms-form\" data-formid=\"6221\" method=\"post\" enctype=\"multipart\/form-data\" action=\"\/tr\/wp-json\/wp\/v2\/pages\/5765?wpforms_form_id=6221\" data-token=\"20b1e5e0844a990063b5d0498438ca22\"><noscript class=\"wpforms-error-noscript\">Bu formu bitirebilmek i\u00e7in taray\u0131c\u0131n\u0131zda JavaScript&#039;i etkinle\u015ftirin.<\/noscript><div class=\"wpforms-field-container\"><div id=\"wpforms-6221-field_0-container\" class=\"wpforms-field wpforms-field-name\" data-field-id=\"0\"><label class=\"wpforms-field-label\" for=\"wpforms-6221-field_0\">Naam <span class=\"wpforms-required-label\">*<\/span><\/label><div class=\"wpforms-field-row wpforms-field-large\"><div class=\"wpforms-field-row-block wpforms-first wpforms-one-half\"><input type=\"text\" id=\"wpforms-6221-field_0\" class=\"wpforms-field-name-first wpforms-field-required\" name=\"wpforms[fields][0][first]\" required><label for=\"wpforms-6221-field_0\" class=\"wpforms-field-sublabel after \">Ad<\/label><\/div><div class=\"wpforms-field-row-block wpforms-one-half\"><input type=\"text\" id=\"wpforms-6221-field_0-last\" class=\"wpforms-field-name-last wpforms-field-required\" name=\"wpforms[fields][0][last]\" required><label for=\"wpforms-6221-field_0-last\" class=\"wpforms-field-sublabel after \">Soyad<\/label><\/div><\/div><\/div><div id=\"wpforms-6221-field_1-container\" class=\"wpforms-field wpforms-field-email\" data-field-id=\"1\"><label class=\"wpforms-field-label\" for=\"wpforms-6221-field_1\">E-mailadres <span class=\"wpforms-required-label\">*<\/span><\/label><input type=\"email\" id=\"wpforms-6221-field_1\" class=\"wpforms-field-large wpforms-field-required\" name=\"wpforms[fields][1]\" required><\/div><div id=\"wpforms-6221-field_7-container\" class=\"wpforms-field wpforms-field-phone\" data-field-id=\"7\"><label class=\"wpforms-field-label\" for=\"wpforms-6221-field_7\">Telefoon <span class=\"wpforms-required-label\">*<\/span><\/label><input type=\"tel\" id=\"wpforms-6221-field_7\" class=\"wpforms-field-large wpforms-field-required wpforms-smart-phone-field\" data-rule-smart-phone-field=\"true\" name=\"wpforms[fields][7]\" required><\/div><div id=\"wpforms-6221-field_5-container\" class=\"wpforms-field wpforms-field-file-upload\" data-field-id=\"5\"><label class=\"wpforms-field-label\" for=\"wpforms-6221-field_5\">Voeg een CV toe <span class=\"wpforms-required-label\">*<\/span><\/label><div class=\"wpforms-uploader\"\n\tdata-field-id=\"5\"\n\tdata-form-id=\"6221\"\n\tdata-input-name=\"wpforms_6221_5\"\n\tdata-extensions=\"jpg,jpeg,jpe,gif,png,bmp,tiff,tif,webp,avif,ico,heic,heif,heics,heifs,asf,asx,wmv,wmx,wm,avi,divx,mov,qt,mpeg,mpg,mpe,mp4,m4v,ogv,webm,mkv,3gp,3gpp,3g2,3gp2,txt,asc,c,cc,h,srt,csv,tsv,ics,rtx,css,vtt,mp3,m4a,m4b,aac,ra,ram,wav,ogg,oga,flac,mid,midi,wma,wax,mka,rtf,pdf,class,tar,zip,gz,gzip,rar,7z,psd,xcf,doc,pot,pps,ppt,wri,xla,xls,xlt,xlw,mpp,docx,docm,dotx,dotm,xlsx,xlsm,xlsb,xltx,xltm,xlam,pptx,pptm,ppsx,ppsm,potx,potm,ppam,sldx,sldm,onetoc,onetoc2,onepkg,oxps,xps,odt,odp,ods,odg,odc,odb,odf,wp,wpd,key,numbers,pages,redux\"\n\tdata-max-size=\"1073741824\"\n\tdata-max-file-number=\"1\"\n\tdata-post-max-size=\"1073741824\"\n    data-max-parallel-uploads=\"4\"\n    data-parallel-uploads=\"true\"\n\tdata-file-chunk-size=\"2097152\">\n\t<div class=\"dz-message\">\n\t\t<svg viewBox=\"0 0 1024 1024\" focusable=\"false\" class=\"\" data-icon=\"inbox\" width=\"50px\" height=\"50px\" fill=\"#B1B1B1\" aria-hidden=\"true\"><path d=\"M885.2 446.3l-.2-.8-112.2-285.1c-5-16.1-19.9-27.2-36.8-27.2H281.2c-17 0-32.1 11.3-36.9 27.6L139.4 443l-.3.7-.2.8c-1.3 4.9-1.7 9.9-1 14.8-.1 1.6-.2 3.2-.2 4.8V830a60.9 60.9 0 0 0 60.8 60.8h627.2c33.5 0 60.8-27.3 60.9-60.8V464.1c0-1.3 0-2.6-.1-3.7.4-4.9 0-9.6-1.3-14.1zm-295.8-43l-.3 15.7c-.8 44.9-31.8 75.1-77.1 75.1-22.1 0-41.1-7.1-54.8-20.6S436 441.2 435.6 419l-.3-15.7H229.5L309 210h399.2l81.7 193.3H589.4zm-375 76.8h157.3c24.3 57.1 76 90.8 140.4 90.8 33.7 0 65-9.4 90.3-27.2 22.2-15.6 39.5-37.4 50.7-63.6h156.5V814H214.4V480.1z\"><\/path><\/svg>\n\t\t<span class=\"modern-title\">\n\t\t\tClick or drag a file to this area to upload.\t\t<\/span>\n\n\t\t\t<\/div>\n<\/div>\n<input type=\"text\" class=\"dropzone-input\"\n\tstyle=\"position:absolute!important;clip:rect(0,0,0,0)!important;height:1px!important;width:1px!important;border:0!important;overflow:hidden!important;padding:0!important;margin:0!important;\"\n\tid=\"wpforms-6221-field_5\"\n\tname=\"wpforms_6221_5\" required>\n<\/div><div id=\"wpforms-6221-field_2-container\" class=\"wpforms-field wpforms-field-textarea\" data-field-id=\"2\"><label class=\"wpforms-field-label\" for=\"wpforms-6221-field_2\">Voeg een motivatie toe<\/label><textarea id=\"wpforms-6221-field_2\" class=\"wpforms-field-medium\" name=\"wpforms[fields][2]\" ><\/textarea><\/div><div id=\"wpforms-6221-field_6-container\" class=\"wpforms-field wpforms-field-file-upload\" data-field-id=\"6\"><label class=\"wpforms-field-label\" for=\"wpforms-6221-field_6\">Upload motivatie<\/label><div class=\"wpforms-uploader\"\n\tdata-field-id=\"6\"\n\tdata-form-id=\"6221\"\n\tdata-input-name=\"wpforms_6221_6\"\n\tdata-extensions=\"jpg,jpeg,jpe,gif,png,bmp,tiff,tif,webp,avif,ico,heic,heif,heics,heifs,asf,asx,wmv,wmx,wm,avi,divx,mov,qt,mpeg,mpg,mpe,mp4,m4v,ogv,webm,mkv,3gp,3gpp,3g2,3gp2,txt,asc,c,cc,h,srt,csv,tsv,ics,rtx,css,vtt,mp3,m4a,m4b,aac,ra,ram,wav,ogg,oga,flac,mid,midi,wma,wax,mka,rtf,pdf,class,tar,zip,gz,gzip,rar,7z,psd,xcf,doc,pot,pps,ppt,wri,xla,xls,xlt,xlw,mpp,docx,docm,dotx,dotm,xlsx,xlsm,xlsb,xltx,xltm,xlam,pptx,pptm,ppsx,ppsm,potx,potm,ppam,sldx,sldm,onetoc,onetoc2,onepkg,oxps,xps,odt,odp,ods,odg,odc,odb,odf,wp,wpd,key,numbers,pages,redux\"\n\tdata-max-size=\"1073741824\"\n\tdata-max-file-number=\"1\"\n\tdata-post-max-size=\"1073741824\"\n    data-max-parallel-uploads=\"4\"\n    data-parallel-uploads=\"true\"\n\tdata-file-chunk-size=\"2097152\">\n\t<div class=\"dz-message\">\n\t\t<svg viewBox=\"0 0 1024 1024\" focusable=\"false\" class=\"\" data-icon=\"inbox\" width=\"50px\" height=\"50px\" fill=\"#B1B1B1\" aria-hidden=\"true\"><path d=\"M885.2 446.3l-.2-.8-112.2-285.1c-5-16.1-19.9-27.2-36.8-27.2H281.2c-17 0-32.1 11.3-36.9 27.6L139.4 443l-.3.7-.2.8c-1.3 4.9-1.7 9.9-1 14.8-.1 1.6-.2 3.2-.2 4.8V830a60.9 60.9 0 0 0 60.8 60.8h627.2c33.5 0 60.8-27.3 60.9-60.8V464.1c0-1.3 0-2.6-.1-3.7.4-4.9 0-9.6-1.3-14.1zm-295.8-43l-.3 15.7c-.8 44.9-31.8 75.1-77.1 75.1-22.1 0-41.1-7.1-54.8-20.6S436 441.2 435.6 419l-.3-15.7H229.5L309 210h399.2l81.7 193.3H589.4zm-375 76.8h157.3c24.3 57.1 76 90.8 140.4 90.8 33.7 0 65-9.4 90.3-27.2 22.2-15.6 39.5-37.4 50.7-63.6h156.5V814H214.4V480.1z\"><\/path><\/svg>\n\t\t<span class=\"modern-title\">\n\t\t\tClick or drag a file to this area to upload.\t\t<\/span>\n\n\t\t\t<\/div>\n<\/div>\n<input type=\"text\" class=\"dropzone-input\"\n\tstyle=\"position:absolute!important;clip:rect(0,0,0,0)!important;height:1px!important;width:1px!important;border:0!important;overflow:hidden!important;padding:0!important;margin:0!important;\"\n\tid=\"wpforms-6221-field_6\"\n\tname=\"wpforms_6221_6\" >\n<\/div><\/div><input type=\"hidden\" name=\"wpforms[recaptcha]\" value=\"\"><div class=\"wpforms-submit-container\" ><input type=\"hidden\" name=\"wpforms[id]\" value=\"6221\"><input type=\"hidden\" name=\"wpforms[author]\" value=\"2\"><button type=\"submit\" name=\"wpforms[submit]\" class=\"wpforms-submit \" id=\"wpforms-submit-6221\" value=\"wpforms-submit\" aria-live=\"assertive\" data-alt-text=\"Verzenden...\" data-submit-text=\"Solliciteer\">Solliciteer<\/button><\/div><\/form><\/div>  <!-- .wpforms-container -->\n\t\t\t<\/div> \n\t\t<\/div>\n\t<\/div> \n<\/div><\/div>\n","protected":false},"excerpt":{"rendered":"Word jij onze nieuwe Examenleider? Als Examenleider speel je een cruciale rol in het soepel laten verlopen van onze examensessies. Jij bent verantwoordelijk voor de...","protected":false},"author":2,"featured_media":0,"parent":0,"menu_order":0,"comment_status":"closed","ping_status":"closed","template":"","meta":{"_joinchat":[],"footnotes":""},"class_list":["post-5765","page","type-page","status-publish"],"_links":{"self":[{"href":"https:\/\/www.examenbureaurotterdam.nl\/tr\/wp-json\/wp\/v2\/pages\/5765","targetHints":{"allow":["GET"]}}],"collection":[{"href":"https:\/\/www.examenbureaurotterdam.nl\/tr\/wp-json\/wp\/v2\/pages"}],"about":[{"href":"https:\/\/www.examenbureaurotterdam.nl\/tr\/wp-json\/wp\/v2\/types\/page"}],"author":[{"embeddable":true,"href":"https:\/\/www.examenbureaurotterdam.nl\/tr\/wp-json\/wp\/v2\/users\/2"}],"replies":[{"embeddable":true,"href":"https:\/\/www.examenbureaurotterdam.nl\/tr\/wp-json\/wp\/v2\/comments?post=5765"}],"version-history":[{"count":54,"href":"https:\/\/www.examenbureaurotterdam.nl\/tr\/wp-json\/wp\/v2\/pages\/5765\/revisions"}],"predecessor-version":[{"id":8067,"href":"https:\/\/www.examenbureaurotterdam.nl\/tr\/wp-json\/wp\/v2\/pages\/5765\/revisions\/8067"}],"wp:attachment":[{"href":"https:\/\/www.examenbureaurotterdam.nl\/tr\/wp-json\/wp\/v2\/media?parent=5765"}],"curies":[{"name":"wp","href":"https:\/\/api.w.org\/{rel}","templated":true}]}}