{"id":3,"date":"2021-04-19T10:25:05","date_gmt":"2021-04-19T10:25:05","guid":{"rendered":"https:\/\/www.examenbureaurotterdam.nl\/?page_id=3"},"modified":"2026-03-02T10:56:10","modified_gmt":"2026-03-02T09:56:10","slug":"privacybeleid","status":"publish","type":"page","link":"https:\/\/www.examenbureaurotterdam.nl\/tr\/privacybeleid\/","title":{"rendered":"Gizlilik Politikas\u0131"},"content":{"rendered":"<div id=\"fws_69e0c76f8d2c4\"  data-column-margin=\"default\" data-midnight=\"dark\"  class=\"wpb_row vc_row-fluid vc_row\"  style=\"padding-top: 0px; padding-bottom: 0px; \"><div class=\"row-bg-wrap\" data-bg-animation=\"none\" data-bg-animation-delay=\"\" data-bg-overlay=\"false\"><div class=\"inner-wrap row-bg-layer\" ><div class=\"row-bg viewport-desktop\"  style=\"\"><\/div><\/div><\/div><div class=\"row_col_wrap_12 col span_12 dark left\">\n\t<div  class=\"vc_col-sm-12 wpb_column column_container vc_column_container col no-extra-padding inherit_tablet inherit_phone\"  data-padding-pos=\"all\" data-has-bg-color=\"false\" data-bg-color=\"\" data-bg-opacity=\"1\" data-animation=\"\" data-delay=\"0\" >\n\t\t<div class=\"vc_column-inner\" >\n\t\t\t<div class=\"wpb_wrapper\">\n\t\t\t\t\n<div class=\"wpb_text_column wpb_content_element\" >\n\t<div class=\"wpb_wrapper\">\n\t\t<div class=\"row_col_wrap_12 col span_12 dark left\">\n<div class=\"vc_col-sm-12 wpb_column column_container vc_column_container col no-extra-padding inherit_tablet inherit_phone\" data-padding-pos=\"all\" data-has-bg-color=\"false\" data-bg-color=\"\" data-bg-opacity=\"1\" data-animation=\"\" data-delay=\"0\">\n<div class=\"vc_column-inner\">\n<div class=\"wpb_wrapper\">\n<div class=\"wpb_text_column wpb_content_element\">\n<div class=\"wpb_wrapper\">\n<div class=\"row_col_wrap_12 col span_12 dark left\">\n<div class=\"vc_col-sm-12 wpb_column column_container vc_column_container col no-extra-padding inherit_tablet inherit_phone\" data-padding-pos=\"all\" data-has-bg-color=\"false\" data-bg-color=\"\" data-bg-opacity=\"1\" data-animation=\"\" data-delay=\"0\">\n<div class=\"vc_column-inner\">\n<div class=\"wpb_wrapper\">\n<div class=\"wpb_text_column wpb_content_element\">\n<div class=\"wpb_wrapper\">\n<h3 class=\"sppb-addon-title\">Gizlilik Beyan\u0131 Examination Office Rotterdam BV<\/h3>\n<p>Examenbureau Rotterdam BV (bundan b\u00f6yle &#039;EBR&#039; olarak an\u0131lacakt\u0131r) olarak ki\u015fisel verilerinizin korunmas\u0131na b\u00fcy\u00fck \u00f6nem vermekteyiz. T\u00fcm m\u00fc\u015fteri ve ziyaret\u00e7ilerin Ki\u015fisel Verileri azami \u00f6zenle i\u015flenmekte ve korunmaktad\u0131r. EBR, bu beyan\u0131nda sizlere iyi bir hizmet sunabilmek i\u00e7in sizden hangi verilerin talep edildi\u011fini a\u00e7\u0131klamaktad\u0131r.<\/p>\n<table>\n<tbody>\n<tr>\n<td colspan=\"2\">EBR verileri<\/td>\n<\/tr>\n<tr>\n<td><strong>Adres:<\/strong><\/td>\n<td>Sanayi B\u00f6lgesi 37 A1<\/td>\n<\/tr>\n<tr>\n<td><strong>Posta kodu:<\/strong><\/td>\n<td>3044 AS<\/td>\n<\/tr>\n<tr>\n<td><strong>Yer<\/strong><\/td>\n<td>Rotterdam<\/td>\n<\/tr>\n<tr>\n<td><strong>E-posta:<\/strong><\/td>\n<td><a href=\"mailto:info@examenbureaurotterdam.nl\">info@examenbureaurotterdam.nl<\/a><\/td>\n<\/tr>\n<tr>\n<td><strong>Telefon numaras\u0131:<\/strong><\/td>\n<td>0103030007<\/td>\n<\/tr>\n<tr>\n<td><strong>Web sitesi:<\/strong><\/td>\n<td>www.examenbureaurotterdam.nl<\/td>\n<\/tr>\n<\/tbody>\n<\/table>\n<p><strong>\u0130\u015fleme:<br \/>\n<\/strong>EBR, di\u011ferlerinin yan\u0131 s\u0131ra, sizden veya i\u015fvereninizden ald\u0131\u011f\u0131m\u0131z a\u015fa\u011f\u0131daki verileri i\u015fler:<\/p>\n<ul>\n<li>\u0130sim (tam)<\/li>\n<li>Do\u011fum tarihi<\/li>\n<li>Adres<\/li>\n<li>Telefon numaras\u0131<\/li>\n<li>E-posta adresi<\/li>\n<li>Faturalara ili\u015fkin veriler<\/li>\n<li>\u00dcr\u00fcn sipari\u015f s\u00fcrecine ili\u015fkin veriler<\/li>\n<li>Girilen di\u011fer bilgiler<\/li>\n<\/ul>\n<p>Verilerinizi yaln\u0131zca size iyi bir hizmet sunmak ve gelecekte sizi f\u0131rsatlar ve ilgili promosyonlar hakk\u0131nda bilgilendirmek amac\u0131yla kullan\u0131yoruz.<\/p>\n<p><strong>EBR&#039;den kimler verilerinize eri\u015febilir:<\/strong><\/p>\n<ul>\n<li data-mce-word-list=\"1\">Y\u00f6netim Kurulu<\/li>\n<li data-mce-word-list=\"1\">Y\u00f6netmek<\/li>\n<li data-mce-word-list=\"1\">Ofis personeli<\/li>\n<li>Examenfunctionarissen<\/li>\n<\/ul>\n<p><strong>Ki\u015fisel verilerin \u00fc\u00e7\u00fcnc\u00fc ki\u015filerle payla\u015f\u0131lmas\u0131<br \/>\n<\/strong>Hizmetlerimiz i\u00e7in ki\u015fisel verilerin harici tedarik\u00e7ilerle payla\u015f\u0131lmas\u0131 gerekmektedir, \u00f6rne\u011fin: Bir s\u0131nava kay\u0131t yapt\u0131rmak. Bunu m\u00fcmk\u00fcn oldu\u011funca s\u0131n\u0131rlamaya \u00e7al\u0131\u015f\u0131yoruz ve verilerinizi yaln\u0131zca sizinle yapt\u0131\u011f\u0131m\u0131z s\u00f6zle\u015fmenin ifas\u0131 veya yasal y\u00fck\u00fcml\u00fcl\u00fcklere uymak i\u00e7in gerekli olmas\u0131 halinde ba\u015fkalar\u0131yla payla\u015f\u0131yoruz.<\/p>\n<p><strong>Ki\u015fisel verilerin saklanma s\u00fcresi<br \/>\n<\/strong>EBR bewaart persoonsgegevens niet langer dan voor de doeleinden waarvoor zij zijn verzameld of worden gebruikt. Sommige persoonsgegevens moeten langer bewaard worden op grond van de wet. In dat geval bewaart EBR de betreffende persoonsgegevens zolang als de wet voorschrijft. De gegevens op examendocumenten worden niet langer bewaard dan 3 jaar.<br \/>\nPersoonsgegevens noodzakelijk voor persoonscertificering (naam en geboortedatum) worden voor de duur van de certificering bewaard.<\/p>\n<p><strong>Documentbeheer<br \/>\n<\/strong>De gegevens op examendocumenten worden niet langer bewaard dan hierboven is aangegeven. Wij kiezen 2 momenten in het jaar om dit te realiseren, namelijk in de eerste week van januari en week 1 van juli.<\/p>\n<p><strong>Back-up<\/strong><br \/>\nWij maken dagelijks een back-up van onze server en applicatie.<\/p>\n<\/div>\n<div class=\"wpb_wrapper\">\n<p><strong>Ki\u015fisel verilere eri\u015fim, de\u011fi\u015fiklik, silme, \u015fikayetler<br \/>\n<\/strong>Verileriniz EBR taraf\u0131ndan size bilgi ve\/veya \u00f6zel teklifler g\u00f6ndermek amac\u0131yla kullan\u0131labilir. EBR&#039;nin gizlilik politikas\u0131 hakk\u0131nda sorular\u0131n\u0131z varsa veya ki\u015fisel verilerinize eri\u015fim, de\u011fi\u015fiklik (veya silme) konusunda sorular\u0131n\u0131z varsa l\u00fctfen EBR ile ileti\u015fime ge\u00e7in. EBR&#039;ye bir mektup g\u00f6nderin, dikkatine. Adres Y\u00f6netimi, Industrieweg 37 A1, 3044 AS Rotterdam veya e-posta <a href=\"mailto:info@examenbureaurotterdam.nl.\">info@examenbureaurotterdam.nl.<\/a><\/p>\n<p><strong>\u00c7erez Politikas\u0131<br \/>\n<\/strong>Bu web sitesini kulland\u0131\u011f\u0131n\u0131zda, EBR veya \u00fc\u00e7\u00fcnc\u00fc taraflar, \u00f6rne\u011fin \u00e7erezler arac\u0131l\u0131\u011f\u0131yla, bu web sitesinin kullan\u0131m\u0131 hakk\u0131nda bilgi toplayabilir. Bunlar, taray\u0131c\u0131n\u0131z taraf\u0131ndan bilgisayarlar\u0131n\u0131z\u0131n\/tabletlerinizin\/telefonlar\u0131n\u0131z\u0131n sabit diskine kaydedilen k\u00fc\u00e7\u00fck dosyalard\u0131r. Web sitesini tekrar tekrar kulland\u0131\u011f\u0131n\u0131zda taray\u0131c\u0131n\u0131z tan\u0131n\u0131r. \u00c7erezler arac\u0131l\u0131\u011f\u0131yla toplanan bilgiler, di\u011ferlerinin yan\u0131 s\u0131ra, web sitesinin kullan\u0131m\u0131n\u0131n analiz edilmesi amac\u0131yla da kullan\u0131labilir. \u00d6rne\u011fin hangi sayfalar\u0131n pop\u00fcler oldu\u011fu ve web sitesinin hangi b\u00f6l\u00fcmlerinde ayarlama yap\u0131lmas\u0131 gerekti\u011fi belirlenebilir. EBR, bu web sitesini kullan\u0131m\u0131n\u0131za ili\u015fkin verileri \u00fc\u00e7\u00fcnc\u00fc ki\u015filerle payla\u015fmaz.<\/p>\n<p><strong>\u00c7erezleri silme<\/strong><br \/>\nTaray\u0131c\u0131n\u0131za yerle\u015ftirilmi\u015f olan \u00e7erezleri silebilirsiniz. Her taray\u0131c\u0131n\u0131n aray\u00fcz\u00fc farkl\u0131 oldu\u011fundan, \u00e7erezleri silmek ve yeni \u00e7erezleri reddetmek i\u00e7in yard\u0131m fonksiyonuna ba\u015fvurman\u0131z en iyisidir. L\u00fctfen dikkat: \u00c7erezleri reddederseniz ve\/veya silerseniz, web sitesinin t\u00fcm \u00f6zelliklerinden her zaman yararlanamayabilirsiniz. Ayr\u0131ca, \u00e7erezleri reddetmek veya silmek yaln\u0131zca bu i\u015flemi ger\u00e7ekle\u015ftirdi\u011finiz bilgisayar\u0131 ve taray\u0131c\u0131y\u0131 etkiler. Birden fazla bilgisayar\/tablet\/telefon ve\/veya taray\u0131c\u0131 kullan\u0131yorsan\u0131z, yukar\u0131daki i\u015flemi\/i\u015flemleri gerekti\u011fi s\u0131kl\u0131kta tekrarlamal\u0131s\u0131n\u0131z.<\/p>\n<p><strong>Cybercriminaliteit<br \/>\n<\/strong>Indien wij gehackt zijn, is het belangrijkste is dat we op zo\u2019n moment adequaat handelen om uw gegevens te beschermen. Ons stappenplan is als volgt,<\/p>\n<ol>\n<li>Schakel direct alle internetverbindingen uit<\/li>\n<li>Veranderen van al onze wachtwoorden<\/li>\n<li>Schakel direct experts in<\/li>\n<li>Informeer onze klanten per mail en ga na of zij iets hebben opgemerkt\n<ol>\n<li>Klanten die hieronder hebben geleden direct telefonisch contacteren om het op te lossen met de experts<\/li>\n<\/ol>\n<\/li>\n<li>Onze veiligheidssystemen beoordelen en verbeteren<\/li>\n<\/ol>\n<p><strong>Bu ifadelerdeki de\u011fi\u015fiklikler<\/strong><br \/>\nEBR behoudt zich het recht voor om wijzigingen aan te brengen in de AVG register. Elke aanpassing zal EBR op deze pagina publiceren. Laatst aangepast op 01-11-2025.<\/p>\n<\/div>\n<\/div>\n<\/div>\n<\/div>\n<\/div>\n<\/div>\n<\/div>\n<\/div>\n<\/div>\n<\/div>\n<\/div>\n<\/div>\n\t<\/div>\n<\/div>\n\n\n\n\n\t\t\t<\/div> \n\t\t<\/div>\n\t<\/div> \n<\/div><\/div>","protected":false},"excerpt":{"rendered":"Privacyverklaring Examenbureau Rotterdam B.V. Bij Examenbureau Rotterdam B.V. (hierna \u2018EBR\u2019), hechten wij veel waarde aan de bescherming van uw persoonsgegevens. De Persoonsgegevens van alle klanten...","protected":false},"author":2,"featured_media":0,"parent":0,"menu_order":0,"comment_status":"closed","ping_status":"open","template":"","meta":{"_joinchat":[],"footnotes":""},"class_list":["post-3","page","type-page","status-publish"],"_links":{"self":[{"href":"https:\/\/www.examenbureaurotterdam.nl\/tr\/wp-json\/wp\/v2\/pages\/3","targetHints":{"allow":["GET"]}}],"collection":[{"href":"https:\/\/www.examenbureaurotterdam.nl\/tr\/wp-json\/wp\/v2\/pages"}],"about":[{"href":"https:\/\/www.examenbureaurotterdam.nl\/tr\/wp-json\/wp\/v2\/types\/page"}],"author":[{"embeddable":true,"href":"https:\/\/www.examenbureaurotterdam.nl\/tr\/wp-json\/wp\/v2\/users\/2"}],"replies":[{"embeddable":true,"href":"https:\/\/www.examenbureaurotterdam.nl\/tr\/wp-json\/wp\/v2\/comments?post=3"}],"version-history":[{"count":5,"href":"https:\/\/www.examenbureaurotterdam.nl\/tr\/wp-json\/wp\/v2\/pages\/3\/revisions"}],"predecessor-version":[{"id":8486,"href":"https:\/\/www.examenbureaurotterdam.nl\/tr\/wp-json\/wp\/v2\/pages\/3\/revisions\/8486"}],"wp:attachment":[{"href":"https:\/\/www.examenbureaurotterdam.nl\/tr\/wp-json\/wp\/v2\/media?parent=3"}],"curies":[{"name":"wp","href":"https:\/\/api.w.org\/{rel}","templated":true}]}}