{"id":7925,"date":"2025-04-29T12:19:51","date_gmt":"2025-04-29T10:19:51","guid":{"rendered":"https:\/\/www.examenbureaurotterdam.nl\/?post_type=product&#038;p=7925"},"modified":"2025-06-12T15:03:34","modified_gmt":"2025-06-12T13:03:34","slug":"vil-vcu-nederlands","status":"publish","type":"product","link":"https:\/\/www.examenbureaurotterdam.nl\/ro\/produs\/vil-vcu-nederlands\/","title":{"rendered":"VIL-VCU Olandez\u0103"},"content":{"rendered":"","protected":false},"excerpt":{"rendered":"<p class=\"\" data-start=\"114\" data-end=\"414\"><strong data-start=\"114\" data-end=\"176\">Vrei s\u0103 treci examenul repede \u0219i f\u0103r\u0103 griji? <span data-olk-copy-source=\"MessageBody\">VIL-VCU<\/span>-examen?<\/strong><br data-start=\"176\" data-end=\"179\" \/>Cu ajutorul programului nostru complet de studiu individual online, ve\u021bi \u00eenv\u0103\u021ba exact ceea ce trebuie s\u0103 \u0219ti\u021bi \u2013 \u00een ritmul propriu, la timpul propriu. Exerseaz\u0103 cu peste 190 de \u00eentreb\u0103ri, prime\u0219te feedback clar \u0219i preg\u0103te\u0219te-te optim cu examene simulate realiste \u0219i sfaturi practice.<\/p>\n<p class=\"\" data-start=\"416\" data-end=\"805\">\u2705 <strong>Studiu individual complet<\/strong> \u2013 studiaz\u0103 flexibil<br data-start=\"479\" data-end=\"482\" \/>\u2705 <strong>Peste 190 de \u00eentreb\u0103ri de practic\u0103<\/strong> \u2013 s\u0103-\u021bi consolidezi cuno\u0219tin\u021bele<br data-start=\"537\" data-end=\"540\" \/>\u2705 <strong>2 examene oficiale de practic\u0103<\/strong> \u2013 examene practice realiste<br data-start=\"592\" data-end=\"595\" \/>\u2705 <strong>Feedback pentru toate r\u0103spunsurile<\/strong> \u2013 \u00eenva\u021b\u0103 \u0219i perfec\u021bioneaz\u0103-te<br data-start=\"642\" data-end=\"645\" \/>\u2705 <strong>Sfaturi practice pentru examen<\/strong> \u2013 cu siguran\u021b\u0103 examenul<br data-start=\"703\" data-end=\"706\" \/>\u2705 <strong>Examen de practic\u0103 de 3 ori<\/strong> \u2013 \u0219ans\u0103 suplimentar\u0103 de a trece<br data-start=\"755\" data-end=\"758\" \/>\u2705 <strong>Acces 6 luni<\/strong> \u2013 \u00eenva\u021b\u0103 \u00een ritmul t\u0103u propriu<\/p>\n<p class=\"\" data-start=\"807\" data-end=\"883\"><strong data-start=\"807\" data-end=\"883\">E\u0219ti gata s\u0103-\u021bi prime\u0219ti VIL-VCU? \u00cenregistreaz\u0103-te acum \u0219i \u00eencepe imediat!<\/strong><\/p>","protected":false},"featured_media":7713,"template":"","meta":{"_joinchat":[]},"product_brand":[],"product_cat":[56],"product_tag":[],"class_list":{"0":"post-7925","1":"product","2":"type-product","3":"status-publish","4":"has-post-thumbnail","6":"product_cat-vca-e-learning","8":"first","9":"instock","10":"taxable","11":"shipping-taxable","12":"purchasable","13":"product-type-simple"},"_links":{"self":[{"href":"https:\/\/www.examenbureaurotterdam.nl\/ro\/wp-json\/wp\/v2\/product\/7925","targetHints":{"allow":["GET"]}}],"collection":[{"href":"https:\/\/www.examenbureaurotterdam.nl\/ro\/wp-json\/wp\/v2\/product"}],"about":[{"href":"https:\/\/www.examenbureaurotterdam.nl\/ro\/wp-json\/wp\/v2\/types\/product"}],"wp:featuredmedia":[{"embeddable":true,"href":"https:\/\/www.examenbureaurotterdam.nl\/ro\/wp-json\/wp\/v2\/media\/7713"}],"wp:attachment":[{"href":"https:\/\/www.examenbureaurotterdam.nl\/ro\/wp-json\/wp\/v2\/media?parent=7925"}],"wp:term":[{"taxonomy":"product_brand","embeddable":true,"href":"https:\/\/www.examenbureaurotterdam.nl\/ro\/wp-json\/wp\/v2\/product_brand?post=7925"},{"taxonomy":"product_cat","embeddable":true,"href":"https:\/\/www.examenbureaurotterdam.nl\/ro\/wp-json\/wp\/v2\/product_cat?post=7925"},{"taxonomy":"product_tag","embeddable":true,"href":"https:\/\/www.examenbureaurotterdam.nl\/ro\/wp-json\/wp\/v2\/product_tag?post=7925"}],"curies":[{"name":"wp","href":"https:\/\/api.w.org\/{rel}","templated":true}]}}