{"id":7730,"date":"2025-04-16T01:00:29","date_gmt":"2025-04-15T23:00:29","guid":{"rendered":"https:\/\/www.examenbureaurotterdam.nl\/?post_type=product&#038;p=7730"},"modified":"2025-04-16T01:03:25","modified_gmt":"2025-04-15T23:03:25","slug":"vol-vca-boek-nederlands","status":"publish","type":"product","link":"https:\/\/www.examenbureaurotterdam.nl\/ro\/produs\/vol-vca-boek-nederlands\/","title":{"rendered":"Carte VOL-VCA \u00een limba olandez\u0103"},"content":{"rendered":"","protected":false},"excerpt":{"rendered":"<p class=\"\" data-start=\"144\" data-end=\"525\"><strong data-start=\"144\" data-end=\"249\">Preg\u0103te\u0219te-te optim pentru examenul oficial VOL-VCA cu acest manual complet \u0219i clar.<\/strong><br data-start=\"249\" data-end=\"252\" \/>Manualul VOL-VCA con\u021bine toate materialele didactice necesare pentru instruirea VCA privind siguran\u021ba \u00een munc\u0103 pentru managerii opera\u021bionali \u0219i este pe deplin \u00een conformitate cu cerin\u021bele actuale de examinare, a\u0219a cum sunt stabilite de Colegiul Central de Exper\u021bi al Funda\u021biei pentru Cooperare \u00een domeniul Siguran\u021bei (SSVV).<\/p>\n<p class=\"\" data-start=\"527\" data-end=\"962\">\u2705 <strong data-start=\"529\" data-end=\"563\">8 capitole clare<\/strong> \u2013 fiecare capitol se \u00eencheie cu un rezumat clar \u0219i un autotest cu \u00eentreb\u0103ri de practic\u0103 sub form\u0103 de examen.<br data-start=\"668\" data-end=\"671\" \/>\u2705 <strong data-start=\"673\" data-end=\"699\">Examen de prob\u0103 inclus<\/strong> \u2013 testeaz\u0103-\u021bi cuno\u0219tin\u021bele \u0219i afl\u0103 dac\u0103 e\u0219ti preg\u0103tit pentru examenul real.<br data-start=\"766\" data-end=\"769\" \/>\u2705 <strong data-start=\"771\" data-end=\"796\">Include linkuri video<\/strong> \u2013 scana\u021bi pur \u0219i simplu codurile QR din carte pentru explica\u021bii suplimentare prin intermediul unor videoclipuri scurte.<br data-start=\"874\" data-end=\"877\" \/>\u2705 <strong data-start=\"879\" data-end=\"922\">Semne de carte gratuite pentru semne de siguran\u021b\u0103<\/strong> \u2013 util pentru \u00eenv\u0103\u021bare \u0219i ca referin\u021b\u0103.<\/p>\n<p class=\"\" data-start=\"964\" data-end=\"1222\">Diploma VOL-VCA este certificatul personal pentru managerii \u0219i persoanele care desf\u0103\u0219oar\u0103 activit\u0103\u021bi independente \u0219i care lucreaz\u0103 \u00een construc\u021bii, industrie, (petro)chimie sau alte medii de lucru cu risc ridicat. Aceast\u0103 carte te va ajuta s\u0103 studiezi independent \u0219i s\u0103 te preg\u0103te\u0219ti bine pentru examen.<\/p>\n<p class=\"\" data-start=\"1224\" data-end=\"1303\"><strong data-start=\"1224\" data-end=\"1303\">Comand\u0103 ast\u0103zi \u0219i \u00eencepe s\u0103 \u00eenve\u021bi pentru certificatul VOL-VCA chiar acum!<\/strong><\/p>","protected":false},"featured_media":7731,"template":"","meta":{"_joinchat":[]},"product_brand":[],"product_cat":[48],"product_tag":[],"class_list":{"0":"post-7730","1":"product","2":"type-product","3":"status-publish","4":"has-post-thumbnail","6":"product_cat-vca-boeken","8":"first","9":"instock","10":"taxable","11":"shipping-taxable","12":"purchasable","13":"product-type-simple"},"_links":{"self":[{"href":"https:\/\/www.examenbureaurotterdam.nl\/ro\/wp-json\/wp\/v2\/product\/7730","targetHints":{"allow":["GET"]}}],"collection":[{"href":"https:\/\/www.examenbureaurotterdam.nl\/ro\/wp-json\/wp\/v2\/product"}],"about":[{"href":"https:\/\/www.examenbureaurotterdam.nl\/ro\/wp-json\/wp\/v2\/types\/product"}],"wp:featuredmedia":[{"embeddable":true,"href":"https:\/\/www.examenbureaurotterdam.nl\/ro\/wp-json\/wp\/v2\/media\/7731"}],"wp:attachment":[{"href":"https:\/\/www.examenbureaurotterdam.nl\/ro\/wp-json\/wp\/v2\/media?parent=7730"}],"wp:term":[{"taxonomy":"product_brand","embeddable":true,"href":"https:\/\/www.examenbureaurotterdam.nl\/ro\/wp-json\/wp\/v2\/product_brand?post=7730"},{"taxonomy":"product_cat","embeddable":true,"href":"https:\/\/www.examenbureaurotterdam.nl\/ro\/wp-json\/wp\/v2\/product_cat?post=7730"},{"taxonomy":"product_tag","embeddable":true,"href":"https:\/\/www.examenbureaurotterdam.nl\/ro\/wp-json\/wp\/v2\/product_tag?post=7730"}],"curies":[{"name":"wp","href":"https:\/\/api.w.org\/{rel}","templated":true}]}}