{"id":7726,"date":"2025-04-16T00:55:48","date_gmt":"2025-04-15T22:55:48","guid":{"rendered":"https:\/\/www.examenbureaurotterdam.nl\/?post_type=product&#038;p=7726"},"modified":"2025-04-16T00:57:23","modified_gmt":"2025-04-15T22:57:23","slug":"b-vca-boek-engels","status":"publish","type":"product","link":"https:\/\/www.examenbureaurotterdam.nl\/ro\/produs\/b-vca-boek-engels\/","title":{"rendered":"Cartea B-VCA \u00een limba englez\u0103"},"content":{"rendered":"","protected":false},"excerpt":{"rendered":"<p class=\"\" data-start=\"94\" data-end=\"424\">Preg\u0103te\u0219te-te temeinic pentru examenul oficial B-VCA cu aceast\u0103 carte de studiu complet\u0103 \u0219i bine structurat\u0103.<br data-start=\"195\" data-end=\"198\" \/>Manualul B-VCA con\u021bine toate materialele necesare pentru cursul de baz\u0103 VCA privind siguran\u021ba \u0219i respect\u0103 pe deplin cerin\u021bele actuale de examen, a\u0219a cum sunt stabilite de Comitetul Central de Exper\u021bi al Funda\u021biei pentru Cooperare \u00een Domeniul Siguran\u021bei (SSVV).<\/p>\n<p class=\"\" data-start=\"426\" data-end=\"852\">\u2705 <strong data-start=\"428\" data-end=\"458\">8 capitole bine structurate<\/strong> \u2013 fiecare capitol se \u00eencheie cu un rezumat clar \u0219i un autotest cu \u00eentreb\u0103ri de practic\u0103 sub form\u0103 de examen.<br data-start=\"555\" data-end=\"558\" \/>\u2705 <strong data-start=\"560\" data-end=\"586\">Examen practic inclus<\/strong> \u2013 testeaz\u0103-\u021bi cuno\u0219tin\u021bele \u0219i afl\u0103 dac\u0103 e\u0219ti preg\u0103tit pentru examenul real.<br data-start=\"656\" data-end=\"659\" \/>\u2705 <strong data-start=\"661\" data-end=\"685\">Include linkuri video<\/strong> \u2013 scana\u021bi cu u\u0219urin\u021b\u0103 codurile QR din carte pentru explica\u021bii suplimentare prin intermediul unor videoclipuri scurte.<br data-start=\"765\" data-end=\"768\" \/>\u2705 <strong data-start=\"770\" data-end=\"805\">Semn de carte gratuit cu semne de siguran\u021b\u0103<\/strong> \u2013 util pentru studiu \u0219i ca instrument de referin\u021b\u0103.<\/p>\n<p class=\"\" data-start=\"854\" data-end=\"1075\">Certificatul B-VCA este principala certificare personal\u0103 pentru oricine lucreaz\u0103 \u00een construc\u021bii, (petro)chimie, industrie \u0219i sectoare conexe. Aceast\u0103 carte te ajut\u0103 s\u0103 studiezi independent \u0219i s\u0103 te preg\u0103te\u0219ti temeinic pentru examen.<\/p>\n<p class=\"\" data-start=\"1077\" data-end=\"1150\"><strong data-start=\"1077\" data-end=\"1150\">Comand\u0103 ast\u0103zi \u0219i \u00eencepe s\u0103 studiezi pentru certificatul B-VCA imediat!<\/strong><\/p>","protected":false},"featured_media":7727,"template":"","meta":{"_joinchat":[]},"product_brand":[],"product_cat":[48],"product_tag":[],"class_list":{"0":"post-7726","1":"product","2":"type-product","3":"status-publish","4":"has-post-thumbnail","6":"product_cat-vca-boeken","8":"first","9":"instock","10":"taxable","11":"shipping-taxable","12":"purchasable","13":"product-type-simple"},"_links":{"self":[{"href":"https:\/\/www.examenbureaurotterdam.nl\/ro\/wp-json\/wp\/v2\/product\/7726","targetHints":{"allow":["GET"]}}],"collection":[{"href":"https:\/\/www.examenbureaurotterdam.nl\/ro\/wp-json\/wp\/v2\/product"}],"about":[{"href":"https:\/\/www.examenbureaurotterdam.nl\/ro\/wp-json\/wp\/v2\/types\/product"}],"wp:featuredmedia":[{"embeddable":true,"href":"https:\/\/www.examenbureaurotterdam.nl\/ro\/wp-json\/wp\/v2\/media\/7727"}],"wp:attachment":[{"href":"https:\/\/www.examenbureaurotterdam.nl\/ro\/wp-json\/wp\/v2\/media?parent=7726"}],"wp:term":[{"taxonomy":"product_brand","embeddable":true,"href":"https:\/\/www.examenbureaurotterdam.nl\/ro\/wp-json\/wp\/v2\/product_brand?post=7726"},{"taxonomy":"product_cat","embeddable":true,"href":"https:\/\/www.examenbureaurotterdam.nl\/ro\/wp-json\/wp\/v2\/product_cat?post=7726"},{"taxonomy":"product_tag","embeddable":true,"href":"https:\/\/www.examenbureaurotterdam.nl\/ro\/wp-json\/wp\/v2\/product_tag?post=7726"}],"curies":[{"name":"wp","href":"https:\/\/api.w.org\/{rel}","templated":true}]}}