{"id":7723,"date":"2025-04-16T00:45:45","date_gmt":"2025-04-15T22:45:45","guid":{"rendered":"https:\/\/www.examenbureaurotterdam.nl\/?post_type=product&#038;p=7723"},"modified":"2025-04-16T00:52:31","modified_gmt":"2025-04-15T22:52:31","slug":"b-vca-boek-nederlands","status":"publish","type":"product","link":"https:\/\/www.examenbureaurotterdam.nl\/ro\/produs\/b-vca-boek-nederlands\/","title":{"rendered":"Carte B-VCA \u00een limba olandez\u0103"},"content":{"rendered":"","protected":false},"excerpt":{"rendered":"<p>Preg\u0103te\u0219te-te optim pentru examenul oficial B-VCA cu acest manual complet \u0219i clar. Manualul B-VCA con\u021bine tot materialul didactic necesar pentru instruirea de baz\u0103 \u00een domeniul siguran\u021bei VCA \u0219i este pe deplin \u00een conformitate cu cerin\u021bele actuale de examinare, a\u0219a cum sunt stabilite de Colegiul Central de Exper\u021bi al Funda\u021biei pentru Cooperare \u00een domeniul Siguran\u021bei (SSVV).<\/p>\n<p class=\"\" data-start=\"319\" data-end=\"544\">\u2705 <strong>8 capitole clare<\/strong> \u2013 fiecare capitol se \u00eencheie cu un rezumat clar \u0219i un autotest cu \u00eentreb\u0103ri de practic\u0103 sub form\u0103 de examen.<br \/>\n\u2705 <strong>Examen de prob\u0103 inclus<\/strong> \u2013 \u00een felul acesta \u00ee\u021bi testezi cuno\u0219tin\u021bele \u0219i \u0219tii dac\u0103 e\u0219ti preg\u0103tit pentru examenul real.<br \/>\n\u2705 <strong>Include linkuri video<\/strong> \u2013 scana\u021bi pur \u0219i simplu codurile QR din carte pentru explica\u021bii suplimentare prin intermediul unor videoclipuri scurte.<br \/>\n\u2705 <strong>Semne de carte gratuite pentru semne de siguran\u021b\u0103<\/strong> \u2013 util pentru \u00eenv\u0103\u021bare \u0219i ca referin\u021b\u0103.<\/p>\n<p>Diploma B-VCA este certificatul personal pentru oricine lucreaz\u0103 \u00een construc\u021bii, (petro)chimie, industrie \u0219i sectoare conexe. Aceast\u0103 carte te va ajuta s\u0103 studiezi independent \u0219i s\u0103 te preg\u0103te\u0219ti bine pentru examen.<\/p>\n<p class=\"\" data-start=\"319\" data-end=\"544\"><strong>Comand\u0103 ast\u0103zi \u0219i \u00eencepe s\u0103 \u00eenve\u021bi pentru certificatul B-VCA chiar acum!<\/strong><\/p>","protected":false},"featured_media":7724,"template":"","meta":{"_joinchat":[]},"product_brand":[],"product_cat":[48],"product_tag":[],"class_list":{"0":"post-7723","1":"product","2":"type-product","3":"status-publish","4":"has-post-thumbnail","6":"product_cat-vca-boeken","8":"first","9":"instock","10":"taxable","11":"shipping-taxable","12":"purchasable","13":"product-type-simple"},"_links":{"self":[{"href":"https:\/\/www.examenbureaurotterdam.nl\/ro\/wp-json\/wp\/v2\/product\/7723","targetHints":{"allow":["GET"]}}],"collection":[{"href":"https:\/\/www.examenbureaurotterdam.nl\/ro\/wp-json\/wp\/v2\/product"}],"about":[{"href":"https:\/\/www.examenbureaurotterdam.nl\/ro\/wp-json\/wp\/v2\/types\/product"}],"wp:featuredmedia":[{"embeddable":true,"href":"https:\/\/www.examenbureaurotterdam.nl\/ro\/wp-json\/wp\/v2\/media\/7724"}],"wp:attachment":[{"href":"https:\/\/www.examenbureaurotterdam.nl\/ro\/wp-json\/wp\/v2\/media?parent=7723"}],"wp:term":[{"taxonomy":"product_brand","embeddable":true,"href":"https:\/\/www.examenbureaurotterdam.nl\/ro\/wp-json\/wp\/v2\/product_brand?post=7723"},{"taxonomy":"product_cat","embeddable":true,"href":"https:\/\/www.examenbureaurotterdam.nl\/ro\/wp-json\/wp\/v2\/product_cat?post=7723"},{"taxonomy":"product_tag","embeddable":true,"href":"https:\/\/www.examenbureaurotterdam.nl\/ro\/wp-json\/wp\/v2\/product_tag?post=7723"}],"curies":[{"name":"wp","href":"https:\/\/api.w.org\/{rel}","templated":true}]}}