{"id":7178,"date":"2025-03-20T21:57:26","date_gmt":"2025-03-20T19:57:26","guid":{"rendered":"https:\/\/www.examenbureaurotterdam.nl\/?post_type=product&#038;p=7178"},"modified":"2025-04-15T23:59:06","modified_gmt":"2025-04-15T21:59:06","slug":"pe-oefenexamen-schade-particulier","status":"publish","type":"product","link":"https:\/\/www.examenbureaurotterdam.nl\/ro\/produs\/pe-oefenexamen-schade-particulier\/","title":{"rendered":"PE Damage Privat"},"content":{"rendered":"","protected":false},"excerpt":{"rendered":"<p class=\"\" data-start=\"139\" data-end=\"344\">Vrei s\u0103 te asiguri c\u0103 e\u0219ti preg\u0103tit pentru examenul PE Wft Schade Particulier? Exerseaz\u0103 cu examene practice realiste \u0219i afl\u0103 unde te afli! Cu feedback clar \u0219i sfaturi utile, vei fi bine preg\u0103tit.<\/p>\n<p class=\"\" data-start=\"346\" data-end=\"571\">\u2705 <strong>2 examene practice<\/strong> \u2013 \u00eentreb\u0103ri realiste<br data-start=\"384\" data-end=\"387\" \/>\u2705 <strong>Feedback asupra r\u0103spunsurilor<\/strong> \u2013 \u00eenva\u021b\u0103 \u0219i perfec\u021bioneaz\u0103-te<br data-start=\"430\" data-end=\"433\" \/>\u2705 <strong>Sfaturi pentru examene<\/strong> \u2013 sus\u021bine examenul cu \u00eencredere<br data-start=\"479\" data-end=\"482\" \/>\u2705 <strong>Sus\u021bine examenul de 3 ori<\/strong> \u2013 antrenament suplimentar<br data-start=\"519\" data-end=\"522\" \/>\u2705 <strong>Acces 6 luni<\/strong> \u2013 studiaz\u0103 \u00een ritmul t\u0103u propriu<\/p>\n<p class=\"\" data-start=\"573\" data-end=\"668\"><strong data-start=\"573\" data-end=\"665\">Preg\u0103te\u0219te-te optim \u0219i testeaz\u0103-\u021bi cuno\u0219tin\u021bele ast\u0103zi! \u00cencepe\u021bi imediat examenele de practic\u0103.<\/strong><\/p>","protected":false},"featured_media":7717,"template":"","meta":{"_joinchat":[]},"product_brand":[],"product_cat":[47],"product_tag":[],"class_list":{"0":"post-7178","1":"product","2":"type-product","3":"status-publish","4":"has-post-thumbnail","6":"product_cat-pe-oefenexamens","8":"first","9":"instock","10":"taxable","11":"shipping-taxable","12":"purchasable","13":"product-type-simple"},"_links":{"self":[{"href":"https:\/\/www.examenbureaurotterdam.nl\/ro\/wp-json\/wp\/v2\/product\/7178","targetHints":{"allow":["GET"]}}],"collection":[{"href":"https:\/\/www.examenbureaurotterdam.nl\/ro\/wp-json\/wp\/v2\/product"}],"about":[{"href":"https:\/\/www.examenbureaurotterdam.nl\/ro\/wp-json\/wp\/v2\/types\/product"}],"wp:featuredmedia":[{"embeddable":true,"href":"https:\/\/www.examenbureaurotterdam.nl\/ro\/wp-json\/wp\/v2\/media\/7717"}],"wp:attachment":[{"href":"https:\/\/www.examenbureaurotterdam.nl\/ro\/wp-json\/wp\/v2\/media?parent=7178"}],"wp:term":[{"taxonomy":"product_brand","embeddable":true,"href":"https:\/\/www.examenbureaurotterdam.nl\/ro\/wp-json\/wp\/v2\/product_brand?post=7178"},{"taxonomy":"product_cat","embeddable":true,"href":"https:\/\/www.examenbureaurotterdam.nl\/ro\/wp-json\/wp\/v2\/product_cat?post=7178"},{"taxonomy":"product_tag","embeddable":true,"href":"https:\/\/www.examenbureaurotterdam.nl\/ro\/wp-json\/wp\/v2\/product_tag?post=7178"}],"curies":[{"name":"wp","href":"https:\/\/api.w.org\/{rel}","templated":true}]}}