{"id":7173,"date":"2025-03-20T21:52:42","date_gmt":"2025-03-20T19:52:42","guid":{"rendered":"https:\/\/www.examenbureaurotterdam.nl\/?post_type=product&#038;p=7173"},"modified":"2025-04-15T23:05:08","modified_gmt":"2025-04-15T21:05:08","slug":"pe-inkomen","status":"publish","type":"product","link":"https:\/\/www.examenbureaurotterdam.nl\/ro\/produs\/pe-inkomen\/","title":{"rendered":"Venituri PE"},"content":{"rendered":"","protected":false},"excerpt":{"rendered":"<p class=\"\" data-start=\"140\" data-end=\"444\">Vrei s\u0103-\u021bi men\u021bii certificarea Wft Income \u0219i s\u0103 treci f\u0103r\u0103 efort examenul PE Income? Cu ajutorul cursului nostru online complet de auto-studiu, ve\u021bi \u00eenv\u0103\u021ba exact ceea ce trebuie s\u0103 \u0219ti\u021bi \u2013 oriunde \u0219i oric\u00e2nd dori\u021bi. Exerseaz\u0103 \u00eentreb\u0103ri, prime\u0219te feedback \u0219i preg\u0103te\u0219te-te optim cu examene practice realiste \u0219i sfaturi practice.<\/p>\n<p class=\"\" data-start=\"446\" data-end=\"791\">\u2705 <strong>Studiu individual complet<\/strong> \u2013 studiaz\u0103 flexibil<br data-start=\"486\" data-end=\"489\" \/>\u2705 <strong>Peste 160 de \u00eentreb\u0103ri de practic\u0103<\/strong> \u2013 s\u0103-\u021bi consolidezi cuno\u0219tin\u021bele<br data-start=\"536\" data-end=\"539\" \/>\u2705<strong> 2 examene oficiale de practic\u0103<\/strong> \u2013 examene practice realiste<br data-start=\"593\" data-end=\"596\" \/>\u2705 <strong>Feedback pentru toate r\u0103spunsurile<\/strong> \u2013 \u00eenva\u021b\u0103 \u0219i perfec\u021bioneaz\u0103-te<br data-start=\"644\" data-end=\"647\" \/>\u2705 <strong>Sfaturi practice pentru examen<\/strong> \u2013 cu siguran\u021b\u0103 examenul<br data-start=\"689\" data-end=\"692\" \/>\u2705 <strong>Sus\u021bine examenul de 3 ori<\/strong> \u2013 antrenament suplimentar pentru a trece<br data-start=\"742\" data-end=\"745\" data-is-only-node=\"\" \/>\u2705 <strong>Acces 6 luni<\/strong> \u2013 \u00eenva\u021b\u0103 \u00een ritmul t\u0103u propriu<\/p>\n<p class=\"\" data-start=\"793\" data-end=\"851\"><strong data-start=\"793\" data-end=\"851\">Gata s\u0103 \u00eencepi? \u00cenregistreaz\u0103-te acum \u0219i \u00eencepe imediat!<\/strong><\/p>","protected":false},"featured_media":7713,"template":"","meta":{"_joinchat":[]},"product_brand":[],"product_cat":[46],"product_tag":[],"class_list":{"0":"post-7173","1":"product","2":"type-product","3":"status-publish","4":"has-post-thumbnail","6":"product_cat-pe-e-learning","8":"first","9":"instock","10":"taxable","11":"shipping-taxable","12":"purchasable","13":"product-type-simple"},"_links":{"self":[{"href":"https:\/\/www.examenbureaurotterdam.nl\/ro\/wp-json\/wp\/v2\/product\/7173","targetHints":{"allow":["GET"]}}],"collection":[{"href":"https:\/\/www.examenbureaurotterdam.nl\/ro\/wp-json\/wp\/v2\/product"}],"about":[{"href":"https:\/\/www.examenbureaurotterdam.nl\/ro\/wp-json\/wp\/v2\/types\/product"}],"wp:featuredmedia":[{"embeddable":true,"href":"https:\/\/www.examenbureaurotterdam.nl\/ro\/wp-json\/wp\/v2\/media\/7713"}],"wp:attachment":[{"href":"https:\/\/www.examenbureaurotterdam.nl\/ro\/wp-json\/wp\/v2\/media?parent=7173"}],"wp:term":[{"taxonomy":"product_brand","embeddable":true,"href":"https:\/\/www.examenbureaurotterdam.nl\/ro\/wp-json\/wp\/v2\/product_brand?post=7173"},{"taxonomy":"product_cat","embeddable":true,"href":"https:\/\/www.examenbureaurotterdam.nl\/ro\/wp-json\/wp\/v2\/product_cat?post=7173"},{"taxonomy":"product_tag","embeddable":true,"href":"https:\/\/www.examenbureaurotterdam.nl\/ro\/wp-json\/wp\/v2\/product_tag?post=7173"}],"curies":[{"name":"wp","href":"https:\/\/api.w.org\/{rel}","templated":true}]}}