{"id":7156,"date":"2025-03-20T19:29:45","date_gmt":"2025-03-20T17:29:45","guid":{"rendered":"https:\/\/www.examenbureaurotterdam.nl\/?post_type=product&#038;p=7156"},"modified":"2025-04-16T00:21:14","modified_gmt":"2025-04-15T22:21:14","slug":"wft-schade-particulier-oefenexamens","status":"publish","type":"product","link":"https:\/\/www.examenbureaurotterdam.nl\/ro\/produs\/wft-schade-particulier-oefenexamens\/","title":{"rendered":"Examene de practic\u0103 privat\u0103 WFT Damage"},"content":{"rendered":"","protected":false},"excerpt":{"rendered":"<p class=\"\" data-start=\"148\" data-end=\"321\">Vrei s\u0103 te asiguri c\u0103 e\u0219ti bine preg\u0103tit pentru examenul Wft Schade Particulier? Cu aceste examene practice realiste, vei descoperi exact unde te afli \u0219i la ce mai po\u021bi lucra.<\/p>\n<p class=\"\" data-start=\"323\" data-end=\"548\">\u2705 <strong>4 examene practice<\/strong> \u2013 \u00eentreb\u0103ri realiste<br data-start=\"361\" data-end=\"364\" \/>\u2705<strong> Feedback asupra r\u0103spunsurilor<\/strong> \u2013 \u00eenva\u021b\u0103 \u0219i perfec\u021bioneaz\u0103-te<br data-start=\"407\" data-end=\"410\" \/>\u2705 <strong>Sfaturi pentru examene<\/strong> \u2013 sus\u021bine examenul cu \u00eencredere<br data-start=\"456\" data-end=\"459\" \/>\u2705 <strong>Sus\u021bine examenul de 3 ori<\/strong> \u2013 antrenament suplimentar<br data-start=\"496\" data-end=\"499\" \/>\u2705 <strong>Acces 6 luni<\/strong> \u2013 studiaz\u0103 \u00een ritmul t\u0103u propriu<\/p>\n<p class=\"\" data-start=\"550\" data-end=\"645\"><strong data-start=\"550\" data-end=\"642\">Preg\u0103te\u0219te-te optim \u0219i testeaz\u0103-\u021bi cuno\u0219tin\u021bele ast\u0103zi! \u00cencepe\u021bi imediat examenele de practic\u0103.<\/strong><\/p>","protected":false},"featured_media":7717,"template":"","meta":{"_joinchat":[]},"product_brand":[],"product_cat":[45],"product_tag":[],"class_list":{"0":"post-7156","1":"product","2":"type-product","3":"status-publish","4":"has-post-thumbnail","6":"product_cat-wft-oefenexamens","8":"first","9":"instock","10":"taxable","11":"shipping-taxable","12":"purchasable","13":"product-type-simple"},"_links":{"self":[{"href":"https:\/\/www.examenbureaurotterdam.nl\/ro\/wp-json\/wp\/v2\/product\/7156","targetHints":{"allow":["GET"]}}],"collection":[{"href":"https:\/\/www.examenbureaurotterdam.nl\/ro\/wp-json\/wp\/v2\/product"}],"about":[{"href":"https:\/\/www.examenbureaurotterdam.nl\/ro\/wp-json\/wp\/v2\/types\/product"}],"wp:featuredmedia":[{"embeddable":true,"href":"https:\/\/www.examenbureaurotterdam.nl\/ro\/wp-json\/wp\/v2\/media\/7717"}],"wp:attachment":[{"href":"https:\/\/www.examenbureaurotterdam.nl\/ro\/wp-json\/wp\/v2\/media?parent=7156"}],"wp:term":[{"taxonomy":"product_brand","embeddable":true,"href":"https:\/\/www.examenbureaurotterdam.nl\/ro\/wp-json\/wp\/v2\/product_brand?post=7156"},{"taxonomy":"product_cat","embeddable":true,"href":"https:\/\/www.examenbureaurotterdam.nl\/ro\/wp-json\/wp\/v2\/product_cat?post=7156"},{"taxonomy":"product_tag","embeddable":true,"href":"https:\/\/www.examenbureaurotterdam.nl\/ro\/wp-json\/wp\/v2\/product_tag?post=7156"}],"curies":[{"name":"wp","href":"https:\/\/api.w.org\/{rel}","templated":true}]}}