{"id":7140,"date":"2025-03-20T11:33:55","date_gmt":"2025-03-20T09:33:55","guid":{"rendered":"https:\/\/www.examenbureaurotterdam.nl\/?post_type=product&#038;p=7140"},"modified":"2025-04-15T22:48:23","modified_gmt":"2025-04-15T20:48:23","slug":"wft-schade-particulier","status":"publish","type":"product","link":"https:\/\/www.examenbureaurotterdam.nl\/ro\/produs\/wft-schade-particulier\/","title":{"rendered":"WFT Daune Private"},"content":{"rendered":"","protected":false},"excerpt":{"rendered":"<p class=\"\" data-start=\"174\" data-end=\"441\">Dori\u021bi s\u0103 ob\u021bine\u021bi f\u0103r\u0103 efort certificatul Wft Private Damage? Cu ajutorul cursului nostru complet de auto-studiu online, e\u0219ti preg\u0103tit optim pentru examenul oficial. Acest curs ofer\u0103 tot ce ai nevoie pentru a trece examenul, inclusiv \u00eentreb\u0103ri de practic\u0103, examene de practic\u0103 \u0219i sfaturi utile pentru examen.<\/p>\n<p class=\"\" data-start=\"443\" data-end=\"818\">\u2705 <strong>Studiu individual complet<\/strong> \u2013 studiaz\u0103 \u00een ritmul t\u0103u propriu<br data-start=\"492\" data-end=\"495\" \/>\u2705 <strong>390 de \u00eentreb\u0103ri de practic\u0103<\/strong> \u2013 testeaz\u0103-\u021bi cuno\u0219tin\u021bele pe larg<br data-start=\"540\" data-end=\"543\" \/>\u2705 <strong>4 examene oficiale de practic\u0103<\/strong> \u2013 \u00eentreb\u0103ri de examen realiste<br data-start=\"597\" data-end=\"600\" \/>\u2705 <strong>Feedback pentru toate r\u0103spunsurile<\/strong> \u2013 \u00eenva\u021b\u0103 \u0219i perfec\u021bioneaz\u0103-te<br data-start=\"650\" data-end=\"653\" \/>\u2705 <strong>Sfaturi practice pentru examen<\/strong>\u00a0\u2013 cu siguran\u021b\u0103 examenul<br data-start=\"706\" data-end=\"709\" \/>\u2705 <strong>Sus\u021bine examenul de 3 ori<\/strong> \u2013 antrenament suplimentar pentru a trece<br data-start=\"759\" data-end=\"762\" \/>\u2705<strong> Acces 12 luni <\/strong>\u2013 \u00eenva\u021b\u0103 \u00een ritmul t\u0103u propriu<\/p>\n<p class=\"\" data-start=\"820\" data-end=\"836\"><strong data-start=\"820\" data-end=\"836\">Ce \u00eenve\u021bi?<\/strong><\/p>\n<ul>\n<li data-start=\"838\" data-end=\"1016\">Dreptul r\u0103spunderii \u0219i AVP<\/li>\n<li data-start=\"838\" data-end=\"1016\">Asigurare de incendiu<\/li>\n<li data-start=\"838\" data-end=\"1016\">WAM, art. 185 WvW \u0219i asigurare auto<\/li>\n<li data-start=\"838\" data-end=\"1016\">Sistemul de s\u0103n\u0103tate din Olanda \u0219i asigur\u0103rile de s\u0103n\u0103tate<\/li>\n<li data-start=\"838\" data-end=\"1016\">Alte subiecte relevante<\/li>\n<\/ul>\n<p class=\"\" data-start=\"1018\" data-end=\"1105\"><strong>Nivel:<\/strong> MBO<br data-start=\"1042\" data-end=\"1045\" \/><strong>Educa\u021bie anterioar\u0103:<\/strong> Wft Basic<br data-start=\"1072\" data-end=\"1075\" \/><strong>Sarcin\u0103 de studiu:<\/strong> \u00b1 70 de ore<\/p>\n<p class=\"\" data-start=\"1107\" data-end=\"1165\"><strong data-start=\"1107\" data-end=\"1165\">Gata s\u0103 \u00eencepi? \u00cenregistreaz\u0103-te acum \u0219i \u00eencepe imediat!<\/strong><\/p>","protected":false},"featured_media":7713,"template":"","meta":{"_joinchat":[]},"product_brand":[],"product_cat":[44],"product_tag":[],"class_list":{"0":"post-7140","1":"product","2":"type-product","3":"status-publish","4":"has-post-thumbnail","6":"product_cat-wft-e-learning","8":"first","9":"instock","10":"taxable","11":"shipping-taxable","12":"purchasable","13":"product-type-simple"},"_links":{"self":[{"href":"https:\/\/www.examenbureaurotterdam.nl\/ro\/wp-json\/wp\/v2\/product\/7140","targetHints":{"allow":["GET"]}}],"collection":[{"href":"https:\/\/www.examenbureaurotterdam.nl\/ro\/wp-json\/wp\/v2\/product"}],"about":[{"href":"https:\/\/www.examenbureaurotterdam.nl\/ro\/wp-json\/wp\/v2\/types\/product"}],"wp:featuredmedia":[{"embeddable":true,"href":"https:\/\/www.examenbureaurotterdam.nl\/ro\/wp-json\/wp\/v2\/media\/7713"}],"wp:attachment":[{"href":"https:\/\/www.examenbureaurotterdam.nl\/ro\/wp-json\/wp\/v2\/media?parent=7140"}],"wp:term":[{"taxonomy":"product_brand","embeddable":true,"href":"https:\/\/www.examenbureaurotterdam.nl\/ro\/wp-json\/wp\/v2\/product_brand?post=7140"},{"taxonomy":"product_cat","embeddable":true,"href":"https:\/\/www.examenbureaurotterdam.nl\/ro\/wp-json\/wp\/v2\/product_cat?post=7140"},{"taxonomy":"product_tag","embeddable":true,"href":"https:\/\/www.examenbureaurotterdam.nl\/ro\/wp-json\/wp\/v2\/product_tag?post=7140"}],"curies":[{"name":"wp","href":"https:\/\/api.w.org\/{rel}","templated":true}]}}