{"id":7132,"date":"2025-03-19T18:03:22","date_gmt":"2025-03-19T16:03:22","guid":{"rendered":"https:\/\/www.examenbureaurotterdam.nl\/?post_type=product&#038;p=7132"},"modified":"2025-04-15T22:51:22","modified_gmt":"2025-04-15T20:51:22","slug":"wft-basis","status":"publish","type":"product","link":"https:\/\/www.examenbureaurotterdam.nl\/ro\/produs\/wft-basis\/","title":{"rendered":"WFT Basic"},"content":{"rendered":"","protected":false},"excerpt":{"rendered":"<p class=\"\" data-start=\"188\" data-end=\"477\">Vrei s\u0103 ob\u021bii certificatul Wft Basic f\u0103r\u0103 efort? Programul nostru complet de studiu individual online v\u0103 va oferi toate cuno\u0219tin\u021bele \u0219i practica de care ave\u021bi nevoie pentru a sus\u021bine examenul cu \u00eencredere. Exerseaz\u0103 \u00eentreb\u0103ri, prime\u0219te feedback \u0219i preg\u0103te\u0219te-te optim cu examene practice realiste \u0219i sfaturi utile.<\/p>\n<p class=\"\" data-start=\"479\" data-end=\"816\">\u2705 <strong>Studiu individual complet<\/strong> \u2013 studiaz\u0103 flexibil<br data-start=\"519\" data-end=\"522\" \/>\u2705 <strong>650 de \u00eentreb\u0103ri de practic\u0103<\/strong> \u2013 s\u0103-\u021bi consolidezi cuno\u0219tin\u021bele<br data-start=\"560\" data-end=\"563\" \/>\u2705 <strong>4 examene oficiale de practic\u0103<\/strong> \u2013 examene practice realiste<br data-start=\"617\" data-end=\"620\" \/>\u2705 <strong>Feedback pentru toate r\u0103spunsurile<\/strong> \u2013 \u00eenva\u021b\u0103 \u0219i perfec\u021bioneaz\u0103-te<br data-start=\"668\" data-end=\"671\" \/>\u2705 <strong>Sfaturi practice pentru examen<\/strong> \u2013 cu siguran\u021b\u0103 examenul<br data-start=\"713\" data-end=\"716\" \/>\u2705 <strong>Sus\u021bine examenul de 3 ori<\/strong> \u2013 antrenament suplimentar pentru a trece<br data-start=\"766\" data-end=\"769\" \/>\u2705 <strong>Acces 12 luni<\/strong> \u2013 \u00eenva\u021b\u0103 \u00een ritmul t\u0103u propriu<\/p>\n<p class=\"\" data-start=\"818\" data-end=\"834\"><strong data-start=\"818\" data-end=\"834\">Ce \u00eenve\u021bi?<\/strong><\/p>\n<ul>\n<li data-start=\"836\" data-end=\"998\">Legisla\u021bie \u0219i reglement\u0103ri financiare<\/li>\n<li data-start=\"836\" data-end=\"998\">Furnizarea de servicii \u0219i obliga\u021bia de diligen\u021b\u0103<\/li>\n<li data-start=\"836\" data-end=\"998\">Economisirea, \u00eemprumuturile \u0219i asigur\u0103rile<\/li>\n<li data-start=\"836\" data-end=\"998\">Riscuri \u0219i informa\u021bii despre clien\u021bi<\/li>\n<li data-start=\"836\" data-end=\"998\">Taxe \u0219i termeni financiari<\/li>\n<\/ul>\n<p class=\"\" data-start=\"1000\" data-end=\"1041\"><strong>Nivel:<\/strong> MBO<br data-start=\"1011\" data-end=\"1014\" \/><strong>Sarcin\u0103 de studiu:<\/strong> \u00b1 70 de ore<\/p>\n<p class=\"\" data-start=\"1043\" data-end=\"1101\"><strong data-start=\"1043\" data-end=\"1101\">Gata s\u0103 \u00eencepi? \u00cenregistreaz\u0103-te acum \u0219i \u00eencepe imediat!<\/strong><\/p>","protected":false},"featured_media":7713,"template":"","meta":{"_joinchat":[]},"product_brand":[],"product_cat":[44],"product_tag":[],"class_list":{"0":"post-7132","1":"product","2":"type-product","3":"status-publish","4":"has-post-thumbnail","6":"product_cat-wft-e-learning","8":"first","9":"instock","10":"taxable","11":"shipping-taxable","12":"purchasable","13":"product-type-simple"},"_links":{"self":[{"href":"https:\/\/www.examenbureaurotterdam.nl\/ro\/wp-json\/wp\/v2\/product\/7132","targetHints":{"allow":["GET"]}}],"collection":[{"href":"https:\/\/www.examenbureaurotterdam.nl\/ro\/wp-json\/wp\/v2\/product"}],"about":[{"href":"https:\/\/www.examenbureaurotterdam.nl\/ro\/wp-json\/wp\/v2\/types\/product"}],"wp:featuredmedia":[{"embeddable":true,"href":"https:\/\/www.examenbureaurotterdam.nl\/ro\/wp-json\/wp\/v2\/media\/7713"}],"wp:attachment":[{"href":"https:\/\/www.examenbureaurotterdam.nl\/ro\/wp-json\/wp\/v2\/media?parent=7132"}],"wp:term":[{"taxonomy":"product_brand","embeddable":true,"href":"https:\/\/www.examenbureaurotterdam.nl\/ro\/wp-json\/wp\/v2\/product_brand?post=7132"},{"taxonomy":"product_cat","embeddable":true,"href":"https:\/\/www.examenbureaurotterdam.nl\/ro\/wp-json\/wp\/v2\/product_cat?post=7132"},{"taxonomy":"product_tag","embeddable":true,"href":"https:\/\/www.examenbureaurotterdam.nl\/ro\/wp-json\/wp\/v2\/product_tag?post=7132"}],"curies":[{"name":"wp","href":"https:\/\/api.w.org\/{rel}","templated":true}]}}