{"id":7080,"date":"2025-03-18T18:32:33","date_gmt":"2025-03-18T16:32:33","guid":{"rendered":"https:\/\/www.examenbureaurotterdam.nl\/winkelwagen\/"},"modified":"2025-03-21T13:04:44","modified_gmt":"2025-03-21T11:04:44","slug":"winkelwagen","status":"publish","type":"page","link":"https:\/\/www.examenbureaurotterdam.nl\/ro\/winkelwagen\/","title":{"rendered":"C\u0103rucior de cump\u0103r\u0103turi"},"content":{"rendered":"<div data-block-name=\"woocommerce\/cart\" class=\"wp-block-woocommerce-cart alignwide is-loading\">\n<div data-block-name=\"woocommerce\/filled-cart-block\" class=\"wp-block-woocommerce-filled-cart-block\">\n<div data-block-name=\"woocommerce\/cart-items-block\" class=\"wp-block-woocommerce-cart-items-block\">\n<div data-block-name=\"woocommerce\/cart-line-items-block\" class=\"wp-block-woocommerce-cart-line-items-block\"><\/div>\n\n\n\n<div data-block-name=\"woocommerce\/cart-cross-sells-block\" class=\"wp-block-woocommerce-cart-cross-sells-block\">\n<h2 class=\"wp-block-heading has-large-font-size\">S-ar putea s\u0103 v\u0103 intereseze\u2026<\/h2>\n\n\n\n<div data-block-name=\"woocommerce\/cart-cross-sells-products-block\" class=\"wp-block-woocommerce-cart-cross-sells-products-block\"><\/div>\n<\/div>\n<\/div>\n\n\n\n<div data-block-name=\"woocommerce\/cart-totals-block\" class=\"wp-block-woocommerce-cart-totals-block\">\n<div data-block-name=\"woocommerce\/cart-order-summary-block\" class=\"wp-block-woocommerce-cart-order-summary-block\">\n<div data-block-name=\"woocommerce\/cart-order-summary-heading-block\" class=\"wp-block-woocommerce-cart-order-summary-heading-block\"><\/div><div data-block-name=\"woocommerce\/cart-order-summary-coupon-form-block\" class=\"wp-block-woocommerce-cart-order-summary-coupon-form-block\"><\/div><div data-block-name=\"woocommerce\/cart-order-summary-totals-block\" class=\"wp-block-woocommerce-cart-order-summary-totals-block\">\n<div data-block-name=\"woocommerce\/cart-order-summary-subtotal-block\" class=\"wp-block-woocommerce-cart-order-summary-subtotal-block\"><\/div>\n<div data-block-name=\"woocommerce\/cart-order-summary-discount-block\" class=\"wp-block-woocommerce-cart-order-summary-discount-block\"><\/div>\n<div data-block-name=\"woocommerce\/cart-order-summary-fee-block\" class=\"wp-block-woocommerce-cart-order-summary-fee-block\"><\/div>\n<div data-block-name=\"woocommerce\/cart-order-summary-shipping-block\" class=\"wp-block-woocommerce-cart-order-summary-shipping-block\"><\/div>\n<div data-block-name=\"woocommerce\/cart-order-summary-taxes-block\" class=\"wp-block-woocommerce-cart-order-summary-taxes-block\"><\/div><\/div>\n<\/div>\n\n\n\n<div data-block-name=\"woocommerce\/cart-express-payment-block\" class=\"wp-block-woocommerce-cart-express-payment-block\"><\/div>\n\n\n\n<div data-block-name=\"woocommerce\/proceed-to-checkout-block\" class=\"wp-block-woocommerce-proceed-to-checkout-block\"><\/div>\n\n\n\n<div data-block-name=\"woocommerce\/cart-accepted-payment-methods-block\" class=\"wp-block-woocommerce-cart-accepted-payment-methods-block\"><\/div>\n<\/div>\n<\/div>\n\n\n\n<div data-block-name=\"woocommerce\/empty-cart-block\" class=\"wp-block-woocommerce-empty-cart-block\">\n<h2 class=\"wp-block-heading has-text-align-center with-empty-cart-icon wc-block-cart__empty-cart__title\">Co\u0219ul t\u0103u este momentan gol!<\/h2>\n\n\n\n<hr class=\"wp-block-separator has-alpha-channel-opacity is-style-dots\"\/>\n\n\n\n<h2 class=\"wp-block-heading has-text-align-center\">Nou \u00een magazin<\/h2>\n\n\n<div data-block-name=\"woocommerce\/product-new\" data-columns=\"4\" data-rows=\"1\" class=\"wc-block-grid wp-block-product-new wp-block-woocommerce-product-new wc-block-product-new has-4-columns\"><ul class=\"wc-block-grid__products\"><li class=\"wc-block-grid__product\">\n\t\t\t\t<a href=\"https:\/\/www.examenbureaurotterdam.nl\/ro\/produs\/vil-vcu-nederlands\/\" class=\"wc-block-grid__product-link\">\n\t\t\t\t\t\n\t\t\t\t\t<div class=\"wc-block-grid__product-image\"><img decoding=\"async\" width=\"300\" height=\"300\" data-src=\"https:\/\/www.examenbureaurotterdam.nl\/wp-content\/uploads\/2025\/03\/e-learning2-300x300.jpg\" class=\"attachment-woocommerce_thumbnail size-woocommerce_thumbnail lazyload\" alt=\"VIL-VCU Nederlands\" data-srcset=\"https:\/\/www.examenbureaurotterdam.nl\/wp-content\/uploads\/2025\/03\/e-learning2-300x300.jpg 300w, https:\/\/www.examenbureaurotterdam.nl\/wp-content\/uploads\/2025\/03\/e-learning2-150x150.jpg 150w, https:\/\/www.examenbureaurotterdam.nl\/wp-content\/uploads\/2025\/03\/e-learning2-600x600.jpg 600w, https:\/\/www.examenbureaurotterdam.nl\/wp-content\/uploads\/2025\/03\/e-learning2-1024x1024.jpg 1024w, https:\/\/www.examenbureaurotterdam.nl\/wp-content\/uploads\/2025\/03\/e-learning2-768x768.jpg 768w, https:\/\/www.examenbureaurotterdam.nl\/wp-content\/uploads\/2025\/03\/e-learning2-12x12.jpg 12w, https:\/\/www.examenbureaurotterdam.nl\/wp-content\/uploads\/2025\/03\/e-learning2-140x140.jpg 140w, https:\/\/www.examenbureaurotterdam.nl\/wp-content\/uploads\/2025\/03\/e-learning2-100x100.jpg 100w, https:\/\/www.examenbureaurotterdam.nl\/wp-content\/uploads\/2025\/03\/e-learning2-500x500.jpg 500w, https:\/\/www.examenbureaurotterdam.nl\/wp-content\/uploads\/2025\/03\/e-learning2-350x350.jpg 350w, https:\/\/www.examenbureaurotterdam.nl\/wp-content\/uploads\/2025\/03\/e-learning2-1000x1000.jpg 1000w, https:\/\/www.examenbureaurotterdam.nl\/wp-content\/uploads\/2025\/03\/e-learning2-800x800.jpg 800w, https:\/\/www.examenbureaurotterdam.nl\/wp-content\/uploads\/2025\/03\/e-learning2.jpg 1080w\" data-sizes=\"(max-width: 300px) 100vw, 300px\" src=\"data:image\/svg+xml;base64,PHN2ZyB3aWR0aD0iMSIgaGVpZ2h0PSIxIiB4bWxucz0iaHR0cDovL3d3dy53My5vcmcvMjAwMC9zdmciPjwvc3ZnPg==\" style=\"--smush-placeholder-width: 300px; --smush-placeholder-aspect-ratio: 300\/300;\" \/><\/div>\n\t\t\t\t\t<div class=\"wc-block-grid__product-title\">VIL-VCU Olandez\u0103<\/div>\n\t\t\t\t<\/a>\n\t\t\t\t<div class=\"wc-block-grid__product-price price\"><span class=\"woocommerce-Price-amount amount\"><span class=\"woocommerce-Price-currencySymbol\">\u20ac<\/span>&nbsp;39,95<\/span><\/div>\n\t\t\t\t\n\t\t\t\t<div class=\"wp-block-button wc-block-grid__product-add-to-cart\"><a href=\"\/ro\/wp-json\/wp\/v2\/pages\/7080?add-to-cart=7925\" aria-label=\"Adaug\u0103 \u00een co\u0219: \u201eVIL-VCU Nederlands\u201d\" data-quantity=\"1\" data-product_id=\"7925\" data-product_sku=\"\" data-price=\"39.95\" rel=\"nofollow\" class=\"wp-block-button__link  add_to_cart_button ajax_add_to_cart\" data-no-translation=\"\" data-trp-gettext=\"\" data-no-translation-aria-label=\"\">Adaug\u0103 in co\u015f<\/a><\/div>\n\t\t\t<\/li><li class=\"wc-block-grid__product\">\n\t\t\t\t<a href=\"https:\/\/www.examenbureaurotterdam.nl\/ro\/produs\/vol-vca-engels\/\" class=\"wc-block-grid__product-link\">\n\t\t\t\t\t\n\t\t\t\t\t<div class=\"wc-block-grid__product-image\"><img decoding=\"async\" width=\"300\" height=\"300\" data-src=\"https:\/\/www.examenbureaurotterdam.nl\/wp-content\/uploads\/2025\/03\/e-learning2-300x300.jpg\" class=\"attachment-woocommerce_thumbnail size-woocommerce_thumbnail lazyload\" alt=\"VOL-VCA Engels\" data-srcset=\"https:\/\/www.examenbureaurotterdam.nl\/wp-content\/uploads\/2025\/03\/e-learning2-300x300.jpg 300w, https:\/\/www.examenbureaurotterdam.nl\/wp-content\/uploads\/2025\/03\/e-learning2-150x150.jpg 150w, https:\/\/www.examenbureaurotterdam.nl\/wp-content\/uploads\/2025\/03\/e-learning2-600x600.jpg 600w, https:\/\/www.examenbureaurotterdam.nl\/wp-content\/uploads\/2025\/03\/e-learning2-1024x1024.jpg 1024w, https:\/\/www.examenbureaurotterdam.nl\/wp-content\/uploads\/2025\/03\/e-learning2-768x768.jpg 768w, https:\/\/www.examenbureaurotterdam.nl\/wp-content\/uploads\/2025\/03\/e-learning2-12x12.jpg 12w, https:\/\/www.examenbureaurotterdam.nl\/wp-content\/uploads\/2025\/03\/e-learning2-140x140.jpg 140w, https:\/\/www.examenbureaurotterdam.nl\/wp-content\/uploads\/2025\/03\/e-learning2-100x100.jpg 100w, https:\/\/www.examenbureaurotterdam.nl\/wp-content\/uploads\/2025\/03\/e-learning2-500x500.jpg 500w, https:\/\/www.examenbureaurotterdam.nl\/wp-content\/uploads\/2025\/03\/e-learning2-350x350.jpg 350w, https:\/\/www.examenbureaurotterdam.nl\/wp-content\/uploads\/2025\/03\/e-learning2-1000x1000.jpg 1000w, https:\/\/www.examenbureaurotterdam.nl\/wp-content\/uploads\/2025\/03\/e-learning2-800x800.jpg 800w, https:\/\/www.examenbureaurotterdam.nl\/wp-content\/uploads\/2025\/03\/e-learning2.jpg 1080w\" data-sizes=\"(max-width: 300px) 100vw, 300px\" src=\"data:image\/svg+xml;base64,PHN2ZyB3aWR0aD0iMSIgaGVpZ2h0PSIxIiB4bWxucz0iaHR0cDovL3d3dy53My5vcmcvMjAwMC9zdmciPjwvc3ZnPg==\" style=\"--smush-placeholder-width: 300px; --smush-placeholder-aspect-ratio: 300\/300;\" \/><\/div>\n\t\t\t\t\t<div class=\"wc-block-grid__product-title\">VOL-VCA Englez\u0103<\/div>\n\t\t\t\t<\/a>\n\t\t\t\t<div class=\"wc-block-grid__product-price price\"><span class=\"woocommerce-Price-amount amount\"><span class=\"woocommerce-Price-currencySymbol\">\u20ac<\/span>&nbsp;49,95<\/span><\/div>\n\t\t\t\t\n\t\t\t\t<div class=\"wp-block-button wc-block-grid__product-add-to-cart\"><a href=\"\/ro\/wp-json\/wp\/v2\/pages\/7080?add-to-cart=7923\" aria-label=\"Adaug\u0103 \u00een co\u0219: \u201eVOL-VCA Engels\u201d\" data-quantity=\"1\" data-product_id=\"7923\" data-product_sku=\"\" data-price=\"49.95\" rel=\"nofollow\" class=\"wp-block-button__link  add_to_cart_button ajax_add_to_cart\" data-no-translation=\"\" data-trp-gettext=\"\" data-no-translation-aria-label=\"\">Adaug\u0103 in co\u015f<\/a><\/div>\n\t\t\t<\/li><li class=\"wc-block-grid__product\">\n\t\t\t\t<a href=\"https:\/\/www.examenbureaurotterdam.nl\/ro\/produs\/vol-vca-nederlands\/\" class=\"wc-block-grid__product-link\">\n\t\t\t\t\t\n\t\t\t\t\t<div class=\"wc-block-grid__product-image\"><img decoding=\"async\" width=\"300\" height=\"300\" data-src=\"https:\/\/www.examenbureaurotterdam.nl\/wp-content\/uploads\/2025\/03\/e-learning2-300x300.jpg\" class=\"attachment-woocommerce_thumbnail size-woocommerce_thumbnail lazyload\" alt=\"VOL-VCA Nederlands\" data-srcset=\"https:\/\/www.examenbureaurotterdam.nl\/wp-content\/uploads\/2025\/03\/e-learning2-300x300.jpg 300w, https:\/\/www.examenbureaurotterdam.nl\/wp-content\/uploads\/2025\/03\/e-learning2-150x150.jpg 150w, https:\/\/www.examenbureaurotterdam.nl\/wp-content\/uploads\/2025\/03\/e-learning2-600x600.jpg 600w, https:\/\/www.examenbureaurotterdam.nl\/wp-content\/uploads\/2025\/03\/e-learning2-1024x1024.jpg 1024w, https:\/\/www.examenbureaurotterdam.nl\/wp-content\/uploads\/2025\/03\/e-learning2-768x768.jpg 768w, https:\/\/www.examenbureaurotterdam.nl\/wp-content\/uploads\/2025\/03\/e-learning2-12x12.jpg 12w, https:\/\/www.examenbureaurotterdam.nl\/wp-content\/uploads\/2025\/03\/e-learning2-140x140.jpg 140w, https:\/\/www.examenbureaurotterdam.nl\/wp-content\/uploads\/2025\/03\/e-learning2-100x100.jpg 100w, https:\/\/www.examenbureaurotterdam.nl\/wp-content\/uploads\/2025\/03\/e-learning2-500x500.jpg 500w, https:\/\/www.examenbureaurotterdam.nl\/wp-content\/uploads\/2025\/03\/e-learning2-350x350.jpg 350w, https:\/\/www.examenbureaurotterdam.nl\/wp-content\/uploads\/2025\/03\/e-learning2-1000x1000.jpg 1000w, https:\/\/www.examenbureaurotterdam.nl\/wp-content\/uploads\/2025\/03\/e-learning2-800x800.jpg 800w, https:\/\/www.examenbureaurotterdam.nl\/wp-content\/uploads\/2025\/03\/e-learning2.jpg 1080w\" data-sizes=\"(max-width: 300px) 100vw, 300px\" src=\"data:image\/svg+xml;base64,PHN2ZyB3aWR0aD0iMSIgaGVpZ2h0PSIxIiB4bWxucz0iaHR0cDovL3d3dy53My5vcmcvMjAwMC9zdmciPjwvc3ZnPg==\" style=\"--smush-placeholder-width: 300px; --smush-placeholder-aspect-ratio: 300\/300;\" \/><\/div>\n\t\t\t\t\t<div class=\"wc-block-grid__product-title\">VOL-VCA Olandez\u0103<\/div>\n\t\t\t\t<\/a>\n\t\t\t\t<div class=\"wc-block-grid__product-price price\"><span class=\"woocommerce-Price-amount amount\"><span class=\"woocommerce-Price-currencySymbol\">\u20ac<\/span>&nbsp;39,50<\/span><\/div>\n\t\t\t\t\n\t\t\t\t<div class=\"wp-block-button wc-block-grid__product-add-to-cart\"><a href=\"\/ro\/wp-json\/wp\/v2\/pages\/7080?add-to-cart=7921\" aria-label=\"Adaug\u0103 \u00een co\u0219: \u201eVOL-VCA Nederlands\u201d\" data-quantity=\"1\" data-product_id=\"7921\" data-product_sku=\"\" data-price=\"39.5\" rel=\"nofollow\" class=\"wp-block-button__link  add_to_cart_button ajax_add_to_cart\" data-no-translation=\"\" data-trp-gettext=\"\" data-no-translation-aria-label=\"\">Adaug\u0103 in co\u015f<\/a><\/div>\n\t\t\t<\/li><li class=\"wc-block-grid__product\">\n\t\t\t\t<a href=\"https:\/\/www.examenbureaurotterdam.nl\/ro\/produs\/b-vca-engels\/\" class=\"wc-block-grid__product-link\">\n\t\t\t\t\t\n\t\t\t\t\t<div class=\"wc-block-grid__product-image\"><img decoding=\"async\" width=\"300\" height=\"300\" data-src=\"https:\/\/www.examenbureaurotterdam.nl\/wp-content\/uploads\/2025\/03\/e-learning2-300x300.jpg\" class=\"attachment-woocommerce_thumbnail size-woocommerce_thumbnail lazyload\" alt=\"B-VCA Engels\" data-srcset=\"https:\/\/www.examenbureaurotterdam.nl\/wp-content\/uploads\/2025\/03\/e-learning2-300x300.jpg 300w, https:\/\/www.examenbureaurotterdam.nl\/wp-content\/uploads\/2025\/03\/e-learning2-150x150.jpg 150w, https:\/\/www.examenbureaurotterdam.nl\/wp-content\/uploads\/2025\/03\/e-learning2-600x600.jpg 600w, https:\/\/www.examenbureaurotterdam.nl\/wp-content\/uploads\/2025\/03\/e-learning2-1024x1024.jpg 1024w, https:\/\/www.examenbureaurotterdam.nl\/wp-content\/uploads\/2025\/03\/e-learning2-768x768.jpg 768w, https:\/\/www.examenbureaurotterdam.nl\/wp-content\/uploads\/2025\/03\/e-learning2-12x12.jpg 12w, https:\/\/www.examenbureaurotterdam.nl\/wp-content\/uploads\/2025\/03\/e-learning2-140x140.jpg 140w, https:\/\/www.examenbureaurotterdam.nl\/wp-content\/uploads\/2025\/03\/e-learning2-100x100.jpg 100w, https:\/\/www.examenbureaurotterdam.nl\/wp-content\/uploads\/2025\/03\/e-learning2-500x500.jpg 500w, https:\/\/www.examenbureaurotterdam.nl\/wp-content\/uploads\/2025\/03\/e-learning2-350x350.jpg 350w, https:\/\/www.examenbureaurotterdam.nl\/wp-content\/uploads\/2025\/03\/e-learning2-1000x1000.jpg 1000w, https:\/\/www.examenbureaurotterdam.nl\/wp-content\/uploads\/2025\/03\/e-learning2-800x800.jpg 800w, https:\/\/www.examenbureaurotterdam.nl\/wp-content\/uploads\/2025\/03\/e-learning2.jpg 1080w\" data-sizes=\"(max-width: 300px) 100vw, 300px\" src=\"data:image\/svg+xml;base64,PHN2ZyB3aWR0aD0iMSIgaGVpZ2h0PSIxIiB4bWxucz0iaHR0cDovL3d3dy53My5vcmcvMjAwMC9zdmciPjwvc3ZnPg==\" style=\"--smush-placeholder-width: 300px; --smush-placeholder-aspect-ratio: 300\/300;\" \/><\/div>\n\t\t\t\t\t<div class=\"wc-block-grid__product-title\">B-VCA Englez\u0103<\/div>\n\t\t\t\t<\/a>\n\t\t\t\t<div class=\"wc-block-grid__product-price price\"><span class=\"woocommerce-Price-amount amount\"><span class=\"woocommerce-Price-currencySymbol\">\u20ac<\/span>&nbsp;39,95<\/span><\/div>\n\t\t\t\t\n\t\t\t\t<div class=\"wp-block-button wc-block-grid__product-add-to-cart\"><a href=\"\/ro\/wp-json\/wp\/v2\/pages\/7080?add-to-cart=7920\" aria-label=\"Adaug\u0103 \u00een co\u0219: \u201eB-VCA Engels\u201d\" data-quantity=\"1\" data-product_id=\"7920\" data-product_sku=\"\" data-price=\"39.95\" rel=\"nofollow\" class=\"wp-block-button__link  add_to_cart_button ajax_add_to_cart\" data-no-translation=\"\" data-trp-gettext=\"\" data-no-translation-aria-label=\"\">Adaug\u0103 in co\u015f<\/a><\/div>\n\t\t\t<\/li><\/ul><\/div><\/div>\n<\/div>","protected":false},"excerpt":{"rendered":"S-ar putea s\u0103 te intereseze\u2026 Co\u0219ul t\u0103u este gol \u00een prezent! Nou \u00een magazin","protected":false},"author":2,"featured_media":0,"parent":0,"menu_order":0,"comment_status":"closed","ping_status":"closed","template":"","meta":{"_joinchat":[],"footnotes":""},"class_list":["post-7080","page","type-page","status-publish"],"_links":{"self":[{"href":"https:\/\/www.examenbureaurotterdam.nl\/ro\/wp-json\/wp\/v2\/pages\/7080","targetHints":{"allow":["GET"]}}],"collection":[{"href":"https:\/\/www.examenbureaurotterdam.nl\/ro\/wp-json\/wp\/v2\/pages"}],"about":[{"href":"https:\/\/www.examenbureaurotterdam.nl\/ro\/wp-json\/wp\/v2\/types\/page"}],"author":[{"embeddable":true,"href":"https:\/\/www.examenbureaurotterdam.nl\/ro\/wp-json\/wp\/v2\/users\/2"}],"replies":[{"embeddable":true,"href":"https:\/\/www.examenbureaurotterdam.nl\/ro\/wp-json\/wp\/v2\/comments?post=7080"}],"version-history":[{"count":1,"href":"https:\/\/www.examenbureaurotterdam.nl\/ro\/wp-json\/wp\/v2\/pages\/7080\/revisions"}],"predecessor-version":[{"id":7250,"href":"https:\/\/www.examenbureaurotterdam.nl\/ro\/wp-json\/wp\/v2\/pages\/7080\/revisions\/7250"}],"wp:attachment":[{"href":"https:\/\/www.examenbureaurotterdam.nl\/ro\/wp-json\/wp\/v2\/media?parent=7080"}],"curies":[{"name":"wp","href":"https:\/\/api.w.org\/{rel}","templated":true}]}}