{"id":5910,"date":"2021-05-06T16:17:18","date_gmt":"2021-05-06T16:17:18","guid":{"rendered":"https:\/\/www.examenbureaurotterdam.nl\/?page_id=5910"},"modified":"2025-05-01T14:58:54","modified_gmt":"2025-05-01T12:58:54","slug":"nieuws","status":"publish","type":"page","link":"https:\/\/www.examenbureaurotterdam.nl\/ro\/nieuws\/","title":{"rendered":"\u015etiri"},"content":{"rendered":"<div id=\"fws_69f6395cc6d72\"  data-column-margin=\"default\" data-midnight=\"light\" data-top-percent=\"13%\" data-bottom-percent=\"9%\"  class=\"wpb_row vc_row-fluid vc_row full-width-section parallax_section\"  style=\"padding-top: calc(100vw * 0.13); padding-bottom: calc(100vw * 0.09); \"><div class=\"row-bg-wrap\" data-bg-animation=\"none\" data-bg-animation-delay=\"\" data-bg-overlay=\"true\"><div class=\"inner-wrap row-bg-layer using-image\" ><div class=\"row-bg viewport-desktop using-image lazyload\" data-parallax-speed=\"fast\" style=\"background-image:inherit; background-position: center center; background-repeat: no-repeat; \" data-bg-image=\"url(https:\/\/www.examenbureaurotterdam.nl\/wp-content\/uploads\/2025\/01\/NIEUWS-EBR.jpg)\"><\/div><\/div><div class=\"row-bg-overlay row-bg-layer\" style=\"background-color:#000000;  opacity: 0.3; \"><\/div><\/div><div class=\"row_col_wrap_12 col span_12 light left\">\n\t<div  class=\"vc_col-sm-12 wpb_column column_container vc_column_container col no-extra-padding inherit_tablet inherit_phone\"  data-padding-pos=\"all\" data-has-bg-color=\"false\" data-bg-color=\"\" data-bg-opacity=\"1\" data-animation=\"\" data-delay=\"0\" >\n\t\t<div class=\"vc_column-inner\" >\n\t\t\t<div class=\"wpb_wrapper\">\n\t\t\t\t\n<div class=\"wpb_text_column wpb_content_element\" >\n\t<div class=\"wpb_wrapper\">\n\t\t<h1>\u015etiri<\/h1>\n<div id=\"WRWHOISInstalled\" style=\"display: none;\"><\/div>\n\t<\/div>\n<\/div>\n\n\n\n\n\t\t\t<\/div> \n\t\t<\/div>\n\t<\/div> \n<\/div><\/div>\n\t\t<div id=\"fws_69f6395cc80ea\"  data-column-margin=\"default\" data-midnight=\"dark\"  class=\"wpb_row vc_row-fluid vc_row\"  style=\"padding-top: 50px; padding-bottom: 0px; \"><div class=\"row-bg-wrap\" data-bg-animation=\"none\" data-bg-animation-delay=\"\" data-bg-overlay=\"false\"><div class=\"inner-wrap row-bg-layer\" ><div class=\"row-bg viewport-desktop\"  style=\"\"><\/div><\/div><\/div><div class=\"row_col_wrap_12 col span_12 dark left\">\n\t<div  class=\"vc_col-sm-12 wpb_column column_container vc_column_container col no-extra-padding inherit_tablet inherit_phone\"  data-padding-pos=\"all\" data-has-bg-color=\"false\" data-bg-color=\"\" data-bg-opacity=\"1\" data-animation=\"\" data-delay=\"0\" >\n\t\t<div class=\"vc_column-inner\" >\n\t\t\t<div class=\"wpb_wrapper\">\n\t\t\t\t\n<div class=\"row\">\n\n <div class=\"post-area col  span_12 col_last masonry material  infinite_scroll\" data-ams=\"\" data-remove-post-date=\"\" data-remove-post-author=\"1\" data-remove-post-comment-number=\"\" data-remove-post-nectar-love=\"\"> <div class=\"posts-container\" data-load-animation=\"fade_in_from_bottom\">     \n     \n<article id=\"post-6434\" class=\"masonry-blog-item post-6434 post type-post status-publish format-standard has-post-thumbnail category-nieuws\">  \n    \n  <div class=\"inner-wrap animated\">\n    \n    <div class=\"post-content\">\n\n      <div class=\"content-inner\">\n        \n        <a class=\"entire-meta-link\" href=\"https:\/\/www.examenbureaurotterdam.nl\/ro\/onze-nieuwe-website-is-live\/\"><span class=\"screen-reader-text\">Noul nostru site web este online!<\/span><\/a>\n        \n        <span class=\"post-featured-img\"><img decoding=\"async\" width=\"1024\" height=\"1024\" src=\"https:\/\/www.examenbureaurotterdam.nl\/wp-content\/uploads\/2025\/01\/Iedere-stap-brengt-je-dichter-bij-je-doel-1024x1024.jpg\" class=\"attachment-large size-large skip-lazy wp-post-image\" alt=\"\" title=\"\" sizes=\"(min-width: 1600px) 20vw, (min-width: 1300px) 25vw, (min-width: 1000px) 33.3vw, (min-width: 690px) 50vw, 100vw\" srcset=\"https:\/\/www.examenbureaurotterdam.nl\/wp-content\/uploads\/2025\/01\/Iedere-stap-brengt-je-dichter-bij-je-doel-1024x1024.jpg 1024w, https:\/\/www.examenbureaurotterdam.nl\/wp-content\/uploads\/2025\/01\/Iedere-stap-brengt-je-dichter-bij-je-doel-300x300.jpg 300w, https:\/\/www.examenbureaurotterdam.nl\/wp-content\/uploads\/2025\/01\/Iedere-stap-brengt-je-dichter-bij-je-doel-150x150.jpg 150w, https:\/\/www.examenbureaurotterdam.nl\/wp-content\/uploads\/2025\/01\/Iedere-stap-brengt-je-dichter-bij-je-doel-600x600.jpg 600w, https:\/\/www.examenbureaurotterdam.nl\/wp-content\/uploads\/2025\/01\/Iedere-stap-brengt-je-dichter-bij-je-doel-768x768.jpg 768w, https:\/\/www.examenbureaurotterdam.nl\/wp-content\/uploads\/2025\/01\/Iedere-stap-brengt-je-dichter-bij-je-doel-12x12.jpg 12w, https:\/\/www.examenbureaurotterdam.nl\/wp-content\/uploads\/2025\/01\/Iedere-stap-brengt-je-dichter-bij-je-doel-140x140.jpg 140w, https:\/\/www.examenbureaurotterdam.nl\/wp-content\/uploads\/2025\/01\/Iedere-stap-brengt-je-dichter-bij-je-doel-100x100.jpg 100w, https:\/\/www.examenbureaurotterdam.nl\/wp-content\/uploads\/2025\/01\/Iedere-stap-brengt-je-dichter-bij-je-doel-500x500.jpg 500w, https:\/\/www.examenbureaurotterdam.nl\/wp-content\/uploads\/2025\/01\/Iedere-stap-brengt-je-dichter-bij-je-doel-350x350.jpg 350w, https:\/\/www.examenbureaurotterdam.nl\/wp-content\/uploads\/2025\/01\/Iedere-stap-brengt-je-dichter-bij-je-doel-1000x1000.jpg 1000w, https:\/\/www.examenbureaurotterdam.nl\/wp-content\/uploads\/2025\/01\/Iedere-stap-brengt-je-dichter-bij-je-doel-800x800.jpg 800w, https:\/\/www.examenbureaurotterdam.nl\/wp-content\/uploads\/2025\/01\/Iedere-stap-brengt-je-dichter-bij-je-doel.jpg 1080w\" \/><\/span><span class=\"meta-category\"><a class=\"nieuws\" href=\"https:\/\/www.examenbureaurotterdam.nl\/ro\/category\/nieuws\/\">\u015etiri<\/a><\/span>        \n        <div class=\"article-content-wrap\">\n          \n          <div class=\"post-header\">\n            <h3 class=\"title\"><a href=\"https:\/\/www.examenbureaurotterdam.nl\/ro\/onze-nieuwe-website-is-live\/\"> Noul nostru site web este online!<\/a><\/h3>\n          <\/div>\n          \n          <div class=\"excerpt\">Onze vernieuwde website is live! We hebben geweldig nieuws: de vernieuwde website van Examenbureau Rotterdam staat online! Met trots presenteren we een frisse, overzichtelijke en&hellip;<\/div><div class=\"grav-wrap\"><a href=\"https:\/\/www.examenbureaurotterdam.nl\/ro\/author\/saf\/\"><img alt='Saf' data-src='https:\/\/secure.gravatar.com\/avatar\/411c516016c015b937bfe8c3a3ba155e71e392e92c7e7b15af1adfdc17c0eb65?s=70&#038;d=mm&#038;r=g' data-srcset='https:\/\/secure.gravatar.com\/avatar\/411c516016c015b937bfe8c3a3ba155e71e392e92c7e7b15af1adfdc17c0eb65?s=140&#038;d=mm&#038;r=g 2x' class='avatar avatar-70 photo lazyload' height='70' width='70' src='data:image\/svg+xml;base64,PHN2ZyB3aWR0aD0iMSIgaGVpZ2h0PSIxIiB4bWxucz0iaHR0cDovL3d3dy53My5vcmcvMjAwMC9zdmciPjwvc3ZnPg==' style='--smush-placeholder-width: 70px; --smush-placeholder-aspect-ratio: 70\/70;' \/><\/a><div class=\"text\"><a href=\"https:\/\/www.examenbureaurotterdam.nl\/ro\/author\/saf\/\" rel=\"author\">Saf<\/a><span>30 aprilie 2025<\/span><\/div><\/div>\n        <\/div><!--article-content-wrap-->\n        \n      <\/div><!--\/content-inner-->\n        \n    <\/div><!--\/post-content-->\n      \n  <\/div><!--\/inner-wrap-->\n    \n<\/article>     \n     \n<article id=\"post-7858\" class=\"masonry-blog-item post-7858 post type-post status-publish format-standard has-post-thumbnail category-nieuws\">  \n    \n  <div class=\"inner-wrap animated\">\n    \n    <div class=\"post-content\">\n\n      <div class=\"content-inner\">\n        \n        <a class=\"entire-meta-link\" href=\"https:\/\/www.examenbureaurotterdam.nl\/ro\/steigerbouw-erkenning\/\"><span class=\"screen-reader-text\">Recunoa\u0219terea schelelor<\/span><\/a>\n        \n        <span class=\"post-featured-img\"><img decoding=\"async\" width=\"1024\" height=\"683\" src=\"https:\/\/www.examenbureaurotterdam.nl\/wp-content\/uploads\/2025\/04\/STEIGERBOUW-EBR-6-1024x683.jpg\" class=\"attachment-large size-large skip-lazy wp-post-image\" alt=\"\" title=\"\" sizes=\"(min-width: 1600px) 20vw, (min-width: 1300px) 25vw, (min-width: 1000px) 33.3vw, (min-width: 690px) 50vw, 100vw\" srcset=\"https:\/\/www.examenbureaurotterdam.nl\/wp-content\/uploads\/2025\/04\/STEIGERBOUW-EBR-6-1024x683.jpg 1024w, https:\/\/www.examenbureaurotterdam.nl\/wp-content\/uploads\/2025\/04\/STEIGERBOUW-EBR-6-600x400.jpg 600w, https:\/\/www.examenbureaurotterdam.nl\/wp-content\/uploads\/2025\/04\/STEIGERBOUW-EBR-6-300x200.jpg 300w, https:\/\/www.examenbureaurotterdam.nl\/wp-content\/uploads\/2025\/04\/STEIGERBOUW-EBR-6-768x512.jpg 768w, https:\/\/www.examenbureaurotterdam.nl\/wp-content\/uploads\/2025\/04\/STEIGERBOUW-EBR-6-1536x1024.jpg 1536w, https:\/\/www.examenbureaurotterdam.nl\/wp-content\/uploads\/2025\/04\/STEIGERBOUW-EBR-6-2048x1366.jpg 2048w, https:\/\/www.examenbureaurotterdam.nl\/wp-content\/uploads\/2025\/04\/STEIGERBOUW-EBR-6-18x12.jpg 18w, https:\/\/www.examenbureaurotterdam.nl\/wp-content\/uploads\/2025\/04\/STEIGERBOUW-EBR-6-900x600.jpg 900w\" \/><\/span><span class=\"meta-category\"><a class=\"nieuws\" href=\"https:\/\/www.examenbureaurotterdam.nl\/ro\/category\/nieuws\/\">\u015etiri<\/a><\/span>        \n        <div class=\"article-content-wrap\">\n          \n          <div class=\"post-header\">\n            <h3 class=\"title\"><a href=\"https:\/\/www.examenbureaurotterdam.nl\/ro\/steigerbouw-erkenning\/\"> Recunoa\u0219terea schelelor<\/a><\/h3>\n          <\/div>\n          \n          <div class=\"excerpt\">Steigerbouw erkenning! In the pocket &amp; proud to announce! Wij zijn officieel geaccrediteerd tot het afnemen van examens in het werkveld Steigerbouw. Examenbureau Rotterdam is&hellip;<\/div><div class=\"grav-wrap\"><a href=\"https:\/\/www.examenbureaurotterdam.nl\/ro\/author\/saf\/\"><img alt='Saf' data-src='https:\/\/secure.gravatar.com\/avatar\/411c516016c015b937bfe8c3a3ba155e71e392e92c7e7b15af1adfdc17c0eb65?s=70&#038;d=mm&#038;r=g' data-srcset='https:\/\/secure.gravatar.com\/avatar\/411c516016c015b937bfe8c3a3ba155e71e392e92c7e7b15af1adfdc17c0eb65?s=140&#038;d=mm&#038;r=g 2x' class='avatar avatar-70 photo lazyload' height='70' width='70' src='data:image\/svg+xml;base64,PHN2ZyB3aWR0aD0iMSIgaGVpZ2h0PSIxIiB4bWxucz0iaHR0cDovL3d3dy53My5vcmcvMjAwMC9zdmciPjwvc3ZnPg==' style='--smush-placeholder-width: 70px; --smush-placeholder-aspect-ratio: 70\/70;' \/><\/a><div class=\"text\"><a href=\"https:\/\/www.examenbureaurotterdam.nl\/ro\/author\/saf\/\" rel=\"author\">Saf<\/a><span>14 mai 2022<\/span><\/div><\/div>\n        <\/div><!--article-content-wrap-->\n        \n      <\/div><!--\/content-inner-->\n        \n    <\/div><!--\/post-content-->\n      \n  <\/div><!--\/inner-wrap-->\n    \n<\/article>     \n     \n<article id=\"post-7861\" class=\"masonry-blog-item post-7861 post type-post status-publish format-standard has-post-thumbnail category-nieuws\">  \n    \n  <div class=\"inner-wrap animated\">\n    \n    <div class=\"post-content\">\n\n      <div class=\"content-inner\">\n        \n        <a class=\"entire-meta-link\" href=\"https:\/\/www.examenbureaurotterdam.nl\/ro\/corona-update\/\"><span class=\"screen-reader-text\">Actualizare privind coronavirusul<\/span><\/a>\n        \n        <span class=\"post-featured-img\"><img decoding=\"async\" width=\"1024\" height=\"576\" src=\"https:\/\/www.examenbureaurotterdam.nl\/wp-content\/uploads\/2025\/04\/shop-3-1024x576.jpg\" class=\"attachment-large size-large skip-lazy wp-post-image\" alt=\"\" title=\"\" sizes=\"(min-width: 1600px) 20vw, (min-width: 1300px) 25vw, (min-width: 1000px) 33.3vw, (min-width: 690px) 50vw, 100vw\" srcset=\"https:\/\/www.examenbureaurotterdam.nl\/wp-content\/uploads\/2025\/04\/shop-3-1024x576.jpg 1024w, https:\/\/www.examenbureaurotterdam.nl\/wp-content\/uploads\/2025\/04\/shop-3-600x337.jpg 600w, https:\/\/www.examenbureaurotterdam.nl\/wp-content\/uploads\/2025\/04\/shop-3-300x169.jpg 300w, https:\/\/www.examenbureaurotterdam.nl\/wp-content\/uploads\/2025\/04\/shop-3-768x432.jpg 768w, https:\/\/www.examenbureaurotterdam.nl\/wp-content\/uploads\/2025\/04\/shop-3-18x10.jpg 18w, https:\/\/www.examenbureaurotterdam.nl\/wp-content\/uploads\/2025\/04\/shop-3.jpg 1366w\" \/><\/span><span class=\"meta-category\"><a class=\"nieuws\" href=\"https:\/\/www.examenbureaurotterdam.nl\/ro\/category\/nieuws\/\">\u015etiri<\/a><\/span>        \n        <div class=\"article-content-wrap\">\n          \n          <div class=\"post-header\">\n            <h3 class=\"title\"><a href=\"https:\/\/www.examenbureaurotterdam.nl\/ro\/corona-update\/\"> Actualizare privind coronavirusul<\/a><\/h3>\n          <\/div>\n          \n          <div class=\"excerpt\">Trateaz\u0103-\u021bi semenii cu respect! \u2764 Pentru informa\u021bii actuale despre coronavirusul COVID-19, v\u0103 recomand\u0103m s\u0103 consulta\u021bi site-ul web al guvernului central (https:\/\/www.rijksoverheid.nl\/onderwerpen\/coronavirus-covid-19).<\/div><div class=\"grav-wrap\"><a href=\"https:\/\/www.examenbureaurotterdam.nl\/ro\/author\/saf\/\"><img alt='Saf' data-src='https:\/\/secure.gravatar.com\/avatar\/411c516016c015b937bfe8c3a3ba155e71e392e92c7e7b15af1adfdc17c0eb65?s=70&#038;d=mm&#038;r=g' data-srcset='https:\/\/secure.gravatar.com\/avatar\/411c516016c015b937bfe8c3a3ba155e71e392e92c7e7b15af1adfdc17c0eb65?s=140&#038;d=mm&#038;r=g 2x' class='avatar avatar-70 photo lazyload' height='70' width='70' src='data:image\/svg+xml;base64,PHN2ZyB3aWR0aD0iMSIgaGVpZ2h0PSIxIiB4bWxucz0iaHR0cDovL3d3dy53My5vcmcvMjAwMC9zdmciPjwvc3ZnPg==' style='--smush-placeholder-width: 70px; --smush-placeholder-aspect-ratio: 70\/70;' \/><\/a><div class=\"text\"><a href=\"https:\/\/www.examenbureaurotterdam.nl\/ro\/author\/saf\/\" rel=\"author\">Saf<\/a><span>25 februarie 2022<\/span><\/div><\/div>\n        <\/div><!--article-content-wrap-->\n        \n      <\/div><!--\/content-inner-->\n        \n    <\/div><!--\/post-content-->\n      \n  <\/div><!--\/inner-wrap-->\n    \n<\/article>     \n     \n<article id=\"post-7853\" class=\"masonry-blog-item post-7853 post type-post status-publish format-standard has-post-thumbnail category-nieuws\">  \n    \n  <div class=\"inner-wrap animated\">\n    \n    <div class=\"post-content\">\n\n      <div class=\"content-inner\">\n        \n        <a class=\"entire-meta-link\" href=\"https:\/\/www.examenbureaurotterdam.nl\/ro\/examenlocaties\/\"><span class=\"screen-reader-text\">Loca\u021bii de examen<\/span><\/a>\n        \n        <span class=\"post-featured-img\"><img decoding=\"async\" width=\"1024\" height=\"576\" src=\"https:\/\/www.examenbureaurotterdam.nl\/wp-content\/uploads\/2025\/04\/Cream-and-Brown-Photographic-Beauty-Site-Launch-Website-1024x576.jpg\" class=\"attachment-large size-large skip-lazy wp-post-image\" alt=\"\" title=\"\" sizes=\"(min-width: 1600px) 20vw, (min-width: 1300px) 25vw, (min-width: 1000px) 33.3vw, (min-width: 690px) 50vw, 100vw\" srcset=\"https:\/\/www.examenbureaurotterdam.nl\/wp-content\/uploads\/2025\/04\/Cream-and-Brown-Photographic-Beauty-Site-Launch-Website-1024x576.jpg 1024w, https:\/\/www.examenbureaurotterdam.nl\/wp-content\/uploads\/2025\/04\/Cream-and-Brown-Photographic-Beauty-Site-Launch-Website-600x337.jpg 600w, https:\/\/www.examenbureaurotterdam.nl\/wp-content\/uploads\/2025\/04\/Cream-and-Brown-Photographic-Beauty-Site-Launch-Website-300x169.jpg 300w, https:\/\/www.examenbureaurotterdam.nl\/wp-content\/uploads\/2025\/04\/Cream-and-Brown-Photographic-Beauty-Site-Launch-Website-768x432.jpg 768w, https:\/\/www.examenbureaurotterdam.nl\/wp-content\/uploads\/2025\/04\/Cream-and-Brown-Photographic-Beauty-Site-Launch-Website-18x10.jpg 18w, https:\/\/www.examenbureaurotterdam.nl\/wp-content\/uploads\/2025\/04\/Cream-and-Brown-Photographic-Beauty-Site-Launch-Website.jpg 1366w\" \/><\/span><span class=\"meta-category\"><a class=\"nieuws\" href=\"https:\/\/www.examenbureaurotterdam.nl\/ro\/category\/nieuws\/\">\u015etiri<\/a><\/span>        \n        <div class=\"article-content-wrap\">\n          \n          <div class=\"post-header\">\n            <h3 class=\"title\"><a href=\"https:\/\/www.examenbureaurotterdam.nl\/ro\/examenlocaties\/\"> Loca\u021bii de examen<\/a><\/h3>\n          <\/div>\n          \n          <div class=\"excerpt\">Examenlocaties Als onafhankelijk examenbureau beschikken wij sinds kort over meerdere examenlocaties door heel Nederland. Alle examenlocaties zijn zorgvuldig uitgekozen en ingericht. Onze examenlocaties zijn goed&hellip;<\/div><div class=\"grav-wrap\"><a href=\"https:\/\/www.examenbureaurotterdam.nl\/ro\/author\/saf\/\"><img alt='Saf' data-src='https:\/\/secure.gravatar.com\/avatar\/411c516016c015b937bfe8c3a3ba155e71e392e92c7e7b15af1adfdc17c0eb65?s=70&#038;d=mm&#038;r=g' data-srcset='https:\/\/secure.gravatar.com\/avatar\/411c516016c015b937bfe8c3a3ba155e71e392e92c7e7b15af1adfdc17c0eb65?s=140&#038;d=mm&#038;r=g 2x' class='avatar avatar-70 photo lazyload' height='70' width='70' src='data:image\/svg+xml;base64,PHN2ZyB3aWR0aD0iMSIgaGVpZ2h0PSIxIiB4bWxucz0iaHR0cDovL3d3dy53My5vcmcvMjAwMC9zdmciPjwvc3ZnPg==' style='--smush-placeholder-width: 70px; --smush-placeholder-aspect-ratio: 70\/70;' \/><\/a><div class=\"text\"><a href=\"https:\/\/www.examenbureaurotterdam.nl\/ro\/author\/saf\/\" rel=\"author\">Saf<\/a><span>1 iulie 2021<\/span><\/div><\/div>\n        <\/div><!--article-content-wrap-->\n        \n      <\/div><!--\/content-inner-->\n        \n    <\/div><!--\/post-content-->\n      \n  <\/div><!--\/inner-wrap-->\n    \n<\/article>    \n    <\/div><!--\/posts container-->\n    \n      \n<\/div><!--\/post area-->\n\n  \n\n<\/div>\n\n\n\t\t\t<\/div> \n\t\t<\/div>\n\t<\/div> \n<\/div><\/div>","protected":false},"excerpt":{"rendered":"Loca\u021bii de examen. \u00cen calitate de agen\u021bie independent\u0103 de examene, avem acum mai multe loca\u021bii de examen \u00een Olanda. Toate loca\u021biile de examen au fost atent selectate \u0219i proiectate. Loca\u021biile noastre de examen sunt bine...","protected":false},"author":2,"featured_media":0,"parent":0,"menu_order":0,"comment_status":"closed","ping_status":"closed","template":"","meta":{"_joinchat":[],"footnotes":""},"class_list":["post-5910","page","type-page","status-publish"],"_links":{"self":[{"href":"https:\/\/www.examenbureaurotterdam.nl\/ro\/wp-json\/wp\/v2\/pages\/5910","targetHints":{"allow":["GET"]}}],"collection":[{"href":"https:\/\/www.examenbureaurotterdam.nl\/ro\/wp-json\/wp\/v2\/pages"}],"about":[{"href":"https:\/\/www.examenbureaurotterdam.nl\/ro\/wp-json\/wp\/v2\/types\/page"}],"author":[{"embeddable":true,"href":"https:\/\/www.examenbureaurotterdam.nl\/ro\/wp-json\/wp\/v2\/users\/2"}],"replies":[{"embeddable":true,"href":"https:\/\/www.examenbureaurotterdam.nl\/ro\/wp-json\/wp\/v2\/comments?post=5910"}],"version-history":[{"count":13,"href":"https:\/\/www.examenbureaurotterdam.nl\/ro\/wp-json\/wp\/v2\/pages\/5910\/revisions"}],"predecessor-version":[{"id":7980,"href":"https:\/\/www.examenbureaurotterdam.nl\/ro\/wp-json\/wp\/v2\/pages\/5910\/revisions\/7980"}],"wp:attachment":[{"href":"https:\/\/www.examenbureaurotterdam.nl\/ro\/wp-json\/wp\/v2\/media?parent=5910"}],"curies":[{"name":"wp","href":"https:\/\/api.w.org\/{rel}","templated":true}]}}