{"id":5847,"date":"2021-05-04T18:34:08","date_gmt":"2021-05-04T18:34:08","guid":{"rendered":"https:\/\/www.examenbureaurotterdam.nl\/?page_id=5847"},"modified":"2025-05-01T16:00:22","modified_gmt":"2025-05-01T14:00:22","slug":"examens","status":"publish","type":"page","link":"https:\/\/www.examenbureaurotterdam.nl\/ro\/examens\/","title":{"rendered":"examene"},"content":{"rendered":"<div id=\"fws_69fb54ae9cb1f\"  data-column-margin=\"default\" data-midnight=\"light\" data-top-percent=\"13%\" data-bottom-percent=\"4%\"  class=\"wpb_row vc_row-fluid vc_row full-width-section parallax_section\"  style=\"padding-top: calc(100vw * 0.13); padding-bottom: calc(100vw * 0.04); \"><div class=\"row-bg-wrap\" data-bg-animation=\"none\" data-bg-animation-delay=\"\" data-bg-overlay=\"true\"><div class=\"inner-wrap row-bg-layer using-image\" ><div class=\"row-bg viewport-desktop using-image lazyload\" data-parallax-speed=\"fast\" style=\"background-image:inherit; background-position: center center; background-repeat: no-repeat; \" data-bg-image=\"url(https:\/\/www.examenbureaurotterdam.nl\/wp-content\/uploads\/2025\/03\/EBR-LOKAAL-2.png)\"><\/div><\/div><div class=\"row-bg-overlay row-bg-layer\" style=\"background-color:rgba(10,10,10,0.62);  opacity: 0.3; \"><\/div><\/div><div class=\"row_col_wrap_12 col span_12 light left\">\n\t<div  class=\"vc_col-sm-8 wpb_column column_container vc_column_container col no-extra-padding inherit_tablet inherit_phone\"  data-padding-pos=\"all\" data-has-bg-color=\"false\" data-bg-color=\"\" data-bg-opacity=\"1\" data-animation=\"\" data-delay=\"0\" >\n\t\t<div class=\"vc_column-inner\" >\n\t\t\t<div class=\"wpb_wrapper\">\n\t\t\t\t\n<div class=\"wpb_text_column wpb_content_element  vc_custom_1743111737334\" >\n\t<div class=\"wpb_wrapper\">\n\t\t<h1>examene<\/h1>\n<div id=\"WRWHOISInstalled\" style=\"display: none;\"><\/div>\n<div id=\"WRWHOISInstalled\" style=\"display: none;\"><\/div>\n<div id=\"WRWHOISInstalled\" style=\"display: none;\"><\/div>\n\t<\/div>\n<\/div>\n\n\n\n\n<div class=\"wpb_text_column wpb_content_element  vc_custom_1743115042494\" style=\" max-width: 550px; display: inline-block;\">\n\t<div class=\"wpb_wrapper\">\n\t\t<p>Biroul de Examinare Rotterdam ofer\u0103 o gam\u0103 larg\u0103 de examene specifice materiilor, inclusiv VOL-VCA, B-VCA, Schele, Azbest, WFT, PE \u0219i SOG. Ne asigur\u0103m c\u0103 aceste examene sunt administrate profesional \u0219i fiabil, astfel \u00eenc\u00e2t s\u0103 v\u0103 pute\u021bi ob\u021bine certificatele rapid \u0219i eficient. Indiferent dac\u0103 dori\u021bi s\u0103 v\u0103 re\u00eennoi\u021bi certificatul de siguran\u021b\u0103 sau s\u0103 v\u0103 extinde\u021bi cuno\u0219tin\u021bele profesionale, ave\u021bi garan\u021bia unui mediu de examinare impecabil al\u0103turi de noi.<\/p>\n\t<\/div>\n<\/div>\n\n\n\n\n\t\t\t<\/div> \n\t\t<\/div>\n\t<\/div> \n\n\t<div  class=\"vc_col-sm-4 wpb_column column_container vc_column_container col no-extra-padding inherit_tablet inherit_phone\"  data-padding-pos=\"all\" data-has-bg-color=\"false\" data-bg-color=\"\" data-bg-opacity=\"1\" data-animation=\"\" data-delay=\"0\" >\n\t\t<div class=\"vc_column-inner\" >\n\t\t\t<div class=\"wpb_wrapper\">\n\t\t\t\t<div class=\"nectar_icon_wrap top_position_desktop_30px\" data-style=\"default\" data-padding=\"20px\" data-color=\"white\" style=\"\" >\n\t\t<div class=\"nectar_icon\" ><span class=\"im-icon-wrap\" data-color=\"white\" style=\"height: 50px; width: 50px;\"><span><svg role=\"presentation\" version=\"1.1\" xmlns=\"http:\/\/www.w3.org\/2000\/svg\" width=\"50\" height=\"50\" viewbox=\"0 0 45 32\">\n        <path d=\"M16 25.613c-3.761 0-5.811-3.975-5.988-8.084-0.963-0.239-2.012-0.943-2.012-1.917v-2.667c0-0.833 0.807-1.435 1.333-1.739v-4.927c0-0.368 0.299-0.667 0.667-0.667s0.667 0.299 0.667 0.667v5.333c0 0.261-0.155 0.5-0.393 0.608-0.473 0.215-0.913 0.583-0.94 0.731v2.661c0.028 0.213 0.785 0.667 1.333 0.667 0.368 0 0.667 0.299 0.667 0.667 0 2.948 1.243 7.333 4.667 7.333s4.667-4.385 4.667-7.333c0-0.368 0.299-0.667 0.667-0.667 0.548 0 1.305-0.453 1.333-0.668v-2.665c0-0.667 0-0.667-0.667-0.667-0.368 0-0.667-0.299-0.667-0.667v-5.333c0-0.368 0.299-0.667 0.667-0.667s0.667 0.299 0.667 0.667v4.725c1.333 0.26 1.333 1.331 1.333 1.941v2.667c0 0.972-1.049 1.681-2.011 1.917-0.179 4.108-2.228 8.083-5.989 8.083zM16 7.392c-0.047 0-0.092-0.005-0.137-0.015l-12.167-2.555c-0.309-0.065-0.531-0.339-0.529-0.655s0.225-0.588 0.535-0.651l12.167-2.445c0.085-0.019 0.173-0.017 0.259-0.001l12.556 2.445c0.311 0.061 0.535 0.335 0.537 0.652 0 0.317-0.224 0.592-0.532 0.656l-12.555 2.555c-0.044 0.009-0.088 0.013-0.133 0.013zM7.145 4.185l8.856 1.861 9.139-1.861-9.139-1.78-8.856 1.78zM16 11.115c-2.268 0-4.473-0.325-6.213-0.917-0.347-0.12-0.535-0.499-0.416-0.847 0.12-0.348 0.499-0.528 0.847-0.417 3.209 1.091 8.359 1.091 11.568 0 0.349-0.113 0.727 0.069 0.845 0.417 0.119 0.349-0.068 0.728-0.416 0.847-1.74 0.592-3.945 0.917-6.215 0.917zM28.668 16.947h-2.68c-0.203 0-0.396-0.092-0.521-0.251-0.129-0.157-0.176-0.363-0.132-0.564l1.331-5.925v-5.26c0-0.368 0.299-0.667 0.667-0.667 0.365 0 0.667 0.299 0.667 0.667v5.26l1.316 5.927c0.044 0.197-0.003 0.405-0.131 0.561-0.123 0.163-0.316 0.252-0.516 0.252zM26.819 15.613h1.016l-0.505-2.275-0.511 2.275zM0.667 30.947c-0.368 0-0.667-0.299-0.667-0.667 0-3.861 3.084-6.667 7.333-6.667h1.644l1.775-2.647c0.205-0.307 0.619-0.391 0.925-0.184 0.305 0.204 0.388 0.619 0.183 0.923l-1.972 2.945c-0.124 0.185-0.332 0.296-0.555 0.296h-2c-3.532 0-6 2.195-6 5.333 0 0.368-0.299 0.667-0.667 0.667zM31.305 30.947c-0.367 0-0.667-0.299-0.667-0.667 0-3.139-2.471-5.333-6-5.333h-2c-0.223 0-0.431-0.111-0.555-0.296l-1.972-2.945c-0.204-0.305-0.123-0.719 0.183-0.923 0.305-0.207 0.719-0.124 0.925 0.184l1.775 2.647h1.644c4.251 0 7.333 2.804 7.333 6.667 0 0.368-0.296 0.667-0.667 0.667zM16 29.615c-0.133 0-0.268-0.039-0.383-0.121l-6.667-4.668c-0.303-0.211-0.375-0.628-0.164-0.928 0.211-0.301 0.629-0.373 0.928-0.163l6.284 4.401 6.256-4.401c0.301-0.208 0.717-0.139 0.929 0.163 0.212 0.304 0.139 0.716-0.163 0.928l-6.637 4.668c-0.115 0.083-0.248 0.121-0.384 0.121zM29.335 7.392c-0.047 0-0.091-0.005-0.139-0.015l-1.981-0.417c-0.361-0.076-0.591-0.427-0.519-0.789 0.075-0.363 0.432-0.596 0.792-0.516l1.847 0.387 9.139-1.861-9.139-1.78-5.869 1.18c-0.36 0.081-0.713-0.159-0.785-0.523-0.072-0.361 0.161-0.712 0.523-0.785l6-1.205c0.085-0.019 0.176-0.017 0.26-0.001l12.555 2.445c0.312 0.061 0.536 0.335 0.539 0.652 0 0.317-0.224 0.592-0.533 0.656l-12.555 2.555c-0.045 0.015-0.089 0.019-0.133 0.019zM29.335 11.115c-0.685 0-1.369-0.029-2.039-0.088-0.367-0.029-0.639-0.356-0.607-0.723 0.031-0.363 0.361-0.633 0.721-0.604 2.62 0.232 5.604-0.047 7.708-0.763 0.349-0.113 0.727 0.069 0.847 0.417 0.117 0.352-0.071 0.728-0.417 0.849-1.74 0.585-3.945 0.911-6.213 0.911zM42.001 16.947h-2.68c-0.203 0-0.396-0.092-0.521-0.251-0.129-0.157-0.176-0.363-0.132-0.564l1.331-5.925v-5.26c0-0.368 0.299-0.667 0.667-0.667 0.365 0 0.667 0.299 0.667 0.667v5.26l1.316 5.927c0.044 0.197-0.003 0.405-0.131 0.561-0.123 0.163-0.316 0.252-0.516 0.252zM40.152 15.613h1.016l-0.505-2.275-0.511 2.275zM44.556 30.947c-0.367 0-0.667-0.299-0.667-0.667 0-3.139-2.432-5.333-5.917-5.333h-2c-0.219 0-0.421-0.107-0.547-0.285l-2.057-2.944c-0.096-0.139-0.139-0.308-0.115-0.477l0.035-0.24c0.007-0.045 0.020-0.091 0.033-0.139 0.433-1.167 0.675-2.557 0.675-3.917 0-0.368 0.301-0.667 0.667-0.667 0.549 0 1.305-0.453 1.333-0.668v-2.663c0-0.667 0-0.667-0.667-0.667-0.365 0-0.667-0.299-0.667-0.667v-5.333c0-0.368 0.301-0.667 0.667-0.667 0.368 0 0.667 0.299 0.667 0.667v4.725c1.333 0.26 1.333 1.331 1.333 1.941v2.667c0 0.972-1.049 1.681-2.015 1.917-0.055 1.271-0.297 2.547-0.695 3.659l1.695 2.423h1.653c4.268 0 7.249 2.741 7.249 6.667 0.005 0.369-0.295 0.668-0.661 0.668zM30.832 28.563c-0.211 0-0.417-0.099-0.547-0.284-0.211-0.303-0.139-0.716 0.161-0.927l5.143-3.617c0.303-0.211 0.716-0.139 0.929 0.163 0.209 0.301 0.139 0.716-0.164 0.928l-5.14 3.616c-0.117 0.083-0.249 0.121-0.383 0.121z\"><\/path>\n        <\/svg><\/span><\/span><\/div>\n\t<\/div>\n<div class=\"wpb_text_column wpb_content_element  vc_custom_1744803185908\" >\n\t<div class=\"wpb_wrapper\">\n\t\t<h3>Toate examenele pe care le oferim pot fi organizate \u0219i \u00een cadrul companiei<\/h3>\n\t<\/div>\n<\/div>\n\n\n\n<div id=\"fws_69fb54ae9fcd9\" data-midnight=\"\" data-column-margin=\"default\" class=\"wpb_row vc_row-fluid vc_row inner_row\"  style=\"\"><div class=\"row-bg-wrap\"> <div class=\"row-bg\" ><\/div> <\/div><div class=\"row_col_wrap_12_inner col span_12  left\">\n\t<div  class=\"vc_col-sm-12 wpb_column column_container vc_column_container col child_column no-extra-padding inherit_tablet inherit_phone\"   data-padding-pos=\"all\" data-has-bg-color=\"false\" data-bg-color=\"\" data-bg-opacity=\"1\" data-animation=\"\" data-delay=\"0\" >\n\t\t<div class=\"vc_column-inner\" >\n\t\t<div class=\"wpb_wrapper\">\n\t\t\t<a class=\"nectar-button large see-through-2\"  role=\"button\" style=\"margin-left: 5px;\"  href=\"#aanvragen\" data-color-override=\"false\" data-hover-color-override=\"false\" data-hover-text-color-override=\"#ffffff\"><span>REZERV\u0102 ACUM<\/span><\/a>\n\t\t<\/div> \n\t<\/div>\n\t<\/div> \n<\/div><\/div>\n\t\t\t<\/div> \n\t\t<\/div>\n\t<\/div> \n<\/div><\/div>\n\t\t<div id=\"fws_69fb54aea0d87\"  data-column-margin=\"default\" data-midnight=\"dark\" data-top-percent=\"5%\" data-bottom-percent=\"5%\"  class=\"wpb_row vc_row-fluid vc_row full-width-content vc_row-o-equal-height vc_row-flex vc_row-o-content-middle  right_padding_27vw left_padding_27vw bottom_padding_tablet_12pct right_padding_tablet_20vw right_padding_phone_7vw left_padding_tablet_20vw left_padding_phone_7vw\"  style=\"padding-top: calc(100vw * 0.05); padding-bottom: calc(100vw * 0.05); \"><div class=\"row-bg-wrap\" data-bg-animation=\"none\" data-bg-animation-delay=\"\" data-bg-overlay=\"false\"><div class=\"inner-wrap row-bg-layer\" ><div class=\"row-bg viewport-desktop\"  style=\"\"><\/div><\/div><\/div><div class=\"row_col_wrap_12 col span_12 dark left\">\n\t<div  class=\"vc_col-sm-12 wpb_column column_container vc_column_container col column_position_static el_spacing_0px\"  data-overlay-color=\"true\" data-padding-pos=\"all\" data-has-bg-color=\"false\" data-bg-color=\"\" data-bg-opacity=\"1\" data-animation=\"\" data-delay=\"0\" >\n\t\t<div class=\"vc_column-inner\" ><div class=\"column-bg-overlay-wrap column-bg-layer\" data-bg-animation=\"none\"><div class=\"column-bg-overlay\"><\/div><div class=\"column-overlay-layer\" style=\"\"><\/div><\/div>\n\t\t\t<div class=\"wpb_wrapper\">\n\t\t\t\t\n\t\t\t<\/div> \n\t\t<\/div>\n\t<\/div> \n<\/div><\/div>\n\t\t<div id=\"aanvragen\"  data-column-margin=\"default\" data-midnight=\"dark\"  class=\"wpb_row vc_row-fluid vc_row\"  style=\"padding-top: 10px; padding-bottom: 0px; \"><div class=\"row-bg-wrap\" data-bg-animation=\"none\" data-bg-animation-delay=\"\" data-bg-overlay=\"false\"><div class=\"inner-wrap row-bg-layer\" ><div class=\"row-bg viewport-desktop\"  style=\"\"><\/div><\/div><\/div><div class=\"row_col_wrap_12 col span_12 dark left\">\n\t<div  class=\"vc_col-sm-4 wpb_column column_container vc_column_container col no-extra-padding inherit_tablet inherit_phone\"  data-padding-pos=\"all\" data-has-bg-color=\"false\" data-bg-color=\"\" data-bg-opacity=\"1\" data-animation=\"\" data-delay=\"0\" >\n\t\t<div class=\"vc_column-inner\" >\n\t\t\t<div class=\"wpb_wrapper\">\n\t\t\t\t<div class=\"nectar-fancy-box style-5 using-img  overlay_000000\" data-align=\"bottom\" data-overlay-opacity=\"0.6\" data-overlay-opacity-hover=\"0.2\" data-style=\"parallax_hover\" data-border-radius=\"5px\" data-animation=\"\" data-delay=\"\" data-color=\"accent-color\"><a  href=\"https:\/\/www.examenbureaurotterdam.nl\/ro\/vca\/\" class=\"box-link\"><\/a><div class=\"parallaxImg\"><div class=\"parallaxImg-layer\" data-img=\"https:\/\/www.examenbureaurotterdam.nl\/wp-content\/uploads\/2025\/01\/Construction_Hard_Hat_And_Blueprints_original_1166707-scaled.jpg\"><\/div><div class=\"parallaxImg-layer\"> <div class=\"meta-wrap\" style=\"min-height: 240px\"><div class=\"inner\">\n<h3 style=\"text-align: left\">VCA<\/h3>\n<\/div> <\/div><\/div><\/div><\/div>\n\t\t\t<\/div> \n\t\t<\/div>\n\t<\/div> \n\n\t<div  class=\"vc_col-sm-4 wpb_column column_container vc_column_container col no-extra-padding inherit_tablet inherit_phone\"  data-padding-pos=\"all\" data-has-bg-color=\"false\" data-bg-color=\"\" data-bg-opacity=\"1\" data-animation=\"\" data-delay=\"0\" >\n\t\t<div class=\"vc_column-inner\" >\n\t\t\t<div class=\"wpb_wrapper\">\n\t\t\t\t<div class=\"nectar-fancy-box style-5 using-img\" data-align=\"bottom\" data-overlay-opacity=\"0.6\" data-overlay-opacity-hover=\"0.2\" data-style=\"parallax_hover\" data-border-radius=\"5px\" data-animation=\"\" data-delay=\"\" data-color=\"accent-color\"><a  href=\"https:\/\/www.examenbureaurotterdam.nl\/ro\/sog\/\" class=\"box-link\"><\/a><div class=\"parallaxImg\"><div class=\"parallaxImg-layer\" data-img=\"https:\/\/www.examenbureaurotterdam.nl\/wp-content\/uploads\/2025\/01\/Home-vcadef.jpg\"><\/div><div class=\"parallaxImg-layer\"> <div class=\"meta-wrap\" style=\"min-height: 240px\"><div class=\"inner\">\n<h3>SOG<\/h3>\n<div id=\"WRWHOISInstalled\"><\/div>\n<div id=\"WRWHOISInstalled\"><\/div>\n<\/div> <\/div><\/div><\/div><\/div>\n\t\t\t<\/div> \n\t\t<\/div>\n\t<\/div> \n\n\t<div  class=\"vc_col-sm-4 wpb_column column_container vc_column_container col no-extra-padding inherit_tablet inherit_phone\"  data-padding-pos=\"all\" data-has-bg-color=\"false\" data-bg-color=\"\" data-bg-opacity=\"1\" data-animation=\"\" data-delay=\"0\" >\n\t\t<div class=\"vc_column-inner\" >\n\t\t\t<div class=\"wpb_wrapper\">\n\t\t\t\t<div class=\"nectar-fancy-box style-5 using-img\" data-align=\"bottom\" data-overlay-opacity=\"0.6\" data-overlay-opacity-hover=\"0.2\" data-style=\"parallax_hover\" data-border-radius=\"5px\" data-animation=\"\" data-delay=\"\" data-color=\"accent-color\"><a  href=\"https:\/\/www.examenbureaurotterdam.nl\/ro\/steigerbouw\/\" class=\"box-link\"><\/a><div class=\"parallaxImg\"><div class=\"parallaxImg-layer\" data-img=\"https:\/\/www.examenbureaurotterdam.nl\/wp-content\/uploads\/2025\/03\/Steigerbouw-EBR.png\"><\/div><div class=\"parallaxImg-layer\"> <div class=\"meta-wrap\" style=\"min-height: 240px\"><div class=\"inner\">\n<h3>SCHELE<\/h3>\n<div id=\"WRWHOISInstalled\"><\/div>\n<div id=\"WRWHOISInstalled\"><\/div>\n<\/div> <\/div><\/div><\/div><\/div>\n\t\t\t<\/div> \n\t\t<\/div>\n\t<\/div> \n<\/div><\/div>\n\t\t<div id=\"fws_69fb54aea45c4\"  data-column-margin=\"default\" data-midnight=\"dark\"  class=\"wpb_row vc_row-fluid vc_row\"  style=\"padding-top: 10px; padding-bottom: 0px; \"><div class=\"row-bg-wrap\" data-bg-animation=\"none\" data-bg-animation-delay=\"\" data-bg-overlay=\"false\"><div class=\"inner-wrap row-bg-layer\" ><div class=\"row-bg viewport-desktop\"  style=\"\"><\/div><\/div><\/div><div class=\"row_col_wrap_12 col span_12 dark left\">\n\t<div  class=\"vc_col-sm-4 wpb_column column_container vc_column_container col no-extra-padding inherit_tablet inherit_phone\"  data-padding-pos=\"all\" data-has-bg-color=\"false\" data-bg-color=\"\" data-bg-opacity=\"1\" data-animation=\"\" data-delay=\"0\" >\n\t\t<div class=\"vc_column-inner\" >\n\t\t\t<div class=\"wpb_wrapper\">\n\t\t\t\t<div class=\"nectar-fancy-box style-5 using-img\" data-align=\"bottom\" data-overlay-opacity=\"0.6\" data-overlay-opacity-hover=\"0.2\" data-style=\"parallax_hover\" data-border-radius=\"5px\" data-animation=\"\" data-delay=\"\" data-color=\"accent-color\"><a  href=\"https:\/\/www.examenbureaurotterdam.nl\/ro\/asbest\/\" class=\"box-link\"><\/a><div class=\"parallaxImg\"><div class=\"parallaxImg-layer\" data-img=\"https:\/\/www.examenbureaurotterdam.nl\/wp-content\/uploads\/2025\/03\/ASBEST-EBR-5.png\"><\/div><div class=\"parallaxImg-layer\"> <div class=\"meta-wrap\" style=\"min-height: 240px\"><div class=\"inner\">\n<h3 style=\"text-align: left\">AZBEST<\/h3>\n<div id=\"WRWHOISInstalled\"><\/div>\n<div id=\"WRWHOISInstalled\"><\/div>\n<\/div> <\/div><\/div><\/div><\/div>\n\t\t\t<\/div> \n\t\t<\/div>\n\t<\/div> \n\n\t<div  class=\"vc_col-sm-4 wpb_column column_container vc_column_container col no-extra-padding inherit_tablet inherit_phone\"  data-padding-pos=\"all\" data-has-bg-color=\"false\" data-bg-color=\"\" data-bg-opacity=\"1\" data-animation=\"\" data-delay=\"0\" >\n\t\t<div class=\"vc_column-inner\" >\n\t\t\t<div class=\"wpb_wrapper\">\n\t\t\t\t<div class=\"nectar-fancy-box style-5 using-img\" data-align=\"bottom\" data-overlay-opacity=\"0.6\" data-overlay-opacity-hover=\"0.2\" data-style=\"parallax_hover\" data-border-radius=\"5px\" data-animation=\"\" data-delay=\"\" data-color=\"accent-color\"><a  href=\"https:\/\/www.examenbureaurotterdam.nl\/ro\/wft\/\" class=\"box-link\"><\/a><div class=\"parallaxImg\"><div class=\"parallaxImg-layer\" data-img=\"https:\/\/www.examenbureaurotterdam.nl\/wp-content\/uploads\/2025\/01\/HOME-ISO-DEF.jpg\"><\/div><div class=\"parallaxImg-layer\"> <div class=\"meta-wrap\" style=\"min-height: 240px\"><div class=\"inner\">\n<h3>WFT<\/h3>\n<\/div> <\/div><\/div><\/div><\/div>\n\t\t\t<\/div> \n\t\t<\/div>\n\t<\/div> \n\n\t<div  class=\"vc_col-sm-4 wpb_column column_container vc_column_container col no-extra-padding inherit_tablet inherit_phone\"  data-padding-pos=\"all\" data-has-bg-color=\"false\" data-bg-color=\"\" data-bg-opacity=\"1\" data-animation=\"\" data-delay=\"0\" >\n\t\t<div class=\"vc_column-inner\" >\n\t\t\t<div class=\"wpb_wrapper\">\n\t\t\t\t<div class=\"nectar-fancy-box style-5 using-img\" data-align=\"bottom\" data-overlay-opacity=\"0.6\" data-overlay-opacity-hover=\"0.2\" data-style=\"parallax_hover\" data-border-radius=\"5px\" data-animation=\"\" data-delay=\"\" data-color=\"accent-color\"><a  href=\"https:\/\/www.examenbureaurotterdam.nl\/ro\/pe\/\" class=\"box-link\"><\/a><div class=\"parallaxImg\"><div class=\"parallaxImg-layer\" data-img=\"https:\/\/www.examenbureaurotterdam.nl\/wp-content\/uploads\/2025\/03\/PE-EBR.png\"><\/div><div class=\"parallaxImg-layer\"> <div class=\"meta-wrap\" style=\"min-height: 240px\"><div class=\"inner\">\n<h3>PE<\/h3>\n<div id=\"WRWHOISInstalled\"><\/div>\n<div id=\"WRWHOISInstalled\"><\/div>\n<\/div> <\/div><\/div><\/div><\/div>\n\t\t\t<\/div> \n\t\t<\/div>\n\t<\/div> \n<\/div><\/div>\n\t\t<div id=\"fws_69fb54aea6d5a\"  data-column-margin=\"default\" data-midnight=\"dark\"  class=\"wpb_row vc_row-fluid vc_row\"  style=\"padding-top: 0px; padding-bottom: 0px; \"><div class=\"row-bg-wrap\" data-bg-animation=\"none\" data-bg-animation-delay=\"\" data-bg-overlay=\"false\"><div class=\"inner-wrap row-bg-layer\" ><div class=\"row-bg viewport-desktop\"  style=\"\"><\/div><\/div><\/div><div class=\"row_col_wrap_12 col span_12 dark left\">\n\t<div  class=\"vc_col-sm-12 wpb_column column_container vc_column_container col no-extra-padding inherit_tablet inherit_phone\"  data-padding-pos=\"all\" data-has-bg-color=\"false\" data-bg-color=\"\" data-bg-opacity=\"1\" data-animation=\"\" data-delay=\"0\" >\n\t\t<div class=\"vc_column-inner\" >\n\t\t\t<div class=\"wpb_wrapper\">\n\t\t\t\t<div class=\"divider-wrap\" data-alignment=\"default\"><div style=\"height: 100px;\" class=\"divider\"><\/div><\/div>\n\t\t\t<\/div> \n\t\t<\/div>\n\t<\/div> \n<\/div><\/div>","protected":false},"excerpt":{"rendered":"Examens Examenbureau Rotterdam biedt een breed scala aan vakgerichte examens, waaronder VOL-VCA, B-VCA, Steigerbouw, Asbest, WFT, PE en SOG. Wij zorgen voor een professionele en...","protected":false},"author":2,"featured_media":0,"parent":0,"menu_order":0,"comment_status":"closed","ping_status":"closed","template":"","meta":{"_joinchat":[],"footnotes":""},"class_list":["post-5847","page","type-page","status-publish"],"_links":{"self":[{"href":"https:\/\/www.examenbureaurotterdam.nl\/ro\/wp-json\/wp\/v2\/pages\/5847","targetHints":{"allow":["GET"]}}],"collection":[{"href":"https:\/\/www.examenbureaurotterdam.nl\/ro\/wp-json\/wp\/v2\/pages"}],"about":[{"href":"https:\/\/www.examenbureaurotterdam.nl\/ro\/wp-json\/wp\/v2\/types\/page"}],"author":[{"embeddable":true,"href":"https:\/\/www.examenbureaurotterdam.nl\/ro\/wp-json\/wp\/v2\/users\/2"}],"replies":[{"embeddable":true,"href":"https:\/\/www.examenbureaurotterdam.nl\/ro\/wp-json\/wp\/v2\/comments?post=5847"}],"version-history":[{"count":81,"href":"https:\/\/www.examenbureaurotterdam.nl\/ro\/wp-json\/wp\/v2\/pages\/5847\/revisions"}],"predecessor-version":[{"id":8111,"href":"https:\/\/www.examenbureaurotterdam.nl\/ro\/wp-json\/wp\/v2\/pages\/5847\/revisions\/8111"}],"wp:attachment":[{"href":"https:\/\/www.examenbureaurotterdam.nl\/ro\/wp-json\/wp\/v2\/media?parent=5847"}],"curies":[{"name":"wp","href":"https:\/\/api.w.org\/{rel}","templated":true}]}}