{"id":3,"date":"2021-04-19T10:25:05","date_gmt":"2021-04-19T10:25:05","guid":{"rendered":"https:\/\/www.examenbureaurotterdam.nl\/?page_id=3"},"modified":"2026-03-02T10:56:10","modified_gmt":"2026-03-02T09:56:10","slug":"privacybeleid","status":"publish","type":"page","link":"https:\/\/www.examenbureaurotterdam.nl\/ro\/privacybeleid\/","title":{"rendered":"Politica de confiden\u021bialitate"},"content":{"rendered":"<div id=\"fws_69fb532c2cc68\"  data-column-margin=\"default\" data-midnight=\"dark\"  class=\"wpb_row vc_row-fluid vc_row\"  style=\"padding-top: 0px; padding-bottom: 0px; \"><div class=\"row-bg-wrap\" data-bg-animation=\"none\" data-bg-animation-delay=\"\" data-bg-overlay=\"false\"><div class=\"inner-wrap row-bg-layer\" ><div class=\"row-bg viewport-desktop\"  style=\"\"><\/div><\/div><\/div><div class=\"row_col_wrap_12 col span_12 dark left\">\n\t<div  class=\"vc_col-sm-12 wpb_column column_container vc_column_container col no-extra-padding inherit_tablet inherit_phone\"  data-padding-pos=\"all\" data-has-bg-color=\"false\" data-bg-color=\"\" data-bg-opacity=\"1\" data-animation=\"\" data-delay=\"0\" >\n\t\t<div class=\"vc_column-inner\" >\n\t\t\t<div class=\"wpb_wrapper\">\n\t\t\t\t\n<div class=\"wpb_text_column wpb_content_element\" >\n\t<div class=\"wpb_wrapper\">\n\t\t<div class=\"row_col_wrap_12 col span_12 dark left\">\n<div class=\"vc_col-sm-12 wpb_column column_container vc_column_container col no-extra-padding inherit_tablet inherit_phone\" data-padding-pos=\"all\" data-has-bg-color=\"false\" data-bg-color=\"\" data-bg-opacity=\"1\" data-animation=\"\" data-delay=\"0\">\n<div class=\"vc_column-inner\">\n<div class=\"wpb_wrapper\">\n<div class=\"wpb_text_column wpb_content_element\">\n<div class=\"wpb_wrapper\">\n<div class=\"row_col_wrap_12 col span_12 dark left\">\n<div class=\"vc_col-sm-12 wpb_column column_container vc_column_container col no-extra-padding inherit_tablet inherit_phone\" data-padding-pos=\"all\" data-has-bg-color=\"false\" data-bg-color=\"\" data-bg-opacity=\"1\" data-animation=\"\" data-delay=\"0\">\n<div class=\"vc_column-inner\">\n<div class=\"wpb_wrapper\">\n<div class=\"wpb_text_column wpb_content_element\">\n<div class=\"wpb_wrapper\">\n<h3 class=\"sppb-addon-title\">Declara\u021bie de confiden\u021bialitate Oficiul de Examinare Rotterdam BV<\/h3>\n<p>La Examenbureau Rotterdam BV (denumit\u0103 \u00een continuare \u201eEBR\u201d), acord\u0103m o importan\u021b\u0103 deosebit\u0103 protec\u021biei datelor dumneavoastr\u0103 cu caracter personal. Datele personale ale tuturor clien\u021bilor \u0219i vizitatorilor sunt prelucrate \u0219i protejate cu cea mai mare aten\u021bie. \u00cen aceast\u0103 declara\u021bie, EBR explic\u0103 ce date sunt necesare de la dumneavoastr\u0103 pentru a v\u0103 oferi servicii de calitate.<\/p>\n<table>\n<tbody>\n<tr>\n<td colspan=\"2\">Datele EBR<\/td>\n<\/tr>\n<tr>\n<td><strong>Adresa:<\/strong><\/td>\n<td>Industrieweg 37 A1<\/td>\n<\/tr>\n<tr>\n<td><strong>Cod po\u0219tal:<\/strong><\/td>\n<td>3044 AS<\/td>\n<\/tr>\n<tr>\n<td><strong>Loc<\/strong><\/td>\n<td>Rotterdam<\/td>\n<\/tr>\n<tr>\n<td><strong>E-mail:<\/strong><\/td>\n<td><a href=\"mailto:info@examenbureaurotterdam.nl\">info@examenbureaurotterdam.nl<\/a><\/td>\n<\/tr>\n<tr>\n<td><strong>Num\u0103r de telefon:<\/strong><\/td>\n<td>0103030007<\/td>\n<\/tr>\n<tr>\n<td><strong>Site web:<\/strong><\/td>\n<td>www.examenbureaurotterdam.nl<\/td>\n<\/tr>\n<\/tbody>\n<\/table>\n<p><strong>Prelucrare:<br \/>\n<\/strong>EBR prelucreaz\u0103, printre altele, urm\u0103toarele date pe care le-am primit de la dumneavoastr\u0103 sau de la angajatorul dumneavoastr\u0103:<\/p>\n<ul>\n<li>Nume (complet)<\/li>\n<li>Data na\u0219terii<\/li>\n<li>Adresa<\/li>\n<li>Num\u0103r de telefon<\/li>\n<li>Adresa de e-mail<\/li>\n<li>Date privind facturile<\/li>\n<li>Date privind procesul de comand\u0103 a produselor<\/li>\n<li>Alte informa\u021bii introduse<\/li>\n<\/ul>\n<p>Folosim datele dumneavoastr\u0103 exclusiv pentru a v\u0103 oferi servicii de calitate \u0219i pentru a v\u0103 informa despre oferte \u0219i promo\u021bii relevante \u00een viitor.<\/p>\n<p><strong>Cine din cadrul EBR v\u0103 poate accesa datele:<\/strong><\/p>\n<ul>\n<li data-mce-word-list=\"1\">Consiliul de administra\u021bie<\/li>\n<li data-mce-word-list=\"1\">Management<\/li>\n<li data-mce-word-list=\"1\">Personalul de birou<\/li>\n<li>Examenfunctionarissen<\/li>\n<\/ul>\n<p><strong>Partajarea datelor cu caracter personal cu ter\u021be p\u0103r\u021bi<br \/>\n<\/strong>Pentru serviciile noastre este necesar s\u0103 partaj\u0103m date cu caracter personal cu furnizori externi, de ex. a \u00eenscrie un examen. \u00cencerc\u0103m s\u0103 limit\u0103m acest lucru pe c\u00e2t posibil \u0219i partaj\u0103m datele dumneavoastr\u0103 cu alte persoane doar dac\u0103 acest lucru este necesar pentru executarea acordului nostru cu dumneavoastr\u0103 sau pentru a respecta obliga\u021biile legale.<\/p>\n<p><strong>Perioada de p\u0103strare a datelor cu caracter personal<br \/>\n<\/strong>EBR bewaart persoonsgegevens niet langer dan voor de doeleinden waarvoor zij zijn verzameld of worden gebruikt. Sommige persoonsgegevens moeten langer bewaard worden op grond van de wet. In dat geval bewaart EBR de betreffende persoonsgegevens zolang als de wet voorschrijft. De gegevens op examendocumenten worden niet langer bewaard dan 3 jaar.<br \/>\nPersoonsgegevens noodzakelijk voor persoonscertificering (naam en geboortedatum) worden voor de duur van de certificering bewaard.<\/p>\n<p><strong>Documentbeheer<br \/>\n<\/strong>De gegevens op examendocumenten worden niet langer bewaard dan hierboven is aangegeven. Wij kiezen 2 momenten in het jaar om dit te realiseren, namelijk in de eerste week van januari en week 1 van juli.<\/p>\n<p><strong>Back-up<\/strong><br \/>\nWij maken dagelijks een back-up van onze server en applicatie.<\/p>\n<\/div>\n<div class=\"wpb_wrapper\">\n<p><strong>Accesarea, modificarea, \u0219tergerea, reclama\u021biile privind datele cu caracter personal<br \/>\n<\/strong>Datele dumneavoastr\u0103 pot fi utilizate pentru a v\u0103 trimite informa\u021bii \u0219i\/sau oferte speciale de c\u0103tre EBR. Pentru \u00eentreb\u0103ri despre politica de confiden\u021bialitate a EBR sau \u00eentreb\u0103ri privind accesul la datele dumneavoastr\u0103 personale \u0219i modificarea (sau \u0219tergerea acestora), v\u0103 rug\u0103m s\u0103 contacta\u021bi EBR. Trimite\u021bi o scrisoare c\u0103tre EBR, \u00een aten\u021bia... Managementul Adresei, Industrieweg 37 A1, 3044 AS Rotterdam sau un e-mail la <a href=\"mailto:info@examenbureaurotterdam.nl.\">info@examenbureaurotterdam.nl.<\/a><\/p>\n<p><strong>Politica privind cookie-urile<br \/>\n<\/strong>C\u00e2nd utiliza\u021bi acest site web, EBR sau ter\u021be p\u0103r\u021bi pot colecta informa\u021bii despre utilizarea acestui site web, de exemplu prin intermediul cookie-urilor. Acestea sunt fi\u0219iere mici stocate de browserul dvs. pe hard disk-ul computerelor\/tabletelor\/telefoanelor. C\u00e2nd utiliza\u021bi site-ul web \u00een mod repetat, browserul dvs. este recunoscut. Informa\u021biile colectate prin intermediul cookie-urilor, printre altele, pot fi folosite pentru a analiza utilizarea site-ului web. De exemplu, se poate determina care pagini sunt populare \u0219i care p\u0103r\u021bi ale site-ului web trebuie ajustate. EBR nu partajeaz\u0103 date privind utilizarea acestui site web cu ter\u021be p\u0103r\u021bi.<\/p>\n<p><strong>\u0218tergerea cookie-urilor<\/strong><br \/>\nPute\u021bi \u0219terge cookie-urile care au fost deja plasate \u00een browserul dvs. \u00centruc\u00e2t interfa\u021ba fiec\u0103rui browser este diferit\u0103, este recomandat s\u0103 consulta\u021bi func\u021bia de ajutor pentru a \u0219terge cookie-urile \u0219i a refuza cookie-urile noi. Aten\u021bie: dac\u0103 refuza\u021bi \u0219i\/sau \u0219terge\u021bi modulele cookie, este posibil s\u0103 nu pute\u021bi utiliza \u00eentotdeauna toate func\u021biile site-ului web. \u00cen plus, refuzarea sau \u0219tergerea cookie-urilor afecteaz\u0103 doar computerul \u0219i browserul pe care efectua\u021bi aceast\u0103 ac\u021biune. Dac\u0103 utiliza\u021bi mai multe computere\/tablete\/telefoane \u0219i\/sau browsere, trebuie s\u0103 repeta\u021bi ac\u021biunea (ac\u021biunile) de mai sus ori de c\u00e2te ori este necesar.<\/p>\n<p><strong>Cybercriminaliteit<br \/>\n<\/strong>Indien wij gehackt zijn, is het belangrijkste is dat we op zo\u2019n moment adequaat handelen om uw gegevens te beschermen. Ons stappenplan is als volgt,<\/p>\n<ol>\n<li>Schakel direct alle internetverbindingen uit<\/li>\n<li>Veranderen van al onze wachtwoorden<\/li>\n<li>Schakel direct experts in<\/li>\n<li>Informeer onze klanten per mail en ga na of zij iets hebben opgemerkt\n<ol>\n<li>Klanten die hieronder hebben geleden direct telefonisch contacteren om het op te lossen met de experts<\/li>\n<\/ol>\n<\/li>\n<li>Onze veiligheidssystemen beoordelen en verbeteren<\/li>\n<\/ol>\n<p><strong>Modific\u0103ri ale acestor declara\u021bii<\/strong><br \/>\nEBR behoudt zich het recht voor om wijzigingen aan te brengen in de AVG register. Elke aanpassing zal EBR op deze pagina publiceren. Laatst aangepast op 01-11-2025.<\/p>\n<\/div>\n<\/div>\n<\/div>\n<\/div>\n<\/div>\n<\/div>\n<\/div>\n<\/div>\n<\/div>\n<\/div>\n<\/div>\n<\/div>\n\t<\/div>\n<\/div>\n\n\n\n\n\t\t\t<\/div> \n\t\t<\/div>\n\t<\/div> \n<\/div><\/div>","protected":false},"excerpt":{"rendered":"Declara\u021bie de confiden\u021bialitate Examination Bureau Rotterdam BV La Examination Bureau Rotterdam BV (denumit\u0103 \u00een continuare \u201eEBR\u201d), acord\u0103m o importan\u021b\u0103 deosebit\u0103 protej\u0103rii datelor dumneavoastr\u0103 cu caracter personal. Datele cu caracter personal ale tuturor clien\u021bilor...","protected":false},"author":2,"featured_media":0,"parent":0,"menu_order":0,"comment_status":"closed","ping_status":"open","template":"","meta":{"_joinchat":[],"footnotes":""},"class_list":["post-3","page","type-page","status-publish"],"_links":{"self":[{"href":"https:\/\/www.examenbureaurotterdam.nl\/ro\/wp-json\/wp\/v2\/pages\/3","targetHints":{"allow":["GET"]}}],"collection":[{"href":"https:\/\/www.examenbureaurotterdam.nl\/ro\/wp-json\/wp\/v2\/pages"}],"about":[{"href":"https:\/\/www.examenbureaurotterdam.nl\/ro\/wp-json\/wp\/v2\/types\/page"}],"author":[{"embeddable":true,"href":"https:\/\/www.examenbureaurotterdam.nl\/ro\/wp-json\/wp\/v2\/users\/2"}],"replies":[{"embeddable":true,"href":"https:\/\/www.examenbureaurotterdam.nl\/ro\/wp-json\/wp\/v2\/comments?post=3"}],"version-history":[{"count":5,"href":"https:\/\/www.examenbureaurotterdam.nl\/ro\/wp-json\/wp\/v2\/pages\/3\/revisions"}],"predecessor-version":[{"id":8486,"href":"https:\/\/www.examenbureaurotterdam.nl\/ro\/wp-json\/wp\/v2\/pages\/3\/revisions\/8486"}],"wp:attachment":[{"href":"https:\/\/www.examenbureaurotterdam.nl\/ro\/wp-json\/wp\/v2\/media?parent=3"}],"curies":[{"name":"wp","href":"https:\/\/api.w.org\/{rel}","templated":true}]}}