{"id":7923,"date":"2025-04-29T12:19:01","date_gmt":"2025-04-29T10:19:01","guid":{"rendered":"https:\/\/www.examenbureaurotterdam.nl\/?post_type=product&#038;p=7923"},"modified":"2025-07-25T09:32:18","modified_gmt":"2025-07-25T07:32:18","slug":"vol-vca-engels","status":"publish","type":"product","link":"https:\/\/www.examenbureaurotterdam.nl\/pt\/produto\/vol-vca-engels\/","title":{"rendered":"VOL-VCA Ingl\u00eas"},"content":{"rendered":"","protected":false},"excerpt":{"rendered":"<p class=\"\" data-start=\"114\" data-end=\"414\"><strong data-start=\"114\" data-end=\"176\">Quer passar no seu exame VOL-VCA rapidamente e sem preocupa\u00e7\u00f5es?<\/strong><br data-start=\"176\" data-end=\"179\" \/>Com nosso autoestudo on-line completo, voc\u00ea aprender\u00e1 exatamente o que precisa saber \u2013 no seu pr\u00f3prio tempo e no seu pr\u00f3prio ritmo. Pratique com mais de 190 quest\u00f5es, receba feedback claro e prepare-se da melhor forma com simulados realistas e dicas pr\u00e1ticas.<\/p>\n<p class=\"\" data-start=\"416\" data-end=\"805\">\u2705 <strong>Autoestudo completo<\/strong> \u2013 estudar com flexibilidade<br data-start=\"479\" data-end=\"482\" \/>\u2705 <strong>Mais de 190 quest\u00f5es pr\u00e1ticas<\/strong> \u2013 fortale\u00e7a seus conhecimentos<br data-start=\"537\" data-end=\"540\" \/>\u2705 <strong>1 exame pr\u00e1tico oficial<\/strong> \u2013 exames pr\u00e1ticos realistas<br data-start=\"592\" data-end=\"595\" \/>\u2705 <strong>Feedback sobre todas as respostas<\/strong> \u2013 aprender e melhorar<br data-start=\"642\" data-end=\"645\" \/>\u2705 <strong>Dicas pr\u00e1ticas para exames<\/strong> \u2013 definitivamente o exame<br data-start=\"703\" data-end=\"706\" \/>\u2705 <strong>Exame pr\u00e1tico 3 vezes<\/strong> \u2013 chance extra de passar<br data-start=\"755\" data-end=\"758\" \/>\u2705 <strong>6 meses de acesso<\/strong> \u2013 aprenda no seu pr\u00f3prio ritmo<\/p>\n<p class=\"\" data-start=\"807\" data-end=\"883\"><strong data-start=\"807\" data-end=\"883\">Pronto para receber seu VOL-VCA? Cadastre-se agora e comece agora mesmo!<\/strong><\/p>","protected":false},"featured_media":7713,"template":"","meta":{"_joinchat":[]},"product_brand":[],"product_cat":[56],"product_tag":[],"class_list":{"0":"post-7923","1":"product","2":"type-product","3":"status-publish","4":"has-post-thumbnail","6":"product_cat-vca-e-learning","8":"first","9":"instock","10":"taxable","11":"shipping-taxable","12":"purchasable","13":"product-type-simple"},"_links":{"self":[{"href":"https:\/\/www.examenbureaurotterdam.nl\/pt\/wp-json\/wp\/v2\/product\/7923","targetHints":{"allow":["GET"]}}],"collection":[{"href":"https:\/\/www.examenbureaurotterdam.nl\/pt\/wp-json\/wp\/v2\/product"}],"about":[{"href":"https:\/\/www.examenbureaurotterdam.nl\/pt\/wp-json\/wp\/v2\/types\/product"}],"wp:featuredmedia":[{"embeddable":true,"href":"https:\/\/www.examenbureaurotterdam.nl\/pt\/wp-json\/wp\/v2\/media\/7713"}],"wp:attachment":[{"href":"https:\/\/www.examenbureaurotterdam.nl\/pt\/wp-json\/wp\/v2\/media?parent=7923"}],"wp:term":[{"taxonomy":"product_brand","embeddable":true,"href":"https:\/\/www.examenbureaurotterdam.nl\/pt\/wp-json\/wp\/v2\/product_brand?post=7923"},{"taxonomy":"product_cat","embeddable":true,"href":"https:\/\/www.examenbureaurotterdam.nl\/pt\/wp-json\/wp\/v2\/product_cat?post=7923"},{"taxonomy":"product_tag","embeddable":true,"href":"https:\/\/www.examenbureaurotterdam.nl\/pt\/wp-json\/wp\/v2\/product_tag?post=7923"}],"curies":[{"name":"wp","href":"https:\/\/api.w.org\/{rel}","templated":true}]}}