{"id":7732,"date":"2025-04-16T01:03:38","date_gmt":"2025-04-15T23:03:38","guid":{"rendered":"https:\/\/www.examenbureaurotterdam.nl\/?post_type=product&#038;p=7732"},"modified":"2025-04-16T01:05:24","modified_gmt":"2025-04-15T23:05:24","slug":"vol-vca-boek-engels","status":"publish","type":"product","link":"https:\/\/www.examenbureaurotterdam.nl\/pt\/produto\/vol-vca-boek-engels\/","title":{"rendered":"Livro VOL-VCA Ingl\u00eas"},"content":{"rendered":"","protected":false},"excerpt":{"rendered":"<p class=\"\" data-start=\"117\" data-end=\"486\">Prepare-se completamente para o exame oficial VOL-VCA com este livro de estudo completo e bem estruturado. O livro VOL-VCA cont\u00e9m todo o material do curso necess\u00e1rio para o treinamento \u201cSeguran\u00e7a para Supervisores Operacionais VCA\u201d e est\u00e1 totalmente alinhado com os requisitos atuais do exame, conforme definido pelo Col\u00e9gio Central de Peritos da SSVV (Funda\u00e7\u00e3o para Coopera\u00e7\u00e3o em Seguran\u00e7a).<\/p>\n<p class=\"\" data-start=\"488\" data-end=\"912\">\u2705 <strong data-start=\"490\" data-end=\"510\">8 cap\u00edtulos claros<\/strong> \u2013 cada cap\u00edtulo termina com um resumo conciso e um autoteste com quest\u00f5es pr\u00e1ticas em formato de exame.<br data-start=\"609\" data-end=\"612\" \/>\u2705 <strong data-start=\"614\" data-end=\"640\">Exame pr\u00e1tico inclu\u00eddo<\/strong> \u2013 teste seus conhecimentos e descubra se voc\u00ea est\u00e1 pronto para o exame real.<br data-start=\"710\" data-end=\"713\" \/>\u2705 <strong data-start=\"715\" data-end=\"739\">Inclui links de v\u00eddeo<\/strong> \u2013 basta escanear os c\u00f3digos QR no livro para acessar v\u00eddeos curtos com explica\u00e7\u00f5es adicionais.<br data-start=\"830\" data-end=\"833\" \/>\u2705 <strong data-start=\"835\" data-end=\"865\">Marcador de placas de seguran\u00e7a gr\u00e1tis<\/strong> \u2013 \u00f3timo para estudar e como refer\u00eancia \u00fatil.<\/p>\n<p class=\"\" data-start=\"914\" data-end=\"1165\">O diploma VOL-VCA \u00e9 a certifica\u00e7\u00e3o pessoal essencial para supervisores e trabalhadores aut\u00f4nomos na constru\u00e7\u00e3o, ind\u00fastria, petroqu\u00edmica e outros setores de alto risco. Este livro ajuda voc\u00ea a estudar de forma independente e a se preparar com confian\u00e7a para o exame.<\/p>\n<p class=\"\" data-start=\"1167\" data-end=\"1244\"><strong data-start=\"1167\" data-end=\"1244\">Pe\u00e7a hoje mesmo e comece a aprender agora mesmo para sua certifica\u00e7\u00e3o VOL-VCA!<\/strong><\/p>","protected":false},"featured_media":7733,"template":"","meta":{"_joinchat":[]},"product_brand":[],"product_cat":[48],"product_tag":[],"class_list":{"0":"post-7732","1":"product","2":"type-product","3":"status-publish","4":"has-post-thumbnail","6":"product_cat-vca-boeken","8":"first","9":"instock","10":"taxable","11":"shipping-taxable","12":"purchasable","13":"product-type-simple"},"_links":{"self":[{"href":"https:\/\/www.examenbureaurotterdam.nl\/pt\/wp-json\/wp\/v2\/product\/7732","targetHints":{"allow":["GET"]}}],"collection":[{"href":"https:\/\/www.examenbureaurotterdam.nl\/pt\/wp-json\/wp\/v2\/product"}],"about":[{"href":"https:\/\/www.examenbureaurotterdam.nl\/pt\/wp-json\/wp\/v2\/types\/product"}],"wp:featuredmedia":[{"embeddable":true,"href":"https:\/\/www.examenbureaurotterdam.nl\/pt\/wp-json\/wp\/v2\/media\/7733"}],"wp:attachment":[{"href":"https:\/\/www.examenbureaurotterdam.nl\/pt\/wp-json\/wp\/v2\/media?parent=7732"}],"wp:term":[{"taxonomy":"product_brand","embeddable":true,"href":"https:\/\/www.examenbureaurotterdam.nl\/pt\/wp-json\/wp\/v2\/product_brand?post=7732"},{"taxonomy":"product_cat","embeddable":true,"href":"https:\/\/www.examenbureaurotterdam.nl\/pt\/wp-json\/wp\/v2\/product_cat?post=7732"},{"taxonomy":"product_tag","embeddable":true,"href":"https:\/\/www.examenbureaurotterdam.nl\/pt\/wp-json\/wp\/v2\/product_tag?post=7732"}],"curies":[{"name":"wp","href":"https:\/\/api.w.org\/{rel}","templated":true}]}}