{"id":7730,"date":"2025-04-16T01:00:29","date_gmt":"2025-04-15T23:00:29","guid":{"rendered":"https:\/\/www.examenbureaurotterdam.nl\/?post_type=product&#038;p=7730"},"modified":"2025-04-16T01:03:25","modified_gmt":"2025-04-15T23:03:25","slug":"vol-vca-boek-nederlands","status":"publish","type":"product","link":"https:\/\/www.examenbureaurotterdam.nl\/pt\/produto\/vol-vca-boek-nederlands\/","title":{"rendered":"Livro VOL-VCA Holand\u00eas"},"content":{"rendered":"","protected":false},"excerpt":{"rendered":"<p class=\"\" data-start=\"144\" data-end=\"525\"><strong data-start=\"144\" data-end=\"249\">Prepare-se da melhor forma para o exame oficial VOL-VCA com este livro did\u00e1tico completo e claro.<\/strong><br data-start=\"249\" data-end=\"252\" \/>O livro VOL-VCA cont\u00e9m todos os materiais did\u00e1ticos necess\u00e1rios para o treinamento VCA de Seguran\u00e7a para Gerentes Operacionais e est\u00e1 em total conformidade com os requisitos atuais do exame, conforme estabelecido pelo Col\u00e9gio Central de Peritos da Funda\u00e7\u00e3o para Coopera\u00e7\u00e3o em Seguran\u00e7a (SSVV).<\/p>\n<p class=\"\" data-start=\"527\" data-end=\"962\">\u2705 <strong data-start=\"529\" data-end=\"563\">8 cap\u00edtulos claros<\/strong> \u2013 cada cap\u00edtulo termina com um resumo claro e um autoteste com quest\u00f5es pr\u00e1ticas em formato de exame.<br data-start=\"668\" data-end=\"671\" \/>\u2705 <strong data-start=\"673\" data-end=\"699\">Exame experimental inclu\u00eddo<\/strong> \u2013 teste seus conhecimentos e descubra se voc\u00ea est\u00e1 pronto para o exame real.<br data-start=\"766\" data-end=\"769\" \/>\u2705 <strong data-start=\"771\" data-end=\"796\">Inclui links de v\u00eddeo<\/strong> \u2013 basta escanear os c\u00f3digos QR no livro para obter explica\u00e7\u00f5es adicionais por meio de v\u00eddeos curtos.<br data-start=\"874\" data-end=\"877\" \/>\u2705 <strong data-start=\"879\" data-end=\"922\">Marcadores de sinaliza\u00e7\u00e3o de seguran\u00e7a gr\u00e1tis<\/strong> \u2013 \u00fatil para aprendizagem e como refer\u00eancia.<\/p>\n<p class=\"\" data-start=\"964\" data-end=\"1222\">O diploma VOL-VCA \u00e9 o certificado pessoal para gerentes e aut\u00f4nomos que trabalham na constru\u00e7\u00e3o civil, ind\u00fastria, (petro)qu\u00edmica ou outros ambientes de trabalho de alto risco. Este livro ajudar\u00e1 voc\u00ea a estudar de forma independente e a estar bem preparado para o exame.<\/p>\n<p class=\"\" data-start=\"1224\" data-end=\"1303\"><strong data-start=\"1224\" data-end=\"1303\">Pe\u00e7a hoje mesmo e comece a estudar para seu certificado VOL-VCA agora mesmo!<\/strong><\/p>","protected":false},"featured_media":7731,"template":"","meta":{"_joinchat":[]},"product_brand":[],"product_cat":[48],"product_tag":[],"class_list":{"0":"post-7730","1":"product","2":"type-product","3":"status-publish","4":"has-post-thumbnail","6":"product_cat-vca-boeken","8":"first","9":"instock","10":"taxable","11":"shipping-taxable","12":"purchasable","13":"product-type-simple"},"_links":{"self":[{"href":"https:\/\/www.examenbureaurotterdam.nl\/pt\/wp-json\/wp\/v2\/product\/7730","targetHints":{"allow":["GET"]}}],"collection":[{"href":"https:\/\/www.examenbureaurotterdam.nl\/pt\/wp-json\/wp\/v2\/product"}],"about":[{"href":"https:\/\/www.examenbureaurotterdam.nl\/pt\/wp-json\/wp\/v2\/types\/product"}],"wp:featuredmedia":[{"embeddable":true,"href":"https:\/\/www.examenbureaurotterdam.nl\/pt\/wp-json\/wp\/v2\/media\/7731"}],"wp:attachment":[{"href":"https:\/\/www.examenbureaurotterdam.nl\/pt\/wp-json\/wp\/v2\/media?parent=7730"}],"wp:term":[{"taxonomy":"product_brand","embeddable":true,"href":"https:\/\/www.examenbureaurotterdam.nl\/pt\/wp-json\/wp\/v2\/product_brand?post=7730"},{"taxonomy":"product_cat","embeddable":true,"href":"https:\/\/www.examenbureaurotterdam.nl\/pt\/wp-json\/wp\/v2\/product_cat?post=7730"},{"taxonomy":"product_tag","embeddable":true,"href":"https:\/\/www.examenbureaurotterdam.nl\/pt\/wp-json\/wp\/v2\/product_tag?post=7730"}],"curies":[{"name":"wp","href":"https:\/\/api.w.org\/{rel}","templated":true}]}}