{"id":7726,"date":"2025-04-16T00:55:48","date_gmt":"2025-04-15T22:55:48","guid":{"rendered":"https:\/\/www.examenbureaurotterdam.nl\/?post_type=product&#038;p=7726"},"modified":"2025-04-16T00:57:23","modified_gmt":"2025-04-15T22:57:23","slug":"b-vca-boek-engels","status":"publish","type":"product","link":"https:\/\/www.examenbureaurotterdam.nl\/pt\/produto\/b-vca-boek-engels\/","title":{"rendered":"Livro B-VCA INGL\u00caS"},"content":{"rendered":"","protected":false},"excerpt":{"rendered":"<p class=\"\" data-start=\"94\" data-end=\"424\">Prepare-se completamente para o exame oficial B-VCA com este livro de estudo completo e bem estruturado.<br data-start=\"195\" data-end=\"198\" \/>O livro B-VCA cont\u00e9m todo o material necess\u00e1rio para o curso VCA de Seguran\u00e7a B\u00e1sica e est\u00e1 em total conformidade com os requisitos atuais do exame, conforme definido pelo Comit\u00ea Central de Especialistas da Funda\u00e7\u00e3o para Coopera\u00e7\u00e3o em Seguran\u00e7a (SSVV).<\/p>\n<p class=\"\" data-start=\"426\" data-end=\"852\">\u2705 <strong data-start=\"428\" data-end=\"458\">8 cap\u00edtulos bem estruturados<\/strong> \u2013 cada cap\u00edtulo termina com um resumo claro e um autoteste com quest\u00f5es pr\u00e1ticas em formato de exame.<br data-start=\"555\" data-end=\"558\" \/>\u2705 <strong data-start=\"560\" data-end=\"586\">Exame pr\u00e1tico inclu\u00eddo<\/strong> \u2013 teste seus conhecimentos e descubra se voc\u00ea est\u00e1 pronto para o exame real.<br data-start=\"656\" data-end=\"659\" \/>\u2705 <strong data-start=\"661\" data-end=\"685\">Inclui links de v\u00eddeo<\/strong> \u2013 escaneie facilmente os c\u00f3digos QR no livro para obter explica\u00e7\u00f5es extras por meio de v\u00eddeos curtos.<br data-start=\"765\" data-end=\"768\" \/>\u2705 <strong data-start=\"770\" data-end=\"805\">Marcador gr\u00e1tis com sinaliza\u00e7\u00e3o de seguran\u00e7a<\/strong> \u2013 \u00fatil para estudo e como ferramenta de refer\u00eancia.<\/p>\n<p class=\"\" data-start=\"854\" data-end=\"1075\">O certificado B-VCA \u00e9 a principal certifica\u00e7\u00e3o pessoal para qualquer pessoa que trabalhe na constru\u00e7\u00e3o, (petro)qu\u00edmica, ind\u00fastria e setores relacionados. Este livro ajuda voc\u00ea a estudar de forma independente e a se preparar completamente para o exame.<\/p>\n<p class=\"\" data-start=\"1077\" data-end=\"1150\"><strong data-start=\"1077\" data-end=\"1150\">Pe\u00e7a hoje mesmo e comece a estudar para seu certificado B-VCA agora mesmo!<\/strong><\/p>","protected":false},"featured_media":7727,"template":"","meta":{"_joinchat":[]},"product_brand":[],"product_cat":[48],"product_tag":[],"class_list":{"0":"post-7726","1":"product","2":"type-product","3":"status-publish","4":"has-post-thumbnail","6":"product_cat-vca-boeken","8":"first","9":"instock","10":"taxable","11":"shipping-taxable","12":"purchasable","13":"product-type-simple"},"_links":{"self":[{"href":"https:\/\/www.examenbureaurotterdam.nl\/pt\/wp-json\/wp\/v2\/product\/7726","targetHints":{"allow":["GET"]}}],"collection":[{"href":"https:\/\/www.examenbureaurotterdam.nl\/pt\/wp-json\/wp\/v2\/product"}],"about":[{"href":"https:\/\/www.examenbureaurotterdam.nl\/pt\/wp-json\/wp\/v2\/types\/product"}],"wp:featuredmedia":[{"embeddable":true,"href":"https:\/\/www.examenbureaurotterdam.nl\/pt\/wp-json\/wp\/v2\/media\/7727"}],"wp:attachment":[{"href":"https:\/\/www.examenbureaurotterdam.nl\/pt\/wp-json\/wp\/v2\/media?parent=7726"}],"wp:term":[{"taxonomy":"product_brand","embeddable":true,"href":"https:\/\/www.examenbureaurotterdam.nl\/pt\/wp-json\/wp\/v2\/product_brand?post=7726"},{"taxonomy":"product_cat","embeddable":true,"href":"https:\/\/www.examenbureaurotterdam.nl\/pt\/wp-json\/wp\/v2\/product_cat?post=7726"},{"taxonomy":"product_tag","embeddable":true,"href":"https:\/\/www.examenbureaurotterdam.nl\/pt\/wp-json\/wp\/v2\/product_tag?post=7726"}],"curies":[{"name":"wp","href":"https:\/\/api.w.org\/{rel}","templated":true}]}}