{"id":7723,"date":"2025-04-16T00:45:45","date_gmt":"2025-04-15T22:45:45","guid":{"rendered":"https:\/\/www.examenbureaurotterdam.nl\/?post_type=product&#038;p=7723"},"modified":"2025-04-16T00:52:31","modified_gmt":"2025-04-15T22:52:31","slug":"b-vca-boek-nederlands","status":"publish","type":"product","link":"https:\/\/www.examenbureaurotterdam.nl\/pt\/produto\/b-vca-boek-nederlands\/","title":{"rendered":"Livro B-VCA Holand\u00eas"},"content":{"rendered":"","protected":false},"excerpt":{"rendered":"<p>Prepare-se da melhor forma para o exame oficial B-VCA com este livro did\u00e1tico completo e claro. O livro B-VCA cont\u00e9m todo o material did\u00e1tico necess\u00e1rio para o treinamento b\u00e1sico de Seguran\u00e7a VCA e est\u00e1 totalmente em conformidade com os requisitos atuais do exame, conforme estabelecido pelo Col\u00e9gio Central de Peritos da Funda\u00e7\u00e3o para Coopera\u00e7\u00e3o em Seguran\u00e7a (SSVV).<\/p>\n<p class=\"\" data-start=\"319\" data-end=\"544\">\u2705 <strong>8 cap\u00edtulos claros<\/strong> \u2013 cada cap\u00edtulo termina com um resumo claro e um autoteste com quest\u00f5es pr\u00e1ticas em formato de exame.<br \/>\n\u2705 <strong>Exame experimental inclu\u00eddo<\/strong> \u2013 assim voc\u00ea testa seus conhecimentos e sabe se est\u00e1 pronto para o exame real.<br \/>\n\u2705 <strong>Inclui links de v\u00eddeo<\/strong> \u2013 basta escanear os c\u00f3digos QR no livro para obter explica\u00e7\u00f5es adicionais por meio de v\u00eddeos curtos.<br \/>\n\u2705 <strong>Marcadores de sinaliza\u00e7\u00e3o de seguran\u00e7a gr\u00e1tis<\/strong> \u2013 \u00fatil para aprendizagem e como refer\u00eancia.<\/p>\n<p>O diploma B-VCA \u00e9 o certificado pessoal para qualquer pessoa que trabalhe na constru\u00e7\u00e3o civil, (petro)qu\u00edmica, ind\u00fastria e setores relacionados. Este livro ajudar\u00e1 voc\u00ea a estudar de forma independente e a estar bem preparado para o exame.<\/p>\n<p class=\"\" data-start=\"319\" data-end=\"544\"><strong>Pe\u00e7a hoje mesmo e comece a estudar para seu certificado B-VCA agora mesmo!<\/strong><\/p>","protected":false},"featured_media":7724,"template":"","meta":{"_joinchat":[]},"product_brand":[],"product_cat":[48],"product_tag":[],"class_list":{"0":"post-7723","1":"product","2":"type-product","3":"status-publish","4":"has-post-thumbnail","6":"product_cat-vca-boeken","8":"first","9":"instock","10":"taxable","11":"shipping-taxable","12":"purchasable","13":"product-type-simple"},"_links":{"self":[{"href":"https:\/\/www.examenbureaurotterdam.nl\/pt\/wp-json\/wp\/v2\/product\/7723","targetHints":{"allow":["GET"]}}],"collection":[{"href":"https:\/\/www.examenbureaurotterdam.nl\/pt\/wp-json\/wp\/v2\/product"}],"about":[{"href":"https:\/\/www.examenbureaurotterdam.nl\/pt\/wp-json\/wp\/v2\/types\/product"}],"wp:featuredmedia":[{"embeddable":true,"href":"https:\/\/www.examenbureaurotterdam.nl\/pt\/wp-json\/wp\/v2\/media\/7724"}],"wp:attachment":[{"href":"https:\/\/www.examenbureaurotterdam.nl\/pt\/wp-json\/wp\/v2\/media?parent=7723"}],"wp:term":[{"taxonomy":"product_brand","embeddable":true,"href":"https:\/\/www.examenbureaurotterdam.nl\/pt\/wp-json\/wp\/v2\/product_brand?post=7723"},{"taxonomy":"product_cat","embeddable":true,"href":"https:\/\/www.examenbureaurotterdam.nl\/pt\/wp-json\/wp\/v2\/product_cat?post=7723"},{"taxonomy":"product_tag","embeddable":true,"href":"https:\/\/www.examenbureaurotterdam.nl\/pt\/wp-json\/wp\/v2\/product_tag?post=7723"}],"curies":[{"name":"wp","href":"https:\/\/api.w.org\/{rel}","templated":true}]}}