{"id":7184,"date":"2025-03-20T22:06:35","date_gmt":"2025-03-20T20:06:35","guid":{"rendered":"https:\/\/www.examenbureaurotterdam.nl\/?post_type=product&#038;p=7184"},"modified":"2025-04-15T23:54:00","modified_gmt":"2025-04-15T21:54:00","slug":"pe-oefenexamen-inkomen","status":"publish","type":"product","link":"https:\/\/www.examenbureaurotterdam.nl\/pt\/produto\/pe-oefenexamen-inkomen\/","title":{"rendered":"Renda PE"},"content":{"rendered":"","protected":false},"excerpt":{"rendered":"<p class=\"\" data-start=\"133\" data-end=\"326\">Quer ter certeza de que est\u00e1 pronto para o exame PE Wft Income? Pratique com exames pr\u00e1ticos realistas e descubra onde voc\u00ea est\u00e1! Com feedback claro e dicas \u00fateis, voc\u00ea estar\u00e1 bem preparado.<\/p>\n<p class=\"\" data-start=\"328\" data-end=\"553\">\u2705 <strong>2 exames pr\u00e1ticos<\/strong> \u2013 perguntas realistas<br data-start=\"366\" data-end=\"369\" \/>\u2705 <strong>Feedback sobre as respostas<\/strong> \u2013 aprender e melhorar<br data-start=\"412\" data-end=\"415\" \/>\u2705 <strong>Dicas para exames<\/strong> \u2013 fa\u00e7a o exame com confian\u00e7a<br data-start=\"461\" data-end=\"464\" \/>\u2705<strong> Fa\u00e7a o exame 3 vezes<\/strong> \u2013 pr\u00e1tica extra<br data-start=\"501\" data-end=\"504\" \/>\u2705 <strong>6 meses de acesso<\/strong> \u2013 estude no seu pr\u00f3prio ritmo<\/p>\n<p class=\"\" data-start=\"555\" data-end=\"650\"><strong data-start=\"555\" data-end=\"647\">Prepare-se da melhor forma e teste seus conhecimentos hoje mesmo! Comece os exames pr\u00e1ticos agora mesmo.<\/strong><\/p>","protected":false},"featured_media":7717,"template":"","meta":{"_joinchat":[]},"product_brand":[],"product_cat":[47],"product_tag":[],"class_list":{"0":"post-7184","1":"product","2":"type-product","3":"status-publish","4":"has-post-thumbnail","6":"product_cat-pe-oefenexamens","8":"first","9":"instock","10":"taxable","11":"shipping-taxable","12":"purchasable","13":"product-type-simple"},"_links":{"self":[{"href":"https:\/\/www.examenbureaurotterdam.nl\/pt\/wp-json\/wp\/v2\/product\/7184","targetHints":{"allow":["GET"]}}],"collection":[{"href":"https:\/\/www.examenbureaurotterdam.nl\/pt\/wp-json\/wp\/v2\/product"}],"about":[{"href":"https:\/\/www.examenbureaurotterdam.nl\/pt\/wp-json\/wp\/v2\/types\/product"}],"wp:featuredmedia":[{"embeddable":true,"href":"https:\/\/www.examenbureaurotterdam.nl\/pt\/wp-json\/wp\/v2\/media\/7717"}],"wp:attachment":[{"href":"https:\/\/www.examenbureaurotterdam.nl\/pt\/wp-json\/wp\/v2\/media?parent=7184"}],"wp:term":[{"taxonomy":"product_brand","embeddable":true,"href":"https:\/\/www.examenbureaurotterdam.nl\/pt\/wp-json\/wp\/v2\/product_brand?post=7184"},{"taxonomy":"product_cat","embeddable":true,"href":"https:\/\/www.examenbureaurotterdam.nl\/pt\/wp-json\/wp\/v2\/product_cat?post=7184"},{"taxonomy":"product_tag","embeddable":true,"href":"https:\/\/www.examenbureaurotterdam.nl\/pt\/wp-json\/wp\/v2\/product_tag?post=7184"}],"curies":[{"name":"wp","href":"https:\/\/api.w.org\/{rel}","templated":true}]}}