{"id":7173,"date":"2025-03-20T21:52:42","date_gmt":"2025-03-20T19:52:42","guid":{"rendered":"https:\/\/www.examenbureaurotterdam.nl\/?post_type=product&#038;p=7173"},"modified":"2025-04-15T23:05:08","modified_gmt":"2025-04-15T21:05:08","slug":"pe-inkomen","status":"publish","type":"product","link":"https:\/\/www.examenbureaurotterdam.nl\/pt\/produto\/pe-inkomen\/","title":{"rendered":"Renda PE"},"content":{"rendered":"","protected":false},"excerpt":{"rendered":"<p class=\"\" data-start=\"140\" data-end=\"444\">Voc\u00ea quer manter sua certifica\u00e7\u00e3o Wft Income e passar sem esfor\u00e7o no exame PE Income? Com nosso autoestudo on-line completo, voc\u00ea aprender\u00e1 exatamente o que precisa saber \u2013 onde e quando quiser. Pratique quest\u00f5es, receba feedback e prepare-se da melhor forma com exames pr\u00e1ticos realistas e dicas pr\u00e1ticas.<\/p>\n<p class=\"\" data-start=\"446\" data-end=\"791\">\u2705 <strong>Autoestudo completo<\/strong> \u2013 estudar com flexibilidade<br data-start=\"486\" data-end=\"489\" \/>\u2705 <strong>Mais de 160 quest\u00f5es pr\u00e1ticas<\/strong> \u2013 fortale\u00e7a seus conhecimentos<br data-start=\"536\" data-end=\"539\" \/>\u2705<strong> 2 exames pr\u00e1ticos oficiais<\/strong> \u2013 exames pr\u00e1ticos realistas<br data-start=\"593\" data-end=\"596\" \/>\u2705 <strong>Feedback sobre todas as respostas<\/strong> \u2013 aprender e melhorar<br data-start=\"644\" data-end=\"647\" \/>\u2705 <strong>Dicas pr\u00e1ticas para exames<\/strong> \u2013 definitivamente o exame<br data-start=\"689\" data-end=\"692\" \/>\u2705 <strong>Fa\u00e7a o exame 3 vezes<\/strong> \u2013 pr\u00e1tica extra para passar<br data-start=\"742\" data-end=\"745\" data-is-only-node=\"\" \/>\u2705 <strong>6 meses de acesso<\/strong> \u2013 aprenda no seu pr\u00f3prio ritmo<\/p>\n<p class=\"\" data-start=\"793\" data-end=\"851\"><strong data-start=\"793\" data-end=\"851\">Pronto para come\u00e7ar? Cadastre-se agora e comece agora mesmo!<\/strong><\/p>","protected":false},"featured_media":7713,"template":"","meta":{"_joinchat":[]},"product_brand":[],"product_cat":[46],"product_tag":[],"class_list":{"0":"post-7173","1":"product","2":"type-product","3":"status-publish","4":"has-post-thumbnail","6":"product_cat-pe-e-learning","8":"first","9":"instock","10":"taxable","11":"shipping-taxable","12":"purchasable","13":"product-type-simple"},"_links":{"self":[{"href":"https:\/\/www.examenbureaurotterdam.nl\/pt\/wp-json\/wp\/v2\/product\/7173","targetHints":{"allow":["GET"]}}],"collection":[{"href":"https:\/\/www.examenbureaurotterdam.nl\/pt\/wp-json\/wp\/v2\/product"}],"about":[{"href":"https:\/\/www.examenbureaurotterdam.nl\/pt\/wp-json\/wp\/v2\/types\/product"}],"wp:featuredmedia":[{"embeddable":true,"href":"https:\/\/www.examenbureaurotterdam.nl\/pt\/wp-json\/wp\/v2\/media\/7713"}],"wp:attachment":[{"href":"https:\/\/www.examenbureaurotterdam.nl\/pt\/wp-json\/wp\/v2\/media?parent=7173"}],"wp:term":[{"taxonomy":"product_brand","embeddable":true,"href":"https:\/\/www.examenbureaurotterdam.nl\/pt\/wp-json\/wp\/v2\/product_brand?post=7173"},{"taxonomy":"product_cat","embeddable":true,"href":"https:\/\/www.examenbureaurotterdam.nl\/pt\/wp-json\/wp\/v2\/product_cat?post=7173"},{"taxonomy":"product_tag","embeddable":true,"href":"https:\/\/www.examenbureaurotterdam.nl\/pt\/wp-json\/wp\/v2\/product_tag?post=7173"}],"curies":[{"name":"wp","href":"https:\/\/api.w.org\/{rel}","templated":true}]}}