{"id":7168,"date":"2025-03-20T21:45:48","date_gmt":"2025-03-20T19:45:48","guid":{"rendered":"https:\/\/www.examenbureaurotterdam.nl\/?post_type=product&#038;p=7168"},"modified":"2025-04-15T23:28:45","modified_gmt":"2025-04-15T21:28:45","slug":"pe-schade-zakelijk","status":"publish","type":"product","link":"https:\/\/www.examenbureaurotterdam.nl\/pt\/produto\/pe-schade-zakelijk\/","title":{"rendered":"Neg\u00f3cio de danos PE"},"content":{"rendered":"","protected":false},"excerpt":{"rendered":"<p class=\"\" data-start=\"152\" data-end=\"472\">Voc\u00ea quer manter sua certifica\u00e7\u00e3o Wft Damage Business e passar sem esfor\u00e7o no exame PE Damage Business? Com nosso autoestudo on-line completo, voc\u00ea aprender\u00e1 exatamente o que precisa saber \u2013 onde e quando quiser. Pratique quest\u00f5es, receba feedback e prepare-se da melhor forma com exames pr\u00e1ticos realistas e dicas pr\u00e1ticas.<\/p>\n<p class=\"\" data-start=\"474\" data-end=\"819\">\u2705 <strong>Autoestudo completo<\/strong> \u2013 estudar com flexibilidade<br data-start=\"514\" data-end=\"517\" \/>\u2705 <strong>Mais de 230 quest\u00f5es pr\u00e1ticas<\/strong> \u2013 fortale\u00e7a seus conhecimentos<br data-start=\"564\" data-end=\"567\" \/>\u2705 <strong>2 exames pr\u00e1ticos oficiais<\/strong> \u2013 exames pr\u00e1ticos realistas<br data-start=\"621\" data-end=\"624\" \/>\u2705 <strong>Feedback sobre todas as respostas<\/strong> \u2013 aprender e melhorar<br data-start=\"672\" data-end=\"675\" \/>\u2705 <strong>Dicas pr\u00e1ticas para exames<\/strong> \u2013 definitivamente o exame<br data-start=\"717\" data-end=\"720\" \/>\u2705 <strong>Fa\u00e7a o exame 3 vezes<\/strong> \u2013 pr\u00e1tica extra para passar<br data-start=\"770\" data-end=\"773\" data-is-only-node=\"\" \/>\u2705 <strong>6 meses de acesso<\/strong> \u2013 aprenda no seu pr\u00f3prio ritmo<\/p>\n<p class=\"\" data-start=\"821\" data-end=\"879\"><strong data-start=\"821\" data-end=\"879\">Pronto para come\u00e7ar? Cadastre-se agora e comece agora mesmo!<\/strong><\/p>","protected":false},"featured_media":7713,"template":"","meta":{"_joinchat":[]},"product_brand":[],"product_cat":[46],"product_tag":[],"class_list":{"0":"post-7168","1":"product","2":"type-product","3":"status-publish","4":"has-post-thumbnail","6":"product_cat-pe-e-learning","8":"first","9":"instock","10":"taxable","11":"shipping-taxable","12":"purchasable","13":"product-type-simple"},"_links":{"self":[{"href":"https:\/\/www.examenbureaurotterdam.nl\/pt\/wp-json\/wp\/v2\/product\/7168","targetHints":{"allow":["GET"]}}],"collection":[{"href":"https:\/\/www.examenbureaurotterdam.nl\/pt\/wp-json\/wp\/v2\/product"}],"about":[{"href":"https:\/\/www.examenbureaurotterdam.nl\/pt\/wp-json\/wp\/v2\/types\/product"}],"wp:featuredmedia":[{"embeddable":true,"href":"https:\/\/www.examenbureaurotterdam.nl\/pt\/wp-json\/wp\/v2\/media\/7713"}],"wp:attachment":[{"href":"https:\/\/www.examenbureaurotterdam.nl\/pt\/wp-json\/wp\/v2\/media?parent=7168"}],"wp:term":[{"taxonomy":"product_brand","embeddable":true,"href":"https:\/\/www.examenbureaurotterdam.nl\/pt\/wp-json\/wp\/v2\/product_brand?post=7168"},{"taxonomy":"product_cat","embeddable":true,"href":"https:\/\/www.examenbureaurotterdam.nl\/pt\/wp-json\/wp\/v2\/product_cat?post=7168"},{"taxonomy":"product_tag","embeddable":true,"href":"https:\/\/www.examenbureaurotterdam.nl\/pt\/wp-json\/wp\/v2\/product_tag?post=7168"}],"curies":[{"name":"wp","href":"https:\/\/api.w.org\/{rel}","templated":true}]}}