{"id":7158,"date":"2025-03-20T19:31:14","date_gmt":"2025-03-20T17:31:14","guid":{"rendered":"https:\/\/www.examenbureaurotterdam.nl\/?post_type=product&#038;p=7158"},"modified":"2025-04-16T00:22:13","modified_gmt":"2025-04-15T22:22:13","slug":"wft-schade-zakelijk-oefenexamens","status":"publish","type":"product","link":"https:\/\/www.examenbureaurotterdam.nl\/pt\/produto\/wft-schade-zakelijk-oefenexamens\/","title":{"rendered":"Exames de Pr\u00e1tica de Neg\u00f3cios de Danos WFT"},"content":{"rendered":"","protected":false},"excerpt":{"rendered":"<p class=\"\" data-start=\"148\" data-end=\"321\">Quer ter certeza de que est\u00e1 bem preparado para o exame Wft Schade Zakelijk? Com esses exames pr\u00e1ticos realistas, voc\u00ea descobrir\u00e1 exatamente onde est\u00e1 e no que ainda pode trabalhar.<\/p>\n<p class=\"\" data-start=\"323\" data-end=\"548\">\u2705 <strong>3 exames pr\u00e1ticos<\/strong> \u2013 perguntas realistas<br data-start=\"361\" data-end=\"364\" \/>\u2705 <strong>Feedback sobre as respostas<\/strong> \u2013 aprender e melhorar<br data-start=\"407\" data-end=\"410\" \/>\u2705 <strong>Dicas para exames<\/strong> \u2013 fa\u00e7a o exame com confian\u00e7a<br data-start=\"456\" data-end=\"459\" \/>\u2705 <strong>Fa\u00e7a o exame 3 vezes<\/strong> \u2013 pr\u00e1tica extra<br data-start=\"496\" data-end=\"499\" \/>\u2705 <strong>6 meses de acesso<\/strong> \u2013 estude no seu pr\u00f3prio ritmo<\/p>\n<p class=\"\" data-start=\"550\" data-end=\"645\"><strong data-start=\"550\" data-end=\"642\">Prepare-se da melhor forma e teste seus conhecimentos hoje mesmo! Comece os exames pr\u00e1ticos agora mesmo.<\/strong><\/p>","protected":false},"featured_media":7717,"template":"","meta":{"_joinchat":[]},"product_brand":[],"product_cat":[45],"product_tag":[],"class_list":{"0":"post-7158","1":"product","2":"type-product","3":"status-publish","4":"has-post-thumbnail","6":"product_cat-wft-oefenexamens","8":"first","9":"instock","10":"taxable","11":"shipping-taxable","12":"purchasable","13":"product-type-simple"},"_links":{"self":[{"href":"https:\/\/www.examenbureaurotterdam.nl\/pt\/wp-json\/wp\/v2\/product\/7158","targetHints":{"allow":["GET"]}}],"collection":[{"href":"https:\/\/www.examenbureaurotterdam.nl\/pt\/wp-json\/wp\/v2\/product"}],"about":[{"href":"https:\/\/www.examenbureaurotterdam.nl\/pt\/wp-json\/wp\/v2\/types\/product"}],"wp:featuredmedia":[{"embeddable":true,"href":"https:\/\/www.examenbureaurotterdam.nl\/pt\/wp-json\/wp\/v2\/media\/7717"}],"wp:attachment":[{"href":"https:\/\/www.examenbureaurotterdam.nl\/pt\/wp-json\/wp\/v2\/media?parent=7158"}],"wp:term":[{"taxonomy":"product_brand","embeddable":true,"href":"https:\/\/www.examenbureaurotterdam.nl\/pt\/wp-json\/wp\/v2\/product_brand?post=7158"},{"taxonomy":"product_cat","embeddable":true,"href":"https:\/\/www.examenbureaurotterdam.nl\/pt\/wp-json\/wp\/v2\/product_cat?post=7158"},{"taxonomy":"product_tag","embeddable":true,"href":"https:\/\/www.examenbureaurotterdam.nl\/pt\/wp-json\/wp\/v2\/product_tag?post=7158"}],"curies":[{"name":"wp","href":"https:\/\/api.w.org\/{rel}","templated":true}]}}