{"id":7145,"date":"2025-03-20T15:14:46","date_gmt":"2025-03-20T13:14:46","guid":{"rendered":"https:\/\/www.examenbureaurotterdam.nl\/?post_type=product&#038;p=7145"},"modified":"2025-04-15T22:25:20","modified_gmt":"2025-04-15T20:25:20","slug":"wft-schade-zakelijk","status":"publish","type":"product","link":"https:\/\/www.examenbureaurotterdam.nl\/pt\/produto\/wft-schade-zakelijk\/","title":{"rendered":"Neg\u00f3cios de danos WFT"},"content":{"rendered":"","protected":false},"excerpt":{"rendered":"<p class=\"\" data-start=\"180\" data-end=\"456\">Voc\u00ea quer passar sem esfor\u00e7o no exame Wft Damage Business? Com nosso autoestudo on-line completo, voc\u00ea aprender\u00e1 exatamente o que precisa saber \u2013 onde e quando quiser. Pratique quest\u00f5es, receba feedback instant\u00e2neo e prepare-se da melhor forma com exames pr\u00e1ticos realistas e dicas inteligentes.<\/p>\n<p class=\"\" data-start=\"458\" data-end=\"796\">\u2705 <strong>Autoestudo completo<\/strong> \u2013 estudar com flexibilidade<br data-start=\"498\" data-end=\"501\" \/>\u2705 <strong>450 quest\u00f5es pr\u00e1ticas<\/strong> \u2013 fortale\u00e7a seus conhecimentos<br data-start=\"539\" data-end=\"542\" \/>\u2705 <strong>3 exames pr\u00e1ticos oficiais<\/strong> \u2013 exames pr\u00e1ticos realistas<br data-start=\"596\" data-end=\"599\" \/>\u2705 <strong>Feedback sobre todas as respostas<\/strong> \u2013 aprender e melhorar<br data-start=\"647\" data-end=\"650\" \/>\u2705 <strong>Dicas pr\u00e1ticas para exames<\/strong> \u2013 definitivamente o exame<br data-start=\"692\" data-end=\"695\" \/>\u2705 <strong>Fa\u00e7a o exame 3 vezes<\/strong> \u2013 pr\u00e1tica extra para passar<br data-start=\"746\" data-end=\"749\" \/>\u2705 <strong>12 meses de acesso<\/strong> \u2013 aprenda no seu pr\u00f3prio ritmo<\/p>\n<p class=\"\" data-start=\"798\" data-end=\"814\"><strong data-start=\"798\" data-end=\"814\">O que voc\u00ea aprende?<\/strong><\/p>\n<ul>\n<li data-start=\"816\" data-end=\"997\">Seguro contra inc\u00eandio e interrup\u00e7\u00e3o de neg\u00f3cios<\/li>\n<li data-start=\"816\" data-end=\"997\">Incoterms e seguro de transporte<\/li>\n<li data-start=\"816\" data-end=\"997\">Direito de responsabilidade civil e seguro de responsabilidade civil<\/li>\n<li data-start=\"816\" data-end=\"997\">Sistema de sa\u00fade na Holanda e seguro sa\u00fade<\/li>\n<li data-start=\"816\" data-end=\"997\">Seguro t\u00e9cnico<\/li>\n<\/ul>\n<p class=\"\" data-start=\"999\" data-end=\"1093\"><strong>N\u00edvel:<\/strong> MBO+<br data-start=\"1011\" data-end=\"1014\" \/><strong>Educa\u00e7\u00e3o anterior:<\/strong> Wft Basic e Wft Damage Private<br data-start=\"1063\" data-end=\"1066\" \/><strong>Carga hor\u00e1ria:<\/strong> \u00b1 80 horas<\/p>\n<p class=\"\" data-start=\"1095\" data-end=\"1153\"><strong data-start=\"1095\" data-end=\"1153\">Pronto para come\u00e7ar? Cadastre-se agora e comece agora mesmo!<\/strong><\/p>","protected":false},"featured_media":7713,"template":"","meta":{"_joinchat":[]},"product_brand":[],"product_cat":[44],"product_tag":[],"class_list":{"0":"post-7145","1":"product","2":"type-product","3":"status-publish","4":"has-post-thumbnail","6":"product_cat-wft-e-learning","8":"first","9":"instock","10":"taxable","11":"shipping-taxable","12":"purchasable","13":"product-type-simple"},"_links":{"self":[{"href":"https:\/\/www.examenbureaurotterdam.nl\/pt\/wp-json\/wp\/v2\/product\/7145","targetHints":{"allow":["GET"]}}],"collection":[{"href":"https:\/\/www.examenbureaurotterdam.nl\/pt\/wp-json\/wp\/v2\/product"}],"about":[{"href":"https:\/\/www.examenbureaurotterdam.nl\/pt\/wp-json\/wp\/v2\/types\/product"}],"wp:featuredmedia":[{"embeddable":true,"href":"https:\/\/www.examenbureaurotterdam.nl\/pt\/wp-json\/wp\/v2\/media\/7713"}],"wp:attachment":[{"href":"https:\/\/www.examenbureaurotterdam.nl\/pt\/wp-json\/wp\/v2\/media?parent=7145"}],"wp:term":[{"taxonomy":"product_brand","embeddable":true,"href":"https:\/\/www.examenbureaurotterdam.nl\/pt\/wp-json\/wp\/v2\/product_brand?post=7145"},{"taxonomy":"product_cat","embeddable":true,"href":"https:\/\/www.examenbureaurotterdam.nl\/pt\/wp-json\/wp\/v2\/product_cat?post=7145"},{"taxonomy":"product_tag","embeddable":true,"href":"https:\/\/www.examenbureaurotterdam.nl\/pt\/wp-json\/wp\/v2\/product_tag?post=7145"}],"curies":[{"name":"wp","href":"https:\/\/api.w.org\/{rel}","templated":true}]}}