{"id":7140,"date":"2025-03-20T11:33:55","date_gmt":"2025-03-20T09:33:55","guid":{"rendered":"https:\/\/www.examenbureaurotterdam.nl\/?post_type=product&#038;p=7140"},"modified":"2025-04-15T22:48:23","modified_gmt":"2025-04-15T20:48:23","slug":"wft-schade-particulier","status":"publish","type":"product","link":"https:\/\/www.examenbureaurotterdam.nl\/pt\/produto\/wft-schade-particulier\/","title":{"rendered":"WFT Danos Privados"},"content":{"rendered":"","protected":false},"excerpt":{"rendered":"<p class=\"\" data-start=\"174\" data-end=\"441\">Voc\u00ea quer obter seu certificado de Danos Privados Wft sem esfor\u00e7o? Com nosso autoestudo on-line completo, voc\u00ea estar\u00e1 perfeitamente preparado para o exame oficial. Este curso fornece tudo o que voc\u00ea precisa para ser aprovado, incluindo quest\u00f5es pr\u00e1ticas, exames pr\u00e1ticos e dicas \u00fateis para o exame.<\/p>\n<p class=\"\" data-start=\"443\" data-end=\"818\">\u2705 <strong>Autoestudo completo<\/strong> \u2013 estude no seu pr\u00f3prio ritmo<br data-start=\"492\" data-end=\"495\" \/>\u2705 <strong>390 quest\u00f5es pr\u00e1ticas<\/strong> \u2013 teste seus conhecimentos extensivamente<br data-start=\"540\" data-end=\"543\" \/>\u2705 <strong>4 exames pr\u00e1ticos oficiais<\/strong> \u2013 quest\u00f5es de exame realistas<br data-start=\"597\" data-end=\"600\" \/>\u2705 <strong>Feedback sobre todas as respostas<\/strong> \u2013 aprender e melhorar<br data-start=\"650\" data-end=\"653\" \/>\u2705 <strong>Dicas pr\u00e1ticas para exames<\/strong>\u00a0\u2013 definitivamente o exame<br data-start=\"706\" data-end=\"709\" \/>\u2705 <strong>Fa\u00e7a o exame 3 vezes<\/strong> \u2013 pr\u00e1tica extra para passar<br data-start=\"759\" data-end=\"762\" \/>\u2705<strong> 12 meses de acesso <\/strong>\u2013 aprenda no seu pr\u00f3prio ritmo<\/p>\n<p class=\"\" data-start=\"820\" data-end=\"836\"><strong data-start=\"820\" data-end=\"836\">O que voc\u00ea aprende?<\/strong><\/p>\n<ul>\n<li data-start=\"838\" data-end=\"1016\">Direito de Responsabilidade Civil e AVP<\/li>\n<li data-start=\"838\" data-end=\"1016\">Seguro contra inc\u00eandio<\/li>\n<li data-start=\"838\" data-end=\"1016\">WAM, arte. 185 WvW e seguro de ve\u00edculos automotores<\/li>\n<li data-start=\"838\" data-end=\"1016\">Sistema de sa\u00fade na Holanda e seguro sa\u00fade<\/li>\n<li data-start=\"838\" data-end=\"1016\">Outros t\u00f3picos relevantes<\/li>\n<\/ul>\n<p class=\"\" data-start=\"1018\" data-end=\"1105\"><strong>N\u00edvel:<\/strong> MBO<br data-start=\"1042\" data-end=\"1045\" \/><strong>Educa\u00e7\u00e3o anterior:<\/strong> Wft B\u00e1sico<br data-start=\"1072\" data-end=\"1075\" \/><strong>Carga hor\u00e1ria:<\/strong> \u00b1 70 horas<\/p>\n<p class=\"\" data-start=\"1107\" data-end=\"1165\"><strong data-start=\"1107\" data-end=\"1165\">Pronto para come\u00e7ar? Cadastre-se agora e comece agora mesmo!<\/strong><\/p>","protected":false},"featured_media":7713,"template":"","meta":{"_joinchat":[]},"product_brand":[],"product_cat":[44],"product_tag":[],"class_list":{"0":"post-7140","1":"product","2":"type-product","3":"status-publish","4":"has-post-thumbnail","6":"product_cat-wft-e-learning","8":"first","9":"instock","10":"taxable","11":"shipping-taxable","12":"purchasable","13":"product-type-simple"},"_links":{"self":[{"href":"https:\/\/www.examenbureaurotterdam.nl\/pt\/wp-json\/wp\/v2\/product\/7140","targetHints":{"allow":["GET"]}}],"collection":[{"href":"https:\/\/www.examenbureaurotterdam.nl\/pt\/wp-json\/wp\/v2\/product"}],"about":[{"href":"https:\/\/www.examenbureaurotterdam.nl\/pt\/wp-json\/wp\/v2\/types\/product"}],"wp:featuredmedia":[{"embeddable":true,"href":"https:\/\/www.examenbureaurotterdam.nl\/pt\/wp-json\/wp\/v2\/media\/7713"}],"wp:attachment":[{"href":"https:\/\/www.examenbureaurotterdam.nl\/pt\/wp-json\/wp\/v2\/media?parent=7140"}],"wp:term":[{"taxonomy":"product_brand","embeddable":true,"href":"https:\/\/www.examenbureaurotterdam.nl\/pt\/wp-json\/wp\/v2\/product_brand?post=7140"},{"taxonomy":"product_cat","embeddable":true,"href":"https:\/\/www.examenbureaurotterdam.nl\/pt\/wp-json\/wp\/v2\/product_cat?post=7140"},{"taxonomy":"product_tag","embeddable":true,"href":"https:\/\/www.examenbureaurotterdam.nl\/pt\/wp-json\/wp\/v2\/product_tag?post=7140"}],"curies":[{"name":"wp","href":"https:\/\/api.w.org\/{rel}","templated":true}]}}