{"id":7132,"date":"2025-03-19T18:03:22","date_gmt":"2025-03-19T16:03:22","guid":{"rendered":"https:\/\/www.examenbureaurotterdam.nl\/?post_type=product&#038;p=7132"},"modified":"2025-04-15T22:51:22","modified_gmt":"2025-04-15T20:51:22","slug":"wft-basis","status":"publish","type":"product","link":"https:\/\/www.examenbureaurotterdam.nl\/pt\/produto\/wft-basis\/","title":{"rendered":"WFT B\u00e1sico"},"content":{"rendered":"","protected":false},"excerpt":{"rendered":"<p class=\"\" data-start=\"188\" data-end=\"477\">Quer obter seu certificado Wft Basic sem esfor\u00e7o? Nosso programa completo de autoestudo on-line lhe dar\u00e1 todo o conhecimento e pr\u00e1tica necess\u00e1rios para fazer o exame com confian\u00e7a. Pratique quest\u00f5es, receba feedback e prepare-se da melhor forma com exames pr\u00e1ticos realistas e dicas \u00fateis.<\/p>\n<p class=\"\" data-start=\"479\" data-end=\"816\">\u2705 <strong>Autoestudo completo<\/strong> \u2013 estudar com flexibilidade<br data-start=\"519\" data-end=\"522\" \/>\u2705 <strong>650 quest\u00f5es pr\u00e1ticas<\/strong> \u2013 fortale\u00e7a seus conhecimentos<br data-start=\"560\" data-end=\"563\" \/>\u2705 <strong>4 exames pr\u00e1ticos oficiais<\/strong> \u2013 exames pr\u00e1ticos realistas<br data-start=\"617\" data-end=\"620\" \/>\u2705 <strong>Feedback sobre todas as respostas<\/strong> \u2013 aprender e melhorar<br data-start=\"668\" data-end=\"671\" \/>\u2705 <strong>Dicas pr\u00e1ticas para exames<\/strong> \u2013 definitivamente o exame<br data-start=\"713\" data-end=\"716\" \/>\u2705 <strong>Fa\u00e7a o exame 3 vezes<\/strong> \u2013 pr\u00e1tica extra para passar<br data-start=\"766\" data-end=\"769\" \/>\u2705 <strong>12 meses de acesso<\/strong> \u2013 aprenda no seu pr\u00f3prio ritmo<\/p>\n<p class=\"\" data-start=\"818\" data-end=\"834\"><strong data-start=\"818\" data-end=\"834\">O que voc\u00ea aprende?<\/strong><\/p>\n<ul>\n<li data-start=\"836\" data-end=\"998\">Legisla\u00e7\u00e3o e regulamenta\u00e7\u00e3o financeira<\/li>\n<li data-start=\"836\" data-end=\"998\">Presta\u00e7\u00e3o de servi\u00e7os e dever de cuidado<\/li>\n<li data-start=\"836\" data-end=\"998\">Poupan\u00e7a, empr\u00e9stimos e seguros<\/li>\n<li data-start=\"836\" data-end=\"998\">Riscos e informa\u00e7\u00f5es do cliente<\/li>\n<li data-start=\"836\" data-end=\"998\">Impostos e termos financeiros<\/li>\n<\/ul>\n<p class=\"\" data-start=\"1000\" data-end=\"1041\"><strong>N\u00edvel:<\/strong> MBO<br data-start=\"1011\" data-end=\"1014\" \/><strong>Carga hor\u00e1ria:<\/strong> \u00b1 70 horas<\/p>\n<p class=\"\" data-start=\"1043\" data-end=\"1101\"><strong data-start=\"1043\" data-end=\"1101\">Pronto para come\u00e7ar? Cadastre-se agora e comece agora mesmo!<\/strong><\/p>","protected":false},"featured_media":7713,"template":"","meta":{"_joinchat":[]},"product_brand":[],"product_cat":[44],"product_tag":[],"class_list":{"0":"post-7132","1":"product","2":"type-product","3":"status-publish","4":"has-post-thumbnail","6":"product_cat-wft-e-learning","8":"first","9":"instock","10":"taxable","11":"shipping-taxable","12":"purchasable","13":"product-type-simple"},"_links":{"self":[{"href":"https:\/\/www.examenbureaurotterdam.nl\/pt\/wp-json\/wp\/v2\/product\/7132","targetHints":{"allow":["GET"]}}],"collection":[{"href":"https:\/\/www.examenbureaurotterdam.nl\/pt\/wp-json\/wp\/v2\/product"}],"about":[{"href":"https:\/\/www.examenbureaurotterdam.nl\/pt\/wp-json\/wp\/v2\/types\/product"}],"wp:featuredmedia":[{"embeddable":true,"href":"https:\/\/www.examenbureaurotterdam.nl\/pt\/wp-json\/wp\/v2\/media\/7713"}],"wp:attachment":[{"href":"https:\/\/www.examenbureaurotterdam.nl\/pt\/wp-json\/wp\/v2\/media?parent=7132"}],"wp:term":[{"taxonomy":"product_brand","embeddable":true,"href":"https:\/\/www.examenbureaurotterdam.nl\/pt\/wp-json\/wp\/v2\/product_brand?post=7132"},{"taxonomy":"product_cat","embeddable":true,"href":"https:\/\/www.examenbureaurotterdam.nl\/pt\/wp-json\/wp\/v2\/product_cat?post=7132"},{"taxonomy":"product_tag","embeddable":true,"href":"https:\/\/www.examenbureaurotterdam.nl\/pt\/wp-json\/wp\/v2\/product_tag?post=7132"}],"curies":[{"name":"wp","href":"https:\/\/api.w.org\/{rel}","templated":true}]}}