{"id":3,"date":"2021-04-19T10:25:05","date_gmt":"2021-04-19T10:25:05","guid":{"rendered":"https:\/\/www.examenbureaurotterdam.nl\/?page_id=3"},"modified":"2026-03-02T10:56:10","modified_gmt":"2026-03-02T09:56:10","slug":"privacybeleid","status":"publish","type":"page","link":"https:\/\/www.examenbureaurotterdam.nl\/pt\/privacybeleid\/","title":{"rendered":"pol\u00edtica de Privacidade"},"content":{"rendered":"<div id=\"fws_69e0c1c06d9ae\"  data-column-margin=\"default\" data-midnight=\"dark\"  class=\"wpb_row vc_row-fluid vc_row\"  style=\"padding-top: 0px; padding-bottom: 0px; \"><div class=\"row-bg-wrap\" data-bg-animation=\"none\" data-bg-animation-delay=\"\" data-bg-overlay=\"false\"><div class=\"inner-wrap row-bg-layer\" ><div class=\"row-bg viewport-desktop\"  style=\"\"><\/div><\/div><\/div><div class=\"row_col_wrap_12 col span_12 dark left\">\n\t<div  class=\"vc_col-sm-12 wpb_column column_container vc_column_container col no-extra-padding inherit_tablet inherit_phone\"  data-padding-pos=\"all\" data-has-bg-color=\"false\" data-bg-color=\"\" data-bg-opacity=\"1\" data-animation=\"\" data-delay=\"0\" >\n\t\t<div class=\"vc_column-inner\" >\n\t\t\t<div class=\"wpb_wrapper\">\n\t\t\t\t\n<div class=\"wpb_text_column wpb_content_element\" >\n\t<div class=\"wpb_wrapper\">\n\t\t<div class=\"row_col_wrap_12 col span_12 dark left\">\n<div class=\"vc_col-sm-12 wpb_column column_container vc_column_container col no-extra-padding inherit_tablet inherit_phone\" data-padding-pos=\"all\" data-has-bg-color=\"false\" data-bg-color=\"\" data-bg-opacity=\"1\" data-animation=\"\" data-delay=\"0\">\n<div class=\"vc_column-inner\">\n<div class=\"wpb_wrapper\">\n<div class=\"wpb_text_column wpb_content_element\">\n<div class=\"wpb_wrapper\">\n<div class=\"row_col_wrap_12 col span_12 dark left\">\n<div class=\"vc_col-sm-12 wpb_column column_container vc_column_container col no-extra-padding inherit_tablet inherit_phone\" data-padding-pos=\"all\" data-has-bg-color=\"false\" data-bg-color=\"\" data-bg-opacity=\"1\" data-animation=\"\" data-delay=\"0\">\n<div class=\"vc_column-inner\">\n<div class=\"wpb_wrapper\">\n<div class=\"wpb_text_column wpb_content_element\">\n<div class=\"wpb_wrapper\">\n<h3 class=\"sppb-addon-title\">Declara\u00e7\u00e3o de Privacidade do Examination Office Rotterdam BV<\/h3>\n<p>No Examenbureau Rotterdam BV (doravante &quot;EBR&quot;), atribu\u00edmos grande import\u00e2ncia \u00e0 prote\u00e7\u00e3o dos seus dados pessoais. Os Dados Pessoais de todos os clientes e visitantes s\u00e3o processados e protegidos com o m\u00e1ximo cuidado. Nesta declara\u00e7\u00e3o, a EBR explica quais dados s\u00e3o necess\u00e1rios para lhe fornecer um bom servi\u00e7o.<\/p>\n<table>\n<tbody>\n<tr>\n<td colspan=\"2\">Dados EBR<\/td>\n<\/tr>\n<tr>\n<td><strong>Endere\u00e7o:<\/strong><\/td>\n<td>Industrialweg 37 A1<\/td>\n<\/tr>\n<tr>\n<td><strong>C\u00f3digo postal:<\/strong><\/td>\n<td>3044 AS<\/td>\n<\/tr>\n<tr>\n<td><strong>Lugar<\/strong><\/td>\n<td>Roterd\u00e3o<\/td>\n<\/tr>\n<tr>\n<td><strong>E-mail:<\/strong><\/td>\n<td><a href=\"mailto:info@examenbureaurotterdam.nl\">info@examenbureaurotterdam.nl<\/a><\/td>\n<\/tr>\n<tr>\n<td><strong>N\u00famero de telefone:<\/strong><\/td>\n<td>0103030007<\/td>\n<\/tr>\n<tr>\n<td><strong>Site:<\/strong><\/td>\n<td>www.examenbureaurotterdam.nl<\/td>\n<\/tr>\n<\/tbody>\n<\/table>\n<p><strong>Processamento:<br \/>\n<\/strong>O EBR processa, entre outras coisas, os seguintes dados que recebemos de voc\u00ea ou de seu empregador:<\/p>\n<ul>\n<li>Nome (completo)<\/li>\n<li>Data de nascimento<\/li>\n<li>Endere\u00e7o<\/li>\n<li>N\u00famero de telefone<\/li>\n<li>Endere\u00e7o de email<\/li>\n<li>Dados relativos a faturas<\/li>\n<li>Dados relativos ao processo de encomenda de produtos<\/li>\n<li>Outras informa\u00e7\u00f5es inseridas<\/li>\n<\/ul>\n<p>Utilizamos seus dados exclusivamente para lhe prestar um bom servi\u00e7o e inform\u00e1-lo sobre ofertas e promo\u00e7\u00f5es relevantes no futuro.<\/p>\n<p><strong>Quem da EBR pode acessar seus dados:<\/strong><\/p>\n<ul>\n<li data-mce-word-list=\"1\">Conselho de administra\u00e7\u00e3o<\/li>\n<li data-mce-word-list=\"1\">Gerenciamento<\/li>\n<li data-mce-word-list=\"1\">Pessoal do escrit\u00f3rio<\/li>\n<li>Examenfunctionarissen<\/li>\n<\/ul>\n<p><strong>Compartilhamento de dados pessoais com terceiros<br \/>\n<\/strong>Para os nossos servi\u00e7os \u00e9 necess\u00e1rio partilhar dados pessoais com fornecedores externos, por exemplo para registrar um exame. Tentamos limitar isso o m\u00e1ximo poss\u00edvel e s\u00f3 compartilhamos seus dados com terceiros se isso for necess\u00e1rio para a execu\u00e7\u00e3o do nosso contrato com voc\u00ea ou para cumprir com obriga\u00e7\u00f5es legais.<\/p>\n<p><strong>Per\u00edodo de reten\u00e7\u00e3o de dados pessoais<br \/>\n<\/strong>EBR bewaart persoonsgegevens niet langer dan voor de doeleinden waarvoor zij zijn verzameld of worden gebruikt. Sommige persoonsgegevens moeten langer bewaard worden op grond van de wet. In dat geval bewaart EBR de betreffende persoonsgegevens zolang als de wet voorschrijft. De gegevens op examendocumenten worden niet langer bewaard dan 3 jaar.<br \/>\nPersoonsgegevens noodzakelijk voor persoonscertificering (naam en geboortedatum) worden voor de duur van de certificering bewaard.<\/p>\n<p><strong>Documentbeheer<br \/>\n<\/strong>De gegevens op examendocumenten worden niet langer bewaard dan hierboven is aangegeven. Wij kiezen 2 momenten in het jaar om dit te realiseren, namelijk in de eerste week van januari en week 1 van juli.<\/p>\n<p><strong>Back-up<\/strong><br \/>\nWij maken dagelijks een back-up van onze server en applicatie.<\/p>\n<\/div>\n<div class=\"wpb_wrapper\">\n<p><strong>Acesso, modifica\u00e7\u00e3o, exclus\u00e3o, reclama\u00e7\u00f5es sobre dados pessoais<br \/>\n<\/strong>Seus dados poder\u00e3o ser utilizados para envio de informa\u00e7\u00f5es e\/ou ofertas especiais da EBR. Para d\u00favidas sobre a pol\u00edtica de privacidade da EBR ou d\u00favidas sobre acesso e altera\u00e7\u00f5es (ou exclus\u00e3o) de seus dados pessoais, entre em contato com a EBR. Envie uma carta para EBR, a\/c. Gerenciamento de endere\u00e7os, Industrieweg 37 A1, 3044 AS Rotterdam ou um e-mail para <a href=\"mailto:info@examenbureaurotterdam.nl.\">info@examenbureaurotterdam.nl.<\/a><\/p>\n<p><strong>Pol\u00edtica de Cookies<br \/>\n<\/strong>Ao utilizar este site, a EBR ou terceiros podem coletar informa\u00e7\u00f5es sobre o uso deste site, por exemplo, por meio de cookies. Esses s\u00e3o pequenos arquivos que s\u00e3o armazenados pelo seu navegador no disco r\u00edgido do seu computador\/tablet\/telefone. Quando voc\u00ea usa o site repetidamente, seu navegador \u00e9 reconhecido. As informa\u00e7\u00f5es coletadas por meio de cookies, entre outras coisas, podem ser usadas para analisar o uso do site. Por exemplo, \u00e9 poss\u00edvel determinar quais p\u00e1ginas s\u00e3o populares e quais partes do site precisam ser ajustadas. O EBR n\u00e3o compartilha dados relativos ao seu uso deste site com terceiros.<\/p>\n<p><strong>Exclus\u00e3o de cookies<\/strong><br \/>\nVoc\u00ea pode excluir cookies que j\u00e1 foram colocados no seu navegador. Como a interface de cada navegador \u00e9 diferente, \u00e9 melhor consultar a fun\u00e7\u00e3o de ajuda para excluir cookies e recusar novos cookies. Observa\u00e7\u00e3o: se voc\u00ea recusar e\/ou excluir cookies, talvez nem sempre consiga usar todos os recursos do site. Al\u00e9m disso, recusar ou excluir cookies afeta apenas o computador e o navegador nos quais voc\u00ea realiza essa a\u00e7\u00e3o. Se voc\u00ea usar v\u00e1rios computadores\/tablets\/telefones e\/ou navegadores, repita as a\u00e7\u00f5es acima sempre que necess\u00e1rio.<\/p>\n<p><strong>Cybercriminaliteit<br \/>\n<\/strong>Indien wij gehackt zijn, is het belangrijkste is dat we op zo\u2019n moment adequaat handelen om uw gegevens te beschermen. Ons stappenplan is als volgt,<\/p>\n<ol>\n<li>Schakel direct alle internetverbindingen uit<\/li>\n<li>Veranderen van al onze wachtwoorden<\/li>\n<li>Schakel direct experts in<\/li>\n<li>Informeer onze klanten per mail en ga na of zij iets hebben opgemerkt\n<ol>\n<li>Klanten die hieronder hebben geleden direct telefonisch contacteren om het op te lossen met de experts<\/li>\n<\/ol>\n<\/li>\n<li>Onze veiligheidssystemen beoordelen en verbeteren<\/li>\n<\/ol>\n<p><strong>Altera\u00e7\u00f5es a estas declara\u00e7\u00f5es<\/strong><br \/>\nEBR behoudt zich het recht voor om wijzigingen aan te brengen in de AVG register. Elke aanpassing zal EBR op deze pagina publiceren. Laatst aangepast op 01-11-2025.<\/p>\n<\/div>\n<\/div>\n<\/div>\n<\/div>\n<\/div>\n<\/div>\n<\/div>\n<\/div>\n<\/div>\n<\/div>\n<\/div>\n<\/div>\n\t<\/div>\n<\/div>\n\n\n\n\n\t\t\t<\/div> \n\t\t<\/div>\n\t<\/div> \n<\/div><\/div>","protected":false},"excerpt":{"rendered":"Declara\u00e7\u00e3o de Privacidade do Examination Bureau Rotterdam BV No Examination Bureau Rotterdam BV (doravante &quot;EBR&quot;), damos grande import\u00e2ncia \u00e0 prote\u00e7\u00e3o dos seus dados pessoais. Os dados pessoais de todos os clientes...","protected":false},"author":2,"featured_media":0,"parent":0,"menu_order":0,"comment_status":"closed","ping_status":"open","template":"","meta":{"_joinchat":[],"footnotes":""},"class_list":["post-3","page","type-page","status-publish"],"_links":{"self":[{"href":"https:\/\/www.examenbureaurotterdam.nl\/pt\/wp-json\/wp\/v2\/pages\/3","targetHints":{"allow":["GET"]}}],"collection":[{"href":"https:\/\/www.examenbureaurotterdam.nl\/pt\/wp-json\/wp\/v2\/pages"}],"about":[{"href":"https:\/\/www.examenbureaurotterdam.nl\/pt\/wp-json\/wp\/v2\/types\/page"}],"author":[{"embeddable":true,"href":"https:\/\/www.examenbureaurotterdam.nl\/pt\/wp-json\/wp\/v2\/users\/2"}],"replies":[{"embeddable":true,"href":"https:\/\/www.examenbureaurotterdam.nl\/pt\/wp-json\/wp\/v2\/comments?post=3"}],"version-history":[{"count":5,"href":"https:\/\/www.examenbureaurotterdam.nl\/pt\/wp-json\/wp\/v2\/pages\/3\/revisions"}],"predecessor-version":[{"id":8486,"href":"https:\/\/www.examenbureaurotterdam.nl\/pt\/wp-json\/wp\/v2\/pages\/3\/revisions\/8486"}],"wp:attachment":[{"href":"https:\/\/www.examenbureaurotterdam.nl\/pt\/wp-json\/wp\/v2\/media?parent=3"}],"curies":[{"name":"wp","href":"https:\/\/api.w.org\/{rel}","templated":true}]}}