{"id":7925,"date":"2025-04-29T12:19:51","date_gmt":"2025-04-29T10:19:51","guid":{"rendered":"https:\/\/www.examenbureaurotterdam.nl\/?post_type=product&#038;p=7925"},"modified":"2025-06-12T15:03:34","modified_gmt":"2025-06-12T13:03:34","slug":"vil-vcu-nederlands","status":"publish","type":"product","link":"https:\/\/www.examenbureaurotterdam.nl\/pl\/produkt\/vil-vcu-nederlands\/","title":{"rendered":"VIL-VCU holenderski"},"content":{"rendered":"","protected":false},"excerpt":{"rendered":"<p class=\"\" data-start=\"114\" data-end=\"414\"><strong data-start=\"114\" data-end=\"176\">Chcesz zda\u0107 egzamin szybko i bez obaw? <span data-olk-copy-source=\"MessageBody\">VIL-VCU<\/span>-egzamin?<\/strong><br data-start=\"176\" data-end=\"179\" \/>Dzi\u0119ki naszemu kompleksowemu samokszta\u0142ceniu online nauczysz si\u0119 dok\u0142adnie tego, co musisz wiedzie\u0107 \u2013 we w\u0142asnym tempie i czasie. \u0106wicz, odpowiadaj\u0105c na ponad 190 pyta\u0144, otrzymuj zrozumia\u0142e informacje zwrotne i optymalnie przygotuj si\u0119 dzi\u0119ki realistycznym egzaminom pr\u00f3bnym i praktycznym wskaz\u00f3wkom.<\/p>\n<p class=\"\" data-start=\"416\" data-end=\"805\">\u2705 <strong>Ca\u0142kowita samodzielna nauka<\/strong> \u2013 ucz si\u0119 elastycznie<br data-start=\"479\" data-end=\"482\" \/>\u2705 <strong>Ponad 190 pyta\u0144 \u0107wiczeniowych<\/strong> \u2013 wzmocnij swoj\u0105 wiedz\u0119<br data-start=\"537\" data-end=\"540\" \/>\u2705 <strong>2 oficjalne egzaminy pr\u00f3bne<\/strong> \u2013 realistyczne egzaminy pr\u00f3bne<br data-start=\"592\" data-end=\"595\" \/>\u2705 <strong>Opinie na temat wszystkich odpowiedzi<\/strong> \u2013 uczy\u0107 si\u0119 i doskonali\u0107<br data-start=\"642\" data-end=\"645\" \/>\u2705 <strong>Praktyczne wskaz\u00f3wki dotycz\u0105ce egzaminu<\/strong> \u2013 zdecydowanie egzamin<br data-start=\"703\" data-end=\"706\" \/>\u2705 <strong>Egzamin pr\u00f3bny 3 razy<\/strong> \u2013 dodatkowa szansa na zaliczenie<br data-start=\"755\" data-end=\"758\" \/>\u2705 <strong>6 miesi\u0119cy dost\u0119pu<\/strong> \u2013 ucz si\u0119 we w\u0142asnym tempie<\/p>\n<p class=\"\" data-start=\"807\" data-end=\"883\"><strong data-start=\"807\" data-end=\"883\">Gotowy na otrzymanie VIL-VCU? Zarejestruj si\u0119 ju\u017c teraz i zacznij dzia\u0142a\u0107!<\/strong><\/p>","protected":false},"featured_media":7713,"template":"","meta":{"_joinchat":[]},"product_brand":[],"product_cat":[56],"product_tag":[],"class_list":{"0":"post-7925","1":"product","2":"type-product","3":"status-publish","4":"has-post-thumbnail","6":"product_cat-vca-e-learning","8":"first","9":"instock","10":"taxable","11":"shipping-taxable","12":"purchasable","13":"product-type-simple"},"_links":{"self":[{"href":"https:\/\/www.examenbureaurotterdam.nl\/pl\/wp-json\/wp\/v2\/product\/7925","targetHints":{"allow":["GET"]}}],"collection":[{"href":"https:\/\/www.examenbureaurotterdam.nl\/pl\/wp-json\/wp\/v2\/product"}],"about":[{"href":"https:\/\/www.examenbureaurotterdam.nl\/pl\/wp-json\/wp\/v2\/types\/product"}],"wp:featuredmedia":[{"embeddable":true,"href":"https:\/\/www.examenbureaurotterdam.nl\/pl\/wp-json\/wp\/v2\/media\/7713"}],"wp:attachment":[{"href":"https:\/\/www.examenbureaurotterdam.nl\/pl\/wp-json\/wp\/v2\/media?parent=7925"}],"wp:term":[{"taxonomy":"product_brand","embeddable":true,"href":"https:\/\/www.examenbureaurotterdam.nl\/pl\/wp-json\/wp\/v2\/product_brand?post=7925"},{"taxonomy":"product_cat","embeddable":true,"href":"https:\/\/www.examenbureaurotterdam.nl\/pl\/wp-json\/wp\/v2\/product_cat?post=7925"},{"taxonomy":"product_tag","embeddable":true,"href":"https:\/\/www.examenbureaurotterdam.nl\/pl\/wp-json\/wp\/v2\/product_tag?post=7925"}],"curies":[{"name":"wp","href":"https:\/\/api.w.org\/{rel}","templated":true}]}}