{"id":7732,"date":"2025-04-16T01:03:38","date_gmt":"2025-04-15T23:03:38","guid":{"rendered":"https:\/\/www.examenbureaurotterdam.nl\/?post_type=product&#038;p=7732"},"modified":"2025-04-16T01:05:24","modified_gmt":"2025-04-15T23:05:24","slug":"vol-vca-boek-engels","status":"publish","type":"product","link":"https:\/\/www.examenbureaurotterdam.nl\/pl\/produkt\/vol-vca-boek-engels\/","title":{"rendered":"Ksi\u0105\u017cka VOL-VCA po angielsku"},"content":{"rendered":"","protected":false},"excerpt":{"rendered":"<p class=\"\" data-start=\"117\" data-end=\"486\">Przygotuj si\u0119 gruntownie do oficjalnego egzaminu VOL-VCA z tym kompletnym i dobrze ustrukturyzowanym podr\u0119cznikiem. Podr\u0119cznik VOL-VCA zawiera ca\u0142y niezb\u0119dny materia\u0142 szkoleniowy do szkolenia \u201eBezpiecze\u0144stwo dla kierownik\u00f3w operacyjnych VCA\u201d i jest w pe\u0142ni zgodny z aktualnymi wymogami egzaminacyjnymi ustalonymi przez Centraln\u0105 Kolegium Ekspert\u00f3w SSVV (Fundacja Wsp\u00f3\u0142pracy na rzecz Bezpiecze\u0144stwa).<\/p>\n<p class=\"\" data-start=\"488\" data-end=\"912\">\u2705 <strong data-start=\"490\" data-end=\"510\">8 przejrzystych rozdzia\u0142\u00f3w<\/strong> \u2013 ka\u017cdy rozdzia\u0142 ko\u0144czy si\u0119 zwi\u0119z\u0142ym podsumowaniem i testem z pytaniami \u0107wiczeniowymi w formie egzaminacyjnej.<br data-start=\"609\" data-end=\"612\" \/>\u2705 <strong data-start=\"614\" data-end=\"640\">W zestawie egzamin pr\u00f3bny<\/strong> \u2013 sprawd\u017a swoj\u0105 wiedz\u0119 i dowiedz si\u0119, czy jeste\u015b gotowy na prawdziwy egzamin.<br data-start=\"710\" data-end=\"713\" \/>\u2705 <strong data-start=\"715\" data-end=\"739\">Zawiera linki do film\u00f3w<\/strong> \u2013 po prostu zeskanuj kody QR w ksi\u0105\u017cce, aby uzyska\u0107 dost\u0119p do kr\u00f3tkich film\u00f3w z dodatkowymi wyja\u015bnieniami.<br data-start=\"830\" data-end=\"833\" \/>\u2705 <strong data-start=\"835\" data-end=\"865\">Darmowa zak\u0142adka do ksi\u0105\u017cek ze znakami bezpiecze\u0144stwa<\/strong> \u2013 \u015bwietne do nauki i jako podr\u0119czny materia\u0142 \u017ar\u00f3d\u0142owy.<\/p>\n<p class=\"\" data-start=\"914\" data-end=\"1165\">Dyplom VOL-VCA jest podstawowym certyfikatem osobistym dla kierownik\u00f3w i os\u00f3b prowadz\u0105cych dzia\u0142alno\u015b\u0107 na w\u0142asny rachunek w budownictwie, przemy\u015ble, petrochemii i innych sektorach wysokiego ryzyka. Ta ksi\u0105\u017cka pomo\u017ce Ci uczy\u0107 si\u0119 samodzielnie i pewnie przygotowa\u0107 si\u0119 do egzaminu.<\/p>\n<p class=\"\" data-start=\"1167\" data-end=\"1244\"><strong data-start=\"1167\" data-end=\"1244\">Z\u0142\u00f3\u017c zam\u00f3wienie ju\u017c dzi\u015b i zacznij nauk\u0119, aby uzyska\u0107 certyfikat VOL-VCA!<\/strong><\/p>","protected":false},"featured_media":7733,"template":"","meta":{"_joinchat":[]},"product_brand":[],"product_cat":[48],"product_tag":[],"class_list":{"0":"post-7732","1":"product","2":"type-product","3":"status-publish","4":"has-post-thumbnail","6":"product_cat-vca-boeken","8":"first","9":"instock","10":"taxable","11":"shipping-taxable","12":"purchasable","13":"product-type-simple"},"_links":{"self":[{"href":"https:\/\/www.examenbureaurotterdam.nl\/pl\/wp-json\/wp\/v2\/product\/7732","targetHints":{"allow":["GET"]}}],"collection":[{"href":"https:\/\/www.examenbureaurotterdam.nl\/pl\/wp-json\/wp\/v2\/product"}],"about":[{"href":"https:\/\/www.examenbureaurotterdam.nl\/pl\/wp-json\/wp\/v2\/types\/product"}],"wp:featuredmedia":[{"embeddable":true,"href":"https:\/\/www.examenbureaurotterdam.nl\/pl\/wp-json\/wp\/v2\/media\/7733"}],"wp:attachment":[{"href":"https:\/\/www.examenbureaurotterdam.nl\/pl\/wp-json\/wp\/v2\/media?parent=7732"}],"wp:term":[{"taxonomy":"product_brand","embeddable":true,"href":"https:\/\/www.examenbureaurotterdam.nl\/pl\/wp-json\/wp\/v2\/product_brand?post=7732"},{"taxonomy":"product_cat","embeddable":true,"href":"https:\/\/www.examenbureaurotterdam.nl\/pl\/wp-json\/wp\/v2\/product_cat?post=7732"},{"taxonomy":"product_tag","embeddable":true,"href":"https:\/\/www.examenbureaurotterdam.nl\/pl\/wp-json\/wp\/v2\/product_tag?post=7732"}],"curies":[{"name":"wp","href":"https:\/\/api.w.org\/{rel}","templated":true}]}}