{"id":7728,"date":"2025-04-16T00:58:46","date_gmt":"2025-04-15T22:58:46","guid":{"rendered":"https:\/\/www.examenbureaurotterdam.nl\/?post_type=product&#038;p=7728"},"modified":"2025-04-16T00:59:39","modified_gmt":"2025-04-15T22:59:39","slug":"b-vca-boek-pools","status":"publish","type":"product","link":"https:\/\/www.examenbureaurotterdam.nl\/pl\/produkt\/b-vca-boek-pools\/","title":{"rendered":"Ksi\u0105\u017cka B-VCA po polsku"},"content":{"rendered":"","protected":false},"excerpt":{"rendered":"<p class=\"\" data-start=\"74\" data-end=\"430\"><strong data-start=\"74\" data-end=\"180\">Zawiera kompleksowo do oficjalnego oprogramowania B-VCA z t\u0105 kompletn\u0105 i przejrzyst\u0105 ksi\u0105\u017ck\u0105 do nauki.<\/strong><br data-start=\"180\" data-end=\"183\" \/>Ksi\u0105\u017cka B-VCA zawiera ca\u0142y materia\u0142 dydaktyczny do kursu Podstawy bezpiecze\u0144stwa VCA iw pe\u0142ni odpowiada aktualnym wymaganiom egzaminacyjnym okre\u015blonym przez Centraln\u0105 Ekspert\u00f3w Fundacji Wsp\u00f3\u0142pracy na rzecz Bezpiecze\u0144stwa (SSV).<\/p>\n<p class=\"\" data-start=\"432\" data-end=\"921\">\u2705 <strong data-start=\"434\" data-end=\"464\">8 ma\u0142ych r\u00f3\u017c<\/strong> \u2013 ka\u017cdy rozdzia\u0142 ko\u0144czy si\u0119 jasnym podsumowaniem oraz testem sprawdzaj\u0105cym z pyta\u0144 w formie egzaminacyjnej.<br data-start=\"576\" data-end=\"579\" \/>\u2705 <strong data-start=\"581\" data-end=\"610\">Egzamin wypr\u00f3bowany w ci\u0105gu sze\u015bciu miesi\u0119cy<\/strong> \u2013 sprawd\u017a swoje informacje i dowiedz si\u0119, czy jeste\u015b gotowy po prawdziwym badaniu.<br data-start=\"688\" data-end=\"691\" \/>\u2705 <strong data-start=\"693\" data-end=\"719\">Obejrzyj linki do film\u00f3w<\/strong> \u2013 \u0142atwo zeskanuj kody QR w ksi\u0105\u017cce, aby uzyska\u0107 dodatkowe informacje w formie pliku wideo.<br data-start=\"815\" data-end=\"818\" \/>\u2705 <strong data-start=\"820\" data-end=\"865\">Darmowa zak\u0142adka z znakiem bezpiecze\u0144stwa<\/strong> \u2013 zastosowanie podczas nauki i jako materia\u0142 referencyjny.<\/p>\n<p class=\"\" data-start=\"923\" data-end=\"1170\">Certyfikat B-VCA do sprawdzenia wymaganej dokumentacji pod k\u0105tem jako\u015bci przeprowadzanych bada\u0144 w (petro)chemii, przemy\u015bleniach i pokrewnych sektorach. Ta ksi\u0105\u017cka pomaga Ci nauczy\u0107 si\u0119 samodzielnie i solidnie, aby uzyska\u0107 dost\u0119p.<\/p>\n<p class=\"\" data-start=\"1172\" data-end=\"1236\"><strong data-start=\"1172\" data-end=\"1236\">Czas powr\u00f3ci\u0107 do najnowszej certyfikacji B-VCA!<\/strong><\/p>","protected":false},"featured_media":7729,"template":"","meta":{"_joinchat":[]},"product_brand":[],"product_cat":[48],"product_tag":[],"class_list":{"0":"post-7728","1":"product","2":"type-product","3":"status-publish","4":"has-post-thumbnail","6":"product_cat-vca-boeken","8":"first","9":"instock","10":"taxable","11":"shipping-taxable","12":"purchasable","13":"product-type-simple"},"_links":{"self":[{"href":"https:\/\/www.examenbureaurotterdam.nl\/pl\/wp-json\/wp\/v2\/product\/7728","targetHints":{"allow":["GET"]}}],"collection":[{"href":"https:\/\/www.examenbureaurotterdam.nl\/pl\/wp-json\/wp\/v2\/product"}],"about":[{"href":"https:\/\/www.examenbureaurotterdam.nl\/pl\/wp-json\/wp\/v2\/types\/product"}],"wp:featuredmedia":[{"embeddable":true,"href":"https:\/\/www.examenbureaurotterdam.nl\/pl\/wp-json\/wp\/v2\/media\/7729"}],"wp:attachment":[{"href":"https:\/\/www.examenbureaurotterdam.nl\/pl\/wp-json\/wp\/v2\/media?parent=7728"}],"wp:term":[{"taxonomy":"product_brand","embeddable":true,"href":"https:\/\/www.examenbureaurotterdam.nl\/pl\/wp-json\/wp\/v2\/product_brand?post=7728"},{"taxonomy":"product_cat","embeddable":true,"href":"https:\/\/www.examenbureaurotterdam.nl\/pl\/wp-json\/wp\/v2\/product_cat?post=7728"},{"taxonomy":"product_tag","embeddable":true,"href":"https:\/\/www.examenbureaurotterdam.nl\/pl\/wp-json\/wp\/v2\/product_tag?post=7728"}],"curies":[{"name":"wp","href":"https:\/\/api.w.org\/{rel}","templated":true}]}}