{"id":7726,"date":"2025-04-16T00:55:48","date_gmt":"2025-04-15T22:55:48","guid":{"rendered":"https:\/\/www.examenbureaurotterdam.nl\/?post_type=product&#038;p=7726"},"modified":"2025-04-16T00:57:23","modified_gmt":"2025-04-15T22:57:23","slug":"b-vca-boek-engels","status":"publish","type":"product","link":"https:\/\/www.examenbureaurotterdam.nl\/pl\/produkt\/b-vca-boek-engels\/","title":{"rendered":"Ksi\u0105\u017cka B-VCA ANGIELSKI"},"content":{"rendered":"","protected":false},"excerpt":{"rendered":"<p class=\"\" data-start=\"94\" data-end=\"424\">Przygotuj si\u0119 gruntownie do oficjalnego egzaminu B-VCA z tym kompletnym i dobrze ustrukturyzowanym podr\u0119cznikiem.<br data-start=\"195\" data-end=\"198\" \/>Podr\u0119cznik B-VCA zawiera ca\u0142y wymagany materia\u0142 na kursie Podstawowe bezpiecze\u0144stwo VCA i jest w pe\u0142ni zgodny z aktualnymi wymaganiami egzaminacyjnymi ustalonymi przez Centraln\u0105 Komisj\u0119 Ekspert\u00f3w Fundacji na rzecz Wsp\u00f3\u0142pracy w Dziedzinie Bezpiecze\u0144stwa (SSVV).<\/p>\n<p class=\"\" data-start=\"426\" data-end=\"852\">\u2705 <strong data-start=\"428\" data-end=\"458\">8 dobrze ustrukturyzowanych rozdzia\u0142\u00f3w<\/strong> \u2013 ka\u017cdy rozdzia\u0142 ko\u0144czy si\u0119 przejrzystym podsumowaniem i testem z pytaniami \u0107wiczeniowymi w formie egzaminacyjnej.<br data-start=\"555\" data-end=\"558\" \/>\u2705 <strong data-start=\"560\" data-end=\"586\">W zestawie egzamin pr\u00f3bny<\/strong> \u2013 sprawd\u017a swoj\u0105 wiedz\u0119 i dowiedz si\u0119, czy jeste\u015b gotowy na prawdziwy egzamin.<br data-start=\"656\" data-end=\"659\" \/>\u2705 <strong data-start=\"661\" data-end=\"685\">Zawiera linki do film\u00f3w<\/strong> \u2013 mo\u017cesz \u0142atwo zeskanowa\u0107 kody QR w ksi\u0105\u017cce, aby uzyska\u0107 dodatkowe wyja\u015bnienia w postaci kr\u00f3tkich film\u00f3w.<br data-start=\"765\" data-end=\"768\" \/>\u2705 <strong data-start=\"770\" data-end=\"805\">Darmowa zak\u0142adka ze znakami bezpiecze\u0144stwa<\/strong> \u2013 przydatne do nauki i jako narz\u0119dzie informacyjne.<\/p>\n<p class=\"\" data-start=\"854\" data-end=\"1075\">Certyfikat B-VCA jest wiod\u0105cym certyfikatem osobistym dla os\u00f3b pracuj\u0105cych w budownictwie, (petro)chemii, przemy\u015ble i pokrewnych sektorach. Ksi\u0105\u017cka ta pomo\u017ce Ci uczy\u0107 si\u0119 samodzielnie i gruntownie przygotowa\u0107 si\u0119 do egzaminu.<\/p>\n<p class=\"\" data-start=\"1077\" data-end=\"1150\"><strong data-start=\"1077\" data-end=\"1150\">Z\u0142\u00f3\u017c zam\u00f3wienie ju\u017c dzi\u015b i zacznij przygotowania do certyfikatu B-VCA ju\u017c dzi\u015b!<\/strong><\/p>","protected":false},"featured_media":7727,"template":"","meta":{"_joinchat":[]},"product_brand":[],"product_cat":[48],"product_tag":[],"class_list":{"0":"post-7726","1":"product","2":"type-product","3":"status-publish","4":"has-post-thumbnail","6":"product_cat-vca-boeken","8":"first","9":"instock","10":"taxable","11":"shipping-taxable","12":"purchasable","13":"product-type-simple"},"_links":{"self":[{"href":"https:\/\/www.examenbureaurotterdam.nl\/pl\/wp-json\/wp\/v2\/product\/7726","targetHints":{"allow":["GET"]}}],"collection":[{"href":"https:\/\/www.examenbureaurotterdam.nl\/pl\/wp-json\/wp\/v2\/product"}],"about":[{"href":"https:\/\/www.examenbureaurotterdam.nl\/pl\/wp-json\/wp\/v2\/types\/product"}],"wp:featuredmedia":[{"embeddable":true,"href":"https:\/\/www.examenbureaurotterdam.nl\/pl\/wp-json\/wp\/v2\/media\/7727"}],"wp:attachment":[{"href":"https:\/\/www.examenbureaurotterdam.nl\/pl\/wp-json\/wp\/v2\/media?parent=7726"}],"wp:term":[{"taxonomy":"product_brand","embeddable":true,"href":"https:\/\/www.examenbureaurotterdam.nl\/pl\/wp-json\/wp\/v2\/product_brand?post=7726"},{"taxonomy":"product_cat","embeddable":true,"href":"https:\/\/www.examenbureaurotterdam.nl\/pl\/wp-json\/wp\/v2\/product_cat?post=7726"},{"taxonomy":"product_tag","embeddable":true,"href":"https:\/\/www.examenbureaurotterdam.nl\/pl\/wp-json\/wp\/v2\/product_tag?post=7726"}],"curies":[{"name":"wp","href":"https:\/\/api.w.org\/{rel}","templated":true}]}}