{"id":7184,"date":"2025-03-20T22:06:35","date_gmt":"2025-03-20T20:06:35","guid":{"rendered":"https:\/\/www.examenbureaurotterdam.nl\/?post_type=product&#038;p=7184"},"modified":"2025-04-15T23:54:00","modified_gmt":"2025-04-15T21:54:00","slug":"pe-oefenexamen-inkomen","status":"publish","type":"product","link":"https:\/\/www.examenbureaurotterdam.nl\/pl\/produkt\/pe-oefenexamen-inkomen\/","title":{"rendered":"Doch\u00f3d PE"},"content":{"rendered":"","protected":false},"excerpt":{"rendered":"<p class=\"\" data-start=\"133\" data-end=\"326\">Chcesz mie\u0107 pewno\u015b\u0107, \u017ce jeste\u015b gotowy do egzaminu PE Wft Income? \u0106wicz na realistycznych egzaminach pr\u00f3bnych i dowiedz si\u0119, na czym stoisz! Dzi\u0119ki jasnym informacjom zwrotnym i przydatnym wskaz\u00f3wkom b\u0119dziesz dobrze przygotowany.<\/p>\n<p class=\"\" data-start=\"328\" data-end=\"553\">\u2705 <strong>2 egzaminy pr\u00f3bne<\/strong> \u2013 realistyczne pytania<br data-start=\"366\" data-end=\"369\" \/>\u2705 <strong>Opinie na temat odpowiedzi<\/strong> \u2013 uczy\u0107 si\u0119 i doskonali\u0107<br data-start=\"412\" data-end=\"415\" \/>\u2705 <strong>Wskaz\u00f3wki dotycz\u0105ce egzaminu<\/strong> \u2013 podejd\u017a do egzaminu pewnie<br data-start=\"461\" data-end=\"464\" \/>\u2705<strong> Podejd\u017a do egzaminu 3 razy<\/strong> \u2013 dodatkowe \u0107wiczenia<br data-start=\"501\" data-end=\"504\" \/>\u2705 <strong>6 miesi\u0119cy dost\u0119pu<\/strong> \u2013 ucz si\u0119 we w\u0142asnym tempie<\/p>\n<p class=\"\" data-start=\"555\" data-end=\"650\"><strong data-start=\"555\" data-end=\"647\">Przygotuj si\u0119 optymalnie i sprawd\u017a swoj\u0105 wiedz\u0119 ju\u017c dzi\u015b! Rozpocznij testy pr\u00f3bne ju\u017c teraz.<\/strong><\/p>","protected":false},"featured_media":7717,"template":"","meta":{"_joinchat":[]},"product_brand":[],"product_cat":[47],"product_tag":[],"class_list":{"0":"post-7184","1":"product","2":"type-product","3":"status-publish","4":"has-post-thumbnail","6":"product_cat-pe-oefenexamens","8":"first","9":"instock","10":"taxable","11":"shipping-taxable","12":"purchasable","13":"product-type-simple"},"_links":{"self":[{"href":"https:\/\/www.examenbureaurotterdam.nl\/pl\/wp-json\/wp\/v2\/product\/7184","targetHints":{"allow":["GET"]}}],"collection":[{"href":"https:\/\/www.examenbureaurotterdam.nl\/pl\/wp-json\/wp\/v2\/product"}],"about":[{"href":"https:\/\/www.examenbureaurotterdam.nl\/pl\/wp-json\/wp\/v2\/types\/product"}],"wp:featuredmedia":[{"embeddable":true,"href":"https:\/\/www.examenbureaurotterdam.nl\/pl\/wp-json\/wp\/v2\/media\/7717"}],"wp:attachment":[{"href":"https:\/\/www.examenbureaurotterdam.nl\/pl\/wp-json\/wp\/v2\/media?parent=7184"}],"wp:term":[{"taxonomy":"product_brand","embeddable":true,"href":"https:\/\/www.examenbureaurotterdam.nl\/pl\/wp-json\/wp\/v2\/product_brand?post=7184"},{"taxonomy":"product_cat","embeddable":true,"href":"https:\/\/www.examenbureaurotterdam.nl\/pl\/wp-json\/wp\/v2\/product_cat?post=7184"},{"taxonomy":"product_tag","embeddable":true,"href":"https:\/\/www.examenbureaurotterdam.nl\/pl\/wp-json\/wp\/v2\/product_tag?post=7184"}],"curies":[{"name":"wp","href":"https:\/\/api.w.org\/{rel}","templated":true}]}}