{"id":7178,"date":"2025-03-20T21:57:26","date_gmt":"2025-03-20T19:57:26","guid":{"rendered":"https:\/\/www.examenbureaurotterdam.nl\/?post_type=product&#038;p=7178"},"modified":"2025-04-15T23:59:06","modified_gmt":"2025-04-15T21:59:06","slug":"pe-oefenexamen-schade-particulier","status":"publish","type":"product","link":"https:\/\/www.examenbureaurotterdam.nl\/pl\/produkt\/pe-oefenexamen-schade-particulier\/","title":{"rendered":"PE Uszkodzenie Prywatne"},"content":{"rendered":"","protected":false},"excerpt":{"rendered":"<p class=\"\" data-start=\"139\" data-end=\"344\">Chcesz mie\u0107 pewno\u015b\u0107, \u017ce jeste\u015b gotowy do egzaminu PE Wft Schade Particulier? \u0106wicz na realistycznych egzaminach pr\u00f3bnych i dowiedz si\u0119, na czym stoisz! Dzi\u0119ki jasnym informacjom zwrotnym i przydatnym wskaz\u00f3wkom b\u0119dziesz dobrze przygotowany.<\/p>\n<p class=\"\" data-start=\"346\" data-end=\"571\">\u2705 <strong>2 egzaminy pr\u00f3bne<\/strong> \u2013 realistyczne pytania<br data-start=\"384\" data-end=\"387\" \/>\u2705 <strong>Opinie na temat odpowiedzi<\/strong> \u2013 uczy\u0107 si\u0119 i doskonali\u0107<br data-start=\"430\" data-end=\"433\" \/>\u2705 <strong>Wskaz\u00f3wki dotycz\u0105ce egzaminu<\/strong> \u2013 podejd\u017a do egzaminu pewnie<br data-start=\"479\" data-end=\"482\" \/>\u2705 <strong>Podejd\u017a do egzaminu 3 razy<\/strong> \u2013 dodatkowe \u0107wiczenia<br data-start=\"519\" data-end=\"522\" \/>\u2705 <strong>6 miesi\u0119cy dost\u0119pu<\/strong> \u2013 ucz si\u0119 we w\u0142asnym tempie<\/p>\n<p class=\"\" data-start=\"573\" data-end=\"668\"><strong data-start=\"573\" data-end=\"665\">Przygotuj si\u0119 optymalnie i sprawd\u017a swoj\u0105 wiedz\u0119 ju\u017c dzi\u015b! Rozpocznij testy pr\u00f3bne ju\u017c teraz.<\/strong><\/p>","protected":false},"featured_media":7717,"template":"","meta":{"_joinchat":[]},"product_brand":[],"product_cat":[47],"product_tag":[],"class_list":{"0":"post-7178","1":"product","2":"type-product","3":"status-publish","4":"has-post-thumbnail","6":"product_cat-pe-oefenexamens","8":"first","9":"instock","10":"taxable","11":"shipping-taxable","12":"purchasable","13":"product-type-simple"},"_links":{"self":[{"href":"https:\/\/www.examenbureaurotterdam.nl\/pl\/wp-json\/wp\/v2\/product\/7178","targetHints":{"allow":["GET"]}}],"collection":[{"href":"https:\/\/www.examenbureaurotterdam.nl\/pl\/wp-json\/wp\/v2\/product"}],"about":[{"href":"https:\/\/www.examenbureaurotterdam.nl\/pl\/wp-json\/wp\/v2\/types\/product"}],"wp:featuredmedia":[{"embeddable":true,"href":"https:\/\/www.examenbureaurotterdam.nl\/pl\/wp-json\/wp\/v2\/media\/7717"}],"wp:attachment":[{"href":"https:\/\/www.examenbureaurotterdam.nl\/pl\/wp-json\/wp\/v2\/media?parent=7178"}],"wp:term":[{"taxonomy":"product_brand","embeddable":true,"href":"https:\/\/www.examenbureaurotterdam.nl\/pl\/wp-json\/wp\/v2\/product_brand?post=7178"},{"taxonomy":"product_cat","embeddable":true,"href":"https:\/\/www.examenbureaurotterdam.nl\/pl\/wp-json\/wp\/v2\/product_cat?post=7178"},{"taxonomy":"product_tag","embeddable":true,"href":"https:\/\/www.examenbureaurotterdam.nl\/pl\/wp-json\/wp\/v2\/product_tag?post=7178"}],"curies":[{"name":"wp","href":"https:\/\/api.w.org\/{rel}","templated":true}]}}