{"id":7173,"date":"2025-03-20T21:52:42","date_gmt":"2025-03-20T19:52:42","guid":{"rendered":"https:\/\/www.examenbureaurotterdam.nl\/?post_type=product&#038;p=7173"},"modified":"2025-04-15T23:05:08","modified_gmt":"2025-04-15T21:05:08","slug":"pe-inkomen","status":"publish","type":"product","link":"https:\/\/www.examenbureaurotterdam.nl\/pl\/produkt\/pe-inkomen\/","title":{"rendered":"Doch\u00f3d PE"},"content":{"rendered":"","protected":false},"excerpt":{"rendered":"<p class=\"\" data-start=\"140\" data-end=\"444\">Czy chcesz zachowa\u0107 certyfikat Wft Income i bez problemu zda\u0107 egzamin PE Income? Dzi\u0119ki naszemu kompleksowemu kursowi samodzielnej nauki online nauczysz si\u0119 dok\u0142adnie tego, co musisz wiedzie\u0107 \u2013 gdziekolwiek i kiedykolwiek chcesz. Rozwi\u0105zuj pytania praktyczne, otrzymuj opinie zwrotne i optymalnie przygotuj si\u0119 dzi\u0119ki realistycznym egzaminom pr\u00f3bnym i praktycznym wskaz\u00f3wkom.<\/p>\n<p class=\"\" data-start=\"446\" data-end=\"791\">\u2705 <strong>Ca\u0142kowita samodzielna nauka<\/strong> \u2013 ucz si\u0119 elastycznie<br data-start=\"486\" data-end=\"489\" \/>\u2705 <strong>Ponad 160 pyta\u0144 \u0107wiczeniowych<\/strong> \u2013 wzmocnij swoj\u0105 wiedz\u0119<br data-start=\"536\" data-end=\"539\" \/>\u2705<strong> 2 oficjalne egzaminy pr\u00f3bne<\/strong> \u2013 realistyczne egzaminy pr\u00f3bne<br data-start=\"593\" data-end=\"596\" \/>\u2705 <strong>Opinie na temat wszystkich odpowiedzi<\/strong> \u2013 uczy\u0107 si\u0119 i doskonali\u0107<br data-start=\"644\" data-end=\"647\" \/>\u2705 <strong>Praktyczne wskaz\u00f3wki dotycz\u0105ce egzaminu<\/strong> \u2013 zdecydowanie egzamin<br data-start=\"689\" data-end=\"692\" \/>\u2705 <strong>Podejd\u017a do egzaminu 3 razy<\/strong> \u2013 dodatkowe \u0107wiczenia na zaliczenie<br data-start=\"742\" data-end=\"745\" data-is-only-node=\"\" \/>\u2705 <strong>6 miesi\u0119cy dost\u0119pu<\/strong> \u2013 ucz si\u0119 we w\u0142asnym tempie<\/p>\n<p class=\"\" data-start=\"793\" data-end=\"851\"><strong data-start=\"793\" data-end=\"851\">Gotowy, \u017ceby zacz\u0105\u0107? Zarejestruj si\u0119 ju\u017c teraz i zacznij dzia\u0142a\u0107!<\/strong><\/p>","protected":false},"featured_media":7713,"template":"","meta":{"_joinchat":[]},"product_brand":[],"product_cat":[46],"product_tag":[],"class_list":{"0":"post-7173","1":"product","2":"type-product","3":"status-publish","4":"has-post-thumbnail","6":"product_cat-pe-e-learning","8":"first","9":"instock","10":"taxable","11":"shipping-taxable","12":"purchasable","13":"product-type-simple"},"_links":{"self":[{"href":"https:\/\/www.examenbureaurotterdam.nl\/pl\/wp-json\/wp\/v2\/product\/7173","targetHints":{"allow":["GET"]}}],"collection":[{"href":"https:\/\/www.examenbureaurotterdam.nl\/pl\/wp-json\/wp\/v2\/product"}],"about":[{"href":"https:\/\/www.examenbureaurotterdam.nl\/pl\/wp-json\/wp\/v2\/types\/product"}],"wp:featuredmedia":[{"embeddable":true,"href":"https:\/\/www.examenbureaurotterdam.nl\/pl\/wp-json\/wp\/v2\/media\/7713"}],"wp:attachment":[{"href":"https:\/\/www.examenbureaurotterdam.nl\/pl\/wp-json\/wp\/v2\/media?parent=7173"}],"wp:term":[{"taxonomy":"product_brand","embeddable":true,"href":"https:\/\/www.examenbureaurotterdam.nl\/pl\/wp-json\/wp\/v2\/product_brand?post=7173"},{"taxonomy":"product_cat","embeddable":true,"href":"https:\/\/www.examenbureaurotterdam.nl\/pl\/wp-json\/wp\/v2\/product_cat?post=7173"},{"taxonomy":"product_tag","embeddable":true,"href":"https:\/\/www.examenbureaurotterdam.nl\/pl\/wp-json\/wp\/v2\/product_tag?post=7173"}],"curies":[{"name":"wp","href":"https:\/\/api.w.org\/{rel}","templated":true}]}}