{"id":7158,"date":"2025-03-20T19:31:14","date_gmt":"2025-03-20T17:31:14","guid":{"rendered":"https:\/\/www.examenbureaurotterdam.nl\/?post_type=product&#038;p=7158"},"modified":"2025-04-16T00:22:13","modified_gmt":"2025-04-15T22:22:13","slug":"wft-schade-zakelijk-oefenexamens","status":"publish","type":"product","link":"https:\/\/www.examenbureaurotterdam.nl\/pl\/produkt\/wft-schade-zakelijk-oefenexamens\/","title":{"rendered":"Egzaminy praktyczne dotycz\u0105ce uszkodze\u0144 WFT"},"content":{"rendered":"","protected":false},"excerpt":{"rendered":"<p class=\"\" data-start=\"148\" data-end=\"321\">Chcesz mie\u0107 pewno\u015b\u0107, \u017ce jeste\u015b dobrze przygotowany do egzaminu Wft Schade Zakelijk? Dzi\u0119ki tym realistycznym egzaminom pr\u00f3bnym dowiesz si\u0119, na jakim etapie jeste\u015b i nad czym jeszcze mo\u017cesz popracowa\u0107.<\/p>\n<p class=\"\" data-start=\"323\" data-end=\"548\">\u2705 <strong>3 egzaminy pr\u00f3bne<\/strong> \u2013 realistyczne pytania<br data-start=\"361\" data-end=\"364\" \/>\u2705 <strong>Opinie na temat odpowiedzi<\/strong> \u2013 uczy\u0107 si\u0119 i doskonali\u0107<br data-start=\"407\" data-end=\"410\" \/>\u2705 <strong>Wskaz\u00f3wki dotycz\u0105ce egzaminu<\/strong> \u2013 podejd\u017a do egzaminu pewnie<br data-start=\"456\" data-end=\"459\" \/>\u2705 <strong>Podejd\u017a do egzaminu 3 razy<\/strong> \u2013 dodatkowe \u0107wiczenia<br data-start=\"496\" data-end=\"499\" \/>\u2705 <strong>6 miesi\u0119cy dost\u0119pu<\/strong> \u2013 ucz si\u0119 we w\u0142asnym tempie<\/p>\n<p class=\"\" data-start=\"550\" data-end=\"645\"><strong data-start=\"550\" data-end=\"642\">Przygotuj si\u0119 optymalnie i sprawd\u017a swoj\u0105 wiedz\u0119 ju\u017c dzi\u015b! Rozpocznij testy pr\u00f3bne ju\u017c teraz.<\/strong><\/p>","protected":false},"featured_media":7717,"template":"","meta":{"_joinchat":[]},"product_brand":[],"product_cat":[45],"product_tag":[],"class_list":{"0":"post-7158","1":"product","2":"type-product","3":"status-publish","4":"has-post-thumbnail","6":"product_cat-wft-oefenexamens","8":"first","9":"instock","10":"taxable","11":"shipping-taxable","12":"purchasable","13":"product-type-simple"},"_links":{"self":[{"href":"https:\/\/www.examenbureaurotterdam.nl\/pl\/wp-json\/wp\/v2\/product\/7158","targetHints":{"allow":["GET"]}}],"collection":[{"href":"https:\/\/www.examenbureaurotterdam.nl\/pl\/wp-json\/wp\/v2\/product"}],"about":[{"href":"https:\/\/www.examenbureaurotterdam.nl\/pl\/wp-json\/wp\/v2\/types\/product"}],"wp:featuredmedia":[{"embeddable":true,"href":"https:\/\/www.examenbureaurotterdam.nl\/pl\/wp-json\/wp\/v2\/media\/7717"}],"wp:attachment":[{"href":"https:\/\/www.examenbureaurotterdam.nl\/pl\/wp-json\/wp\/v2\/media?parent=7158"}],"wp:term":[{"taxonomy":"product_brand","embeddable":true,"href":"https:\/\/www.examenbureaurotterdam.nl\/pl\/wp-json\/wp\/v2\/product_brand?post=7158"},{"taxonomy":"product_cat","embeddable":true,"href":"https:\/\/www.examenbureaurotterdam.nl\/pl\/wp-json\/wp\/v2\/product_cat?post=7158"},{"taxonomy":"product_tag","embeddable":true,"href":"https:\/\/www.examenbureaurotterdam.nl\/pl\/wp-json\/wp\/v2\/product_tag?post=7158"}],"curies":[{"name":"wp","href":"https:\/\/api.w.org\/{rel}","templated":true}]}}