{"id":7140,"date":"2025-03-20T11:33:55","date_gmt":"2025-03-20T09:33:55","guid":{"rendered":"https:\/\/www.examenbureaurotterdam.nl\/?post_type=product&#038;p=7140"},"modified":"2025-04-15T22:48:23","modified_gmt":"2025-04-15T20:48:23","slug":"wft-schade-particulier","status":"publish","type":"product","link":"https:\/\/www.examenbureaurotterdam.nl\/pl\/produkt\/wft-schade-particulier\/","title":{"rendered":"WFT Uszkodzenie Prywatne"},"content":{"rendered":"","protected":false},"excerpt":{"rendered":"<p class=\"\" data-start=\"174\" data-end=\"441\">Czy chcesz bez problemu uzyska\u0107 certyfikat Wft Private Damage? Dzi\u0119ki naszemu kompleksowemu kursowi samodzielnej nauki online b\u0119dziesz optymalnie przygotowany do oficjalnego egzaminu. W tym kursie znajdziesz wszystko, czego potrzebujesz, aby zda\u0107, w tym pytania praktyczne, egzaminy pr\u00f3bne i przydatne wskaz\u00f3wki dotycz\u0105ce egzamin\u00f3w.<\/p>\n<p class=\"\" data-start=\"443\" data-end=\"818\">\u2705 <strong>Ca\u0142kowita samodzielna nauka<\/strong> \u2013 ucz si\u0119 we w\u0142asnym tempie<br data-start=\"492\" data-end=\"495\" \/>\u2705 <strong>390 pyta\u0144 \u0107wiczeniowych<\/strong> \u2013 dok\u0142adnie przetestuj swoj\u0105 wiedz\u0119<br data-start=\"540\" data-end=\"543\" \/>\u2705 <strong>4 oficjalne egzaminy pr\u00f3bne<\/strong> \u2013 realistyczne pytania egzaminacyjne<br data-start=\"597\" data-end=\"600\" \/>\u2705 <strong>Opinie na temat wszystkich odpowiedzi<\/strong> \u2013 uczy\u0107 si\u0119 i doskonali\u0107<br data-start=\"650\" data-end=\"653\" \/>\u2705 <strong>Praktyczne wskaz\u00f3wki dotycz\u0105ce egzaminu<\/strong>\u00a0\u2013 zdecydowanie egzamin<br data-start=\"706\" data-end=\"709\" \/>\u2705 <strong>Podejd\u017a do egzaminu 3 razy<\/strong> \u2013 dodatkowe \u0107wiczenia na zaliczenie<br data-start=\"759\" data-end=\"762\" \/>\u2705<strong> 12 miesi\u0119cy dost\u0119pu <\/strong>\u2013 ucz si\u0119 we w\u0142asnym tempie<\/p>\n<p class=\"\" data-start=\"820\" data-end=\"836\"><strong data-start=\"820\" data-end=\"836\">Czego si\u0119 uczysz?<\/strong><\/p>\n<ul>\n<li data-start=\"838\" data-end=\"1016\">Prawo odpowiedzialno\u015bci cywilnej i AVP<\/li>\n<li data-start=\"838\" data-end=\"1016\">Ubezpieczenie od ognia<\/li>\n<li data-start=\"838\" data-end=\"1016\">WAM, sztuka. 185 WvW i ubezpieczenie pojazdu mechanicznego<\/li>\n<li data-start=\"838\" data-end=\"1016\">System opieki zdrowotnej w Holandii i ubezpieczenie zdrowotne<\/li>\n<li data-start=\"838\" data-end=\"1016\">Inne istotne tematy<\/li>\n<\/ul>\n<p class=\"\" data-start=\"1018\" data-end=\"1105\"><strong>Poziom:<\/strong> MBO<br data-start=\"1042\" data-end=\"1045\" \/><strong>Poprzednie wykszta\u0142cenie:<\/strong> Wft Podstawowy<br data-start=\"1072\" data-end=\"1075\" \/><strong>Obci\u0105\u017cenie nauk\u0105:<\/strong> \u00b1 70 godzin<\/p>\n<p class=\"\" data-start=\"1107\" data-end=\"1165\"><strong data-start=\"1107\" data-end=\"1165\">Gotowy, \u017ceby zacz\u0105\u0107? Zarejestruj si\u0119 ju\u017c teraz i zacznij dzia\u0142a\u0107!<\/strong><\/p>","protected":false},"featured_media":7713,"template":"","meta":{"_joinchat":[]},"product_brand":[],"product_cat":[44],"product_tag":[],"class_list":{"0":"post-7140","1":"product","2":"type-product","3":"status-publish","4":"has-post-thumbnail","6":"product_cat-wft-e-learning","8":"first","9":"instock","10":"taxable","11":"shipping-taxable","12":"purchasable","13":"product-type-simple"},"_links":{"self":[{"href":"https:\/\/www.examenbureaurotterdam.nl\/pl\/wp-json\/wp\/v2\/product\/7140","targetHints":{"allow":["GET"]}}],"collection":[{"href":"https:\/\/www.examenbureaurotterdam.nl\/pl\/wp-json\/wp\/v2\/product"}],"about":[{"href":"https:\/\/www.examenbureaurotterdam.nl\/pl\/wp-json\/wp\/v2\/types\/product"}],"wp:featuredmedia":[{"embeddable":true,"href":"https:\/\/www.examenbureaurotterdam.nl\/pl\/wp-json\/wp\/v2\/media\/7713"}],"wp:attachment":[{"href":"https:\/\/www.examenbureaurotterdam.nl\/pl\/wp-json\/wp\/v2\/media?parent=7140"}],"wp:term":[{"taxonomy":"product_brand","embeddable":true,"href":"https:\/\/www.examenbureaurotterdam.nl\/pl\/wp-json\/wp\/v2\/product_brand?post=7140"},{"taxonomy":"product_cat","embeddable":true,"href":"https:\/\/www.examenbureaurotterdam.nl\/pl\/wp-json\/wp\/v2\/product_cat?post=7140"},{"taxonomy":"product_tag","embeddable":true,"href":"https:\/\/www.examenbureaurotterdam.nl\/pl\/wp-json\/wp\/v2\/product_tag?post=7140"}],"curies":[{"name":"wp","href":"https:\/\/api.w.org\/{rel}","templated":true}]}}