{"id":7132,"date":"2025-03-19T18:03:22","date_gmt":"2025-03-19T16:03:22","guid":{"rendered":"https:\/\/www.examenbureaurotterdam.nl\/?post_type=product&#038;p=7132"},"modified":"2025-04-15T22:51:22","modified_gmt":"2025-04-15T20:51:22","slug":"wft-basis","status":"publish","type":"product","link":"https:\/\/www.examenbureaurotterdam.nl\/pl\/produkt\/wft-basis\/","title":{"rendered":"WFT Podstawowy"},"content":{"rendered":"","protected":false},"excerpt":{"rendered":"<p class=\"\" data-start=\"188\" data-end=\"477\">Czy chcesz bez problemu uzyska\u0107 certyfikat Wft Basic? Nasz kompleksowy program samodzielnej nauki online wyposa\u017cy Ci\u0119 w ca\u0142\u0105 wiedz\u0119 i umiej\u0119tno\u015bci praktyczne, kt\u00f3rych potrzebujesz, aby podej\u015b\u0107 do egzaminu pewnie. Rozwi\u0105zuj pytania praktyczne, otrzymuj opinie zwrotne i optymalnie przygotuj si\u0119 dzi\u0119ki realistycznym egzaminom pr\u00f3bnym i przydatnym wskaz\u00f3wkom.<\/p>\n<p class=\"\" data-start=\"479\" data-end=\"816\">\u2705 <strong>Ca\u0142kowita samodzielna nauka<\/strong> \u2013 ucz si\u0119 elastycznie<br data-start=\"519\" data-end=\"522\" \/>\u2705 <strong>650 pyta\u0144 \u0107wiczeniowych<\/strong> \u2013 wzmocnij swoj\u0105 wiedz\u0119<br data-start=\"560\" data-end=\"563\" \/>\u2705 <strong>4 oficjalne egzaminy pr\u00f3bne<\/strong> \u2013 realistyczne egzaminy pr\u00f3bne<br data-start=\"617\" data-end=\"620\" \/>\u2705 <strong>Opinie na temat wszystkich odpowiedzi<\/strong> \u2013 uczy\u0107 si\u0119 i doskonali\u0107<br data-start=\"668\" data-end=\"671\" \/>\u2705 <strong>Praktyczne wskaz\u00f3wki dotycz\u0105ce egzaminu<\/strong> \u2013 zdecydowanie egzamin<br data-start=\"713\" data-end=\"716\" \/>\u2705 <strong>Podejd\u017a do egzaminu 3 razy<\/strong> \u2013 dodatkowe \u0107wiczenia na zaliczenie<br data-start=\"766\" data-end=\"769\" \/>\u2705 <strong>12 miesi\u0119cy dost\u0119pu<\/strong> \u2013 ucz si\u0119 we w\u0142asnym tempie<\/p>\n<p class=\"\" data-start=\"818\" data-end=\"834\"><strong data-start=\"818\" data-end=\"834\">Czego si\u0119 uczysz?<\/strong><\/p>\n<ul>\n<li data-start=\"836\" data-end=\"998\">Ustawodawstwo i regulacje finansowe<\/li>\n<li data-start=\"836\" data-end=\"998\">\u015awiadczenie us\u0142ug i obowi\u0105zek zachowania nale\u017cytej staranno\u015bci<\/li>\n<li data-start=\"836\" data-end=\"998\">Oszcz\u0119dno\u015bci, po\u017cyczki i ubezpieczenia<\/li>\n<li data-start=\"836\" data-end=\"998\">Ryzyka i informacje dla klient\u00f3w<\/li>\n<li data-start=\"836\" data-end=\"998\">Podatki i warunki finansowe<\/li>\n<\/ul>\n<p class=\"\" data-start=\"1000\" data-end=\"1041\"><strong>Poziom:<\/strong> MBO<br data-start=\"1011\" data-end=\"1014\" \/><strong>Obci\u0105\u017cenie nauk\u0105:<\/strong> \u00b1 70 godzin<\/p>\n<p class=\"\" data-start=\"1043\" data-end=\"1101\"><strong data-start=\"1043\" data-end=\"1101\">Gotowy, \u017ceby zacz\u0105\u0107? Zarejestruj si\u0119 ju\u017c teraz i zacznij dzia\u0142a\u0107!<\/strong><\/p>","protected":false},"featured_media":7713,"template":"","meta":{"_joinchat":[]},"product_brand":[],"product_cat":[44],"product_tag":[],"class_list":{"0":"post-7132","1":"product","2":"type-product","3":"status-publish","4":"has-post-thumbnail","6":"product_cat-wft-e-learning","8":"first","9":"instock","10":"taxable","11":"shipping-taxable","12":"purchasable","13":"product-type-simple"},"_links":{"self":[{"href":"https:\/\/www.examenbureaurotterdam.nl\/pl\/wp-json\/wp\/v2\/product\/7132","targetHints":{"allow":["GET"]}}],"collection":[{"href":"https:\/\/www.examenbureaurotterdam.nl\/pl\/wp-json\/wp\/v2\/product"}],"about":[{"href":"https:\/\/www.examenbureaurotterdam.nl\/pl\/wp-json\/wp\/v2\/types\/product"}],"wp:featuredmedia":[{"embeddable":true,"href":"https:\/\/www.examenbureaurotterdam.nl\/pl\/wp-json\/wp\/v2\/media\/7713"}],"wp:attachment":[{"href":"https:\/\/www.examenbureaurotterdam.nl\/pl\/wp-json\/wp\/v2\/media?parent=7132"}],"wp:term":[{"taxonomy":"product_brand","embeddable":true,"href":"https:\/\/www.examenbureaurotterdam.nl\/pl\/wp-json\/wp\/v2\/product_brand?post=7132"},{"taxonomy":"product_cat","embeddable":true,"href":"https:\/\/www.examenbureaurotterdam.nl\/pl\/wp-json\/wp\/v2\/product_cat?post=7132"},{"taxonomy":"product_tag","embeddable":true,"href":"https:\/\/www.examenbureaurotterdam.nl\/pl\/wp-json\/wp\/v2\/product_tag?post=7132"}],"curies":[{"name":"wp","href":"https:\/\/api.w.org\/{rel}","templated":true}]}}