{"id":8539,"date":"2026-04-20T20:08:18","date_gmt":"2026-04-20T18:08:18","guid":{"rendered":"https:\/\/www.examenbureaurotterdam.nl\/?page_id=8539"},"modified":"2026-04-20T20:39:16","modified_gmt":"2026-04-20T18:39:16","slug":"examenfraude-meldpunt","status":"publish","type":"page","link":"https:\/\/www.examenbureaurotterdam.nl\/pl\/examenfraude-meldpunt\/","title":{"rendered":"Examenfraude Meldpunt"},"content":{"rendered":"\n\t\t<div id=\"fws_69e7806edd7fb\"  data-column-margin=\"default\" data-midnight=\"light\" data-top-percent=\"13%\" data-bottom-percent=\"9%\"  class=\"wpb_row vc_row-fluid vc_row full-width-section parallax_section\"  style=\"padding-top: calc(100vw * 0.13); padding-bottom: calc(100vw * 0.09); \"><div class=\"row-bg-wrap\" data-bg-animation=\"none\" data-bg-animation-delay=\"\" data-bg-overlay=\"true\"><div class=\"inner-wrap row-bg-layer using-image\" ><div class=\"row-bg viewport-desktop using-image lazyload\" data-parallax-speed=\"fast\" style=\"background-image:inherit; background-position: center top; background-repeat: no-repeat; \" data-bg-image=\"url(https:\/\/www.examenbureaurotterdam.nl\/wp-content\/uploads\/2025\/04\/Incompany-ebr.jpg)\"><\/div><\/div><div class=\"row-bg-overlay row-bg-layer\" style=\"background-color:#000000;  opacity: 0.3; \"><\/div><\/div><div class=\"row_col_wrap_12 col span_12 light left\">\n\t<div  class=\"vc_col-sm-12 wpb_column column_container vc_column_container col no-extra-padding inherit_tablet inherit_phone \"  data-padding-pos=\"all\" data-has-bg-color=\"false\" data-bg-color=\"\" data-bg-opacity=\"1\" data-animation=\"\" data-delay=\"0\" >\n\t\t<div class=\"vc_column-inner\" >\n\t\t\t<div class=\"wpb_wrapper\">\n\t\t\t\t\n<div class=\"wpb_text_column wpb_content_element \" >\n\t<div class=\"wpb_wrapper\">\n\t\t<h1 class=\" text-center\">Examenfraude Meldpunt<\/h1>\n\t<\/div>\n<\/div>\n\n\n\n\n\t\t\t<\/div> \n\t\t<\/div>\n\t<\/div> \n<\/div><\/div>\n\t\t<div id=\"fws_69e7806ede62c\"  data-column-margin=\"default\" data-midnight=\"dark\"  class=\"wpb_row vc_row-fluid vc_row  top_padding_phone_0px\"  style=\"padding-top: 100px; padding-bottom: 0px; \"><div class=\"row-bg-wrap\" data-bg-animation=\"none\" data-bg-animation-delay=\"\" data-bg-overlay=\"false\"><div class=\"inner-wrap row-bg-layer\" ><div class=\"row-bg viewport-desktop\"  style=\"\"><\/div><\/div><\/div><div class=\"row_col_wrap_12 col span_12 dark left\">\n\t<div  class=\"vc_col-sm-2 wpb_column column_container vc_column_container col no-extra-padding inherit_tablet inherit_phone \"  data-padding-pos=\"all\" data-has-bg-color=\"false\" data-bg-color=\"\" data-bg-opacity=\"1\" data-animation=\"\" data-delay=\"0\" >\n\t\t<div class=\"vc_column-inner\" >\n\t\t\t<div class=\"wpb_wrapper\">\n\t\t\t\t\n\t\t\t<\/div> \n\t\t<\/div>\n\t<\/div> \n\n\t<div  class=\"vc_col-sm-8 wpb_column column_container vc_column_container col no-extra-padding right_margin_4pct inherit_tablet inherit_phone \"  data-padding-pos=\"all\" data-has-bg-color=\"false\" data-bg-color=\"\" data-bg-opacity=\"1\" data-animation=\"\" data-delay=\"0\" >\n\t\t<div class=\"vc_column-inner\" >\n\t\t\t<div class=\"wpb_wrapper\">\n\t\t\t\t<h2 style=\"text-align: center\" class=\"vc_custom_heading vc_do_custom_heading wpb_animate_when_almost_visible wpb_fadeInDown fadeInDown\" >Het Examenfraude Meldpunt<br \/>\nis er voor iedereen<\/h2><div class=\"divider-wrap\" data-alignment=\"default\"><div style=\"height: 10px;\" class=\"divider\"><\/div><\/div>\n<div class=\"wpb_text_column wpb_content_element \" >\n\t<div class=\"wpb_wrapper\">\n\t\t<p data-start=\"87\" data-end=\"436\">Het Examenfraude Meldpunt van Examenbureau Rotterdam is bedoeld voor iedereen die een vermoeden heeft van fraude bij examens, beoordelingen of certificering. Ook meldingen over diploma\u2019s of certificaten die buiten het directe toezicht van Examenbureau Rotterdam vallen, kunnen hier worden ingediend.<\/p>\n<p data-start=\"438\" data-end=\"677\">Alle meldingen worden geregistreerd in een fraudedatabase. Deze gegevens bieden inzicht in de aard en omvang van fraude, waardoor exameninstellingen en opleiders hun processen kunnen verbeteren en toekomstige fraude beter kunnen voorkomen.<\/p>\n\t<\/div>\n<\/div>\n\n\n\n\n\t\t\t<\/div> \n\t\t<\/div>\n\t<\/div> \n\n\t<div  class=\"vc_col-sm-2 wpb_column column_container vc_column_container col no-extra-padding inherit_tablet inherit_phone \"  data-padding-pos=\"all\" data-has-bg-color=\"false\" data-bg-color=\"\" data-bg-opacity=\"1\" data-animation=\"\" data-delay=\"0\" >\n\t\t<div class=\"vc_column-inner\" >\n\t\t\t<div class=\"wpb_wrapper\">\n\t\t\t\t\n\t\t\t<\/div> \n\t\t<\/div>\n\t<\/div> \n<\/div><\/div>\n\t\t<div id=\"fws_69e7806edffde\"  data-column-margin=\"default\" data-midnight=\"dark\" data-top-percent=\"5%\" data-bottom-percent=\"5%\"  class=\"wpb_row vc_row-fluid vc_row full-width-section vc_row-o-equal-height vc_row-flex vc_row-o-content-top\"  style=\"padding-top: calc(100vw * 0.05); padding-bottom: calc(100vw * 0.05); \"><div class=\"row-bg-wrap\" data-bg-animation=\"none\" data-bg-animation-delay=\"\" data-bg-overlay=\"false\"><div class=\"inner-wrap row-bg-layer\" ><div class=\"row-bg viewport-desktop\"  style=\"\"><\/div><\/div><\/div><div class=\"row_col_wrap_12 col span_12 dark left\">\n\t<div  class=\"vc_col-sm-12 wpb_column column_container vc_column_container col has-animation padding-3-percent inherit_tablet inherit_phone \"  data-padding-pos=\"right\" data-has-bg-color=\"false\" data-bg-color=\"\" data-bg-opacity=\"1\" data-animation=\"fade-in-from-bottom\" data-delay=\"0\" >\n\t\t<div class=\"vc_column-inner\" >\n\t\t\t<div class=\"wpb_wrapper\">\n\t\t\t\t<div id=\"fws_69e7806ee083b\" data-midnight=\"\" data-column-margin=\"default\" class=\"wpb_row vc_row-fluid vc_row inner_row\"  style=\"padding-bottom: 40px; \"><div class=\"row-bg-wrap\"> <div class=\"row-bg\" ><\/div> <\/div><div class=\"row_col_wrap_12_inner col span_12  left\">\n\t<div  class=\"vc_col-sm-1\/5 wpb_column column_container vc_column_container col child_column no-extra-padding inherit_tablet inherit_phone \"   data-padding-pos=\"all\" data-has-bg-color=\"false\" data-bg-color=\"\" data-bg-opacity=\"1\" data-animation=\"\" data-delay=\"0\" >\n\t\t<div class=\"vc_column-inner\" >\n\t\t<div class=\"wpb_wrapper\">\n\t\t\t\n\t\t<\/div> \n\t<\/div>\n\t<\/div> \n\n\t<div  class=\"vc_col-sm-3\/5 wpb_column column_container vc_column_container col child_column centered-text no-extra-padding inherit_tablet inherit_phone \"   data-padding-pos=\"all\" data-has-bg-color=\"false\" data-bg-color=\"\" data-bg-opacity=\"1\" data-animation=\"\" data-delay=\"0\" >\n\t\t<div class=\"vc_column-inner\" >\n\t\t<div class=\"wpb_wrapper\">\n\t\t\t\n<div class=\"wpb_text_column wpb_content_element \" >\n\t<div class=\"wpb_wrapper\">\n\t\t<h2><span class=\"tekstkleur_19567d\">Welke typen fraude onderscheiden wij?<\/span><\/h2>\n\t<\/div>\n<\/div>\n\n\n\n\n\t\t<\/div> \n\t<\/div>\n\t<\/div> \n\n\t<div  class=\"vc_col-sm-1\/5 wpb_column column_container vc_column_container col child_column no-extra-padding inherit_tablet inherit_phone \"   data-padding-pos=\"all\" data-has-bg-color=\"false\" data-bg-color=\"\" data-bg-opacity=\"1\" data-animation=\"\" data-delay=\"0\" >\n\t\t<div class=\"vc_column-inner\" >\n\t\t<div class=\"wpb_wrapper\">\n\t\t\t\n\t\t<\/div> \n\t<\/div>\n\t<\/div> \n<\/div><\/div>\n<div class=\"wpb_text_column wpb_content_element \" >\n\t<div class=\"wpb_wrapper\">\n\t\t<h3><span style=\"color: #78ad91;\"><strong><span class=\"tekstkleur_19567d tekstkleur_ddb769\">Examinering<\/span><\/strong><\/span><\/h3>\n\t<\/div>\n<\/div>\n\n\n\n<div id=\"fws_69e7806ee1ba8\" data-midnight=\"\" data-column-margin=\"default\" class=\"wpb_row vc_row-fluid vc_row inner_row\"  style=\"padding-bottom: 40px; \"><div class=\"row-bg-wrap\"> <div class=\"row-bg\" ><\/div> <\/div><div class=\"row_col_wrap_12_inner col span_12  left\">\n\t<div  class=\"vc_col-sm-3 wpb_column column_container vc_column_container col child_column centered-text has-animation padding-1-percent inherit_tablet inherit_phone \"   data-padding-pos=\"all\" data-has-bg-color=\"false\" data-bg-color=\"\" data-bg-opacity=\"1\" data-animation=\"fade-in-from-bottom\" data-delay=\"0\" >\n\t\t<div class=\"vc_column-inner\" >\n\t\t<div class=\"wpb_wrapper\">\n\t\t\t<div class=\"nectar_icon_wrap \" data-style=\"soft-bg\" data-padding=\"10px\" data-color=\"accent-color\" style=\"margin-top: 20px; \" >\n\t\t<div class=\"nectar_icon\" ><i style=\"font-size: 24px; line-height: 36px; height: 36px; width: 36px;\" class=\"fa fa-certificate\"><\/i><\/div>\n\t<\/div>\n<div class=\"wpb_text_column wpb_content_element  vc_custom_1776708148570\" >\n\t<div class=\"wpb_wrapper\">\n\t\t<h4>Diploma- of certificaatfraude<\/h4>\n<p>Het vervalsen, namaken of manipuleren van diploma\u2019s of certificaten.<\/p>\n\t<\/div>\n<\/div>\n\n\n\n\n\t\t<\/div> \n\t<\/div>\n\t<\/div> \n\n\t<div  class=\"vc_col-sm-3 wpb_column column_container vc_column_container col child_column centered-text has-animation padding-1-percent inherit_tablet inherit_phone \"   data-padding-pos=\"all\" data-has-bg-color=\"false\" data-bg-color=\"\" data-bg-opacity=\"1\" data-animation=\"fade-in-from-bottom\" data-delay=\"100\" >\n\t\t<div class=\"vc_column-inner\" >\n\t\t<div class=\"wpb_wrapper\">\n\t\t\t<div class=\"nectar_icon_wrap \" data-style=\"soft-bg\" data-padding=\"10px\" data-color=\"accent-color\" style=\"margin-top: 20px; \" >\n\t\t<div class=\"nectar_icon\" ><i style=\"font-size: 24px; line-height: 36px; height: 36px; width: 36px;\" class=\"fa fa-newspaper-o\"><\/i><\/div>\n\t<\/div>\n<div class=\"wpb_text_column wpb_content_element  vc_custom_1776710316545\" >\n\t<div class=\"wpb_wrapper\">\n\t\t<h4>Examenfraude<\/h4>\n<p>Elke vorm van oneerlijk gedrag of frauderen tijdens, voor- of na het examenproces.<\/p>\n\t<\/div>\n<\/div>\n\n\n\n\n\t\t<\/div> \n\t<\/div>\n\t<\/div> \n\n\t<div  class=\"vc_col-sm-3 wpb_column column_container vc_column_container col child_column centered-text has-animation padding-1-percent inherit_tablet inherit_phone \"   data-padding-pos=\"all\" data-has-bg-color=\"false\" data-bg-color=\"\" data-bg-opacity=\"1\" data-animation=\"fade-in-from-bottom\" data-delay=\"200\" >\n\t\t<div class=\"vc_column-inner\" >\n\t\t<div class=\"wpb_wrapper\">\n\t\t\t<div class=\"nectar_icon_wrap \" data-style=\"soft-bg\" data-padding=\"10px\" data-color=\"accent-color\" style=\"margin-top: 20px; \" >\n\t\t<div class=\"nectar_icon\" ><i style=\"font-size: 24px; line-height: 36px; height: 36px; width: 36px;\" class=\"fa fa-user\"><\/i><\/div>\n\t<\/div>\n<div class=\"wpb_text_column wpb_content_element  vc_custom_1776708181456\" >\n\t<div class=\"wpb_wrapper\">\n\t\t<h4>ID-fraude<\/h4>\n<p>Het gebruik van een valse of andermans identiteit om deel te nemen aan een examen.<\/p>\n\t<\/div>\n<\/div>\n\n\n\n\n\t\t<\/div> \n\t<\/div>\n\t<\/div> \n\n\t<div  class=\"vc_col-sm-3 wpb_column column_container vc_column_container col child_column centered-text has-animation padding-1-percent inherit_tablet inherit_phone \"   data-padding-pos=\"all\" data-has-bg-color=\"false\" data-bg-color=\"\" data-bg-opacity=\"1\" data-animation=\"fade-in-from-bottom\" data-delay=\"300\" >\n\t\t<div class=\"vc_column-inner\" >\n\t\t<div class=\"wpb_wrapper\">\n\t\t\t<div class=\"nectar_icon_wrap \" data-style=\"soft-bg\" data-padding=\"10px\" data-color=\"accent-color\" style=\"margin-top: 20px; \" >\n\t\t<div class=\"nectar_icon\" ><i style=\"font-size: 24px; line-height: 36px; height: 36px; width: 36px;\" class=\"fa fa-files-o\"><\/i><\/div>\n\t<\/div>\n<div class=\"wpb_text_column wpb_content_element  vc_custom_1776710351323\" >\n\t<div class=\"wpb_wrapper\">\n\t\t<h4>Itemdiefstal<\/h4>\n<p>Het ongeoorloofd bemachtigen, kopi\u00ebren of verspreiden van onderdelen zoals vragen, opgaven of antwoorden.<\/p>\n\t<\/div>\n<\/div>\n\n\n\n\n\t\t<\/div> \n\t<\/div>\n\t<\/div> \n<\/div><\/div><div id=\"fws_69e7806ee4083\" data-midnight=\"\" data-column-margin=\"default\" class=\"wpb_row vc_row-fluid vc_row inner_row\"  style=\"\"><div class=\"row-bg-wrap\"> <div class=\"row-bg\" ><\/div> <\/div><div class=\"row_col_wrap_12_inner col span_12  left\">\n\t<div  class=\"vc_col-sm-12 wpb_column column_container vc_column_container col child_column no-extra-padding inherit_tablet inherit_phone \"   data-padding-pos=\"all\" data-has-bg-color=\"false\" data-bg-color=\"\" data-bg-opacity=\"1\" data-animation=\"\" data-delay=\"0\" >\n\t\t<div class=\"vc_column-inner\" >\n\t\t<div class=\"wpb_wrapper\">\n\t\t\t\n<div class=\"wpb_text_column wpb_content_element \" >\n\t<div class=\"wpb_wrapper\">\n\t\t<h3><span style=\"color: #78ad91;\"><strong><span class=\"tekstkleur_ddb769\">Validering<\/span><\/strong><\/span><\/h3>\n\t<\/div>\n<\/div>\n\n\n\n\n\t\t<\/div> \n\t<\/div>\n\t<\/div> \n<\/div><\/div><div id=\"fws_69e7806ee4ec7\" data-midnight=\"\" data-column-margin=\"default\" class=\"wpb_row vc_row-fluid vc_row inner_row\"  style=\"padding-bottom: 40px; \"><div class=\"row-bg-wrap\"> <div class=\"row-bg\" ><\/div> <\/div><div class=\"row_col_wrap_12_inner col span_12  left\">\n\t<div  class=\"vc_col-sm-3 wpb_column column_container vc_column_container col child_column centered-text has-animation padding-1-percent inherit_tablet inherit_phone \"   data-padding-pos=\"all\" data-has-bg-color=\"false\" data-bg-color=\"\" data-bg-opacity=\"1\" data-animation=\"fade-in-from-bottom\" data-delay=\"0\" >\n\t\t<div class=\"vc_column-inner\" >\n\t\t<div class=\"wpb_wrapper\">\n\t\t\t<div class=\"nectar_icon_wrap \" data-style=\"soft-bg\" data-padding=\"10px\" data-color=\"accent-color\" style=\"margin-top: 20px; \" >\n\t\t<div class=\"nectar_icon\" ><i style=\"font-size: 24px; line-height: 36px; height: 36px; width: 36px;\" class=\"fa fa-university\"><\/i><\/div>\n\t<\/div>\n<div class=\"wpb_text_column wpb_content_element  vc_custom_1776708680478\" >\n\t<div class=\"wpb_wrapper\">\n\t\t<h4>Certificaatfraude<\/h4>\n<p>Het vervalsen of manipuleren van een EVC- of skillscertificaat.<\/p>\n\t<\/div>\n<\/div>\n\n\n\n\n\t\t<\/div> \n\t<\/div>\n\t<\/div> \n\n\t<div  class=\"vc_col-sm-3 wpb_column column_container vc_column_container col child_column centered-text has-animation padding-1-percent inherit_tablet inherit_phone \"   data-padding-pos=\"all\" data-has-bg-color=\"false\" data-bg-color=\"\" data-bg-opacity=\"1\" data-animation=\"fade-in-from-bottom\" data-delay=\"100\" >\n\t\t<div class=\"vc_column-inner\" >\n\t\t<div class=\"wpb_wrapper\">\n\t\t\t<div class=\"nectar_icon_wrap \" data-style=\"soft-bg\" data-padding=\"10px\" data-color=\"accent-color\" style=\"margin-top: 20px; \" >\n\t\t<div class=\"nectar_icon\" ><i style=\"font-size: 24px; line-height: 36px; height: 36px; width: 36px;\" class=\"fa fa-folder-open\"><\/i><\/div>\n\t<\/div>\n<div class=\"wpb_text_column wpb_content_element  vc_custom_1776708696531\" >\n\t<div class=\"wpb_wrapper\">\n\t\t<h4>Portfoliofraude<\/h4>\n<p>Het bewust opnemen van onjuiste of misleidende informatie in een portfolio.<\/p>\n\t<\/div>\n<\/div>\n\n\n\n\n\t\t<\/div> \n\t<\/div>\n\t<\/div> \n\n\t<div  class=\"vc_col-sm-3 wpb_column column_container vc_column_container col child_column centered-text has-animation padding-1-percent inherit_tablet inherit_phone \"   data-padding-pos=\"all\" data-has-bg-color=\"false\" data-bg-color=\"\" data-bg-opacity=\"1\" data-animation=\"fade-in-from-bottom\" data-delay=\"200\" >\n\t\t<div class=\"vc_column-inner\" >\n\t\t<div class=\"wpb_wrapper\">\n\t\t\t<div class=\"nectar_icon_wrap \" data-style=\"soft-bg\" data-padding=\"10px\" data-color=\"accent-color\" style=\"margin-top: 20px; \" >\n\t\t<div class=\"nectar_icon\" ><i style=\"font-size: 24px; line-height: 36px; height: 36px; width: 36px;\" class=\"fa fa-check-square-o\"><\/i><\/div>\n\t<\/div>\n<div class=\"wpb_text_column wpb_content_element  vc_custom_1776708771289\" >\n\t<div class=\"wpb_wrapper\">\n\t\t<h4>Valideringsfraude<\/h4>\n<p>Het manipuleren of misbruiken van het valideringsproces zelf.<\/p>\n\t<\/div>\n<\/div>\n\n\n\n\n\t\t<\/div> \n\t<\/div>\n\t<\/div> \n\n\t<div  class=\"vc_col-sm-3 wpb_column column_container vc_column_container col child_column centered-text has-animation padding-1-percent inherit_tablet inherit_phone \"   data-padding-pos=\"all\" data-has-bg-color=\"false\" data-bg-color=\"\" data-bg-opacity=\"1\" data-animation=\"fade-in-from-bottom\" data-delay=\"300\" >\n\t\t<div class=\"vc_column-inner\" >\n\t\t<div class=\"wpb_wrapper\">\n\t\t\t<div class=\"nectar_icon_wrap \" data-style=\"soft-bg\" data-padding=\"10px\" data-color=\"accent-color\" style=\"margin-top: 20px; \" >\n\t\t<div class=\"nectar_icon\" ><i style=\"font-size: 24px; line-height: 36px; height: 36px; width: 36px;\" class=\"fa fa-users\"><\/i><\/div>\n\t<\/div>\n<div class=\"wpb_text_column wpb_content_element  vc_custom_1776708804817\" >\n\t<div class=\"wpb_wrapper\">\n\t\t<h4>Authenticiteitsfraude<\/h4>\n<p>Het onjuist of valselijk opgeven van werkervaring.<\/p>\n\t<\/div>\n<\/div>\n\n\n\n\n\t\t<\/div> \n\t<\/div>\n\t<\/div> \n<\/div><\/div>\n\t\t\t<\/div> \n\t\t<\/div>\n\t<\/div> \n<\/div><\/div>\n\t\t<div id=\"aanvragen\"  data-column-margin=\"default\" data-midnight=\"dark\" data-bottom-percent=\"5%\"  class=\"wpb_row vc_row-fluid vc_row full-width-content vc_row-o-equal-height vc_row-flex vc_row-o-content-top\"  style=\"padding-top: 0px; padding-bottom: calc(100vw * 0.05); \"><div class=\"row-bg-wrap\" data-bg-animation=\"none\" data-bg-animation-delay=\"\" data-bg-overlay=\"false\"><div class=\"inner-wrap row-bg-layer\" ><div class=\"row-bg viewport-desktop using-bg-color\"  style=\"background-color: #f9f7f5; \"><\/div><\/div><\/div><div class=\"row_col_wrap_12 col span_12 dark left\">\n\t<div style=\"margin-bottom: 20px; \" class=\"vc_col-sm-12 wpb_column column_container vc_column_container col padding-4-percent inherit_tablet inherit_phone \"  data-padding-pos=\"left-right\" data-has-bg-color=\"false\" data-bg-color=\"\" data-bg-opacity=\"1\" data-animation=\"\" data-delay=\"0\" >\n\t\t<div class=\"vc_column-inner\" >\n\t\t\t<div class=\"wpb_wrapper\">\n\t\t\t\t<div id=\"fws_69e7806ee7881\" data-midnight=\"\" data-column-margin=\"default\" class=\"wpb_row vc_row-fluid vc_row inner_row  vc_custom_1744832011492\"  style=\"\"><div class=\"row-bg-wrap\"> <div class=\"row-bg\" ><\/div> <\/div><div class=\"row_col_wrap_12_inner col span_12  left\">\n\t<div  class=\"vc_col-sm-2 wpb_column column_container vc_column_container col child_column no-extra-padding inherit_tablet inherit_phone \"   data-padding-pos=\"all\" data-has-bg-color=\"false\" data-bg-color=\"\" data-bg-opacity=\"1\" data-animation=\"\" data-delay=\"0\" >\n\t\t<div class=\"vc_column-inner\" >\n\t\t<div class=\"wpb_wrapper\">\n\t\t\t\n\t\t<\/div> \n\t<\/div>\n\t<\/div> \n\n\t<div  class=\"vc_col-sm-8 wpb_column column_container vc_column_container col child_column no-extra-padding inherit_tablet padding-4-percent_phone \"   data-padding-pos=\"all\" data-has-bg-color=\"false\" data-bg-color=\"\" data-bg-opacity=\"1\" data-animation=\"\" data-delay=\"0\" >\n\t\t<div class=\"vc_column-inner\" >\n\t\t<div class=\"wpb_wrapper\">\n\t\t\t\n<div class=\"wpb_text_column wpb_content_element \" >\n\t<div class=\"wpb_wrapper\">\n\t\t\t<\/div>\n<\/div>\n\n\n\n<h2 style=\"font-size: 28px;text-align: left\" class=\"vc_custom_heading vc_do_custom_heading\" >Meld fraude eenvoudig via ons formulier<\/h2>\n<div class=\"wpb_text_column wpb_content_element \" >\n\t<div class=\"wpb_wrapper\">\n\t\t<p data-start=\"93\" data-end=\"301\"><strong>Vul het onderstaande formulier in om een vermoeden van fraude te melden bij Examenbureau Rotterdam.<\/strong><br data-start=\"232\" data-end=\"235\" \/><strong>Uw melding wordt zorgvuldig en vertrouwelijk behandeld. Indien nodig nemen wij contact met u op voor aanvullende informatie.<\/strong><\/p>\n\t<\/div>\n<\/div>\n\n\n\n<div class=\"wpforms-container wpforms-container-full\" id=\"wpforms-8544\"><form id=\"wpforms-form-8544\" class=\"wpforms-validate wpforms-form\" data-formid=\"8544\" method=\"post\" enctype=\"multipart\/form-data\" action=\"\/pl\/wp-json\/wp\/v2\/pages\/8539\" data-token=\"24086a183730d51a276ed935c8b8541b\"><noscript class=\"wpforms-error-noscript\">Aby wype\u0142ni\u0107 ten formularz, w\u0142\u0105cz obs\u0142ug\u0119 JavaScript w przegl\u0105darce.<\/noscript><div class=\"wpforms-field-container\"><div id=\"wpforms-8544-field_15-container\" class=\"wpforms-field wpforms-field-select wpforms-field-select-style-modern\" data-field-id=\"15\"><label class=\"wpforms-field-label\" for=\"wpforms-8544-field_15\">Type fraude<\/label><select id=\"wpforms-8544-field_15\" class=\"wpforms-field-large choicesjs-select\" data-size-class=\"wpforms-field-row wpforms-field-large\" data-search-enabled=\"\" name=\"wpforms[fields][15]\"><option value=\"\" class=\"placeholder\" disabled  selected='selected'>Maak een keuze<\/option><option value=\"Diplomafraude\" >Diplomafraude<\/option><option value=\"Examenfraude\" >Examenfraude<\/option><option value=\"ID-fraude\" >ID-fraude<\/option><option value=\"Itemdiefstal\" >Itemdiefstal<\/option><option value=\"Certificaatfraude\" >Certificaatfraude<\/option><option value=\"Valideringfraude\" >Valideringfraude<\/option><option value=\"Authenticiteit verklaring\" >Authenticiteit verklaring<\/option><\/select><\/div><div id=\"wpforms-8544-field_7-container\" class=\"wpforms-field wpforms-field-text\" data-field-id=\"7\"><label class=\"wpforms-field-label\" for=\"wpforms-8544-field_7\">Exameninstituut <span class=\"wpforms-required-label\">*<\/span><\/label><input type=\"text\" id=\"wpforms-8544-field_7\" class=\"wpforms-field-large wpforms-field-required\" name=\"wpforms[fields][7]\" required><\/div><div id=\"wpforms-8544-field_8-container\" class=\"wpforms-field wpforms-field-text\" data-field-id=\"8\"><label class=\"wpforms-field-label\" for=\"wpforms-8544-field_8\">Kwalificatie <span class=\"wpforms-required-label\">*<\/span><\/label><input type=\"text\" id=\"wpforms-8544-field_8\" class=\"wpforms-field-large wpforms-field-required\" name=\"wpforms[fields][8]\" required><\/div><div id=\"wpforms-8544-field_9-container\" class=\"wpforms-field wpforms-field-text\" data-field-id=\"9\"><label class=\"wpforms-field-label\" for=\"wpforms-8544-field_9\">Naam fraudeur <span class=\"wpforms-required-label\">*<\/span><\/label><input type=\"text\" id=\"wpforms-8544-field_9\" class=\"wpforms-field-large wpforms-field-required\" name=\"wpforms[fields][9]\" required><\/div><div id=\"wpforms-8544-field_17-container\" class=\"wpforms-field wpforms-field-text\" data-field-id=\"17\"><label class=\"wpforms-field-label\" for=\"wpforms-8544-field_17\">Rol fraudeur <span class=\"wpforms-required-label\">*<\/span><\/label><input type=\"text\" id=\"wpforms-8544-field_17\" class=\"wpforms-field-large wpforms-field-required\" name=\"wpforms[fields][17]\" required><\/div><div id=\"wpforms-8544-field_2-container\" class=\"wpforms-field wpforms-field-textarea\" data-field-id=\"2\"><label class=\"wpforms-field-label\" for=\"wpforms-8544-field_2\">Extra reactie of bericht<\/label><textarea id=\"wpforms-8544-field_2\" class=\"wpforms-field-medium\" name=\"wpforms[fields][2]\" ><\/textarea><\/div><div id=\"wpforms-8544-field_16-container\" class=\"wpforms-field wpforms-field-text\" data-field-id=\"16\"><label class=\"wpforms-field-label\" for=\"wpforms-8544-field_16\">Uw naam<\/label><input type=\"text\" id=\"wpforms-8544-field_16\" class=\"wpforms-field-large\" name=\"wpforms[fields][16]\" placeholder=\"Laat leeg als u dit anoniem wilt melden\" ><\/div><div id=\"wpforms-8544-field_3-container\" class=\"wpforms-field wpforms-field-phone\" data-field-id=\"3\"><label class=\"wpforms-field-label\" for=\"wpforms-8544-field_3\">Uw telefoonnummer<\/label><input type=\"tel\" id=\"wpforms-8544-field_3\" class=\"wpforms-field-large\" data-rule-int-phone-field=\"true\" name=\"wpforms[fields][3]\" placeholder=\"Laat leeg als u dit anoniem wilt melden\" ><\/div><div id=\"wpforms-8544-field_1-container\" class=\"wpforms-field wpforms-field-email\" data-field-id=\"1\"><label class=\"wpforms-field-label\" for=\"wpforms-8544-field_1\">E-mail<\/label><input type=\"email\" id=\"wpforms-8544-field_1\" class=\"wpforms-field-large\" name=\"wpforms[fields][1]\" placeholder=\"Laat leeg als u dit anoniem wilt melden\" ><\/div><\/div><input type=\"hidden\" name=\"wpforms[recaptcha]\" value=\"\"><div class=\"wpforms-submit-container\" ><input type=\"hidden\" name=\"wpforms[id]\" value=\"8544\"><input type=\"hidden\" name=\"wpforms[author]\" value=\"4\"><button type=\"submit\" name=\"wpforms[submit]\" class=\"wpforms-submit \" id=\"wpforms-submit-8544\" value=\"wpforms-submit\" aria-live=\"assertive\" data-alt-text=\"Verzenden...\" data-submit-text=\"Verstuur\">Verstuur<\/button><\/div><\/form><\/div>  <!-- .wpforms-container -->\n\t\t<\/div> \n\t<\/div>\n\t<\/div> \n\n\t<div  class=\"vc_col-sm-2 wpb_column column_container vc_column_container col child_column no-extra-padding inherit_tablet inherit_phone \"   data-padding-pos=\"all\" data-has-bg-color=\"false\" data-bg-color=\"\" data-bg-opacity=\"1\" data-animation=\"\" data-delay=\"0\" >\n\t\t<div class=\"vc_column-inner\" >\n\t\t<div class=\"wpb_wrapper\">\n\t\t\t\n\t\t<\/div> \n\t<\/div>\n\t<\/div> \n<\/div><\/div>\n\t\t\t<\/div> \n\t\t<\/div>\n\t<\/div> \n<\/div><\/div>\n","protected":false},"excerpt":{"rendered":"Examenfraude Meldpunt Het Examenfraude Meldpunt is er voor iedereen Het Examenfraude Meldpunt van Examenbureau Rotterdam is bedoeld voor iedereen die een vermoeden heeft van fraude...","protected":false},"author":4,"featured_media":0,"parent":0,"menu_order":0,"comment_status":"closed","ping_status":"closed","template":"","meta":{"_joinchat":[],"footnotes":""},"class_list":["post-8539","page","type-page","status-publish"],"_links":{"self":[{"href":"https:\/\/www.examenbureaurotterdam.nl\/pl\/wp-json\/wp\/v2\/pages\/8539","targetHints":{"allow":["GET"]}}],"collection":[{"href":"https:\/\/www.examenbureaurotterdam.nl\/pl\/wp-json\/wp\/v2\/pages"}],"about":[{"href":"https:\/\/www.examenbureaurotterdam.nl\/pl\/wp-json\/wp\/v2\/types\/page"}],"author":[{"embeddable":true,"href":"https:\/\/www.examenbureaurotterdam.nl\/pl\/wp-json\/wp\/v2\/users\/4"}],"replies":[{"embeddable":true,"href":"https:\/\/www.examenbureaurotterdam.nl\/pl\/wp-json\/wp\/v2\/comments?post=8539"}],"version-history":[{"count":9,"href":"https:\/\/www.examenbureaurotterdam.nl\/pl\/wp-json\/wp\/v2\/pages\/8539\/revisions"}],"predecessor-version":[{"id":8550,"href":"https:\/\/www.examenbureaurotterdam.nl\/pl\/wp-json\/wp\/v2\/pages\/8539\/revisions\/8550"}],"wp:attachment":[{"href":"https:\/\/www.examenbureaurotterdam.nl\/pl\/wp-json\/wp\/v2\/media?parent=8539"}],"curies":[{"name":"wp","href":"https:\/\/api.w.org\/{rel}","templated":true}]}}