{"id":3,"date":"2021-04-19T10:25:05","date_gmt":"2021-04-19T10:25:05","guid":{"rendered":"https:\/\/www.examenbureaurotterdam.nl\/?page_id=3"},"modified":"2026-03-02T10:56:10","modified_gmt":"2026-03-02T09:56:10","slug":"privacybeleid","status":"publish","type":"page","link":"https:\/\/www.examenbureaurotterdam.nl\/pl\/privacybeleid\/","title":{"rendered":"Privacybeleid"},"content":{"rendered":"<div id=\"fws_69fb47b6ae3c0\"  data-column-margin=\"default\" data-midnight=\"dark\"  class=\"wpb_row vc_row-fluid vc_row\"  style=\"padding-top: 0px; padding-bottom: 0px; \"><div class=\"row-bg-wrap\" data-bg-animation=\"none\" data-bg-animation-delay=\"\" data-bg-overlay=\"false\"><div class=\"inner-wrap row-bg-layer\" ><div class=\"row-bg viewport-desktop\"  style=\"\"><\/div><\/div><\/div><div class=\"row_col_wrap_12 col span_12 dark left\">\n\t<div  class=\"vc_col-sm-12 wpb_column column_container vc_column_container col no-extra-padding inherit_tablet inherit_phone\"  data-padding-pos=\"all\" data-has-bg-color=\"false\" data-bg-color=\"\" data-bg-opacity=\"1\" data-animation=\"\" data-delay=\"0\" >\n\t\t<div class=\"vc_column-inner\" >\n\t\t\t<div class=\"wpb_wrapper\">\n\t\t\t\t\n<div class=\"wpb_text_column wpb_content_element\" >\n\t<div class=\"wpb_wrapper\">\n\t\t<div class=\"row_col_wrap_12 col span_12 dark left\">\n<div class=\"vc_col-sm-12 wpb_column column_container vc_column_container col no-extra-padding inherit_tablet inherit_phone\" data-padding-pos=\"all\" data-has-bg-color=\"false\" data-bg-color=\"\" data-bg-opacity=\"1\" data-animation=\"\" data-delay=\"0\">\n<div class=\"vc_column-inner\">\n<div class=\"wpb_wrapper\">\n<div class=\"wpb_text_column wpb_content_element\">\n<div class=\"wpb_wrapper\">\n<div class=\"row_col_wrap_12 col span_12 dark left\">\n<div class=\"vc_col-sm-12 wpb_column column_container vc_column_container col no-extra-padding inherit_tablet inherit_phone\" data-padding-pos=\"all\" data-has-bg-color=\"false\" data-bg-color=\"\" data-bg-opacity=\"1\" data-animation=\"\" data-delay=\"0\">\n<div class=\"vc_column-inner\">\n<div class=\"wpb_wrapper\">\n<div class=\"wpb_text_column wpb_content_element\">\n<div class=\"wpb_wrapper\">\n<h3 class=\"sppb-addon-title\">O\u015bwiadczenie o ochronie prywatno\u015bci Urz\u0105d Egzaminacyjny Rotterdam BV<\/h3>\n<p>W Examenbureau Rotterdam BV (dalej \u201eEBR\u201d) przywi\u0105zujemy du\u017c\u0105 wag\u0119 do ochrony Pa\u0144stwa danych osobowych. Dane osobowe wszystkich klient\u00f3w i go\u015bci s\u0105 przetwarzane i chronione z najwy\u017csz\u0105 staranno\u015bci\u0105. W tym o\u015bwiadczeniu EBR wyja\u015bnia, jakie dane s\u0105 od Ciebie wymagane, aby m\u00f3c \u015bwiadczy\u0107 Ci us\u0142ugi na najwy\u017cszym poziomie.<\/p>\n<table>\n<tbody>\n<tr>\n<td colspan=\"2\">Dane EBR<\/td>\n<\/tr>\n<tr>\n<td><strong>Adres:<\/strong><\/td>\n<td>Droga przemys\u0142owa 37 A1<\/td>\n<\/tr>\n<tr>\n<td><strong>Kod pocztowy:<\/strong><\/td>\n<td>3044 JAK<\/td>\n<\/tr>\n<tr>\n<td><strong>Miejsce<\/strong><\/td>\n<td>Rotterdam<\/td>\n<\/tr>\n<tr>\n<td><strong>E-mail:<\/strong><\/td>\n<td><a href=\"mailto:info@examenbureaurotterdam.nl\">info@examenbureaurotterdam.nl<\/a><\/td>\n<\/tr>\n<tr>\n<td><strong>Numer telefonu:<\/strong><\/td>\n<td>0103030007<\/td>\n<\/tr>\n<tr>\n<td><strong>Strona internetowa:<\/strong><\/td>\n<td>www.biuro egzaminacyjne.nl<\/td>\n<\/tr>\n<\/tbody>\n<\/table>\n<p><strong>Przetwarzanie:<br \/>\n<\/strong>EBR przetwarza mi\u0119dzy innymi nast\u0119puj\u0105ce dane, kt\u00f3re otrzymali\u015bmy od Ciebie lub Twojego pracodawcy:<\/p>\n<ul>\n<li>Imi\u0119 (pe\u0142ne)<\/li>\n<li>Data urodzenia<\/li>\n<li>Adres<\/li>\n<li>Numer telefonu<\/li>\n<li>Adres e-mail<\/li>\n<li>Dane dotycz\u0105ce faktur<\/li>\n<li>Dane dotycz\u0105ce procesu zamawiania produkt\u00f3w<\/li>\n<li>Inne wprowadzone informacje<\/li>\n<\/ul>\n<p>U\u017cywamy Twoich danych wy\u0142\u0105cznie w celu zapewnienia Ci dobrej obs\u0142ugi oraz informowania Ci\u0119 o ofertach i odpowiednich promocjach w przysz\u0142o\u015bci.<\/p>\n<p><strong>Kto z EBR mo\u017ce uzyska\u0107 dost\u0119p do Twoich danych:<\/strong><\/p>\n<ul>\n<li data-mce-word-list=\"1\">Zarz\u0105d<\/li>\n<li data-mce-word-list=\"1\">Kierownictwo<\/li>\n<li data-mce-word-list=\"1\">Pracownicy biura<\/li>\n<li>Examenfunctionarissen<\/li>\n<\/ul>\n<p><strong>Udost\u0119pnianie danych osobowych osobom trzecim<br \/>\n<\/strong>W celu \u015bwiadczenia naszych us\u0142ug konieczne jest udost\u0119pnianie danych osobowych zewn\u0119trznym dostawcom, np.: aby zarejestrowa\u0107 egzamin. Staramy si\u0119 ogranicza\u0107 tego typu przypadki w jak najwi\u0119kszym stopniu i udost\u0119pniamy Twoje dane innym podmiotom wy\u0142\u0105cznie wtedy, gdy jest to konieczne do wykonania umowy zawartej z Tob\u0105 lub w celu wype\u0142nienia obowi\u0105zk\u00f3w prawnych.<\/p>\n<p><strong>Okres przechowywania danych osobowych<br \/>\n<\/strong>EBR bewaart persoonsgegevens niet langer dan voor de doeleinden waarvoor zij zijn verzameld of worden gebruikt. Sommige persoonsgegevens moeten langer bewaard worden op grond van de wet. In dat geval bewaart EBR de betreffende persoonsgegevens zolang als de wet voorschrijft. De gegevens op examendocumenten worden niet langer bewaard dan 3 jaar.<br \/>\nPersoonsgegevens noodzakelijk voor persoonscertificering (naam en geboortedatum) worden voor de duur van de certificering bewaard.<\/p>\n<p><strong>Documentbeheer<br \/>\n<\/strong>De gegevens op examendocumenten worden niet langer bewaard dan hierboven is aangegeven. Wij kiezen 2 momenten in het jaar om dit te realiseren, namelijk in de eerste week van januari en week 1 van juli.<\/p>\n<p><strong>Back-up<\/strong><br \/>\nWij maken dagelijks een back-up van onze server en applicatie.<\/p>\n<\/div>\n<div class=\"wpb_wrapper\">\n<p><strong>Dost\u0119p, modyfikacja, usuwanie, skargi dotycz\u0105ce danych osobowych<br \/>\n<\/strong>Twoje dane mog\u0105 zosta\u0107 wykorzystane w celu przesy\u0142ania informacji i\/lub ofert specjalnych przez EBR. W przypadku pyta\u0144 dotycz\u0105cych polityki prywatno\u015bci EBR lub dost\u0119pu do danych osobowych, ich zmiany (lub usuni\u0119cia) prosimy o kontakt z EBR. Wy\u015blij list do EBR, z dopiskiem: Adres Management, Industrieweg 37 A1, 3044 AS Rotterdam lub e-mail na adres <a href=\"mailto:info@examenbureaurotterdam.nl.\">info@examenbureaurotterdam.nl.<\/a><\/p>\n<p><strong>Polityka plik\u00f3w cookie<br \/>\n<\/strong>Podczas korzystania z tej witryny internetowej, EBR lub osoby trzecie mog\u0105 zbiera\u0107 informacje o korzystaniu z tej witryny internetowej, na przyk\u0142ad za pomoc\u0105 plik\u00f3w cookie. S\u0105 to niewielkie pliki zapisywane przez Twoj\u0105 przegl\u0105dark\u0119 na dysku twardym Twojego komputera\/tabletu\/telefonu. Gdy wielokrotnie korzystasz ze strony internetowej, Twoja przegl\u0105darka jest rozpoznawana. Informacje zbierane za pomoc\u0105 plik\u00f3w cookie mog\u0105 by\u0107 wykorzystane m.in. do analizy sposobu korzystania ze strony internetowej. Mo\u017cna na przyk\u0142ad ustali\u0107, kt\u00f3re strony s\u0105 popularne, a kt\u00f3re cz\u0119\u015bci witryny wymagaj\u0105 dostosowania. EBR nie udost\u0119pnia osobom trzecim danych dotycz\u0105cych korzystania z tej witryny internetowej.<\/p>\n<p><strong>Usuwanie plik\u00f3w cookie<\/strong><br \/>\nMo\u017cesz usun\u0105\u0107 pliki cookie, kt\u00f3re zosta\u0142y ju\u017c umieszczone w Twojej przegl\u0105darce. Poniewa\u017c interfejs ka\u017cdej przegl\u0105darki jest inny, najlepiej skorzysta\u0107 z funkcji pomocy, aby usun\u0105\u0107 pliki cookie i odm\u00f3wi\u0107 instalowania nowych plik\u00f3w cookie. Nale\u017cy pami\u0119ta\u0107: je\u015bli odm\u00f3wisz zgody na u\u017cywanie plik\u00f3w cookie i\/lub je usuniesz, nie zawsze b\u0119dziesz m\u00f3g\u0142 korzysta\u0107 ze wszystkich funkcji witryny. Ponadto odrzucenie lub usuni\u0119cie plik\u00f3w cookie ma wp\u0142yw jedynie na komputer i przegl\u0105dark\u0119, na kt\u00f3rych wykonujesz t\u0119 czynno\u015b\u0107. Je\u015bli korzystasz z wielu komputer\u00f3w\/tablet\u00f3w\/telefon\u00f3w i\/lub przegl\u0105darek, musisz powtarza\u0107 powy\u017csze czynno\u015bci tak cz\u0119sto, jak to konieczne.<\/p>\n<p><strong>Cybercriminaliteit<br \/>\n<\/strong>Indien wij gehackt zijn, is het belangrijkste is dat we op zo\u2019n moment adequaat handelen om uw gegevens te beschermen. Ons stappenplan is als volgt,<\/p>\n<ol>\n<li>Schakel direct alle internetverbindingen uit<\/li>\n<li>Veranderen van al onze wachtwoorden<\/li>\n<li>Schakel direct experts in<\/li>\n<li>Informeer onze klanten per mail en ga na of zij iets hebben opgemerkt\n<ol>\n<li>Klanten die hieronder hebben geleden direct telefonisch contacteren om het op te lossen met de experts<\/li>\n<\/ol>\n<\/li>\n<li>Onze veiligheidssystemen beoordelen en verbeteren<\/li>\n<\/ol>\n<p><strong>Zmiany w niniejszych o\u015bwiadczeniach<\/strong><br \/>\nEBR behoudt zich het recht voor om wijzigingen aan te brengen in de AVG register. Elke aanpassing zal EBR op deze pagina publiceren. Laatst aangepast op 01-11-2025.<\/p>\n<\/div>\n<\/div>\n<\/div>\n<\/div>\n<\/div>\n<\/div>\n<\/div>\n<\/div>\n<\/div>\n<\/div>\n<\/div>\n<\/div>\n\t<\/div>\n<\/div>\n\n\n\n\n\t\t\t<\/div> \n\t\t<\/div>\n\t<\/div> \n<\/div><\/div>","protected":false},"excerpt":{"rendered":"Privacyverklaring Examenbureau Rotterdam B.V. Bij Examenbureau Rotterdam B.V. (hierna \u2018EBR\u2019), hechten wij veel waarde aan de bescherming van uw persoonsgegevens. De Persoonsgegevens van alle klanten...","protected":false},"author":2,"featured_media":0,"parent":0,"menu_order":0,"comment_status":"closed","ping_status":"open","template":"","meta":{"_joinchat":[],"footnotes":""},"class_list":["post-3","page","type-page","status-publish"],"_links":{"self":[{"href":"https:\/\/www.examenbureaurotterdam.nl\/pl\/wp-json\/wp\/v2\/pages\/3","targetHints":{"allow":["GET"]}}],"collection":[{"href":"https:\/\/www.examenbureaurotterdam.nl\/pl\/wp-json\/wp\/v2\/pages"}],"about":[{"href":"https:\/\/www.examenbureaurotterdam.nl\/pl\/wp-json\/wp\/v2\/types\/page"}],"author":[{"embeddable":true,"href":"https:\/\/www.examenbureaurotterdam.nl\/pl\/wp-json\/wp\/v2\/users\/2"}],"replies":[{"embeddable":true,"href":"https:\/\/www.examenbureaurotterdam.nl\/pl\/wp-json\/wp\/v2\/comments?post=3"}],"version-history":[{"count":5,"href":"https:\/\/www.examenbureaurotterdam.nl\/pl\/wp-json\/wp\/v2\/pages\/3\/revisions"}],"predecessor-version":[{"id":8486,"href":"https:\/\/www.examenbureaurotterdam.nl\/pl\/wp-json\/wp\/v2\/pages\/3\/revisions\/8486"}],"wp:attachment":[{"href":"https:\/\/www.examenbureaurotterdam.nl\/pl\/wp-json\/wp\/v2\/media?parent=3"}],"curies":[{"name":"wp","href":"https:\/\/api.w.org\/{rel}","templated":true}]}}