{"id":3,"date":"2021-04-19T10:25:05","date_gmt":"2021-04-19T10:25:05","guid":{"rendered":"https:\/\/www.examenbureaurotterdam.nl\/?page_id=3"},"modified":"2026-03-02T10:56:10","modified_gmt":"2026-03-02T09:56:10","slug":"privacybeleid","status":"publish","type":"page","link":"https:\/\/www.examenbureaurotterdam.nl\/it\/privacybeleid\/","title":{"rendered":"politica sulla riservatezza"},"content":{"rendered":"<div id=\"fws_69deeb05bd9ad\"  data-column-margin=\"default\" data-midnight=\"dark\"  class=\"wpb_row vc_row-fluid vc_row\"  style=\"padding-top: 0px; padding-bottom: 0px; \"><div class=\"row-bg-wrap\" data-bg-animation=\"none\" data-bg-animation-delay=\"\" data-bg-overlay=\"false\"><div class=\"inner-wrap row-bg-layer\" ><div class=\"row-bg viewport-desktop\"  style=\"\"><\/div><\/div><\/div><div class=\"row_col_wrap_12 col span_12 dark left\">\n\t<div  class=\"vc_col-sm-12 wpb_column column_container vc_column_container col no-extra-padding inherit_tablet inherit_phone\"  data-padding-pos=\"all\" data-has-bg-color=\"false\" data-bg-color=\"\" data-bg-opacity=\"1\" data-animation=\"\" data-delay=\"0\" >\n\t\t<div class=\"vc_column-inner\" >\n\t\t\t<div class=\"wpb_wrapper\">\n\t\t\t\t\n<div class=\"wpb_text_column wpb_content_element\" >\n\t<div class=\"wpb_wrapper\">\n\t\t<div class=\"row_col_wrap_12 col span_12 dark left\">\n<div class=\"vc_col-sm-12 wpb_column column_container vc_column_container col no-extra-padding inherit_tablet inherit_phone\" data-padding-pos=\"all\" data-has-bg-color=\"false\" data-bg-color=\"\" data-bg-opacity=\"1\" data-animation=\"\" data-delay=\"0\">\n<div class=\"vc_column-inner\">\n<div class=\"wpb_wrapper\">\n<div class=\"wpb_text_column wpb_content_element\">\n<div class=\"wpb_wrapper\">\n<div class=\"row_col_wrap_12 col span_12 dark left\">\n<div class=\"vc_col-sm-12 wpb_column column_container vc_column_container col no-extra-padding inherit_tablet inherit_phone\" data-padding-pos=\"all\" data-has-bg-color=\"false\" data-bg-color=\"\" data-bg-opacity=\"1\" data-animation=\"\" data-delay=\"0\">\n<div class=\"vc_column-inner\">\n<div class=\"wpb_wrapper\">\n<div class=\"wpb_text_column wpb_content_element\">\n<div class=\"wpb_wrapper\">\n<h3 class=\"sppb-addon-title\">Informativa sulla privacy Examination Office Rotterdam BV<\/h3>\n<p>Presso Examenbureau Rotterdam BV (di seguito &quot;EBR&quot;) attribuiamo grande importanza alla protezione dei tuoi dati personali. I dati personali di tutti i clienti e visitatori vengono trattati e protetti con la massima cura. Nella presente informativa, EBR spiega quali dati sono richiesti per poter fornire un servizio di qualit\u00e0.<\/p>\n<table>\n<tbody>\n<tr>\n<td colspan=\"2\">Dati EBR<\/td>\n<\/tr>\n<tr>\n<td><strong>Indirizzo:<\/strong><\/td>\n<td>Industrieweg 37 A1<\/td>\n<\/tr>\n<tr>\n<td><strong>Codice postale:<\/strong><\/td>\n<td>3044 AS<\/td>\n<\/tr>\n<tr>\n<td><strong>Posto<\/strong><\/td>\n<td>Rotterdam<\/td>\n<\/tr>\n<tr>\n<td><strong>E-mail:<\/strong><\/td>\n<td><a href=\"mailto:info@examenbureaurotterdam.nl\">info@examenbureaurotterdam.nl<\/a><\/td>\n<\/tr>\n<tr>\n<td><strong>Numero di telefono:<\/strong><\/td>\n<td>0103030007<\/td>\n<\/tr>\n<tr>\n<td><strong>Sito web:<\/strong><\/td>\n<td>www.examenbureaurotterdam.nl<\/td>\n<\/tr>\n<\/tbody>\n<\/table>\n<p><strong>Elaborazione:<br \/>\n<\/strong>EBR elabora, tra le altre cose, i seguenti dati che abbiamo ricevuto da te o dal tuo datore di lavoro:<\/p>\n<ul>\n<li>Nome (completo)<\/li>\n<li>Data di nascita<\/li>\n<li>Indirizzo<\/li>\n<li>Numero di telefono<\/li>\n<li>Indirizzo e-mail<\/li>\n<li>Dati relativi alle fatture<\/li>\n<li>Dati relativi al processo di ordinazione dei prodotti<\/li>\n<li>Altre informazioni inserite<\/li>\n<\/ul>\n<p>Utilizziamo i tuoi dati esclusivamente per fornirti un servizio di qualit\u00e0 e per informarti in futuro su offerte e promozioni rilevanti.<\/p>\n<p><strong>Chi dell&#039;EBR pu\u00f2 accedere ai tuoi dati:<\/strong><\/p>\n<ul>\n<li data-mce-word-list=\"1\">Consiglio di amministrazione<\/li>\n<li data-mce-word-list=\"1\">Gestione<\/li>\n<li data-mce-word-list=\"1\">Personale d&#039;ufficio<\/li>\n<li>Examenfunctionarissen<\/li>\n<\/ul>\n<p><strong>Condivisione dei dati personali con terze parti<br \/>\n<\/strong>Per i nostri servizi \u00e8 necessario condividere dati personali con fornitori esterni, ad esempio per iscriversi a un esame. Cerchiamo di limitare il pi\u00f9 possibile questo fenomeno e condividiamo i tuoi dati con altri solo se necessario per l&#039;esecuzione del nostro accordo con te o per ottemperare agli obblighi di legge.<\/p>\n<p><strong>Periodo di conservazione dei dati personali<br \/>\n<\/strong>EBR bewaart persoonsgegevens niet langer dan voor de doeleinden waarvoor zij zijn verzameld of worden gebruikt. Sommige persoonsgegevens moeten langer bewaard worden op grond van de wet. In dat geval bewaart EBR de betreffende persoonsgegevens zolang als de wet voorschrijft. De gegevens op examendocumenten worden niet langer bewaard dan 3 jaar.<br \/>\nPersoonsgegevens noodzakelijk voor persoonscertificering (naam en geboortedatum) worden voor de duur van de certificering bewaard.<\/p>\n<p><strong>Documentbeheer<br \/>\n<\/strong>De gegevens op examendocumenten worden niet langer bewaard dan hierboven is aangegeven. Wij kiezen 2 momenten in het jaar om dit te realiseren, namelijk in de eerste week van januari en week 1 van juli.<\/p>\n<p><strong>Back-up<\/strong><br \/>\nWij maken dagelijks een back-up van onze server en applicatie.<\/p>\n<\/div>\n<div class=\"wpb_wrapper\">\n<p><strong>Accesso, modifica, cancellazione, reclami sui dati personali<br \/>\n<\/strong>I tuoi dati potranno essere utilizzati per inviare informazioni e\/o offerte speciali da parte di EBR. Per domande sulla politica sulla privacy di EBR o domande riguardanti l&#039;accesso e la modifica (o l&#039;eliminazione) dei tuoi dati personali, contatta EBR. Inviare una lettera a EBR, attn. Gestione degli indirizzi, Industrieweg 37 A1, 3044 AS Rotterdam o un&#039;e-mail a <a href=\"mailto:info@examenbureaurotterdam.nl.\">info@examenbureaurotterdam.nl.<\/a><\/p>\n<p><strong>Informativa sui cookie<br \/>\n<\/strong>Quando si utilizza questo sito web, EBR o terze parti possono raccogliere informazioni sull&#039;uso del sito stesso, ad esempio tramite cookie. Si tratta di piccoli file che il tuo browser memorizza sul disco rigido del tuo computer\/tablet\/telefono. Quando utilizzi ripetutamente il sito web, il tuo browser viene riconosciuto. Le informazioni raccolte tramite i cookie possono essere utilizzate, tra le altre cose, per analizzare l&#039;utilizzo del sito web. Ad esempio, \u00e8 possibile determinare quali pagine sono popolari e quali parti del sito web necessitano di modifiche. EBR non condivide con terze parti i dati relativi al tuo utilizzo di questo sito web.<\/p>\n<p><strong>Eliminazione dei cookie<\/strong><br \/>\nPuoi eliminare i cookie gi\u00e0 inseriti nel tuo browser. Poich\u00e9 l&#039;interfaccia di ogni browser \u00e8 diversa, \u00e8 meglio consultare la funzione di aiuto per eliminare i cookie e rifiutare nuovi cookie. Nota bene: se rifiuti e\/o elimini i cookie, potresti non essere in grado di utilizzare tutte le funzionalit\u00e0 del sito web. Inoltre, il rifiuto o l&#039;eliminazione dei cookie ha effetto solo sul computer e sul browser su cui viene eseguita questa azione. Se utilizzi pi\u00f9 computer\/tablet\/telefoni e\/o browser, dovrai ripetere le azioni sopra descritte tutte le volte che sar\u00e0 necessario.<\/p>\n<p><strong>Cybercriminaliteit<br \/>\n<\/strong>Indien wij gehackt zijn, is het belangrijkste is dat we op zo\u2019n moment adequaat handelen om uw gegevens te beschermen. Ons stappenplan is als volgt,<\/p>\n<ol>\n<li>Schakel direct alle internetverbindingen uit<\/li>\n<li>Veranderen van al onze wachtwoorden<\/li>\n<li>Schakel direct experts in<\/li>\n<li>Informeer onze klanten per mail en ga na of zij iets hebben opgemerkt\n<ol>\n<li>Klanten die hieronder hebben geleden direct telefonisch contacteren om het op te lossen met de experts<\/li>\n<\/ol>\n<\/li>\n<li>Onze veiligheidssystemen beoordelen en verbeteren<\/li>\n<\/ol>\n<p><strong>Modifiche a queste dichiarazioni<\/strong><br \/>\nEBR behoudt zich het recht voor om wijzigingen aan te brengen in de AVG register. Elke aanpassing zal EBR op deze pagina publiceren. Laatst aangepast op 01-11-2025.<\/p>\n<\/div>\n<\/div>\n<\/div>\n<\/div>\n<\/div>\n<\/div>\n<\/div>\n<\/div>\n<\/div>\n<\/div>\n<\/div>\n<\/div>\n\t<\/div>\n<\/div>\n\n\n\n\n\t\t\t<\/div> \n\t\t<\/div>\n\t<\/div> \n<\/div><\/div>","protected":false},"excerpt":{"rendered":"Informativa sulla privacy dell&#039;Examination Bureau Rotterdam BV Presso l&#039;Examination Bureau Rotterdam BV (di seguito &quot;EBR&quot;) attribuiamo grande importanza alla protezione dei vostri dati personali. I dati personali di tutti i clienti...","protected":false},"author":2,"featured_media":0,"parent":0,"menu_order":0,"comment_status":"closed","ping_status":"open","template":"","meta":{"_joinchat":[],"footnotes":""},"class_list":["post-3","page","type-page","status-publish"],"_links":{"self":[{"href":"https:\/\/www.examenbureaurotterdam.nl\/it\/wp-json\/wp\/v2\/pages\/3","targetHints":{"allow":["GET"]}}],"collection":[{"href":"https:\/\/www.examenbureaurotterdam.nl\/it\/wp-json\/wp\/v2\/pages"}],"about":[{"href":"https:\/\/www.examenbureaurotterdam.nl\/it\/wp-json\/wp\/v2\/types\/page"}],"author":[{"embeddable":true,"href":"https:\/\/www.examenbureaurotterdam.nl\/it\/wp-json\/wp\/v2\/users\/2"}],"replies":[{"embeddable":true,"href":"https:\/\/www.examenbureaurotterdam.nl\/it\/wp-json\/wp\/v2\/comments?post=3"}],"version-history":[{"count":5,"href":"https:\/\/www.examenbureaurotterdam.nl\/it\/wp-json\/wp\/v2\/pages\/3\/revisions"}],"predecessor-version":[{"id":8486,"href":"https:\/\/www.examenbureaurotterdam.nl\/it\/wp-json\/wp\/v2\/pages\/3\/revisions\/8486"}],"wp:attachment":[{"href":"https:\/\/www.examenbureaurotterdam.nl\/it\/wp-json\/wp\/v2\/media?parent=3"}],"curies":[{"name":"wp","href":"https:\/\/api.w.org\/{rel}","templated":true}]}}