{"id":7921,"date":"2025-04-29T12:18:10","date_gmt":"2025-04-29T10:18:10","guid":{"rendered":"https:\/\/www.examenbureaurotterdam.nl\/?post_type=product&#038;p=7921"},"modified":"2025-06-12T15:02:47","modified_gmt":"2025-06-12T13:02:47","slug":"vol-vca-nederlands","status":"publish","type":"product","link":"https:\/\/www.examenbureaurotterdam.nl\/fr\/produit\/vol-vca-nederlands\/","title":{"rendered":"VOL-VCA N\u00e9erlandais"},"content":{"rendered":"","protected":false},"excerpt":{"rendered":"<p class=\"\" data-start=\"114\" data-end=\"414\"><strong data-start=\"114\" data-end=\"176\">Vous souhaitez r\u00e9ussir votre examen VOL-VCA rapidement et sans soucis ?<\/strong><br data-start=\"176\" data-end=\"179\" \/>Gr\u00e2ce \u00e0 notre auto-apprentissage en ligne complet, vous apprendrez exactement ce que vous devez savoir, \u00e0 votre rythme et \u00e0 votre temps. Entra\u00eenez-vous avec plus de 190 questions, recevez des commentaires clairs et pr\u00e9parez-vous de mani\u00e8re optimale avec des examens blancs r\u00e9alistes et des conseils pratiques.<\/p>\n<p class=\"\" data-start=\"416\" data-end=\"805\">\u2705 <strong>Auto-apprentissage complet<\/strong> \u2013 \u00e9tudier de mani\u00e8re flexible<br data-start=\"479\" data-end=\"482\" \/>\u2705 <strong>Plus de 190 questions pratiques<\/strong> \u2013 renforcer vos connaissances<br data-start=\"537\" data-end=\"540\" \/>\u2705 <strong>2 examens pratiques officiels<\/strong> \u2013 examens pratiques r\u00e9alistes<br data-start=\"592\" data-end=\"595\" \/>\u2705 <strong>Commentaires sur toutes les r\u00e9ponses<\/strong> \u2013 apprendre et s\u2019am\u00e9liorer<br data-start=\"642\" data-end=\"645\" \/>\u2705 <strong>Conseils pour l&#039;examen pratique<\/strong> \u2013 certainement l\u2019examen<br data-start=\"703\" data-end=\"706\" \/>\u2705 <strong>Examen pratique 3 fois<\/strong> \u2013 chance suppl\u00e9mentaire de passer<br data-start=\"755\" data-end=\"758\" \/>\u2705 <strong>Acc\u00e8s de 6 mois<\/strong> \u2013 apprenez \u00e0 votre rythme<\/p>\n<p class=\"\" data-start=\"807\" data-end=\"883\"><strong data-start=\"807\" data-end=\"883\">Pr\u00eat \u00e0 obtenir votre VOL-VCA ? Inscrivez-vous maintenant et commencez tout de suite !<\/strong><\/p>","protected":false},"featured_media":7713,"template":"","meta":{"_joinchat":[]},"product_brand":[],"product_cat":[56],"product_tag":[],"class_list":{"0":"post-7921","1":"product","2":"type-product","3":"status-publish","4":"has-post-thumbnail","6":"product_cat-vca-e-learning","8":"first","9":"instock","10":"taxable","11":"shipping-taxable","12":"purchasable","13":"product-type-simple"},"_links":{"self":[{"href":"https:\/\/www.examenbureaurotterdam.nl\/fr\/wp-json\/wp\/v2\/product\/7921","targetHints":{"allow":["GET"]}}],"collection":[{"href":"https:\/\/www.examenbureaurotterdam.nl\/fr\/wp-json\/wp\/v2\/product"}],"about":[{"href":"https:\/\/www.examenbureaurotterdam.nl\/fr\/wp-json\/wp\/v2\/types\/product"}],"wp:featuredmedia":[{"embeddable":true,"href":"https:\/\/www.examenbureaurotterdam.nl\/fr\/wp-json\/wp\/v2\/media\/7713"}],"wp:attachment":[{"href":"https:\/\/www.examenbureaurotterdam.nl\/fr\/wp-json\/wp\/v2\/media?parent=7921"}],"wp:term":[{"taxonomy":"product_brand","embeddable":true,"href":"https:\/\/www.examenbureaurotterdam.nl\/fr\/wp-json\/wp\/v2\/product_brand?post=7921"},{"taxonomy":"product_cat","embeddable":true,"href":"https:\/\/www.examenbureaurotterdam.nl\/fr\/wp-json\/wp\/v2\/product_cat?post=7921"},{"taxonomy":"product_tag","embeddable":true,"href":"https:\/\/www.examenbureaurotterdam.nl\/fr\/wp-json\/wp\/v2\/product_tag?post=7921"}],"curies":[{"name":"wp","href":"https:\/\/api.w.org\/{rel}","templated":true}]}}