{"id":7732,"date":"2025-04-16T01:03:38","date_gmt":"2025-04-15T23:03:38","guid":{"rendered":"https:\/\/www.examenbureaurotterdam.nl\/?post_type=product&#038;p=7732"},"modified":"2025-04-16T01:05:24","modified_gmt":"2025-04-15T23:05:24","slug":"vol-vca-boek-engels","status":"publish","type":"product","link":"https:\/\/www.examenbureaurotterdam.nl\/fr\/produit\/vol-vca-boek-engels\/","title":{"rendered":"Livre VOL-VCA en anglais"},"content":{"rendered":"","protected":false},"excerpt":{"rendered":"<p class=\"\" data-start=\"117\" data-end=\"486\">Pr\u00e9parez-vous minutieusement \u00e0 l&#039;examen officiel VOL-VCA avec ce livre d&#039;\u00e9tude complet et bien structur\u00e9. Le livre VOL-VCA contient tout le mat\u00e9riel de cours n\u00e9cessaire \u00e0 la formation \u00ab S\u00e9curit\u00e9 pour les superviseurs op\u00e9rationnels VCA \u00bb et est enti\u00e8rement conforme aux exigences d&#039;examen actuelles d\u00e9finies par le Coll\u00e8ge central d&#039;experts de la SSVV (Fondation pour la coop\u00e9ration pour la s\u00e9curit\u00e9).<\/p>\n<p class=\"\" data-start=\"488\" data-end=\"912\">\u2705 <strong data-start=\"490\" data-end=\"510\">8 chapitres clairs<\/strong> \u2013 chaque chapitre se termine par un r\u00e9sum\u00e9 concis et un auto-test avec des questions pratiques sous forme d\u2019examen.<br data-start=\"609\" data-end=\"612\" \/>\u2705 <strong data-start=\"614\" data-end=\"640\">Examen pratique inclus<\/strong> \u2013 testez vos connaissances et d\u00e9couvrez si vous \u00eates pr\u00eat pour le v\u00e9ritable examen.<br data-start=\"710\" data-end=\"713\" \/>\u2705 <strong data-start=\"715\" data-end=\"739\">Inclut des liens vid\u00e9o<\/strong> \u2013 scannez simplement les QR codes pr\u00e9sents dans le livre pour acc\u00e9der \u00e0 de courtes vid\u00e9os pour des explications compl\u00e9mentaires.<br data-start=\"830\" data-end=\"833\" \/>\u2705 <strong data-start=\"835\" data-end=\"865\">Signet de signalisation de s\u00e9curit\u00e9 gratuit<\/strong> \u2013 id\u00e9al pour \u00e9tudier et comme r\u00e9f\u00e9rence pratique.<\/p>\n<p class=\"\" data-start=\"914\" data-end=\"1165\">Le dipl\u00f4me VOL-VCA est la certification personnelle essentielle pour les superviseurs et les travailleurs ind\u00e9pendants dans la construction, l&#039;industrie, la p\u00e9trochimie et d&#039;autres secteurs \u00e0 haut risque. Ce livre vous aide \u00e0 \u00e9tudier de mani\u00e8re autonome et \u00e0 vous pr\u00e9parer en toute confiance \u00e0 l&#039;examen.<\/p>\n<p class=\"\" data-start=\"1167\" data-end=\"1244\"><strong data-start=\"1167\" data-end=\"1244\">Commandez d\u00e8s aujourd&#039;hui et commencez \u00e0 apprendre imm\u00e9diatement pour votre certification VOL-VCA !<\/strong><\/p>","protected":false},"featured_media":7733,"template":"","meta":{"_joinchat":[]},"product_brand":[],"product_cat":[48],"product_tag":[],"class_list":{"0":"post-7732","1":"product","2":"type-product","3":"status-publish","4":"has-post-thumbnail","6":"product_cat-vca-boeken","8":"first","9":"instock","10":"taxable","11":"shipping-taxable","12":"purchasable","13":"product-type-simple"},"_links":{"self":[{"href":"https:\/\/www.examenbureaurotterdam.nl\/fr\/wp-json\/wp\/v2\/product\/7732","targetHints":{"allow":["GET"]}}],"collection":[{"href":"https:\/\/www.examenbureaurotterdam.nl\/fr\/wp-json\/wp\/v2\/product"}],"about":[{"href":"https:\/\/www.examenbureaurotterdam.nl\/fr\/wp-json\/wp\/v2\/types\/product"}],"wp:featuredmedia":[{"embeddable":true,"href":"https:\/\/www.examenbureaurotterdam.nl\/fr\/wp-json\/wp\/v2\/media\/7733"}],"wp:attachment":[{"href":"https:\/\/www.examenbureaurotterdam.nl\/fr\/wp-json\/wp\/v2\/media?parent=7732"}],"wp:term":[{"taxonomy":"product_brand","embeddable":true,"href":"https:\/\/www.examenbureaurotterdam.nl\/fr\/wp-json\/wp\/v2\/product_brand?post=7732"},{"taxonomy":"product_cat","embeddable":true,"href":"https:\/\/www.examenbureaurotterdam.nl\/fr\/wp-json\/wp\/v2\/product_cat?post=7732"},{"taxonomy":"product_tag","embeddable":true,"href":"https:\/\/www.examenbureaurotterdam.nl\/fr\/wp-json\/wp\/v2\/product_tag?post=7732"}],"curies":[{"name":"wp","href":"https:\/\/api.w.org\/{rel}","templated":true}]}}